{"id":152,"date":"2023-05-18T17:39:43","date_gmt":"2023-05-18T17:39:43","guid":{"rendered":"https:\/\/aviator-game.cafe\/az\/?page_id=152"},"modified":"2025-03-03T09:18:44","modified_gmt":"2025-03-03T09:18:44","slug":"how-to-play","status":"publish","type":"page","link":"https:\/\/aviator-game.cafe\/az\/how-to-play\/","title":{"rendered":"Nec\u0259 oynamaq olar?"},"content":{"rendered":"","protected":false},"excerpt":{"rendered":"","protected":false},"author":1,"featured_media":0,"parent":0,"menu_order":1,"comment_status":"closed","ping_status":"closed","template":"","meta":{"footnotes":""},"class_list":["post-152","page","type-page","status-publish","hentry"],"yoast_head":"<!-- This site is optimized with the Yoast SEO plugin v24.3 - https:\/\/yoast.com\/wordpress\/plugins\/seo\/ -->\n<title>Aviator Az\u0259rbaycan oyununu nec\u0259 oynamaq olar \u1433 tam b\u0259l\u0259d\u00e7i<\/title>\n<meta name=\"description\" content=\"Aviator oyununun b\u00fct\u00fcn sirl\u0259rini buradan \u00f6yr\u0259n\u0259 bil\u0259rsiniz! Oyunun strategiyalar\u0131 v\u0259 t\u0259f\u0259rr\u00fcatlar\u0131 v\u0259 qar\u015f\u0131s\u0131n\u0131 almaq \u00fc\u00e7\u00fcn s\u0259hvl\u0259r bir icmalda toplan\u0131r.\" \/>\n<meta name=\"robots\" content=\"index, follow, max-snippet:-1, max-image-preview:large, max-video-preview:-1\" \/>\n<meta property=\"og:locale\" content=\"az_AZ\" \/>\n<meta property=\"og:type\" content=\"article\" \/>\n<meta property=\"og:title\" content=\"Aviator Az\u0259rbaycan oyununu nec\u0259 oynamaq olar \u1433 tam b\u0259l\u0259d\u00e7i\" \/>\n<meta property=\"og:description\" content=\"Aviator oyununun b\u00fct\u00fcn sirl\u0259rini buradan \u00f6yr\u0259n\u0259 bil\u0259rsiniz! Oyunun strategiyalar\u0131 v\u0259 t\u0259f\u0259rr\u00fcatlar\u0131 v\u0259 qar\u015f\u0131s\u0131n\u0131 almaq \u00fc\u00e7\u00fcn s\u0259hvl\u0259r bir icmalda toplan\u0131r.\" \/>\n<meta property=\"og:url\" content=\"https:\/\/aviator-game.cafe\/az\/how-to-play\/\" \/>\n<meta property=\"og:site_name\" content=\"aviator-game az\" \/>\n<meta property=\"article:modified_time\" content=\"2025-03-03T09:18:44+00:00\" \/>\n<meta name=\"twitter:card\" content=\"summary_large_image\" \/>\n<script type=\"application\/ld+json\" class=\"yoast-schema-graph\">{\"@context\":\"https:\/\/schema.org\",\"@graph\":[{\"@type\":\"WebPage\",\"@id\":\"https:\/\/aviator-game.cafe\/az\/how-to-play\/\",\"url\":\"https:\/\/aviator-game.cafe\/az\/how-to-play\/\",\"name\":\"Aviator Az\u0259rbaycan oyununu nec\u0259 oynamaq olar \u1433 tam b\u0259l\u0259d\u00e7i\",\"isPartOf\":{\"@id\":\"https:\/\/aviator-game.cafe\/az\/#website\"},\"datePublished\":\"2023-05-18T17:39:43+00:00\",\"dateModified\":\"2025-03-03T09:18:44+00:00\",\"description\":\"Aviator oyununun b\u00fct\u00fcn sirl\u0259rini buradan \u00f6yr\u0259n\u0259 bil\u0259rsiniz! Oyunun strategiyalar\u0131 v\u0259 t\u0259f\u0259rr\u00fcatlar\u0131 v\u0259 qar\u015f\u0131s\u0131n\u0131 almaq \u00fc\u00e7\u00fcn s\u0259hvl\u0259r bir icmalda toplan\u0131r.\",\"breadcrumb\":{\"@id\":\"https:\/\/aviator-game.cafe\/az\/how-to-play\/#breadcrumb\"},\"inLanguage\":\"az\",\"potentialAction\":[{\"@type\":\"ReadAction\",\"target\":[\"https:\/\/aviator-game.cafe\/az\/how-to-play\/\"]}]},{\"@type\":\"BreadcrumbList\",\"@id\":\"https:\/\/aviator-game.cafe\/az\/how-to-play\/#breadcrumb\",\"itemListElement\":[{\"@type\":\"ListItem\",\"position\":1,\"name\":\"\u0413\u043b\u0430\u0432\u043d\u0430\u044f \u0441\u0442\u0440\u0430\u043d\u0438\u0446\u0430\",\"item\":\"https:\/\/aviator-game.cafe\/az\/\"},{\"@type\":\"ListItem\",\"position\":2,\"name\":\"Nec\u0259 oynamaq olar?\"}]},{\"@type\":\"WebSite\",\"@id\":\"https:\/\/aviator-game.cafe\/az\/#website\",\"url\":\"https:\/\/aviator-game.cafe\/az\/\",\"name\":\"aviator-game az\",\"description\":\"My WordPress Blog\",\"potentialAction\":[{\"@type\":\"SearchAction\",\"target\":{\"@type\":\"EntryPoint\",\"urlTemplate\":\"https:\/\/aviator-game.cafe\/az\/?s={search_term_string}\"},\"query-input\":{\"@type\":\"PropertyValueSpecification\",\"valueRequired\":true,\"valueName\":\"search_term_string\"}}],\"inLanguage\":\"az\"}]}<\/script>\n<!-- \/ Yoast SEO plugin. -->","yoast_head_json":{"title":"Aviator Az\u0259rbaycan oyununu nec\u0259 oynamaq olar \u1433 tam b\u0259l\u0259d\u00e7i","description":"Aviator oyununun b\u00fct\u00fcn sirl\u0259rini buradan \u00f6yr\u0259n\u0259 bil\u0259rsiniz! Oyunun strategiyalar\u0131 v\u0259 t\u0259f\u0259rr\u00fcatlar\u0131 v\u0259 qar\u015f\u0131s\u0131n\u0131 almaq \u00fc\u00e7\u00fcn s\u0259hvl\u0259r bir icmalda toplan\u0131r.","robots":{"index":"index","follow":"follow","max-snippet":"max-snippet:-1","max-image-preview":"max-image-preview:large","max-video-preview":"max-video-preview:-1"},"og_locale":"az_AZ","og_type":"article","og_title":"Aviator Az\u0259rbaycan oyununu nec\u0259 oynamaq olar \u1433 tam b\u0259l\u0259d\u00e7i","og_description":"Aviator oyununun b\u00fct\u00fcn sirl\u0259rini buradan \u00f6yr\u0259n\u0259 bil\u0259rsiniz! Oyunun strategiyalar\u0131 v\u0259 t\u0259f\u0259rr\u00fcatlar\u0131 v\u0259 qar\u015f\u0131s\u0131n\u0131 almaq \u00fc\u00e7\u00fcn s\u0259hvl\u0259r bir icmalda toplan\u0131r.","og_url":"https:\/\/aviator-game.cafe\/az\/how-to-play\/","og_site_name":"aviator-game az","article_modified_time":"2025-03-03T09:18:44+00:00","twitter_card":"summary_large_image","schema":{"@context":"https:\/\/schema.org","@graph":[{"@type":"WebPage","@id":"https:\/\/aviator-game.cafe\/az\/how-to-play\/","url":"https:\/\/aviator-game.cafe\/az\/how-to-play\/","name":"Aviator Az\u0259rbaycan oyununu nec\u0259 oynamaq olar \u1433 tam b\u0259l\u0259d\u00e7i","isPartOf":{"@id":"https:\/\/aviator-game.cafe\/az\/#website"},"datePublished":"2023-05-18T17:39:43+00:00","dateModified":"2025-03-03T09:18:44+00:00","description":"Aviator oyununun b\u00fct\u00fcn sirl\u0259rini buradan \u00f6yr\u0259n\u0259 bil\u0259rsiniz! Oyunun strategiyalar\u0131 v\u0259 t\u0259f\u0259rr\u00fcatlar\u0131 v\u0259 qar\u015f\u0131s\u0131n\u0131 almaq \u00fc\u00e7\u00fcn s\u0259hvl\u0259r bir icmalda toplan\u0131r.","breadcrumb":{"@id":"https:\/\/aviator-game.cafe\/az\/how-to-play\/#breadcrumb"},"inLanguage":"az","potentialAction":[{"@type":"ReadAction","target":["https:\/\/aviator-game.cafe\/az\/how-to-play\/"]}]},{"@type":"BreadcrumbList","@id":"https:\/\/aviator-game.cafe\/az\/how-to-play\/#breadcrumb","itemListElement":[{"@type":"ListItem","position":1,"name":"\u0413\u043b\u0430\u0432\u043d\u0430\u044f \u0441\u0442\u0440\u0430\u043d\u0438\u0446\u0430","item":"https:\/\/aviator-game.cafe\/az\/"},{"@type":"ListItem","position":2,"name":"Nec\u0259 oynamaq olar?"}]},{"@type":"WebSite","@id":"https:\/\/aviator-game.cafe\/az\/#website","url":"https:\/\/aviator-game.cafe\/az\/","name":"aviator-game az","description":"My WordPress Blog","potentialAction":[{"@type":"SearchAction","target":{"@type":"EntryPoint","urlTemplate":"https:\/\/aviator-game.cafe\/az\/?s={search_term_string}"},"query-input":{"@type":"PropertyValueSpecification","valueRequired":true,"valueName":"search_term_string"}}],"inLanguage":"az"}]}},"_links":{"self":[{"href":"https:\/\/aviator-game.cafe\/az\/wp-json\/wp\/v2\/pages\/152","targetHints":{"allow":["GET"]}}],"collection":[{"href":"https:\/\/aviator-game.cafe\/az\/wp-json\/wp\/v2\/pages"}],"about":[{"href":"https:\/\/aviator-game.cafe\/az\/wp-json\/wp\/v2\/types\/page"}],"author":[{"embeddable":true,"href":"https:\/\/aviator-game.cafe\/az\/wp-json\/wp\/v2\/users\/1"}],"replies":[{"embeddable":true,"href":"https:\/\/aviator-game.cafe\/az\/wp-json\/wp\/v2\/comments?post=152"}],"version-history":[{"count":15,"href":"https:\/\/aviator-game.cafe\/az\/wp-json\/wp\/v2\/pages\/152\/revisions"}],"predecessor-version":[{"id":269,"href":"https:\/\/aviator-game.cafe\/az\/wp-json\/wp\/v2\/pages\/152\/revisions\/269"}],"wp:attachment":[{"href":"https:\/\/aviator-game.cafe\/az\/wp-json\/wp\/v2\/media?parent=152"}],"curies":[{"name":"wp","href":"https:\/\/api.w.org\/{rel}","templated":true}]}}