{"id":208,"date":"2025-02-06T07:14:18","date_gmt":"2025-02-06T07:14:18","guid":{"rendered":"https:\/\/aviator-game.cafe\/az\/?page_id=208"},"modified":"2025-03-03T10:08:33","modified_gmt":"2025-03-03T10:08:33","slug":"strategies","status":"publish","type":"page","link":"https:\/\/aviator-game.cafe\/az\/strategies\/","title":{"rendered":"Oyun strategiyalar\u0131"},"content":{"rendered":"","protected":false},"excerpt":{"rendered":"","protected":false},"author":1,"featured_media":0,"parent":0,"menu_order":3,"comment_status":"closed","ping_status":"closed","template":"","meta":{"footnotes":""},"class_list":["post-208","page","type-page","status-publish","hentry"],"yoast_head":"<!-- This site is optimized with the Yoast SEO plugin v24.3 - https:\/\/yoast.com\/wordpress\/plugins\/seo\/ -->\n<title>Aviator Strategy Azerbaijan \u2907 \u0259n yax\u015f\u0131 taktiki gedi\u015fl\u0259r<\/title>\n<meta name=\"description\" content=\"Aviator oyununda t\u0259tbiq olunan \u0259n yax\u015f\u0131 strategiyalar\u0131n bu icmal\u0131 siz\u0259 oyun t\u0259rziniz\u0259 \u0259n uy\u011fun taktikan\u0131 se\u00e7m\u0259y\u0259 v\u0259 qalib g\u0259lm\u0259y\u0259 imkan ver\u0259c\u0259k!\" \/>\n<meta name=\"robots\" content=\"index, follow, max-snippet:-1, max-image-preview:large, max-video-preview:-1\" \/>\n<meta property=\"og:locale\" content=\"az_AZ\" \/>\n<meta property=\"og:type\" content=\"article\" \/>\n<meta property=\"og:title\" content=\"Aviator Strategy Azerbaijan \u2907 \u0259n yax\u015f\u0131 taktiki gedi\u015fl\u0259r\" \/>\n<meta property=\"og:description\" content=\"Aviator oyununda t\u0259tbiq olunan \u0259n yax\u015f\u0131 strategiyalar\u0131n bu icmal\u0131 siz\u0259 oyun t\u0259rziniz\u0259 \u0259n uy\u011fun taktikan\u0131 se\u00e7m\u0259y\u0259 v\u0259 qalib g\u0259lm\u0259y\u0259 imkan ver\u0259c\u0259k!\" \/>\n<meta property=\"og:url\" content=\"https:\/\/aviator-game.cafe\/az\/strategies\/\" \/>\n<meta property=\"og:site_name\" content=\"aviator-game az\" \/>\n<meta property=\"article:modified_time\" content=\"2025-03-03T10:08:33+00:00\" \/>\n<meta name=\"twitter:card\" content=\"summary_large_image\" \/>\n<script type=\"application\/ld+json\" class=\"yoast-schema-graph\">{\"@context\":\"https:\/\/schema.org\",\"@graph\":[{\"@type\":\"WebPage\",\"@id\":\"https:\/\/aviator-game.cafe\/az\/strategies\/\",\"url\":\"https:\/\/aviator-game.cafe\/az\/strategies\/\",\"name\":\"Aviator Strategy Azerbaijan \u2907 \u0259n yax\u015f\u0131 taktiki gedi\u015fl\u0259r\",\"isPartOf\":{\"@id\":\"https:\/\/aviator-game.cafe\/az\/#website\"},\"datePublished\":\"2025-02-06T07:14:18+00:00\",\"dateModified\":\"2025-03-03T10:08:33+00:00\",\"description\":\"Aviator oyununda t\u0259tbiq olunan \u0259n yax\u015f\u0131 strategiyalar\u0131n bu icmal\u0131 siz\u0259 oyun t\u0259rziniz\u0259 \u0259n uy\u011fun taktikan\u0131 se\u00e7m\u0259y\u0259 v\u0259 qalib g\u0259lm\u0259y\u0259 imkan ver\u0259c\u0259k!\",\"breadcrumb\":{\"@id\":\"https:\/\/aviator-game.cafe\/az\/strategies\/#breadcrumb\"},\"inLanguage\":\"az\",\"potentialAction\":[{\"@type\":\"ReadAction\",\"target\":[\"https:\/\/aviator-game.cafe\/az\/strategies\/\"]}]},{\"@type\":\"BreadcrumbList\",\"@id\":\"https:\/\/aviator-game.cafe\/az\/strategies\/#breadcrumb\",\"itemListElement\":[{\"@type\":\"ListItem\",\"position\":1,\"name\":\"\u0413\u043b\u0430\u0432\u043d\u0430\u044f \u0441\u0442\u0440\u0430\u043d\u0438\u0446\u0430\",\"item\":\"https:\/\/aviator-game.cafe\/az\/\"},{\"@type\":\"ListItem\",\"position\":2,\"name\":\"Oyun strategiyalar\u0131\"}]},{\"@type\":\"WebSite\",\"@id\":\"https:\/\/aviator-game.cafe\/az\/#website\",\"url\":\"https:\/\/aviator-game.cafe\/az\/\",\"name\":\"aviator-game az\",\"description\":\"My WordPress Blog\",\"potentialAction\":[{\"@type\":\"SearchAction\",\"target\":{\"@type\":\"EntryPoint\",\"urlTemplate\":\"https:\/\/aviator-game.cafe\/az\/?s={search_term_string}\"},\"query-input\":{\"@type\":\"PropertyValueSpecification\",\"valueRequired\":true,\"valueName\":\"search_term_string\"}}],\"inLanguage\":\"az\"}]}<\/script>\n<!-- \/ Yoast SEO plugin. -->","yoast_head_json":{"title":"Aviator Strategy Azerbaijan \u2907 \u0259n yax\u015f\u0131 taktiki gedi\u015fl\u0259r","description":"Aviator oyununda t\u0259tbiq olunan \u0259n yax\u015f\u0131 strategiyalar\u0131n bu icmal\u0131 siz\u0259 oyun t\u0259rziniz\u0259 \u0259n uy\u011fun taktikan\u0131 se\u00e7m\u0259y\u0259 v\u0259 qalib g\u0259lm\u0259y\u0259 imkan ver\u0259c\u0259k!","robots":{"index":"index","follow":"follow","max-snippet":"max-snippet:-1","max-image-preview":"max-image-preview:large","max-video-preview":"max-video-preview:-1"},"og_locale":"az_AZ","og_type":"article","og_title":"Aviator Strategy Azerbaijan \u2907 \u0259n yax\u015f\u0131 taktiki gedi\u015fl\u0259r","og_description":"Aviator oyununda t\u0259tbiq olunan \u0259n yax\u015f\u0131 strategiyalar\u0131n bu icmal\u0131 siz\u0259 oyun t\u0259rziniz\u0259 \u0259n uy\u011fun taktikan\u0131 se\u00e7m\u0259y\u0259 v\u0259 qalib g\u0259lm\u0259y\u0259 imkan ver\u0259c\u0259k!","og_url":"https:\/\/aviator-game.cafe\/az\/strategies\/","og_site_name":"aviator-game az","article_modified_time":"2025-03-03T10:08:33+00:00","twitter_card":"summary_large_image","schema":{"@context":"https:\/\/schema.org","@graph":[{"@type":"WebPage","@id":"https:\/\/aviator-game.cafe\/az\/strategies\/","url":"https:\/\/aviator-game.cafe\/az\/strategies\/","name":"Aviator Strategy Azerbaijan \u2907 \u0259n yax\u015f\u0131 taktiki gedi\u015fl\u0259r","isPartOf":{"@id":"https:\/\/aviator-game.cafe\/az\/#website"},"datePublished":"2025-02-06T07:14:18+00:00","dateModified":"2025-03-03T10:08:33+00:00","description":"Aviator oyununda t\u0259tbiq olunan \u0259n yax\u015f\u0131 strategiyalar\u0131n bu icmal\u0131 siz\u0259 oyun t\u0259rziniz\u0259 \u0259n uy\u011fun taktikan\u0131 se\u00e7m\u0259y\u0259 v\u0259 qalib g\u0259lm\u0259y\u0259 imkan ver\u0259c\u0259k!","breadcrumb":{"@id":"https:\/\/aviator-game.cafe\/az\/strategies\/#breadcrumb"},"inLanguage":"az","potentialAction":[{"@type":"ReadAction","target":["https:\/\/aviator-game.cafe\/az\/strategies\/"]}]},{"@type":"BreadcrumbList","@id":"https:\/\/aviator-game.cafe\/az\/strategies\/#breadcrumb","itemListElement":[{"@type":"ListItem","position":1,"name":"\u0413\u043b\u0430\u0432\u043d\u0430\u044f \u0441\u0442\u0440\u0430\u043d\u0438\u0446\u0430","item":"https:\/\/aviator-game.cafe\/az\/"},{"@type":"ListItem","position":2,"name":"Oyun strategiyalar\u0131"}]},{"@type":"WebSite","@id":"https:\/\/aviator-game.cafe\/az\/#website","url":"https:\/\/aviator-game.cafe\/az\/","name":"aviator-game az","description":"My WordPress Blog","potentialAction":[{"@type":"SearchAction","target":{"@type":"EntryPoint","urlTemplate":"https:\/\/aviator-game.cafe\/az\/?s={search_term_string}"},"query-input":{"@type":"PropertyValueSpecification","valueRequired":true,"valueName":"search_term_string"}}],"inLanguage":"az"}]}},"_links":{"self":[{"href":"https:\/\/aviator-game.cafe\/az\/wp-json\/wp\/v2\/pages\/208","targetHints":{"allow":["GET"]}}],"collection":[{"href":"https:\/\/aviator-game.cafe\/az\/wp-json\/wp\/v2\/pages"}],"about":[{"href":"https:\/\/aviator-game.cafe\/az\/wp-json\/wp\/v2\/types\/page"}],"author":[{"embeddable":true,"href":"https:\/\/aviator-game.cafe\/az\/wp-json\/wp\/v2\/users\/1"}],"replies":[{"embeddable":true,"href":"https:\/\/aviator-game.cafe\/az\/wp-json\/wp\/v2\/comments?post=208"}],"version-history":[{"count":12,"href":"https:\/\/aviator-game.cafe\/az\/wp-json\/wp\/v2\/pages\/208\/revisions"}],"predecessor-version":[{"id":277,"href":"https:\/\/aviator-game.cafe\/az\/wp-json\/wp\/v2\/pages\/208\/revisions\/277"}],"wp:attachment":[{"href":"https:\/\/aviator-game.cafe\/az\/wp-json\/wp\/v2\/media?parent=208"}],"curies":[{"name":"wp","href":"https:\/\/api.w.org\/{rel}","templated":true}]}}