{"id":152,"date":"2023-05-18T17:39:43","date_gmt":"2023-05-18T17:39:43","guid":{"rendered":"https:\/\/aviator-game.cafe\/br\/?page_id=152"},"modified":"2025-02-12T07:42:42","modified_gmt":"2025-02-12T07:42:42","slug":"how-to-play","status":"publish","type":"page","link":"https:\/\/aviator-game.cafe\/br\/how-to-play\/","title":{"rendered":"Como jogar?"},"content":{"rendered":"","protected":false},"excerpt":{"rendered":"","protected":false},"author":1,"featured_media":0,"parent":0,"menu_order":1,"comment_status":"closed","ping_status":"closed","template":"","meta":{"footnotes":""},"class_list":["post-152","page","type-page","status-publish","hentry"],"yoast_head":"<!-- This site is optimized with the Yoast SEO plugin v24.3 - https:\/\/yoast.com\/wordpress\/plugins\/seo\/ -->\n<title>Como jogar aviator game \u1433 guia completo<\/title>\n<meta name=\"description\" content=\"Voc\u00ea pode aprender todos os segredos do jogo Aviator aqui! As estrat\u00e9gias e os detalhes da jogabilidade e os erros a serem evitados est\u00e3o reunidos em uma vis\u00e3o geral.\" \/>\n<meta name=\"robots\" content=\"index, follow, max-snippet:-1, max-image-preview:large, max-video-preview:-1\" \/>\n<meta property=\"og:locale\" content=\"pt_BR\" \/>\n<meta property=\"og:type\" content=\"article\" \/>\n<meta property=\"og:title\" content=\"Como jogar aviator game \u1433 guia completo\" \/>\n<meta property=\"og:description\" content=\"Voc\u00ea pode aprender todos os segredos do jogo Aviator aqui! As estrat\u00e9gias e os detalhes da jogabilidade e os erros a serem evitados est\u00e3o reunidos em uma vis\u00e3o geral.\" \/>\n<meta property=\"og:url\" content=\"https:\/\/aviator-game.cafe\/br\/how-to-play\/\" \/>\n<meta property=\"og:site_name\" content=\"aviator-game br\" \/>\n<meta property=\"article:modified_time\" content=\"2025-02-12T07:42:42+00:00\" \/>\n<meta name=\"twitter:card\" content=\"summary_large_image\" \/>\n<script type=\"application\/ld+json\" class=\"yoast-schema-graph\">{\"@context\":\"https:\/\/schema.org\",\"@graph\":[{\"@type\":\"WebPage\",\"@id\":\"https:\/\/aviator-game.cafe\/br\/how-to-play\/\",\"url\":\"https:\/\/aviator-game.cafe\/br\/how-to-play\/\",\"name\":\"Como jogar aviator game \u1433 guia completo\",\"isPartOf\":{\"@id\":\"https:\/\/aviator-game.cafe\/br\/#website\"},\"datePublished\":\"2023-05-18T17:39:43+00:00\",\"dateModified\":\"2025-02-12T07:42:42+00:00\",\"description\":\"Voc\u00ea pode aprender todos os segredos do jogo Aviator aqui! As estrat\u00e9gias e os detalhes da jogabilidade e os erros a serem evitados est\u00e3o reunidos em uma vis\u00e3o geral.\",\"breadcrumb\":{\"@id\":\"https:\/\/aviator-game.cafe\/br\/how-to-play\/#breadcrumb\"},\"inLanguage\":\"pt-BR\",\"potentialAction\":[{\"@type\":\"ReadAction\",\"target\":[\"https:\/\/aviator-game.cafe\/br\/how-to-play\/\"]}]},{\"@type\":\"BreadcrumbList\",\"@id\":\"https:\/\/aviator-game.cafe\/br\/how-to-play\/#breadcrumb\",\"itemListElement\":[{\"@type\":\"ListItem\",\"position\":1,\"name\":\"\u0413\u043b\u0430\u0432\u043d\u0430\u044f \u0441\u0442\u0440\u0430\u043d\u0438\u0446\u0430\",\"item\":\"https:\/\/aviator-game.cafe\/br\/\"},{\"@type\":\"ListItem\",\"position\":2,\"name\":\"Como jogar?\"}]},{\"@type\":\"WebSite\",\"@id\":\"https:\/\/aviator-game.cafe\/br\/#website\",\"url\":\"https:\/\/aviator-game.cafe\/br\/\",\"name\":\"aviator-game br\",\"description\":\"My WordPress Blog\",\"potentialAction\":[{\"@type\":\"SearchAction\",\"target\":{\"@type\":\"EntryPoint\",\"urlTemplate\":\"https:\/\/aviator-game.cafe\/br\/?s={search_term_string}\"},\"query-input\":{\"@type\":\"PropertyValueSpecification\",\"valueRequired\":true,\"valueName\":\"search_term_string\"}}],\"inLanguage\":\"pt-BR\"}]}<\/script>\n<!-- \/ Yoast SEO plugin. -->","yoast_head_json":{"title":"Como jogar aviator game \u1433 guia completo","description":"Voc\u00ea pode aprender todos os segredos do jogo Aviator aqui! As estrat\u00e9gias e os detalhes da jogabilidade e os erros a serem evitados est\u00e3o reunidos em uma vis\u00e3o geral.","robots":{"index":"index","follow":"follow","max-snippet":"max-snippet:-1","max-image-preview":"max-image-preview:large","max-video-preview":"max-video-preview:-1"},"og_locale":"pt_BR","og_type":"article","og_title":"Como jogar aviator game \u1433 guia completo","og_description":"Voc\u00ea pode aprender todos os segredos do jogo Aviator aqui! As estrat\u00e9gias e os detalhes da jogabilidade e os erros a serem evitados est\u00e3o reunidos em uma vis\u00e3o geral.","og_url":"https:\/\/aviator-game.cafe\/br\/how-to-play\/","og_site_name":"aviator-game br","article_modified_time":"2025-02-12T07:42:42+00:00","twitter_card":"summary_large_image","schema":{"@context":"https:\/\/schema.org","@graph":[{"@type":"WebPage","@id":"https:\/\/aviator-game.cafe\/br\/how-to-play\/","url":"https:\/\/aviator-game.cafe\/br\/how-to-play\/","name":"Como jogar aviator game \u1433 guia completo","isPartOf":{"@id":"https:\/\/aviator-game.cafe\/br\/#website"},"datePublished":"2023-05-18T17:39:43+00:00","dateModified":"2025-02-12T07:42:42+00:00","description":"Voc\u00ea pode aprender todos os segredos do jogo Aviator aqui! As estrat\u00e9gias e os detalhes da jogabilidade e os erros a serem evitados est\u00e3o reunidos em uma vis\u00e3o geral.","breadcrumb":{"@id":"https:\/\/aviator-game.cafe\/br\/how-to-play\/#breadcrumb"},"inLanguage":"pt-BR","potentialAction":[{"@type":"ReadAction","target":["https:\/\/aviator-game.cafe\/br\/how-to-play\/"]}]},{"@type":"BreadcrumbList","@id":"https:\/\/aviator-game.cafe\/br\/how-to-play\/#breadcrumb","itemListElement":[{"@type":"ListItem","position":1,"name":"\u0413\u043b\u0430\u0432\u043d\u0430\u044f \u0441\u0442\u0440\u0430\u043d\u0438\u0446\u0430","item":"https:\/\/aviator-game.cafe\/br\/"},{"@type":"ListItem","position":2,"name":"Como jogar?"}]},{"@type":"WebSite","@id":"https:\/\/aviator-game.cafe\/br\/#website","url":"https:\/\/aviator-game.cafe\/br\/","name":"aviator-game br","description":"My WordPress Blog","potentialAction":[{"@type":"SearchAction","target":{"@type":"EntryPoint","urlTemplate":"https:\/\/aviator-game.cafe\/br\/?s={search_term_string}"},"query-input":{"@type":"PropertyValueSpecification","valueRequired":true,"valueName":"search_term_string"}}],"inLanguage":"pt-BR"}]}},"_links":{"self":[{"href":"https:\/\/aviator-game.cafe\/br\/wp-json\/wp\/v2\/pages\/152","targetHints":{"allow":["GET"]}}],"collection":[{"href":"https:\/\/aviator-game.cafe\/br\/wp-json\/wp\/v2\/pages"}],"about":[{"href":"https:\/\/aviator-game.cafe\/br\/wp-json\/wp\/v2\/types\/page"}],"author":[{"embeddable":true,"href":"https:\/\/aviator-game.cafe\/br\/wp-json\/wp\/v2\/users\/1"}],"replies":[{"embeddable":true,"href":"https:\/\/aviator-game.cafe\/br\/wp-json\/wp\/v2\/comments?post=152"}],"version-history":[{"count":13,"href":"https:\/\/aviator-game.cafe\/br\/wp-json\/wp\/v2\/pages\/152\/revisions"}],"predecessor-version":[{"id":265,"href":"https:\/\/aviator-game.cafe\/br\/wp-json\/wp\/v2\/pages\/152\/revisions\/265"}],"wp:attachment":[{"href":"https:\/\/aviator-game.cafe\/br\/wp-json\/wp\/v2\/media?parent=152"}],"curies":[{"name":"wp","href":"https:\/\/api.w.org\/{rel}","templated":true}]}}