{"id":152,"date":"2023-05-18T17:39:43","date_gmt":"2023-05-18T17:39:43","guid":{"rendered":"https:\/\/aviator-game.cafe\/cz\/?page_id=152"},"modified":"2025-05-02T08:45:53","modified_gmt":"2025-05-02T08:45:53","slug":"how-to-play","status":"publish","type":"page","link":"https:\/\/aviator-game.cafe\/cz\/how-to-play\/","title":{"rendered":"Jak hr\u00e1t?"},"content":{"rendered":"","protected":false},"excerpt":{"rendered":"","protected":false},"author":1,"featured_media":0,"parent":0,"menu_order":1,"comment_status":"closed","ping_status":"closed","template":"","meta":{"footnotes":""},"class_list":["post-152","page","type-page","status-publish","hentry"],"yoast_head":"<!-- This site is optimized with the Yoast SEO plugin v24.3 - https:\/\/yoast.com\/wordpress\/plugins\/seo\/ -->\n<title>Jak hr\u00e1t hru Aviator \u1433 kompletn\u00ed n\u00e1vod<\/title>\n<meta name=\"description\" content=\"V\u0161echna tajemstv\u00ed hry Aviator se dozv\u00edte zde! Strategie, detaily hratelnosti a chyby, kter\u00fdm se vyhnout, jsou shrom\u00e1\u017ed\u011bny v jednom p\u0159ehledu.\" \/>\n<meta name=\"robots\" content=\"index, follow, max-snippet:-1, max-image-preview:large, max-video-preview:-1\" \/>\n<meta property=\"og:locale\" content=\"cs_CZ\" \/>\n<meta property=\"og:type\" content=\"article\" \/>\n<meta property=\"og:title\" content=\"Jak hr\u00e1t hru Aviator \u1433 kompletn\u00ed n\u00e1vod\" \/>\n<meta property=\"og:description\" content=\"V\u0161echna tajemstv\u00ed hry Aviator se dozv\u00edte zde! Strategie, detaily hratelnosti a chyby, kter\u00fdm se vyhnout, jsou shrom\u00e1\u017ed\u011bny v jednom p\u0159ehledu.\" \/>\n<meta property=\"og:url\" content=\"https:\/\/aviator-game.cafe\/cz\/how-to-play\/\" \/>\n<meta property=\"og:site_name\" content=\"aviator-game cz\" \/>\n<meta property=\"article:modified_time\" content=\"2025-05-02T08:45:53+00:00\" \/>\n<meta name=\"twitter:card\" content=\"summary_large_image\" \/>\n<script type=\"application\/ld+json\" class=\"yoast-schema-graph\">{\"@context\":\"https:\/\/schema.org\",\"@graph\":[{\"@type\":\"WebPage\",\"@id\":\"https:\/\/aviator-game.cafe\/cz\/how-to-play\/\",\"url\":\"https:\/\/aviator-game.cafe\/cz\/how-to-play\/\",\"name\":\"Jak hr\u00e1t hru Aviator \u1433 kompletn\u00ed n\u00e1vod\",\"isPartOf\":{\"@id\":\"https:\/\/aviator-game.cafe\/cz\/#website\"},\"datePublished\":\"2023-05-18T17:39:43+00:00\",\"dateModified\":\"2025-05-02T08:45:53+00:00\",\"description\":\"V\u0161echna tajemstv\u00ed hry Aviator se dozv\u00edte zde! Strategie, detaily hratelnosti a chyby, kter\u00fdm se vyhnout, jsou shrom\u00e1\u017ed\u011bny v jednom p\u0159ehledu.\",\"breadcrumb\":{\"@id\":\"https:\/\/aviator-game.cafe\/cz\/how-to-play\/#breadcrumb\"},\"inLanguage\":\"cs\",\"potentialAction\":[{\"@type\":\"ReadAction\",\"target\":[\"https:\/\/aviator-game.cafe\/cz\/how-to-play\/\"]}]},{\"@type\":\"BreadcrumbList\",\"@id\":\"https:\/\/aviator-game.cafe\/cz\/how-to-play\/#breadcrumb\",\"itemListElement\":[{\"@type\":\"ListItem\",\"position\":1,\"name\":\"\u0413\u043b\u0430\u0432\u043d\u0430\u044f \u0441\u0442\u0440\u0430\u043d\u0438\u0446\u0430\",\"item\":\"https:\/\/aviator-game.cafe\/cz\/\"},{\"@type\":\"ListItem\",\"position\":2,\"name\":\"Jak hr\u00e1t?\"}]},{\"@type\":\"WebSite\",\"@id\":\"https:\/\/aviator-game.cafe\/cz\/#website\",\"url\":\"https:\/\/aviator-game.cafe\/cz\/\",\"name\":\"aviator-game cz\",\"description\":\"My WordPress Blog\",\"potentialAction\":[{\"@type\":\"SearchAction\",\"target\":{\"@type\":\"EntryPoint\",\"urlTemplate\":\"https:\/\/aviator-game.cafe\/cz\/?s={search_term_string}\"},\"query-input\":{\"@type\":\"PropertyValueSpecification\",\"valueRequired\":true,\"valueName\":\"search_term_string\"}}],\"inLanguage\":\"cs\"}]}<\/script>\n<!-- \/ Yoast SEO plugin. -->","yoast_head_json":{"title":"Jak hr\u00e1t hru Aviator \u1433 kompletn\u00ed n\u00e1vod","description":"V\u0161echna tajemstv\u00ed hry Aviator se dozv\u00edte zde! Strategie, detaily hratelnosti a chyby, kter\u00fdm se vyhnout, jsou shrom\u00e1\u017ed\u011bny v jednom p\u0159ehledu.","robots":{"index":"index","follow":"follow","max-snippet":"max-snippet:-1","max-image-preview":"max-image-preview:large","max-video-preview":"max-video-preview:-1"},"og_locale":"cs_CZ","og_type":"article","og_title":"Jak hr\u00e1t hru Aviator \u1433 kompletn\u00ed n\u00e1vod","og_description":"V\u0161echna tajemstv\u00ed hry Aviator se dozv\u00edte zde! Strategie, detaily hratelnosti a chyby, kter\u00fdm se vyhnout, jsou shrom\u00e1\u017ed\u011bny v jednom p\u0159ehledu.","og_url":"https:\/\/aviator-game.cafe\/cz\/how-to-play\/","og_site_name":"aviator-game cz","article_modified_time":"2025-05-02T08:45:53+00:00","twitter_card":"summary_large_image","schema":{"@context":"https:\/\/schema.org","@graph":[{"@type":"WebPage","@id":"https:\/\/aviator-game.cafe\/cz\/how-to-play\/","url":"https:\/\/aviator-game.cafe\/cz\/how-to-play\/","name":"Jak hr\u00e1t hru Aviator \u1433 kompletn\u00ed n\u00e1vod","isPartOf":{"@id":"https:\/\/aviator-game.cafe\/cz\/#website"},"datePublished":"2023-05-18T17:39:43+00:00","dateModified":"2025-05-02T08:45:53+00:00","description":"V\u0161echna tajemstv\u00ed hry Aviator se dozv\u00edte zde! Strategie, detaily hratelnosti a chyby, kter\u00fdm se vyhnout, jsou shrom\u00e1\u017ed\u011bny v jednom p\u0159ehledu.","breadcrumb":{"@id":"https:\/\/aviator-game.cafe\/cz\/how-to-play\/#breadcrumb"},"inLanguage":"cs","potentialAction":[{"@type":"ReadAction","target":["https:\/\/aviator-game.cafe\/cz\/how-to-play\/"]}]},{"@type":"BreadcrumbList","@id":"https:\/\/aviator-game.cafe\/cz\/how-to-play\/#breadcrumb","itemListElement":[{"@type":"ListItem","position":1,"name":"\u0413\u043b\u0430\u0432\u043d\u0430\u044f \u0441\u0442\u0440\u0430\u043d\u0438\u0446\u0430","item":"https:\/\/aviator-game.cafe\/cz\/"},{"@type":"ListItem","position":2,"name":"Jak hr\u00e1t?"}]},{"@type":"WebSite","@id":"https:\/\/aviator-game.cafe\/cz\/#website","url":"https:\/\/aviator-game.cafe\/cz\/","name":"aviator-game cz","description":"My WordPress Blog","potentialAction":[{"@type":"SearchAction","target":{"@type":"EntryPoint","urlTemplate":"https:\/\/aviator-game.cafe\/cz\/?s={search_term_string}"},"query-input":{"@type":"PropertyValueSpecification","valueRequired":true,"valueName":"search_term_string"}}],"inLanguage":"cs"}]}},"_links":{"self":[{"href":"https:\/\/aviator-game.cafe\/cz\/wp-json\/wp\/v2\/pages\/152","targetHints":{"allow":["GET"]}}],"collection":[{"href":"https:\/\/aviator-game.cafe\/cz\/wp-json\/wp\/v2\/pages"}],"about":[{"href":"https:\/\/aviator-game.cafe\/cz\/wp-json\/wp\/v2\/types\/page"}],"author":[{"embeddable":true,"href":"https:\/\/aviator-game.cafe\/cz\/wp-json\/wp\/v2\/users\/1"}],"replies":[{"embeddable":true,"href":"https:\/\/aviator-game.cafe\/cz\/wp-json\/wp\/v2\/comments?post=152"}],"version-history":[{"count":12,"href":"https:\/\/aviator-game.cafe\/cz\/wp-json\/wp\/v2\/pages\/152\/revisions"}],"predecessor-version":[{"id":275,"href":"https:\/\/aviator-game.cafe\/cz\/wp-json\/wp\/v2\/pages\/152\/revisions\/275"}],"wp:attachment":[{"href":"https:\/\/aviator-game.cafe\/cz\/wp-json\/wp\/v2\/media?parent=152"}],"curies":[{"name":"wp","href":"https:\/\/api.w.org\/{rel}","templated":true}]}}