{"id":2,"date":"2023-05-18T17:18:34","date_gmt":"2023-05-18T17:18:34","guid":{"rendered":"https:\/\/aviator-game.cafe\/cz\/?page_id=2"},"modified":"2025-05-02T08:26:16","modified_gmt":"2025-05-02T08:26:16","slug":"sample-page","status":"publish","type":"page","link":"https:\/\/aviator-game.cafe\/cz\/","title":{"rendered":"Domov"},"content":{"rendered":"","protected":false},"excerpt":{"rendered":"","protected":false},"author":1,"featured_media":0,"parent":0,"menu_order":0,"comment_status":"closed","ping_status":"closed","template":"","meta":{"footnotes":""},"class_list":["post-2","page","type-page","status-publish","hentry"],"yoast_head":"<!-- This site is optimized with the Yoast SEO plugin v24.3 - https:\/\/yoast.com\/wordpress\/plugins\/seo\/ -->\n<title>Leteck\u00e1 hra \u1433 jak vyhr\u00e1t v t\u00e9to vzru\u0161uj\u00edc\u00ed h\u0159e<\/title>\n<meta name=\"description\" content=\"Aviator je vzru\u0161uj\u00edc\u00ed crash hra s vysokou pravd\u011bpodobnost\u00ed v\u00fdhry, jednoduchou mechanikou a n\u00e1vykovou hratelnost\u00ed. Vyzkou\u0161ejte Aviator!\" \/>\n<meta name=\"robots\" content=\"index, follow, max-snippet:-1, max-image-preview:large, max-video-preview:-1\" \/>\n<meta property=\"og:locale\" content=\"cs_CZ\" \/>\n<meta property=\"og:type\" content=\"article\" \/>\n<meta property=\"og:title\" content=\"Leteck\u00e1 hra \u1433 jak vyhr\u00e1t v t\u00e9to vzru\u0161uj\u00edc\u00ed h\u0159e\" \/>\n<meta property=\"og:description\" content=\"Aviator je vzru\u0161uj\u00edc\u00ed crash hra s vysokou pravd\u011bpodobnost\u00ed v\u00fdhry, jednoduchou mechanikou a n\u00e1vykovou hratelnost\u00ed. Vyzkou\u0161ejte Aviator!\" \/>\n<meta property=\"og:url\" content=\"https:\/\/aviator-game.cafe\/cz\/\" \/>\n<meta property=\"og:site_name\" content=\"aviator-game cz\" \/>\n<meta property=\"article:modified_time\" content=\"2025-05-02T08:26:16+00:00\" \/>\n<meta name=\"twitter:card\" content=\"summary_large_image\" \/>\n<script type=\"application\/ld+json\" class=\"yoast-schema-graph\">{\"@context\":\"https:\/\/schema.org\",\"@graph\":[{\"@type\":\"WebPage\",\"@id\":\"https:\/\/aviator-game.cafe\/cz\/\",\"url\":\"https:\/\/aviator-game.cafe\/cz\/\",\"name\":\"Leteck\u00e1 hra \u1433 jak vyhr\u00e1t v t\u00e9to vzru\u0161uj\u00edc\u00ed h\u0159e\",\"isPartOf\":{\"@id\":\"https:\/\/aviator-game.cafe\/cz\/#website\"},\"datePublished\":\"2023-05-18T17:18:34+00:00\",\"dateModified\":\"2025-05-02T08:26:16+00:00\",\"description\":\"Aviator je vzru\u0161uj\u00edc\u00ed crash hra s vysokou pravd\u011bpodobnost\u00ed v\u00fdhry, jednoduchou mechanikou a n\u00e1vykovou hratelnost\u00ed. Vyzkou\u0161ejte Aviator!\",\"breadcrumb\":{\"@id\":\"https:\/\/aviator-game.cafe\/cz\/#breadcrumb\"},\"inLanguage\":\"cs\",\"potentialAction\":[{\"@type\":\"ReadAction\",\"target\":[\"https:\/\/aviator-game.cafe\/cz\/\"]}]},{\"@type\":\"BreadcrumbList\",\"@id\":\"https:\/\/aviator-game.cafe\/cz\/#breadcrumb\",\"itemListElement\":[{\"@type\":\"ListItem\",\"position\":1,\"name\":\"\u0413\u043b\u0430\u0432\u043d\u0430\u044f \u0441\u0442\u0440\u0430\u043d\u0438\u0446\u0430\",\"item\":\"https:\/\/aviator-game.cafe\/cz\/\"},{\"@type\":\"ListItem\",\"position\":2,\"name\":\"Domov\"}]},{\"@type\":\"WebSite\",\"@id\":\"https:\/\/aviator-game.cafe\/cz\/#website\",\"url\":\"https:\/\/aviator-game.cafe\/cz\/\",\"name\":\"aviator-game cz\",\"description\":\"My WordPress Blog\",\"potentialAction\":[{\"@type\":\"SearchAction\",\"target\":{\"@type\":\"EntryPoint\",\"urlTemplate\":\"https:\/\/aviator-game.cafe\/cz\/?s={search_term_string}\"},\"query-input\":{\"@type\":\"PropertyValueSpecification\",\"valueRequired\":true,\"valueName\":\"search_term_string\"}}],\"inLanguage\":\"cs\"}]}<\/script>\n<!-- \/ Yoast SEO plugin. -->","yoast_head_json":{"title":"Leteck\u00e1 hra \u1433 jak vyhr\u00e1t v t\u00e9to vzru\u0161uj\u00edc\u00ed h\u0159e","description":"Aviator je vzru\u0161uj\u00edc\u00ed crash hra s vysokou pravd\u011bpodobnost\u00ed v\u00fdhry, jednoduchou mechanikou a n\u00e1vykovou hratelnost\u00ed. Vyzkou\u0161ejte Aviator!","robots":{"index":"index","follow":"follow","max-snippet":"max-snippet:-1","max-image-preview":"max-image-preview:large","max-video-preview":"max-video-preview:-1"},"og_locale":"cs_CZ","og_type":"article","og_title":"Leteck\u00e1 hra \u1433 jak vyhr\u00e1t v t\u00e9to vzru\u0161uj\u00edc\u00ed h\u0159e","og_description":"Aviator je vzru\u0161uj\u00edc\u00ed crash hra s vysokou pravd\u011bpodobnost\u00ed v\u00fdhry, jednoduchou mechanikou a n\u00e1vykovou hratelnost\u00ed. Vyzkou\u0161ejte Aviator!","og_url":"https:\/\/aviator-game.cafe\/cz\/","og_site_name":"aviator-game cz","article_modified_time":"2025-05-02T08:26:16+00:00","twitter_card":"summary_large_image","schema":{"@context":"https:\/\/schema.org","@graph":[{"@type":"WebPage","@id":"https:\/\/aviator-game.cafe\/cz\/","url":"https:\/\/aviator-game.cafe\/cz\/","name":"Leteck\u00e1 hra \u1433 jak vyhr\u00e1t v t\u00e9to vzru\u0161uj\u00edc\u00ed h\u0159e","isPartOf":{"@id":"https:\/\/aviator-game.cafe\/cz\/#website"},"datePublished":"2023-05-18T17:18:34+00:00","dateModified":"2025-05-02T08:26:16+00:00","description":"Aviator je vzru\u0161uj\u00edc\u00ed crash hra s vysokou pravd\u011bpodobnost\u00ed v\u00fdhry, jednoduchou mechanikou a n\u00e1vykovou hratelnost\u00ed. Vyzkou\u0161ejte Aviator!","breadcrumb":{"@id":"https:\/\/aviator-game.cafe\/cz\/#breadcrumb"},"inLanguage":"cs","potentialAction":[{"@type":"ReadAction","target":["https:\/\/aviator-game.cafe\/cz\/"]}]},{"@type":"BreadcrumbList","@id":"https:\/\/aviator-game.cafe\/cz\/#breadcrumb","itemListElement":[{"@type":"ListItem","position":1,"name":"\u0413\u043b\u0430\u0432\u043d\u0430\u044f \u0441\u0442\u0440\u0430\u043d\u0438\u0446\u0430","item":"https:\/\/aviator-game.cafe\/cz\/"},{"@type":"ListItem","position":2,"name":"Domov"}]},{"@type":"WebSite","@id":"https:\/\/aviator-game.cafe\/cz\/#website","url":"https:\/\/aviator-game.cafe\/cz\/","name":"aviator-game cz","description":"My WordPress Blog","potentialAction":[{"@type":"SearchAction","target":{"@type":"EntryPoint","urlTemplate":"https:\/\/aviator-game.cafe\/cz\/?s={search_term_string}"},"query-input":{"@type":"PropertyValueSpecification","valueRequired":true,"valueName":"search_term_string"}}],"inLanguage":"cs"}]}},"_links":{"self":[{"href":"https:\/\/aviator-game.cafe\/cz\/wp-json\/wp\/v2\/pages\/2","targetHints":{"allow":["GET"]}}],"collection":[{"href":"https:\/\/aviator-game.cafe\/cz\/wp-json\/wp\/v2\/pages"}],"about":[{"href":"https:\/\/aviator-game.cafe\/cz\/wp-json\/wp\/v2\/types\/page"}],"author":[{"embeddable":true,"href":"https:\/\/aviator-game.cafe\/cz\/wp-json\/wp\/v2\/users\/1"}],"replies":[{"embeddable":true,"href":"https:\/\/aviator-game.cafe\/cz\/wp-json\/wp\/v2\/comments?post=2"}],"version-history":[{"count":17,"href":"https:\/\/aviator-game.cafe\/cz\/wp-json\/wp\/v2\/pages\/2\/revisions"}],"predecessor-version":[{"id":274,"href":"https:\/\/aviator-game.cafe\/cz\/wp-json\/wp\/v2\/pages\/2\/revisions\/274"}],"wp:attachment":[{"href":"https:\/\/aviator-game.cafe\/cz\/wp-json\/wp\/v2\/media?parent=2"}],"curies":[{"name":"wp","href":"https:\/\/api.w.org\/{rel}","templated":true}]}}