{"id":205,"date":"2025-02-05T15:49:28","date_gmt":"2025-02-05T15:49:28","guid":{"rendered":"https:\/\/aviator-game.cafe\/cz\/?page_id=205"},"modified":"2025-05-02T09:17:37","modified_gmt":"2025-05-02T09:17:37","slug":"demo","status":"publish","type":"page","link":"https:\/\/aviator-game.cafe\/cz\/demo\/","title":{"rendered":"Demo"},"content":{"rendered":"","protected":false},"excerpt":{"rendered":"","protected":false},"author":1,"featured_media":0,"parent":0,"menu_order":2,"comment_status":"closed","ping_status":"closed","template":"","meta":{"footnotes":""},"class_list":["post-205","page","type-page","status-publish","hentry"],"yoast_head":"<!-- This site is optimized with the Yoast SEO plugin v24.3 - https:\/\/yoast.com\/wordpress\/plugins\/seo\/ -->\n<title>Demoverze Aviator \u2907 nejlep\u0161\u00ed zp\u016fsob, jak zvl\u00e1dnout hru<\/title>\n<meta name=\"description\" content=\"Demo verze hry Aviator v\u00e1m umo\u017en\u00ed prostudovat hern\u00ed mechaniku, strategii a posoudit m\u00edru vzru\u0161en\u00ed, kterou tento v\u00fdhern\u00ed automat nab\u00edz\u00ed.\" \/>\n<meta name=\"robots\" content=\"index, follow, max-snippet:-1, max-image-preview:large, max-video-preview:-1\" \/>\n<meta property=\"og:locale\" content=\"cs_CZ\" \/>\n<meta property=\"og:type\" content=\"article\" \/>\n<meta property=\"og:title\" content=\"Demoverze Aviator \u2907 nejlep\u0161\u00ed zp\u016fsob, jak zvl\u00e1dnout hru\" \/>\n<meta property=\"og:description\" content=\"Demo verze hry Aviator v\u00e1m umo\u017en\u00ed prostudovat hern\u00ed mechaniku, strategii a posoudit m\u00edru vzru\u0161en\u00ed, kterou tento v\u00fdhern\u00ed automat nab\u00edz\u00ed.\" \/>\n<meta property=\"og:url\" content=\"https:\/\/aviator-game.cafe\/cz\/demo\/\" \/>\n<meta property=\"og:site_name\" content=\"aviator-game cz\" \/>\n<meta property=\"article:modified_time\" content=\"2025-05-02T09:17:37+00:00\" \/>\n<meta name=\"twitter:card\" content=\"summary_large_image\" \/>\n<script type=\"application\/ld+json\" class=\"yoast-schema-graph\">{\"@context\":\"https:\/\/schema.org\",\"@graph\":[{\"@type\":\"WebPage\",\"@id\":\"https:\/\/aviator-game.cafe\/cz\/demo\/\",\"url\":\"https:\/\/aviator-game.cafe\/cz\/demo\/\",\"name\":\"Demoverze Aviator \u2907 nejlep\u0161\u00ed zp\u016fsob, jak zvl\u00e1dnout hru\",\"isPartOf\":{\"@id\":\"https:\/\/aviator-game.cafe\/cz\/#website\"},\"datePublished\":\"2025-02-05T15:49:28+00:00\",\"dateModified\":\"2025-05-02T09:17:37+00:00\",\"description\":\"Demo verze hry Aviator v\u00e1m umo\u017en\u00ed prostudovat hern\u00ed mechaniku, strategii a posoudit m\u00edru vzru\u0161en\u00ed, kterou tento v\u00fdhern\u00ed automat nab\u00edz\u00ed.\",\"breadcrumb\":{\"@id\":\"https:\/\/aviator-game.cafe\/cz\/demo\/#breadcrumb\"},\"inLanguage\":\"cs\",\"potentialAction\":[{\"@type\":\"ReadAction\",\"target\":[\"https:\/\/aviator-game.cafe\/cz\/demo\/\"]}]},{\"@type\":\"BreadcrumbList\",\"@id\":\"https:\/\/aviator-game.cafe\/cz\/demo\/#breadcrumb\",\"itemListElement\":[{\"@type\":\"ListItem\",\"position\":1,\"name\":\"\u0413\u043b\u0430\u0432\u043d\u0430\u044f \u0441\u0442\u0440\u0430\u043d\u0438\u0446\u0430\",\"item\":\"https:\/\/aviator-game.cafe\/cz\/\"},{\"@type\":\"ListItem\",\"position\":2,\"name\":\"Demo\"}]},{\"@type\":\"WebSite\",\"@id\":\"https:\/\/aviator-game.cafe\/cz\/#website\",\"url\":\"https:\/\/aviator-game.cafe\/cz\/\",\"name\":\"aviator-game cz\",\"description\":\"My WordPress Blog\",\"potentialAction\":[{\"@type\":\"SearchAction\",\"target\":{\"@type\":\"EntryPoint\",\"urlTemplate\":\"https:\/\/aviator-game.cafe\/cz\/?s={search_term_string}\"},\"query-input\":{\"@type\":\"PropertyValueSpecification\",\"valueRequired\":true,\"valueName\":\"search_term_string\"}}],\"inLanguage\":\"cs\"}]}<\/script>\n<!-- \/ Yoast SEO plugin. -->","yoast_head_json":{"title":"Demoverze Aviator \u2907 nejlep\u0161\u00ed zp\u016fsob, jak zvl\u00e1dnout hru","description":"Demo verze hry Aviator v\u00e1m umo\u017en\u00ed prostudovat hern\u00ed mechaniku, strategii a posoudit m\u00edru vzru\u0161en\u00ed, kterou tento v\u00fdhern\u00ed automat nab\u00edz\u00ed.","robots":{"index":"index","follow":"follow","max-snippet":"max-snippet:-1","max-image-preview":"max-image-preview:large","max-video-preview":"max-video-preview:-1"},"og_locale":"cs_CZ","og_type":"article","og_title":"Demoverze Aviator \u2907 nejlep\u0161\u00ed zp\u016fsob, jak zvl\u00e1dnout hru","og_description":"Demo verze hry Aviator v\u00e1m umo\u017en\u00ed prostudovat hern\u00ed mechaniku, strategii a posoudit m\u00edru vzru\u0161en\u00ed, kterou tento v\u00fdhern\u00ed automat nab\u00edz\u00ed.","og_url":"https:\/\/aviator-game.cafe\/cz\/demo\/","og_site_name":"aviator-game cz","article_modified_time":"2025-05-02T09:17:37+00:00","twitter_card":"summary_large_image","schema":{"@context":"https:\/\/schema.org","@graph":[{"@type":"WebPage","@id":"https:\/\/aviator-game.cafe\/cz\/demo\/","url":"https:\/\/aviator-game.cafe\/cz\/demo\/","name":"Demoverze Aviator \u2907 nejlep\u0161\u00ed zp\u016fsob, jak zvl\u00e1dnout hru","isPartOf":{"@id":"https:\/\/aviator-game.cafe\/cz\/#website"},"datePublished":"2025-02-05T15:49:28+00:00","dateModified":"2025-05-02T09:17:37+00:00","description":"Demo verze hry Aviator v\u00e1m umo\u017en\u00ed prostudovat hern\u00ed mechaniku, strategii a posoudit m\u00edru vzru\u0161en\u00ed, kterou tento v\u00fdhern\u00ed automat nab\u00edz\u00ed.","breadcrumb":{"@id":"https:\/\/aviator-game.cafe\/cz\/demo\/#breadcrumb"},"inLanguage":"cs","potentialAction":[{"@type":"ReadAction","target":["https:\/\/aviator-game.cafe\/cz\/demo\/"]}]},{"@type":"BreadcrumbList","@id":"https:\/\/aviator-game.cafe\/cz\/demo\/#breadcrumb","itemListElement":[{"@type":"ListItem","position":1,"name":"\u0413\u043b\u0430\u0432\u043d\u0430\u044f \u0441\u0442\u0440\u0430\u043d\u0438\u0446\u0430","item":"https:\/\/aviator-game.cafe\/cz\/"},{"@type":"ListItem","position":2,"name":"Demo"}]},{"@type":"WebSite","@id":"https:\/\/aviator-game.cafe\/cz\/#website","url":"https:\/\/aviator-game.cafe\/cz\/","name":"aviator-game cz","description":"My WordPress Blog","potentialAction":[{"@type":"SearchAction","target":{"@type":"EntryPoint","urlTemplate":"https:\/\/aviator-game.cafe\/cz\/?s={search_term_string}"},"query-input":{"@type":"PropertyValueSpecification","valueRequired":true,"valueName":"search_term_string"}}],"inLanguage":"cs"}]}},"_links":{"self":[{"href":"https:\/\/aviator-game.cafe\/cz\/wp-json\/wp\/v2\/pages\/205","targetHints":{"allow":["GET"]}}],"collection":[{"href":"https:\/\/aviator-game.cafe\/cz\/wp-json\/wp\/v2\/pages"}],"about":[{"href":"https:\/\/aviator-game.cafe\/cz\/wp-json\/wp\/v2\/types\/page"}],"author":[{"embeddable":true,"href":"https:\/\/aviator-game.cafe\/cz\/wp-json\/wp\/v2\/users\/1"}],"replies":[{"embeddable":true,"href":"https:\/\/aviator-game.cafe\/cz\/wp-json\/wp\/v2\/comments?post=205"}],"version-history":[{"count":15,"href":"https:\/\/aviator-game.cafe\/cz\/wp-json\/wp\/v2\/pages\/205\/revisions"}],"predecessor-version":[{"id":254,"href":"https:\/\/aviator-game.cafe\/cz\/wp-json\/wp\/v2\/pages\/205\/revisions\/254"}],"wp:attachment":[{"href":"https:\/\/aviator-game.cafe\/cz\/wp-json\/wp\/v2\/media?parent=205"}],"curies":[{"name":"wp","href":"https:\/\/api.w.org\/{rel}","templated":true}]}}