{"id":2,"date":"2023-05-18T17:18:34","date_gmt":"2023-05-18T17:18:34","guid":{"rendered":"https:\/\/aviator-game.cafe\/dk\/?page_id=2"},"modified":"2025-04-08T13:52:51","modified_gmt":"2025-04-08T13:52:51","slug":"sample-page","status":"publish","type":"page","link":"https:\/\/aviator-game.cafe\/dk\/","title":{"rendered":"Hjem"},"content":{"rendered":"","protected":false},"excerpt":{"rendered":"","protected":false},"author":1,"featured_media":0,"parent":0,"menu_order":0,"comment_status":"closed","ping_status":"closed","template":"","meta":{"footnotes":""},"class_list":["post-2","page","type-page","status-publish","hentry"],"yoast_head":"<!-- This site is optimized with the Yoast SEO plugin v24.3 - https:\/\/yoast.com\/wordpress\/plugins\/seo\/ -->\n<title>Aviator Game \u1433 hvordan man vinder i dette sp\u00e6ndende spil<\/title>\n<meta name=\"description\" content=\"Aviator er et sp\u00e6ndende crash-spil med stor sandsynlighed for at vinde, enkel mekanik og vanedannende gameplay. Pr\u00f8v Aviator!\" \/>\n<meta name=\"robots\" content=\"index, follow, max-snippet:-1, max-image-preview:large, max-video-preview:-1\" \/>\n<meta property=\"og:locale\" content=\"da_DK\" \/>\n<meta property=\"og:type\" content=\"article\" \/>\n<meta property=\"og:title\" content=\"Aviator Game \u1433 hvordan man vinder i dette sp\u00e6ndende spil\" \/>\n<meta property=\"og:description\" content=\"Aviator er et sp\u00e6ndende crash-spil med stor sandsynlighed for at vinde, enkel mekanik og vanedannende gameplay. Pr\u00f8v Aviator!\" \/>\n<meta property=\"og:url\" content=\"https:\/\/aviator-game.cafe\/dk\/\" \/>\n<meta property=\"og:site_name\" content=\"aviator-game dk\" \/>\n<meta property=\"article:modified_time\" content=\"2025-04-08T13:52:51+00:00\" \/>\n<meta name=\"twitter:card\" content=\"summary_large_image\" \/>\n<script type=\"application\/ld+json\" class=\"yoast-schema-graph\">{\"@context\":\"https:\/\/schema.org\",\"@graph\":[{\"@type\":\"WebPage\",\"@id\":\"https:\/\/aviator-game.cafe\/dk\/\",\"url\":\"https:\/\/aviator-game.cafe\/dk\/\",\"name\":\"Aviator Game \u1433 hvordan man vinder i dette sp\u00e6ndende spil\",\"isPartOf\":{\"@id\":\"https:\/\/aviator-game.cafe\/dk\/#website\"},\"datePublished\":\"2023-05-18T17:18:34+00:00\",\"dateModified\":\"2025-04-08T13:52:51+00:00\",\"description\":\"Aviator er et sp\u00e6ndende crash-spil med stor sandsynlighed for at vinde, enkel mekanik og vanedannende gameplay. Pr\u00f8v Aviator!\",\"breadcrumb\":{\"@id\":\"https:\/\/aviator-game.cafe\/dk\/#breadcrumb\"},\"inLanguage\":\"da-DK\",\"potentialAction\":[{\"@type\":\"ReadAction\",\"target\":[\"https:\/\/aviator-game.cafe\/dk\/\"]}]},{\"@type\":\"BreadcrumbList\",\"@id\":\"https:\/\/aviator-game.cafe\/dk\/#breadcrumb\",\"itemListElement\":[{\"@type\":\"ListItem\",\"position\":1,\"name\":\"\u0413\u043b\u0430\u0432\u043d\u0430\u044f \u0441\u0442\u0440\u0430\u043d\u0438\u0446\u0430\",\"item\":\"https:\/\/aviator-game.cafe\/dk\/\"},{\"@type\":\"ListItem\",\"position\":2,\"name\":\"Hjem\"}]},{\"@type\":\"WebSite\",\"@id\":\"https:\/\/aviator-game.cafe\/dk\/#website\",\"url\":\"https:\/\/aviator-game.cafe\/dk\/\",\"name\":\"aviator-game dk\",\"description\":\"My WordPress Blog\",\"potentialAction\":[{\"@type\":\"SearchAction\",\"target\":{\"@type\":\"EntryPoint\",\"urlTemplate\":\"https:\/\/aviator-game.cafe\/dk\/?s={search_term_string}\"},\"query-input\":{\"@type\":\"PropertyValueSpecification\",\"valueRequired\":true,\"valueName\":\"search_term_string\"}}],\"inLanguage\":\"da-DK\"}]}<\/script>\n<!-- \/ Yoast SEO plugin. -->","yoast_head_json":{"title":"Aviator Game \u1433 hvordan man vinder i dette sp\u00e6ndende spil","description":"Aviator er et sp\u00e6ndende crash-spil med stor sandsynlighed for at vinde, enkel mekanik og vanedannende gameplay. Pr\u00f8v Aviator!","robots":{"index":"index","follow":"follow","max-snippet":"max-snippet:-1","max-image-preview":"max-image-preview:large","max-video-preview":"max-video-preview:-1"},"og_locale":"da_DK","og_type":"article","og_title":"Aviator Game \u1433 hvordan man vinder i dette sp\u00e6ndende spil","og_description":"Aviator er et sp\u00e6ndende crash-spil med stor sandsynlighed for at vinde, enkel mekanik og vanedannende gameplay. Pr\u00f8v Aviator!","og_url":"https:\/\/aviator-game.cafe\/dk\/","og_site_name":"aviator-game dk","article_modified_time":"2025-04-08T13:52:51+00:00","twitter_card":"summary_large_image","schema":{"@context":"https:\/\/schema.org","@graph":[{"@type":"WebPage","@id":"https:\/\/aviator-game.cafe\/dk\/","url":"https:\/\/aviator-game.cafe\/dk\/","name":"Aviator Game \u1433 hvordan man vinder i dette sp\u00e6ndende spil","isPartOf":{"@id":"https:\/\/aviator-game.cafe\/dk\/#website"},"datePublished":"2023-05-18T17:18:34+00:00","dateModified":"2025-04-08T13:52:51+00:00","description":"Aviator er et sp\u00e6ndende crash-spil med stor sandsynlighed for at vinde, enkel mekanik og vanedannende gameplay. Pr\u00f8v Aviator!","breadcrumb":{"@id":"https:\/\/aviator-game.cafe\/dk\/#breadcrumb"},"inLanguage":"da-DK","potentialAction":[{"@type":"ReadAction","target":["https:\/\/aviator-game.cafe\/dk\/"]}]},{"@type":"BreadcrumbList","@id":"https:\/\/aviator-game.cafe\/dk\/#breadcrumb","itemListElement":[{"@type":"ListItem","position":1,"name":"\u0413\u043b\u0430\u0432\u043d\u0430\u044f \u0441\u0442\u0440\u0430\u043d\u0438\u0446\u0430","item":"https:\/\/aviator-game.cafe\/dk\/"},{"@type":"ListItem","position":2,"name":"Hjem"}]},{"@type":"WebSite","@id":"https:\/\/aviator-game.cafe\/dk\/#website","url":"https:\/\/aviator-game.cafe\/dk\/","name":"aviator-game dk","description":"My WordPress Blog","potentialAction":[{"@type":"SearchAction","target":{"@type":"EntryPoint","urlTemplate":"https:\/\/aviator-game.cafe\/dk\/?s={search_term_string}"},"query-input":{"@type":"PropertyValueSpecification","valueRequired":true,"valueName":"search_term_string"}}],"inLanguage":"da-DK"}]}},"_links":{"self":[{"href":"https:\/\/aviator-game.cafe\/dk\/wp-json\/wp\/v2\/pages\/2","targetHints":{"allow":["GET"]}}],"collection":[{"href":"https:\/\/aviator-game.cafe\/dk\/wp-json\/wp\/v2\/pages"}],"about":[{"href":"https:\/\/aviator-game.cafe\/dk\/wp-json\/wp\/v2\/types\/page"}],"author":[{"embeddable":true,"href":"https:\/\/aviator-game.cafe\/dk\/wp-json\/wp\/v2\/users\/1"}],"replies":[{"embeddable":true,"href":"https:\/\/aviator-game.cafe\/dk\/wp-json\/wp\/v2\/comments?post=2"}],"version-history":[{"count":13,"href":"https:\/\/aviator-game.cafe\/dk\/wp-json\/wp\/v2\/pages\/2\/revisions"}],"predecessor-version":[{"id":268,"href":"https:\/\/aviator-game.cafe\/dk\/wp-json\/wp\/v2\/pages\/2\/revisions\/268"}],"wp:attachment":[{"href":"https:\/\/aviator-game.cafe\/dk\/wp-json\/wp\/v2\/media?parent=2"}],"curies":[{"name":"wp","href":"https:\/\/api.w.org\/{rel}","templated":true}]}}