{"id":152,"date":"2023-05-18T17:39:43","date_gmt":"2023-05-18T17:39:43","guid":{"rendered":"https:\/\/aviator-game.cafe\/es\/?page_id=152"},"modified":"2025-03-21T12:51:55","modified_gmt":"2025-03-21T12:51:55","slug":"how-to-play","status":"publish","type":"page","link":"https:\/\/aviator-game.cafe\/es\/how-to-play\/","title":{"rendered":"\u00bfC\u00f3mo se juega?"},"content":{"rendered":"","protected":false},"excerpt":{"rendered":"","protected":false},"author":1,"featured_media":0,"parent":0,"menu_order":1,"comment_status":"closed","ping_status":"closed","template":"","meta":{"footnotes":""},"class_list":["post-152","page","type-page","status-publish","hentry"],"yoast_head":"<!-- This site is optimized with the Yoast SEO plugin v24.3 - https:\/\/yoast.com\/wordpress\/plugins\/seo\/ -->\n<title>C\u00f3mo jugar al juego de aviador \u1433 gu\u00eda completa.<\/title>\n<meta name=\"description\" content=\"Aqu\u00ed puedes aprender todos los secretos del juego Aviator. Las estrategias y los detalles del juego, as\u00ed como los errores que debes evitar, est\u00e1n reunidos en un solo resumen.\" \/>\n<meta name=\"robots\" content=\"index, follow, max-snippet:-1, max-image-preview:large, max-video-preview:-1\" \/>\n<meta property=\"og:locale\" content=\"es_ES\" \/>\n<meta property=\"og:type\" content=\"article\" \/>\n<meta property=\"og:title\" content=\"C\u00f3mo jugar al juego de aviador \u1433 gu\u00eda completa.\" \/>\n<meta property=\"og:description\" content=\"Aqu\u00ed puedes aprender todos los secretos del juego Aviator. Las estrategias y los detalles del juego, as\u00ed como los errores que debes evitar, est\u00e1n reunidos en un solo resumen.\" \/>\n<meta property=\"og:url\" content=\"https:\/\/aviator-game.cafe\/es\/how-to-play\/\" \/>\n<meta property=\"og:site_name\" content=\"aviator-game es\" \/>\n<meta property=\"article:modified_time\" content=\"2025-03-21T12:51:55+00:00\" \/>\n<meta name=\"twitter:card\" content=\"summary_large_image\" \/>\n<script type=\"application\/ld+json\" class=\"yoast-schema-graph\">{\"@context\":\"https:\/\/schema.org\",\"@graph\":[{\"@type\":\"WebPage\",\"@id\":\"https:\/\/aviator-game.cafe\/es\/how-to-play\/\",\"url\":\"https:\/\/aviator-game.cafe\/es\/how-to-play\/\",\"name\":\"C\u00f3mo jugar al juego de aviador \u1433 gu\u00eda completa.\",\"isPartOf\":{\"@id\":\"https:\/\/aviator-game.cafe\/es\/#website\"},\"datePublished\":\"2023-05-18T17:39:43+00:00\",\"dateModified\":\"2025-03-21T12:51:55+00:00\",\"description\":\"Aqu\u00ed puedes aprender todos los secretos del juego Aviator. Las estrategias y los detalles del juego, as\u00ed como los errores que debes evitar, est\u00e1n reunidos en un solo resumen.\",\"breadcrumb\":{\"@id\":\"https:\/\/aviator-game.cafe\/es\/how-to-play\/#breadcrumb\"},\"inLanguage\":\"es\",\"potentialAction\":[{\"@type\":\"ReadAction\",\"target\":[\"https:\/\/aviator-game.cafe\/es\/how-to-play\/\"]}]},{\"@type\":\"BreadcrumbList\",\"@id\":\"https:\/\/aviator-game.cafe\/es\/how-to-play\/#breadcrumb\",\"itemListElement\":[{\"@type\":\"ListItem\",\"position\":1,\"name\":\"\u0413\u043b\u0430\u0432\u043d\u0430\u044f \u0441\u0442\u0440\u0430\u043d\u0438\u0446\u0430\",\"item\":\"https:\/\/aviator-game.cafe\/es\/\"},{\"@type\":\"ListItem\",\"position\":2,\"name\":\"\u00bfC\u00f3mo se juega?\"}]},{\"@type\":\"WebSite\",\"@id\":\"https:\/\/aviator-game.cafe\/es\/#website\",\"url\":\"https:\/\/aviator-game.cafe\/es\/\",\"name\":\"aviator-game es\",\"description\":\"My WordPress Blog\",\"potentialAction\":[{\"@type\":\"SearchAction\",\"target\":{\"@type\":\"EntryPoint\",\"urlTemplate\":\"https:\/\/aviator-game.cafe\/es\/?s={search_term_string}\"},\"query-input\":{\"@type\":\"PropertyValueSpecification\",\"valueRequired\":true,\"valueName\":\"search_term_string\"}}],\"inLanguage\":\"es\"}]}<\/script>\n<!-- \/ Yoast SEO plugin. -->","yoast_head_json":{"title":"C\u00f3mo jugar al juego de aviador \u1433 gu\u00eda completa.","description":"Aqu\u00ed puedes aprender todos los secretos del juego Aviator. Las estrategias y los detalles del juego, as\u00ed como los errores que debes evitar, est\u00e1n reunidos en un solo resumen.","robots":{"index":"index","follow":"follow","max-snippet":"max-snippet:-1","max-image-preview":"max-image-preview:large","max-video-preview":"max-video-preview:-1"},"og_locale":"es_ES","og_type":"article","og_title":"C\u00f3mo jugar al juego de aviador \u1433 gu\u00eda completa.","og_description":"Aqu\u00ed puedes aprender todos los secretos del juego Aviator. Las estrategias y los detalles del juego, as\u00ed como los errores que debes evitar, est\u00e1n reunidos en un solo resumen.","og_url":"https:\/\/aviator-game.cafe\/es\/how-to-play\/","og_site_name":"aviator-game es","article_modified_time":"2025-03-21T12:51:55+00:00","twitter_card":"summary_large_image","schema":{"@context":"https:\/\/schema.org","@graph":[{"@type":"WebPage","@id":"https:\/\/aviator-game.cafe\/es\/how-to-play\/","url":"https:\/\/aviator-game.cafe\/es\/how-to-play\/","name":"C\u00f3mo jugar al juego de aviador \u1433 gu\u00eda completa.","isPartOf":{"@id":"https:\/\/aviator-game.cafe\/es\/#website"},"datePublished":"2023-05-18T17:39:43+00:00","dateModified":"2025-03-21T12:51:55+00:00","description":"Aqu\u00ed puedes aprender todos los secretos del juego Aviator. Las estrategias y los detalles del juego, as\u00ed como los errores que debes evitar, est\u00e1n reunidos en un solo resumen.","breadcrumb":{"@id":"https:\/\/aviator-game.cafe\/es\/how-to-play\/#breadcrumb"},"inLanguage":"es","potentialAction":[{"@type":"ReadAction","target":["https:\/\/aviator-game.cafe\/es\/how-to-play\/"]}]},{"@type":"BreadcrumbList","@id":"https:\/\/aviator-game.cafe\/es\/how-to-play\/#breadcrumb","itemListElement":[{"@type":"ListItem","position":1,"name":"\u0413\u043b\u0430\u0432\u043d\u0430\u044f \u0441\u0442\u0440\u0430\u043d\u0438\u0446\u0430","item":"https:\/\/aviator-game.cafe\/es\/"},{"@type":"ListItem","position":2,"name":"\u00bfC\u00f3mo se juega?"}]},{"@type":"WebSite","@id":"https:\/\/aviator-game.cafe\/es\/#website","url":"https:\/\/aviator-game.cafe\/es\/","name":"aviator-game es","description":"My WordPress Blog","potentialAction":[{"@type":"SearchAction","target":{"@type":"EntryPoint","urlTemplate":"https:\/\/aviator-game.cafe\/es\/?s={search_term_string}"},"query-input":{"@type":"PropertyValueSpecification","valueRequired":true,"valueName":"search_term_string"}}],"inLanguage":"es"}]}},"_links":{"self":[{"href":"https:\/\/aviator-game.cafe\/es\/wp-json\/wp\/v2\/pages\/152","targetHints":{"allow":["GET"]}}],"collection":[{"href":"https:\/\/aviator-game.cafe\/es\/wp-json\/wp\/v2\/pages"}],"about":[{"href":"https:\/\/aviator-game.cafe\/es\/wp-json\/wp\/v2\/types\/page"}],"author":[{"embeddable":true,"href":"https:\/\/aviator-game.cafe\/es\/wp-json\/wp\/v2\/users\/1"}],"replies":[{"embeddable":true,"href":"https:\/\/aviator-game.cafe\/es\/wp-json\/wp\/v2\/comments?post=152"}],"version-history":[{"count":12,"href":"https:\/\/aviator-game.cafe\/es\/wp-json\/wp\/v2\/pages\/152\/revisions"}],"predecessor-version":[{"id":267,"href":"https:\/\/aviator-game.cafe\/es\/wp-json\/wp\/v2\/pages\/152\/revisions\/267"}],"wp:attachment":[{"href":"https:\/\/aviator-game.cafe\/es\/wp-json\/wp\/v2\/media?parent=152"}],"curies":[{"name":"wp","href":"https:\/\/api.w.org\/{rel}","templated":true}]}}