{"id":208,"date":"2025-02-06T07:14:18","date_gmt":"2025-02-06T07:14:18","guid":{"rendered":"https:\/\/aviator-game.cafe\/es\/?page_id=208"},"modified":"2025-03-21T13:10:34","modified_gmt":"2025-03-21T13:10:34","slug":"strategies","status":"publish","type":"page","link":"https:\/\/aviator-game.cafe\/es\/strategies\/","title":{"rendered":"Estrategias de juego"},"content":{"rendered":"","protected":false},"excerpt":{"rendered":"","protected":false},"author":1,"featured_media":0,"parent":0,"menu_order":3,"comment_status":"closed","ping_status":"closed","template":"","meta":{"footnotes":""},"class_list":["post-208","page","type-page","status-publish","hentry"],"yoast_head":"<!-- This site is optimized with the Yoast SEO plugin v24.3 - https:\/\/yoast.com\/wordpress\/plugins\/seo\/ -->\n<title>Estrategia de aviador \u2907 mejores movimientos t\u00e1cticos<\/title>\n<meta name=\"description\" content=\"Este resumen de las mejores estrategias aplicables en el juego Aviator te permitir\u00e1 elegir las t\u00e1cticas m\u00e1s adecuadas para tu estilo de juego y \u00a1ganar!\" \/>\n<meta name=\"robots\" content=\"index, follow, max-snippet:-1, max-image-preview:large, max-video-preview:-1\" \/>\n<meta property=\"og:locale\" content=\"es_ES\" \/>\n<meta property=\"og:type\" content=\"article\" \/>\n<meta property=\"og:title\" content=\"Estrategia de aviador \u2907 mejores movimientos t\u00e1cticos\" \/>\n<meta property=\"og:description\" content=\"Este resumen de las mejores estrategias aplicables en el juego Aviator te permitir\u00e1 elegir las t\u00e1cticas m\u00e1s adecuadas para tu estilo de juego y \u00a1ganar!\" \/>\n<meta property=\"og:url\" content=\"https:\/\/aviator-game.cafe\/es\/strategies\/\" \/>\n<meta property=\"og:site_name\" content=\"aviator-game es\" \/>\n<meta property=\"article:modified_time\" content=\"2025-03-21T13:10:34+00:00\" \/>\n<meta name=\"twitter:card\" content=\"summary_large_image\" \/>\n<script type=\"application\/ld+json\" class=\"yoast-schema-graph\">{\"@context\":\"https:\/\/schema.org\",\"@graph\":[{\"@type\":\"WebPage\",\"@id\":\"https:\/\/aviator-game.cafe\/es\/strategies\/\",\"url\":\"https:\/\/aviator-game.cafe\/es\/strategies\/\",\"name\":\"Estrategia de aviador \u2907 mejores movimientos t\u00e1cticos\",\"isPartOf\":{\"@id\":\"https:\/\/aviator-game.cafe\/es\/#website\"},\"datePublished\":\"2025-02-06T07:14:18+00:00\",\"dateModified\":\"2025-03-21T13:10:34+00:00\",\"description\":\"Este resumen de las mejores estrategias aplicables en el juego Aviator te permitir\u00e1 elegir las t\u00e1cticas m\u00e1s adecuadas para tu estilo de juego y \u00a1ganar!\",\"breadcrumb\":{\"@id\":\"https:\/\/aviator-game.cafe\/es\/strategies\/#breadcrumb\"},\"inLanguage\":\"es\",\"potentialAction\":[{\"@type\":\"ReadAction\",\"target\":[\"https:\/\/aviator-game.cafe\/es\/strategies\/\"]}]},{\"@type\":\"BreadcrumbList\",\"@id\":\"https:\/\/aviator-game.cafe\/es\/strategies\/#breadcrumb\",\"itemListElement\":[{\"@type\":\"ListItem\",\"position\":1,\"name\":\"\u0413\u043b\u0430\u0432\u043d\u0430\u044f \u0441\u0442\u0440\u0430\u043d\u0438\u0446\u0430\",\"item\":\"https:\/\/aviator-game.cafe\/es\/\"},{\"@type\":\"ListItem\",\"position\":2,\"name\":\"Estrategias de juego\"}]},{\"@type\":\"WebSite\",\"@id\":\"https:\/\/aviator-game.cafe\/es\/#website\",\"url\":\"https:\/\/aviator-game.cafe\/es\/\",\"name\":\"aviator-game es\",\"description\":\"My WordPress Blog\",\"potentialAction\":[{\"@type\":\"SearchAction\",\"target\":{\"@type\":\"EntryPoint\",\"urlTemplate\":\"https:\/\/aviator-game.cafe\/es\/?s={search_term_string}\"},\"query-input\":{\"@type\":\"PropertyValueSpecification\",\"valueRequired\":true,\"valueName\":\"search_term_string\"}}],\"inLanguage\":\"es\"}]}<\/script>\n<!-- \/ Yoast SEO plugin. -->","yoast_head_json":{"title":"Estrategia de aviador \u2907 mejores movimientos t\u00e1cticos","description":"Este resumen de las mejores estrategias aplicables en el juego Aviator te permitir\u00e1 elegir las t\u00e1cticas m\u00e1s adecuadas para tu estilo de juego y \u00a1ganar!","robots":{"index":"index","follow":"follow","max-snippet":"max-snippet:-1","max-image-preview":"max-image-preview:large","max-video-preview":"max-video-preview:-1"},"og_locale":"es_ES","og_type":"article","og_title":"Estrategia de aviador \u2907 mejores movimientos t\u00e1cticos","og_description":"Este resumen de las mejores estrategias aplicables en el juego Aviator te permitir\u00e1 elegir las t\u00e1cticas m\u00e1s adecuadas para tu estilo de juego y \u00a1ganar!","og_url":"https:\/\/aviator-game.cafe\/es\/strategies\/","og_site_name":"aviator-game es","article_modified_time":"2025-03-21T13:10:34+00:00","twitter_card":"summary_large_image","schema":{"@context":"https:\/\/schema.org","@graph":[{"@type":"WebPage","@id":"https:\/\/aviator-game.cafe\/es\/strategies\/","url":"https:\/\/aviator-game.cafe\/es\/strategies\/","name":"Estrategia de aviador \u2907 mejores movimientos t\u00e1cticos","isPartOf":{"@id":"https:\/\/aviator-game.cafe\/es\/#website"},"datePublished":"2025-02-06T07:14:18+00:00","dateModified":"2025-03-21T13:10:34+00:00","description":"Este resumen de las mejores estrategias aplicables en el juego Aviator te permitir\u00e1 elegir las t\u00e1cticas m\u00e1s adecuadas para tu estilo de juego y \u00a1ganar!","breadcrumb":{"@id":"https:\/\/aviator-game.cafe\/es\/strategies\/#breadcrumb"},"inLanguage":"es","potentialAction":[{"@type":"ReadAction","target":["https:\/\/aviator-game.cafe\/es\/strategies\/"]}]},{"@type":"BreadcrumbList","@id":"https:\/\/aviator-game.cafe\/es\/strategies\/#breadcrumb","itemListElement":[{"@type":"ListItem","position":1,"name":"\u0413\u043b\u0430\u0432\u043d\u0430\u044f \u0441\u0442\u0440\u0430\u043d\u0438\u0446\u0430","item":"https:\/\/aviator-game.cafe\/es\/"},{"@type":"ListItem","position":2,"name":"Estrategias de juego"}]},{"@type":"WebSite","@id":"https:\/\/aviator-game.cafe\/es\/#website","url":"https:\/\/aviator-game.cafe\/es\/","name":"aviator-game es","description":"My WordPress Blog","potentialAction":[{"@type":"SearchAction","target":{"@type":"EntryPoint","urlTemplate":"https:\/\/aviator-game.cafe\/es\/?s={search_term_string}"},"query-input":{"@type":"PropertyValueSpecification","valueRequired":true,"valueName":"search_term_string"}}],"inLanguage":"es"}]}},"_links":{"self":[{"href":"https:\/\/aviator-game.cafe\/es\/wp-json\/wp\/v2\/pages\/208","targetHints":{"allow":["GET"]}}],"collection":[{"href":"https:\/\/aviator-game.cafe\/es\/wp-json\/wp\/v2\/pages"}],"about":[{"href":"https:\/\/aviator-game.cafe\/es\/wp-json\/wp\/v2\/types\/page"}],"author":[{"embeddable":true,"href":"https:\/\/aviator-game.cafe\/es\/wp-json\/wp\/v2\/users\/1"}],"replies":[{"embeddable":true,"href":"https:\/\/aviator-game.cafe\/es\/wp-json\/wp\/v2\/comments?post=208"}],"version-history":[{"count":9,"href":"https:\/\/aviator-game.cafe\/es\/wp-json\/wp\/v2\/pages\/208\/revisions"}],"predecessor-version":[{"id":268,"href":"https:\/\/aviator-game.cafe\/es\/wp-json\/wp\/v2\/pages\/208\/revisions\/268"}],"wp:attachment":[{"href":"https:\/\/aviator-game.cafe\/es\/wp-json\/wp\/v2\/media?parent=208"}],"curies":[{"name":"wp","href":"https:\/\/api.w.org\/{rel}","templated":true}]}}