{"id":152,"date":"2023-05-18T17:39:43","date_gmt":"2023-05-18T17:39:43","guid":{"rendered":"https:\/\/aviator-game.cafe\/fi\/?page_id=152"},"modified":"2025-04-16T14:02:32","modified_gmt":"2025-04-16T14:02:32","slug":"how-to-play","status":"publish","type":"page","link":"https:\/\/aviator-game.cafe\/fi\/how-to-play\/","title":{"rendered":"Kuinka pelata?"},"content":{"rendered":"","protected":false},"excerpt":{"rendered":"","protected":false},"author":1,"featured_media":0,"parent":0,"menu_order":1,"comment_status":"closed","ping_status":"closed","template":"","meta":{"footnotes":""},"class_list":["post-152","page","type-page","status-publish","hentry"],"yoast_head":"<!-- This site is optimized with the Yoast SEO plugin v24.3 - https:\/\/yoast.com\/wordpress\/plugins\/seo\/ -->\n<title>Lent\u00e4j\u00e4pelin pelaaminen \u1433 t\u00e4ydellinen opas<\/title>\n<meta name=\"description\" content=\"Voit oppia kaikki Aviator-pelin salaisuudet t\u00e4\u00e4lt\u00e4! Strategiat ja pelin yksityiskohdat ja v\u00e4ltett\u00e4v\u00e4t virheet on koottu yhteen yleiskatsaukseen.\" \/>\n<meta name=\"robots\" content=\"index, follow, max-snippet:-1, max-image-preview:large, max-video-preview:-1\" \/>\n<meta property=\"og:locale\" content=\"fi_FI\" \/>\n<meta property=\"og:type\" content=\"article\" \/>\n<meta property=\"og:title\" content=\"Lent\u00e4j\u00e4pelin pelaaminen \u1433 t\u00e4ydellinen opas\" \/>\n<meta property=\"og:description\" content=\"Voit oppia kaikki Aviator-pelin salaisuudet t\u00e4\u00e4lt\u00e4! Strategiat ja pelin yksityiskohdat ja v\u00e4ltett\u00e4v\u00e4t virheet on koottu yhteen yleiskatsaukseen.\" \/>\n<meta property=\"og:url\" content=\"https:\/\/aviator-game.cafe\/fi\/how-to-play\/\" \/>\n<meta property=\"og:site_name\" content=\"aviator-game fi\" \/>\n<meta property=\"article:modified_time\" content=\"2025-04-16T14:02:32+00:00\" \/>\n<meta name=\"twitter:card\" content=\"summary_large_image\" \/>\n<script type=\"application\/ld+json\" class=\"yoast-schema-graph\">{\"@context\":\"https:\/\/schema.org\",\"@graph\":[{\"@type\":\"WebPage\",\"@id\":\"https:\/\/aviator-game.cafe\/fi\/how-to-play\/\",\"url\":\"https:\/\/aviator-game.cafe\/fi\/how-to-play\/\",\"name\":\"Lent\u00e4j\u00e4pelin pelaaminen \u1433 t\u00e4ydellinen opas\",\"isPartOf\":{\"@id\":\"https:\/\/aviator-game.cafe\/fi\/#website\"},\"datePublished\":\"2023-05-18T17:39:43+00:00\",\"dateModified\":\"2025-04-16T14:02:32+00:00\",\"description\":\"Voit oppia kaikki Aviator-pelin salaisuudet t\u00e4\u00e4lt\u00e4! Strategiat ja pelin yksityiskohdat ja v\u00e4ltett\u00e4v\u00e4t virheet on koottu yhteen yleiskatsaukseen.\",\"breadcrumb\":{\"@id\":\"https:\/\/aviator-game.cafe\/fi\/how-to-play\/#breadcrumb\"},\"inLanguage\":\"fi\",\"potentialAction\":[{\"@type\":\"ReadAction\",\"target\":[\"https:\/\/aviator-game.cafe\/fi\/how-to-play\/\"]}]},{\"@type\":\"BreadcrumbList\",\"@id\":\"https:\/\/aviator-game.cafe\/fi\/how-to-play\/#breadcrumb\",\"itemListElement\":[{\"@type\":\"ListItem\",\"position\":1,\"name\":\"\u0413\u043b\u0430\u0432\u043d\u0430\u044f \u0441\u0442\u0440\u0430\u043d\u0438\u0446\u0430\",\"item\":\"https:\/\/aviator-game.cafe\/fi\/\"},{\"@type\":\"ListItem\",\"position\":2,\"name\":\"Kuinka pelata?\"}]},{\"@type\":\"WebSite\",\"@id\":\"https:\/\/aviator-game.cafe\/fi\/#website\",\"url\":\"https:\/\/aviator-game.cafe\/fi\/\",\"name\":\"aviator-game fi\",\"description\":\"My WordPress Blog\",\"potentialAction\":[{\"@type\":\"SearchAction\",\"target\":{\"@type\":\"EntryPoint\",\"urlTemplate\":\"https:\/\/aviator-game.cafe\/fi\/?s={search_term_string}\"},\"query-input\":{\"@type\":\"PropertyValueSpecification\",\"valueRequired\":true,\"valueName\":\"search_term_string\"}}],\"inLanguage\":\"fi\"}]}<\/script>\n<!-- \/ Yoast SEO plugin. -->","yoast_head_json":{"title":"Lent\u00e4j\u00e4pelin pelaaminen \u1433 t\u00e4ydellinen opas","description":"Voit oppia kaikki Aviator-pelin salaisuudet t\u00e4\u00e4lt\u00e4! Strategiat ja pelin yksityiskohdat ja v\u00e4ltett\u00e4v\u00e4t virheet on koottu yhteen yleiskatsaukseen.","robots":{"index":"index","follow":"follow","max-snippet":"max-snippet:-1","max-image-preview":"max-image-preview:large","max-video-preview":"max-video-preview:-1"},"og_locale":"fi_FI","og_type":"article","og_title":"Lent\u00e4j\u00e4pelin pelaaminen \u1433 t\u00e4ydellinen opas","og_description":"Voit oppia kaikki Aviator-pelin salaisuudet t\u00e4\u00e4lt\u00e4! Strategiat ja pelin yksityiskohdat ja v\u00e4ltett\u00e4v\u00e4t virheet on koottu yhteen yleiskatsaukseen.","og_url":"https:\/\/aviator-game.cafe\/fi\/how-to-play\/","og_site_name":"aviator-game fi","article_modified_time":"2025-04-16T14:02:32+00:00","twitter_card":"summary_large_image","schema":{"@context":"https:\/\/schema.org","@graph":[{"@type":"WebPage","@id":"https:\/\/aviator-game.cafe\/fi\/how-to-play\/","url":"https:\/\/aviator-game.cafe\/fi\/how-to-play\/","name":"Lent\u00e4j\u00e4pelin pelaaminen \u1433 t\u00e4ydellinen opas","isPartOf":{"@id":"https:\/\/aviator-game.cafe\/fi\/#website"},"datePublished":"2023-05-18T17:39:43+00:00","dateModified":"2025-04-16T14:02:32+00:00","description":"Voit oppia kaikki Aviator-pelin salaisuudet t\u00e4\u00e4lt\u00e4! Strategiat ja pelin yksityiskohdat ja v\u00e4ltett\u00e4v\u00e4t virheet on koottu yhteen yleiskatsaukseen.","breadcrumb":{"@id":"https:\/\/aviator-game.cafe\/fi\/how-to-play\/#breadcrumb"},"inLanguage":"fi","potentialAction":[{"@type":"ReadAction","target":["https:\/\/aviator-game.cafe\/fi\/how-to-play\/"]}]},{"@type":"BreadcrumbList","@id":"https:\/\/aviator-game.cafe\/fi\/how-to-play\/#breadcrumb","itemListElement":[{"@type":"ListItem","position":1,"name":"\u0413\u043b\u0430\u0432\u043d\u0430\u044f \u0441\u0442\u0440\u0430\u043d\u0438\u0446\u0430","item":"https:\/\/aviator-game.cafe\/fi\/"},{"@type":"ListItem","position":2,"name":"Kuinka pelata?"}]},{"@type":"WebSite","@id":"https:\/\/aviator-game.cafe\/fi\/#website","url":"https:\/\/aviator-game.cafe\/fi\/","name":"aviator-game fi","description":"My WordPress Blog","potentialAction":[{"@type":"SearchAction","target":{"@type":"EntryPoint","urlTemplate":"https:\/\/aviator-game.cafe\/fi\/?s={search_term_string}"},"query-input":{"@type":"PropertyValueSpecification","valueRequired":true,"valueName":"search_term_string"}}],"inLanguage":"fi"}]}},"_links":{"self":[{"href":"https:\/\/aviator-game.cafe\/fi\/wp-json\/wp\/v2\/pages\/152","targetHints":{"allow":["GET"]}}],"collection":[{"href":"https:\/\/aviator-game.cafe\/fi\/wp-json\/wp\/v2\/pages"}],"about":[{"href":"https:\/\/aviator-game.cafe\/fi\/wp-json\/wp\/v2\/types\/page"}],"author":[{"embeddable":true,"href":"https:\/\/aviator-game.cafe\/fi\/wp-json\/wp\/v2\/users\/1"}],"replies":[{"embeddable":true,"href":"https:\/\/aviator-game.cafe\/fi\/wp-json\/wp\/v2\/comments?post=152"}],"version-history":[{"count":13,"href":"https:\/\/aviator-game.cafe\/fi\/wp-json\/wp\/v2\/pages\/152\/revisions"}],"predecessor-version":[{"id":275,"href":"https:\/\/aviator-game.cafe\/fi\/wp-json\/wp\/v2\/pages\/152\/revisions\/275"}],"wp:attachment":[{"href":"https:\/\/aviator-game.cafe\/fi\/wp-json\/wp\/v2\/media?parent=152"}],"curies":[{"name":"wp","href":"https:\/\/api.w.org\/{rel}","templated":true}]}}