{"id":208,"date":"2025-02-06T07:14:18","date_gmt":"2025-02-06T07:14:18","guid":{"rendered":"https:\/\/aviator-game.cafe\/fi\/?page_id=208"},"modified":"2025-04-16T14:35:32","modified_gmt":"2025-04-16T14:35:32","slug":"strategies","status":"publish","type":"page","link":"https:\/\/aviator-game.cafe\/fi\/strategies\/","title":{"rendered":"Pelistrategiat"},"content":{"rendered":"","protected":false},"excerpt":{"rendered":"","protected":false},"author":1,"featured_media":0,"parent":0,"menu_order":3,"comment_status":"closed","ping_status":"closed","template":"","meta":{"footnotes":""},"class_list":["post-208","page","type-page","status-publish","hentry"],"yoast_head":"<!-- This site is optimized with the Yoast SEO plugin v24.3 - https:\/\/yoast.com\/wordpress\/plugins\/seo\/ -->\n<title>Aviator Strategy \u2907 parhaat taktiset liikkeet<\/title>\n<meta name=\"description\" content=\"T\u00e4m\u00e4n yleiskatsauksen Aviator-peliss\u00e4 sovellettavista parhaista strategioista voit valita pelityyliisi parhaiten sopivan taktiikan ja voittaa!\" \/>\n<meta name=\"robots\" content=\"index, follow, max-snippet:-1, max-image-preview:large, max-video-preview:-1\" \/>\n<meta property=\"og:locale\" content=\"fi_FI\" \/>\n<meta property=\"og:type\" content=\"article\" \/>\n<meta property=\"og:title\" content=\"Aviator Strategy \u2907 parhaat taktiset liikkeet\" \/>\n<meta property=\"og:description\" content=\"T\u00e4m\u00e4n yleiskatsauksen Aviator-peliss\u00e4 sovellettavista parhaista strategioista voit valita pelityyliisi parhaiten sopivan taktiikan ja voittaa!\" \/>\n<meta property=\"og:url\" content=\"https:\/\/aviator-game.cafe\/fi\/strategies\/\" \/>\n<meta property=\"og:site_name\" content=\"aviator-game fi\" \/>\n<meta property=\"article:modified_time\" content=\"2025-04-16T14:35:32+00:00\" \/>\n<meta name=\"twitter:card\" content=\"summary_large_image\" \/>\n<script type=\"application\/ld+json\" class=\"yoast-schema-graph\">{\"@context\":\"https:\/\/schema.org\",\"@graph\":[{\"@type\":\"WebPage\",\"@id\":\"https:\/\/aviator-game.cafe\/fi\/strategies\/\",\"url\":\"https:\/\/aviator-game.cafe\/fi\/strategies\/\",\"name\":\"Aviator Strategy \u2907 parhaat taktiset liikkeet\",\"isPartOf\":{\"@id\":\"https:\/\/aviator-game.cafe\/fi\/#website\"},\"datePublished\":\"2025-02-06T07:14:18+00:00\",\"dateModified\":\"2025-04-16T14:35:32+00:00\",\"description\":\"T\u00e4m\u00e4n yleiskatsauksen Aviator-peliss\u00e4 sovellettavista parhaista strategioista voit valita pelityyliisi parhaiten sopivan taktiikan ja voittaa!\",\"breadcrumb\":{\"@id\":\"https:\/\/aviator-game.cafe\/fi\/strategies\/#breadcrumb\"},\"inLanguage\":\"fi\",\"potentialAction\":[{\"@type\":\"ReadAction\",\"target\":[\"https:\/\/aviator-game.cafe\/fi\/strategies\/\"]}]},{\"@type\":\"BreadcrumbList\",\"@id\":\"https:\/\/aviator-game.cafe\/fi\/strategies\/#breadcrumb\",\"itemListElement\":[{\"@type\":\"ListItem\",\"position\":1,\"name\":\"\u0413\u043b\u0430\u0432\u043d\u0430\u044f \u0441\u0442\u0440\u0430\u043d\u0438\u0446\u0430\",\"item\":\"https:\/\/aviator-game.cafe\/fi\/\"},{\"@type\":\"ListItem\",\"position\":2,\"name\":\"Pelistrategiat\"}]},{\"@type\":\"WebSite\",\"@id\":\"https:\/\/aviator-game.cafe\/fi\/#website\",\"url\":\"https:\/\/aviator-game.cafe\/fi\/\",\"name\":\"aviator-game fi\",\"description\":\"My WordPress Blog\",\"potentialAction\":[{\"@type\":\"SearchAction\",\"target\":{\"@type\":\"EntryPoint\",\"urlTemplate\":\"https:\/\/aviator-game.cafe\/fi\/?s={search_term_string}\"},\"query-input\":{\"@type\":\"PropertyValueSpecification\",\"valueRequired\":true,\"valueName\":\"search_term_string\"}}],\"inLanguage\":\"fi\"}]}<\/script>\n<!-- \/ Yoast SEO plugin. -->","yoast_head_json":{"title":"Aviator Strategy \u2907 parhaat taktiset liikkeet","description":"T\u00e4m\u00e4n yleiskatsauksen Aviator-peliss\u00e4 sovellettavista parhaista strategioista voit valita pelityyliisi parhaiten sopivan taktiikan ja voittaa!","robots":{"index":"index","follow":"follow","max-snippet":"max-snippet:-1","max-image-preview":"max-image-preview:large","max-video-preview":"max-video-preview:-1"},"og_locale":"fi_FI","og_type":"article","og_title":"Aviator Strategy \u2907 parhaat taktiset liikkeet","og_description":"T\u00e4m\u00e4n yleiskatsauksen Aviator-peliss\u00e4 sovellettavista parhaista strategioista voit valita pelityyliisi parhaiten sopivan taktiikan ja voittaa!","og_url":"https:\/\/aviator-game.cafe\/fi\/strategies\/","og_site_name":"aviator-game fi","article_modified_time":"2025-04-16T14:35:32+00:00","twitter_card":"summary_large_image","schema":{"@context":"https:\/\/schema.org","@graph":[{"@type":"WebPage","@id":"https:\/\/aviator-game.cafe\/fi\/strategies\/","url":"https:\/\/aviator-game.cafe\/fi\/strategies\/","name":"Aviator Strategy \u2907 parhaat taktiset liikkeet","isPartOf":{"@id":"https:\/\/aviator-game.cafe\/fi\/#website"},"datePublished":"2025-02-06T07:14:18+00:00","dateModified":"2025-04-16T14:35:32+00:00","description":"T\u00e4m\u00e4n yleiskatsauksen Aviator-peliss\u00e4 sovellettavista parhaista strategioista voit valita pelityyliisi parhaiten sopivan taktiikan ja voittaa!","breadcrumb":{"@id":"https:\/\/aviator-game.cafe\/fi\/strategies\/#breadcrumb"},"inLanguage":"fi","potentialAction":[{"@type":"ReadAction","target":["https:\/\/aviator-game.cafe\/fi\/strategies\/"]}]},{"@type":"BreadcrumbList","@id":"https:\/\/aviator-game.cafe\/fi\/strategies\/#breadcrumb","itemListElement":[{"@type":"ListItem","position":1,"name":"\u0413\u043b\u0430\u0432\u043d\u0430\u044f \u0441\u0442\u0440\u0430\u043d\u0438\u0446\u0430","item":"https:\/\/aviator-game.cafe\/fi\/"},{"@type":"ListItem","position":2,"name":"Pelistrategiat"}]},{"@type":"WebSite","@id":"https:\/\/aviator-game.cafe\/fi\/#website","url":"https:\/\/aviator-game.cafe\/fi\/","name":"aviator-game fi","description":"My WordPress Blog","potentialAction":[{"@type":"SearchAction","target":{"@type":"EntryPoint","urlTemplate":"https:\/\/aviator-game.cafe\/fi\/?s={search_term_string}"},"query-input":{"@type":"PropertyValueSpecification","valueRequired":true,"valueName":"search_term_string"}}],"inLanguage":"fi"}]}},"_links":{"self":[{"href":"https:\/\/aviator-game.cafe\/fi\/wp-json\/wp\/v2\/pages\/208","targetHints":{"allow":["GET"]}}],"collection":[{"href":"https:\/\/aviator-game.cafe\/fi\/wp-json\/wp\/v2\/pages"}],"about":[{"href":"https:\/\/aviator-game.cafe\/fi\/wp-json\/wp\/v2\/types\/page"}],"author":[{"embeddable":true,"href":"https:\/\/aviator-game.cafe\/fi\/wp-json\/wp\/v2\/users\/1"}],"replies":[{"embeddable":true,"href":"https:\/\/aviator-game.cafe\/fi\/wp-json\/wp\/v2\/comments?post=208"}],"version-history":[{"count":9,"href":"https:\/\/aviator-game.cafe\/fi\/wp-json\/wp\/v2\/pages\/208\/revisions"}],"predecessor-version":[{"id":276,"href":"https:\/\/aviator-game.cafe\/fi\/wp-json\/wp\/v2\/pages\/208\/revisions\/276"}],"wp:attachment":[{"href":"https:\/\/aviator-game.cafe\/fi\/wp-json\/wp\/v2\/media?parent=208"}],"curies":[{"name":"wp","href":"https:\/\/api.w.org\/{rel}","templated":true}]}}