{"id":152,"date":"2023-05-18T17:39:43","date_gmt":"2023-05-18T17:39:43","guid":{"rendered":"https:\/\/aviator-game.cafe\/fr\/?page_id=152"},"modified":"2025-03-05T08:24:52","modified_gmt":"2025-03-05T08:24:52","slug":"how-to-play","status":"publish","type":"page","link":"https:\/\/aviator-game.cafe\/fr\/how-to-play\/","title":{"rendered":"Comment jouer ?"},"content":{"rendered":"","protected":false},"excerpt":{"rendered":"","protected":false},"author":1,"featured_media":0,"parent":0,"menu_order":1,"comment_status":"closed","ping_status":"closed","template":"","meta":{"footnotes":""},"class_list":["post-152","page","type-page","status-publish","hentry"],"yoast_head":"<!-- This site is optimized with the Yoast SEO plugin v24.3 - https:\/\/yoast.com\/wordpress\/plugins\/seo\/ -->\n<title>Comment jouer \u00e0 aviator game \u1433 complete guide<\/title>\n<meta name=\"description\" content=\"Vous pouvez apprendre tous les secrets du jeu Aviator ici ! Les strat\u00e9gies et les d\u00e9tails du gameplay ainsi que les erreurs \u00e0 \u00e9viter sont rassembl\u00e9s dans un seul et m\u00eame aper\u00e7u.\" \/>\n<meta name=\"robots\" content=\"index, follow, max-snippet:-1, max-image-preview:large, max-video-preview:-1\" \/>\n<meta property=\"og:locale\" content=\"fr_FR\" \/>\n<meta property=\"og:type\" content=\"article\" \/>\n<meta property=\"og:title\" content=\"Comment jouer \u00e0 aviator game \u1433 complete guide\" \/>\n<meta property=\"og:description\" content=\"Vous pouvez apprendre tous les secrets du jeu Aviator ici ! Les strat\u00e9gies et les d\u00e9tails du gameplay ainsi que les erreurs \u00e0 \u00e9viter sont rassembl\u00e9s dans un seul et m\u00eame aper\u00e7u.\" \/>\n<meta property=\"og:url\" content=\"https:\/\/aviator-game.cafe\/fr\/how-to-play\/\" \/>\n<meta property=\"og:site_name\" content=\"aviator-game fr\" \/>\n<meta property=\"article:modified_time\" content=\"2025-03-05T08:24:52+00:00\" \/>\n<meta name=\"twitter:card\" content=\"summary_large_image\" \/>\n<script type=\"application\/ld+json\" class=\"yoast-schema-graph\">{\"@context\":\"https:\/\/schema.org\",\"@graph\":[{\"@type\":\"WebPage\",\"@id\":\"https:\/\/aviator-game.cafe\/fr\/how-to-play\/\",\"url\":\"https:\/\/aviator-game.cafe\/fr\/how-to-play\/\",\"name\":\"Comment jouer \u00e0 aviator game \u1433 complete guide\",\"isPartOf\":{\"@id\":\"https:\/\/aviator-game.cafe\/fr\/#website\"},\"datePublished\":\"2023-05-18T17:39:43+00:00\",\"dateModified\":\"2025-03-05T08:24:52+00:00\",\"description\":\"Vous pouvez apprendre tous les secrets du jeu Aviator ici ! Les strat\u00e9gies et les d\u00e9tails du gameplay ainsi que les erreurs \u00e0 \u00e9viter sont rassembl\u00e9s dans un seul et m\u00eame aper\u00e7u.\",\"breadcrumb\":{\"@id\":\"https:\/\/aviator-game.cafe\/fr\/how-to-play\/#breadcrumb\"},\"inLanguage\":\"fr-FR\",\"potentialAction\":[{\"@type\":\"ReadAction\",\"target\":[\"https:\/\/aviator-game.cafe\/fr\/how-to-play\/\"]}]},{\"@type\":\"BreadcrumbList\",\"@id\":\"https:\/\/aviator-game.cafe\/fr\/how-to-play\/#breadcrumb\",\"itemListElement\":[{\"@type\":\"ListItem\",\"position\":1,\"name\":\"\u0413\u043b\u0430\u0432\u043d\u0430\u044f \u0441\u0442\u0440\u0430\u043d\u0438\u0446\u0430\",\"item\":\"https:\/\/aviator-game.cafe\/fr\/\"},{\"@type\":\"ListItem\",\"position\":2,\"name\":\"Comment jouer ?\"}]},{\"@type\":\"WebSite\",\"@id\":\"https:\/\/aviator-game.cafe\/fr\/#website\",\"url\":\"https:\/\/aviator-game.cafe\/fr\/\",\"name\":\"aviator-game fr\",\"description\":\"My WordPress Blog\",\"potentialAction\":[{\"@type\":\"SearchAction\",\"target\":{\"@type\":\"EntryPoint\",\"urlTemplate\":\"https:\/\/aviator-game.cafe\/fr\/?s={search_term_string}\"},\"query-input\":{\"@type\":\"PropertyValueSpecification\",\"valueRequired\":true,\"valueName\":\"search_term_string\"}}],\"inLanguage\":\"fr-FR\"}]}<\/script>\n<!-- \/ Yoast SEO plugin. -->","yoast_head_json":{"title":"Comment jouer \u00e0 aviator game \u1433 complete guide","description":"Vous pouvez apprendre tous les secrets du jeu Aviator ici ! Les strat\u00e9gies et les d\u00e9tails du gameplay ainsi que les erreurs \u00e0 \u00e9viter sont rassembl\u00e9s dans un seul et m\u00eame aper\u00e7u.","robots":{"index":"index","follow":"follow","max-snippet":"max-snippet:-1","max-image-preview":"max-image-preview:large","max-video-preview":"max-video-preview:-1"},"og_locale":"fr_FR","og_type":"article","og_title":"Comment jouer \u00e0 aviator game \u1433 complete guide","og_description":"Vous pouvez apprendre tous les secrets du jeu Aviator ici ! Les strat\u00e9gies et les d\u00e9tails du gameplay ainsi que les erreurs \u00e0 \u00e9viter sont rassembl\u00e9s dans un seul et m\u00eame aper\u00e7u.","og_url":"https:\/\/aviator-game.cafe\/fr\/how-to-play\/","og_site_name":"aviator-game fr","article_modified_time":"2025-03-05T08:24:52+00:00","twitter_card":"summary_large_image","schema":{"@context":"https:\/\/schema.org","@graph":[{"@type":"WebPage","@id":"https:\/\/aviator-game.cafe\/fr\/how-to-play\/","url":"https:\/\/aviator-game.cafe\/fr\/how-to-play\/","name":"Comment jouer \u00e0 aviator game \u1433 complete guide","isPartOf":{"@id":"https:\/\/aviator-game.cafe\/fr\/#website"},"datePublished":"2023-05-18T17:39:43+00:00","dateModified":"2025-03-05T08:24:52+00:00","description":"Vous pouvez apprendre tous les secrets du jeu Aviator ici ! Les strat\u00e9gies et les d\u00e9tails du gameplay ainsi que les erreurs \u00e0 \u00e9viter sont rassembl\u00e9s dans un seul et m\u00eame aper\u00e7u.","breadcrumb":{"@id":"https:\/\/aviator-game.cafe\/fr\/how-to-play\/#breadcrumb"},"inLanguage":"fr-FR","potentialAction":[{"@type":"ReadAction","target":["https:\/\/aviator-game.cafe\/fr\/how-to-play\/"]}]},{"@type":"BreadcrumbList","@id":"https:\/\/aviator-game.cafe\/fr\/how-to-play\/#breadcrumb","itemListElement":[{"@type":"ListItem","position":1,"name":"\u0413\u043b\u0430\u0432\u043d\u0430\u044f \u0441\u0442\u0440\u0430\u043d\u0438\u0446\u0430","item":"https:\/\/aviator-game.cafe\/fr\/"},{"@type":"ListItem","position":2,"name":"Comment jouer ?"}]},{"@type":"WebSite","@id":"https:\/\/aviator-game.cafe\/fr\/#website","url":"https:\/\/aviator-game.cafe\/fr\/","name":"aviator-game fr","description":"My WordPress Blog","potentialAction":[{"@type":"SearchAction","target":{"@type":"EntryPoint","urlTemplate":"https:\/\/aviator-game.cafe\/fr\/?s={search_term_string}"},"query-input":{"@type":"PropertyValueSpecification","valueRequired":true,"valueName":"search_term_string"}}],"inLanguage":"fr-FR"}]}},"_links":{"self":[{"href":"https:\/\/aviator-game.cafe\/fr\/wp-json\/wp\/v2\/pages\/152","targetHints":{"allow":["GET"]}}],"collection":[{"href":"https:\/\/aviator-game.cafe\/fr\/wp-json\/wp\/v2\/pages"}],"about":[{"href":"https:\/\/aviator-game.cafe\/fr\/wp-json\/wp\/v2\/types\/page"}],"author":[{"embeddable":true,"href":"https:\/\/aviator-game.cafe\/fr\/wp-json\/wp\/v2\/users\/1"}],"replies":[{"embeddable":true,"href":"https:\/\/aviator-game.cafe\/fr\/wp-json\/wp\/v2\/comments?post=152"}],"version-history":[{"count":16,"href":"https:\/\/aviator-game.cafe\/fr\/wp-json\/wp\/v2\/pages\/152\/revisions"}],"predecessor-version":[{"id":272,"href":"https:\/\/aviator-game.cafe\/fr\/wp-json\/wp\/v2\/pages\/152\/revisions\/272"}],"wp:attachment":[{"href":"https:\/\/aviator-game.cafe\/fr\/wp-json\/wp\/v2\/media?parent=152"}],"curies":[{"name":"wp","href":"https:\/\/api.w.org\/{rel}","templated":true}]}}