{"id":205,"date":"2025-02-05T15:49:28","date_gmt":"2025-02-05T15:49:28","guid":{"rendered":"https:\/\/aviator-game.cafe\/fr\/?page_id=205"},"modified":"2025-03-05T09:36:29","modified_gmt":"2025-03-05T09:36:29","slug":"demo","status":"publish","type":"page","link":"https:\/\/aviator-game.cafe\/fr\/demo\/","title":{"rendered":"D\u00e9monstration"},"content":{"rendered":"","protected":false},"excerpt":{"rendered":"","protected":false},"author":1,"featured_media":0,"parent":0,"menu_order":2,"comment_status":"closed","ping_status":"closed","template":"","meta":{"footnotes":""},"class_list":["post-205","page","type-page","status-publish","hentry"],"yoast_head":"<!-- This site is optimized with the Yoast SEO plugin v24.3 - https:\/\/yoast.com\/wordpress\/plugins\/seo\/ -->\n<title>Aviator demo \u2907 la meilleure fa\u00e7on de ma\u00eetriser le jeu<\/title>\n<meta name=\"description\" content=\"La version d\u00e9mo du jeu Aviator vous permettra d&#039;\u00e9tudier les m\u00e9canismes du jeu, la strat\u00e9gie et d&#039;\u00e9valuer le degr\u00e9 d&#039;excitation que procure cette machine \u00e0 sous.\" \/>\n<meta name=\"robots\" content=\"index, follow, max-snippet:-1, max-image-preview:large, max-video-preview:-1\" \/>\n<meta property=\"og:locale\" content=\"fr_FR\" \/>\n<meta property=\"og:type\" content=\"article\" \/>\n<meta property=\"og:title\" content=\"Aviator demo \u2907 la meilleure fa\u00e7on de ma\u00eetriser le jeu\" \/>\n<meta property=\"og:description\" content=\"La version d\u00e9mo du jeu Aviator vous permettra d&#039;\u00e9tudier les m\u00e9canismes du jeu, la strat\u00e9gie et d&#039;\u00e9valuer le degr\u00e9 d&#039;excitation que procure cette machine \u00e0 sous.\" \/>\n<meta property=\"og:url\" content=\"https:\/\/aviator-game.cafe\/fr\/demo\/\" \/>\n<meta property=\"og:site_name\" content=\"aviator-game fr\" \/>\n<meta property=\"article:modified_time\" content=\"2025-03-05T09:36:29+00:00\" \/>\n<meta name=\"twitter:card\" content=\"summary_large_image\" \/>\n<script type=\"application\/ld+json\" class=\"yoast-schema-graph\">{\"@context\":\"https:\/\/schema.org\",\"@graph\":[{\"@type\":\"WebPage\",\"@id\":\"https:\/\/aviator-game.cafe\/fr\/demo\/\",\"url\":\"https:\/\/aviator-game.cafe\/fr\/demo\/\",\"name\":\"Aviator demo \u2907 la meilleure fa\u00e7on de ma\u00eetriser le jeu\",\"isPartOf\":{\"@id\":\"https:\/\/aviator-game.cafe\/fr\/#website\"},\"datePublished\":\"2025-02-05T15:49:28+00:00\",\"dateModified\":\"2025-03-05T09:36:29+00:00\",\"description\":\"La version d\u00e9mo du jeu Aviator vous permettra d'\u00e9tudier les m\u00e9canismes du jeu, la strat\u00e9gie et d'\u00e9valuer le degr\u00e9 d'excitation que procure cette machine \u00e0 sous.\",\"breadcrumb\":{\"@id\":\"https:\/\/aviator-game.cafe\/fr\/demo\/#breadcrumb\"},\"inLanguage\":\"fr-FR\",\"potentialAction\":[{\"@type\":\"ReadAction\",\"target\":[\"https:\/\/aviator-game.cafe\/fr\/demo\/\"]}]},{\"@type\":\"BreadcrumbList\",\"@id\":\"https:\/\/aviator-game.cafe\/fr\/demo\/#breadcrumb\",\"itemListElement\":[{\"@type\":\"ListItem\",\"position\":1,\"name\":\"\u0413\u043b\u0430\u0432\u043d\u0430\u044f \u0441\u0442\u0440\u0430\u043d\u0438\u0446\u0430\",\"item\":\"https:\/\/aviator-game.cafe\/fr\/\"},{\"@type\":\"ListItem\",\"position\":2,\"name\":\"D\u00e9monstration\"}]},{\"@type\":\"WebSite\",\"@id\":\"https:\/\/aviator-game.cafe\/fr\/#website\",\"url\":\"https:\/\/aviator-game.cafe\/fr\/\",\"name\":\"aviator-game fr\",\"description\":\"My WordPress Blog\",\"potentialAction\":[{\"@type\":\"SearchAction\",\"target\":{\"@type\":\"EntryPoint\",\"urlTemplate\":\"https:\/\/aviator-game.cafe\/fr\/?s={search_term_string}\"},\"query-input\":{\"@type\":\"PropertyValueSpecification\",\"valueRequired\":true,\"valueName\":\"search_term_string\"}}],\"inLanguage\":\"fr-FR\"}]}<\/script>\n<!-- \/ Yoast SEO plugin. -->","yoast_head_json":{"title":"Aviator demo \u2907 la meilleure fa\u00e7on de ma\u00eetriser le jeu","description":"La version d\u00e9mo du jeu Aviator vous permettra d'\u00e9tudier les m\u00e9canismes du jeu, la strat\u00e9gie et d'\u00e9valuer le degr\u00e9 d'excitation que procure cette machine \u00e0 sous.","robots":{"index":"index","follow":"follow","max-snippet":"max-snippet:-1","max-image-preview":"max-image-preview:large","max-video-preview":"max-video-preview:-1"},"og_locale":"fr_FR","og_type":"article","og_title":"Aviator demo \u2907 la meilleure fa\u00e7on de ma\u00eetriser le jeu","og_description":"La version d\u00e9mo du jeu Aviator vous permettra d'\u00e9tudier les m\u00e9canismes du jeu, la strat\u00e9gie et d'\u00e9valuer le degr\u00e9 d'excitation que procure cette machine \u00e0 sous.","og_url":"https:\/\/aviator-game.cafe\/fr\/demo\/","og_site_name":"aviator-game fr","article_modified_time":"2025-03-05T09:36:29+00:00","twitter_card":"summary_large_image","schema":{"@context":"https:\/\/schema.org","@graph":[{"@type":"WebPage","@id":"https:\/\/aviator-game.cafe\/fr\/demo\/","url":"https:\/\/aviator-game.cafe\/fr\/demo\/","name":"Aviator demo \u2907 la meilleure fa\u00e7on de ma\u00eetriser le jeu","isPartOf":{"@id":"https:\/\/aviator-game.cafe\/fr\/#website"},"datePublished":"2025-02-05T15:49:28+00:00","dateModified":"2025-03-05T09:36:29+00:00","description":"La version d\u00e9mo du jeu Aviator vous permettra d'\u00e9tudier les m\u00e9canismes du jeu, la strat\u00e9gie et d'\u00e9valuer le degr\u00e9 d'excitation que procure cette machine \u00e0 sous.","breadcrumb":{"@id":"https:\/\/aviator-game.cafe\/fr\/demo\/#breadcrumb"},"inLanguage":"fr-FR","potentialAction":[{"@type":"ReadAction","target":["https:\/\/aviator-game.cafe\/fr\/demo\/"]}]},{"@type":"BreadcrumbList","@id":"https:\/\/aviator-game.cafe\/fr\/demo\/#breadcrumb","itemListElement":[{"@type":"ListItem","position":1,"name":"\u0413\u043b\u0430\u0432\u043d\u0430\u044f \u0441\u0442\u0440\u0430\u043d\u0438\u0446\u0430","item":"https:\/\/aviator-game.cafe\/fr\/"},{"@type":"ListItem","position":2,"name":"D\u00e9monstration"}]},{"@type":"WebSite","@id":"https:\/\/aviator-game.cafe\/fr\/#website","url":"https:\/\/aviator-game.cafe\/fr\/","name":"aviator-game fr","description":"My WordPress Blog","potentialAction":[{"@type":"SearchAction","target":{"@type":"EntryPoint","urlTemplate":"https:\/\/aviator-game.cafe\/fr\/?s={search_term_string}"},"query-input":{"@type":"PropertyValueSpecification","valueRequired":true,"valueName":"search_term_string"}}],"inLanguage":"fr-FR"}]}},"_links":{"self":[{"href":"https:\/\/aviator-game.cafe\/fr\/wp-json\/wp\/v2\/pages\/205","targetHints":{"allow":["GET"]}}],"collection":[{"href":"https:\/\/aviator-game.cafe\/fr\/wp-json\/wp\/v2\/pages"}],"about":[{"href":"https:\/\/aviator-game.cafe\/fr\/wp-json\/wp\/v2\/types\/page"}],"author":[{"embeddable":true,"href":"https:\/\/aviator-game.cafe\/fr\/wp-json\/wp\/v2\/users\/1"}],"replies":[{"embeddable":true,"href":"https:\/\/aviator-game.cafe\/fr\/wp-json\/wp\/v2\/comments?post=205"}],"version-history":[{"count":21,"href":"https:\/\/aviator-game.cafe\/fr\/wp-json\/wp\/v2\/pages\/205\/revisions"}],"predecessor-version":[{"id":282,"href":"https:\/\/aviator-game.cafe\/fr\/wp-json\/wp\/v2\/pages\/205\/revisions\/282"}],"wp:attachment":[{"href":"https:\/\/aviator-game.cafe\/fr\/wp-json\/wp\/v2\/media?parent=205"}],"curies":[{"name":"wp","href":"https:\/\/api.w.org\/{rel}","templated":true}]}}