{"id":208,"date":"2025-02-06T07:14:18","date_gmt":"2025-02-06T07:14:18","guid":{"rendered":"https:\/\/aviator-game.cafe\/fr\/?page_id=208"},"modified":"2025-03-05T09:36:02","modified_gmt":"2025-03-05T09:36:02","slug":"strategies","status":"publish","type":"page","link":"https:\/\/aviator-game.cafe\/fr\/strategies\/","title":{"rendered":"Strat\u00e9gies de jeu"},"content":{"rendered":"","protected":false},"excerpt":{"rendered":"","protected":false},"author":1,"featured_media":0,"parent":0,"menu_order":3,"comment_status":"closed","ping_status":"closed","template":"","meta":{"footnotes":""},"class_list":["post-208","page","type-page","status-publish","hentry"],"yoast_head":"<!-- This site is optimized with the Yoast SEO plugin v24.3 - https:\/\/yoast.com\/wordpress\/plugins\/seo\/ -->\n<title>Strat\u00e9gie Aviator \u2907 meilleurs mouvements tactiques<\/title>\n<meta name=\"description\" content=\"Cet aper\u00e7u des meilleures strat\u00e9gies applicables dans le jeu Aviator vous permettra de choisir les tactiques les plus adapt\u00e9es \u00e0 votre style de jeu et de gagner !\" \/>\n<meta name=\"robots\" content=\"index, follow, max-snippet:-1, max-image-preview:large, max-video-preview:-1\" \/>\n<meta property=\"og:locale\" content=\"fr_FR\" \/>\n<meta property=\"og:type\" content=\"article\" \/>\n<meta property=\"og:title\" content=\"Strat\u00e9gie Aviator \u2907 meilleurs mouvements tactiques\" \/>\n<meta property=\"og:description\" content=\"Cet aper\u00e7u des meilleures strat\u00e9gies applicables dans le jeu Aviator vous permettra de choisir les tactiques les plus adapt\u00e9es \u00e0 votre style de jeu et de gagner !\" \/>\n<meta property=\"og:url\" content=\"https:\/\/aviator-game.cafe\/fr\/strategies\/\" \/>\n<meta property=\"og:site_name\" content=\"aviator-game fr\" \/>\n<meta property=\"article:modified_time\" content=\"2025-03-05T09:36:02+00:00\" \/>\n<meta name=\"twitter:card\" content=\"summary_large_image\" \/>\n<script type=\"application\/ld+json\" class=\"yoast-schema-graph\">{\"@context\":\"https:\/\/schema.org\",\"@graph\":[{\"@type\":\"WebPage\",\"@id\":\"https:\/\/aviator-game.cafe\/fr\/strategies\/\",\"url\":\"https:\/\/aviator-game.cafe\/fr\/strategies\/\",\"name\":\"Strat\u00e9gie Aviator \u2907 meilleurs mouvements tactiques\",\"isPartOf\":{\"@id\":\"https:\/\/aviator-game.cafe\/fr\/#website\"},\"datePublished\":\"2025-02-06T07:14:18+00:00\",\"dateModified\":\"2025-03-05T09:36:02+00:00\",\"description\":\"Cet aper\u00e7u des meilleures strat\u00e9gies applicables dans le jeu Aviator vous permettra de choisir les tactiques les plus adapt\u00e9es \u00e0 votre style de jeu et de gagner !\",\"breadcrumb\":{\"@id\":\"https:\/\/aviator-game.cafe\/fr\/strategies\/#breadcrumb\"},\"inLanguage\":\"fr-FR\",\"potentialAction\":[{\"@type\":\"ReadAction\",\"target\":[\"https:\/\/aviator-game.cafe\/fr\/strategies\/\"]}]},{\"@type\":\"BreadcrumbList\",\"@id\":\"https:\/\/aviator-game.cafe\/fr\/strategies\/#breadcrumb\",\"itemListElement\":[{\"@type\":\"ListItem\",\"position\":1,\"name\":\"\u0413\u043b\u0430\u0432\u043d\u0430\u044f \u0441\u0442\u0440\u0430\u043d\u0438\u0446\u0430\",\"item\":\"https:\/\/aviator-game.cafe\/fr\/\"},{\"@type\":\"ListItem\",\"position\":2,\"name\":\"Strat\u00e9gies de jeu\"}]},{\"@type\":\"WebSite\",\"@id\":\"https:\/\/aviator-game.cafe\/fr\/#website\",\"url\":\"https:\/\/aviator-game.cafe\/fr\/\",\"name\":\"aviator-game fr\",\"description\":\"My WordPress Blog\",\"potentialAction\":[{\"@type\":\"SearchAction\",\"target\":{\"@type\":\"EntryPoint\",\"urlTemplate\":\"https:\/\/aviator-game.cafe\/fr\/?s={search_term_string}\"},\"query-input\":{\"@type\":\"PropertyValueSpecification\",\"valueRequired\":true,\"valueName\":\"search_term_string\"}}],\"inLanguage\":\"fr-FR\"}]}<\/script>\n<!-- \/ Yoast SEO plugin. -->","yoast_head_json":{"title":"Strat\u00e9gie Aviator \u2907 meilleurs mouvements tactiques","description":"Cet aper\u00e7u des meilleures strat\u00e9gies applicables dans le jeu Aviator vous permettra de choisir les tactiques les plus adapt\u00e9es \u00e0 votre style de jeu et de gagner !","robots":{"index":"index","follow":"follow","max-snippet":"max-snippet:-1","max-image-preview":"max-image-preview:large","max-video-preview":"max-video-preview:-1"},"og_locale":"fr_FR","og_type":"article","og_title":"Strat\u00e9gie Aviator \u2907 meilleurs mouvements tactiques","og_description":"Cet aper\u00e7u des meilleures strat\u00e9gies applicables dans le jeu Aviator vous permettra de choisir les tactiques les plus adapt\u00e9es \u00e0 votre style de jeu et de gagner !","og_url":"https:\/\/aviator-game.cafe\/fr\/strategies\/","og_site_name":"aviator-game fr","article_modified_time":"2025-03-05T09:36:02+00:00","twitter_card":"summary_large_image","schema":{"@context":"https:\/\/schema.org","@graph":[{"@type":"WebPage","@id":"https:\/\/aviator-game.cafe\/fr\/strategies\/","url":"https:\/\/aviator-game.cafe\/fr\/strategies\/","name":"Strat\u00e9gie Aviator \u2907 meilleurs mouvements tactiques","isPartOf":{"@id":"https:\/\/aviator-game.cafe\/fr\/#website"},"datePublished":"2025-02-06T07:14:18+00:00","dateModified":"2025-03-05T09:36:02+00:00","description":"Cet aper\u00e7u des meilleures strat\u00e9gies applicables dans le jeu Aviator vous permettra de choisir les tactiques les plus adapt\u00e9es \u00e0 votre style de jeu et de gagner !","breadcrumb":{"@id":"https:\/\/aviator-game.cafe\/fr\/strategies\/#breadcrumb"},"inLanguage":"fr-FR","potentialAction":[{"@type":"ReadAction","target":["https:\/\/aviator-game.cafe\/fr\/strategies\/"]}]},{"@type":"BreadcrumbList","@id":"https:\/\/aviator-game.cafe\/fr\/strategies\/#breadcrumb","itemListElement":[{"@type":"ListItem","position":1,"name":"\u0413\u043b\u0430\u0432\u043d\u0430\u044f \u0441\u0442\u0440\u0430\u043d\u0438\u0446\u0430","item":"https:\/\/aviator-game.cafe\/fr\/"},{"@type":"ListItem","position":2,"name":"Strat\u00e9gies de jeu"}]},{"@type":"WebSite","@id":"https:\/\/aviator-game.cafe\/fr\/#website","url":"https:\/\/aviator-game.cafe\/fr\/","name":"aviator-game fr","description":"My WordPress Blog","potentialAction":[{"@type":"SearchAction","target":{"@type":"EntryPoint","urlTemplate":"https:\/\/aviator-game.cafe\/fr\/?s={search_term_string}"},"query-input":{"@type":"PropertyValueSpecification","valueRequired":true,"valueName":"search_term_string"}}],"inLanguage":"fr-FR"}]}},"_links":{"self":[{"href":"https:\/\/aviator-game.cafe\/fr\/wp-json\/wp\/v2\/pages\/208","targetHints":{"allow":["GET"]}}],"collection":[{"href":"https:\/\/aviator-game.cafe\/fr\/wp-json\/wp\/v2\/pages"}],"about":[{"href":"https:\/\/aviator-game.cafe\/fr\/wp-json\/wp\/v2\/types\/page"}],"author":[{"embeddable":true,"href":"https:\/\/aviator-game.cafe\/fr\/wp-json\/wp\/v2\/users\/1"}],"replies":[{"embeddable":true,"href":"https:\/\/aviator-game.cafe\/fr\/wp-json\/wp\/v2\/comments?post=208"}],"version-history":[{"count":12,"href":"https:\/\/aviator-game.cafe\/fr\/wp-json\/wp\/v2\/pages\/208\/revisions"}],"predecessor-version":[{"id":281,"href":"https:\/\/aviator-game.cafe\/fr\/wp-json\/wp\/v2\/pages\/208\/revisions\/281"}],"wp:attachment":[{"href":"https:\/\/aviator-game.cafe\/fr\/wp-json\/wp\/v2\/media?parent=208"}],"curies":[{"name":"wp","href":"https:\/\/api.w.org\/{rel}","templated":true}]}}