{"id":152,"date":"2023-05-18T17:39:43","date_gmt":"2023-05-18T17:39:43","guid":{"rendered":"https:\/\/aviator-game.cafe\/hr\/?page_id=152"},"modified":"2025-04-30T09:00:41","modified_gmt":"2025-04-30T09:00:41","slug":"how-to-play","status":"publish","type":"page","link":"https:\/\/aviator-game.cafe\/hr\/how-to-play\/","title":{"rendered":"Kako igrati?"},"content":{"rendered":"","protected":false},"excerpt":{"rendered":"","protected":false},"author":1,"featured_media":0,"parent":0,"menu_order":1,"comment_status":"closed","ping_status":"closed","template":"","meta":{"footnotes":""},"class_list":["post-152","page","type-page","status-publish","hentry"],"yoast_head":"<!-- This site is optimized with the Yoast SEO plugin v24.3 - https:\/\/yoast.com\/wordpress\/plugins\/seo\/ -->\n<title>Kako igrati pilotsku igru \u200b\u200b\u1433 potpuni vodi\u010d<\/title>\n<meta name=\"description\" content=\"Ovdje mo\u017eete nau\u010diti sve tajne igre Aviator! Strategije i detalji igranja i pogre\u0161ke koje treba izbjegavati sakupljeni su u jednom pregledu.\" \/>\n<meta name=\"robots\" content=\"index, follow, max-snippet:-1, max-image-preview:large, max-video-preview:-1\" \/>\n<meta property=\"og:locale\" content=\"hr_HR\" \/>\n<meta property=\"og:type\" content=\"article\" \/>\n<meta property=\"og:title\" content=\"Kako igrati pilotsku igru \u200b\u200b\u1433 potpuni vodi\u010d\" \/>\n<meta property=\"og:description\" content=\"Ovdje mo\u017eete nau\u010diti sve tajne igre Aviator! Strategije i detalji igranja i pogre\u0161ke koje treba izbjegavati sakupljeni su u jednom pregledu.\" \/>\n<meta property=\"og:url\" content=\"https:\/\/aviator-game.cafe\/hr\/how-to-play\/\" \/>\n<meta property=\"og:site_name\" content=\"aviator-game hr\" \/>\n<meta property=\"article:modified_time\" content=\"2025-04-30T09:00:41+00:00\" \/>\n<meta name=\"twitter:card\" content=\"summary_large_image\" \/>\n<script type=\"application\/ld+json\" class=\"yoast-schema-graph\">{\"@context\":\"https:\/\/schema.org\",\"@graph\":[{\"@type\":\"WebPage\",\"@id\":\"https:\/\/aviator-game.cafe\/hr\/how-to-play\/\",\"url\":\"https:\/\/aviator-game.cafe\/hr\/how-to-play\/\",\"name\":\"Kako igrati pilotsku igru \u200b\u200b\u1433 potpuni vodi\u010d\",\"isPartOf\":{\"@id\":\"https:\/\/aviator-game.cafe\/hr\/#website\"},\"datePublished\":\"2023-05-18T17:39:43+00:00\",\"dateModified\":\"2025-04-30T09:00:41+00:00\",\"description\":\"Ovdje mo\u017eete nau\u010diti sve tajne igre Aviator! Strategije i detalji igranja i pogre\u0161ke koje treba izbjegavati sakupljeni su u jednom pregledu.\",\"breadcrumb\":{\"@id\":\"https:\/\/aviator-game.cafe\/hr\/how-to-play\/#breadcrumb\"},\"inLanguage\":\"hr\",\"potentialAction\":[{\"@type\":\"ReadAction\",\"target\":[\"https:\/\/aviator-game.cafe\/hr\/how-to-play\/\"]}]},{\"@type\":\"BreadcrumbList\",\"@id\":\"https:\/\/aviator-game.cafe\/hr\/how-to-play\/#breadcrumb\",\"itemListElement\":[{\"@type\":\"ListItem\",\"position\":1,\"name\":\"\u0413\u043b\u0430\u0432\u043d\u0430\u044f \u0441\u0442\u0440\u0430\u043d\u0438\u0446\u0430\",\"item\":\"https:\/\/aviator-game.cafe\/hr\/\"},{\"@type\":\"ListItem\",\"position\":2,\"name\":\"Kako igrati?\"}]},{\"@type\":\"WebSite\",\"@id\":\"https:\/\/aviator-game.cafe\/hr\/#website\",\"url\":\"https:\/\/aviator-game.cafe\/hr\/\",\"name\":\"aviator-game hr\",\"description\":\"My WordPress Blog\",\"potentialAction\":[{\"@type\":\"SearchAction\",\"target\":{\"@type\":\"EntryPoint\",\"urlTemplate\":\"https:\/\/aviator-game.cafe\/hr\/?s={search_term_string}\"},\"query-input\":{\"@type\":\"PropertyValueSpecification\",\"valueRequired\":true,\"valueName\":\"search_term_string\"}}],\"inLanguage\":\"hr\"}]}<\/script>\n<!-- \/ Yoast SEO plugin. -->","yoast_head_json":{"title":"Kako igrati pilotsku igru \u200b\u200b\u1433 potpuni vodi\u010d","description":"Ovdje mo\u017eete nau\u010diti sve tajne igre Aviator! Strategije i detalji igranja i pogre\u0161ke koje treba izbjegavati sakupljeni su u jednom pregledu.","robots":{"index":"index","follow":"follow","max-snippet":"max-snippet:-1","max-image-preview":"max-image-preview:large","max-video-preview":"max-video-preview:-1"},"og_locale":"hr_HR","og_type":"article","og_title":"Kako igrati pilotsku igru \u200b\u200b\u1433 potpuni vodi\u010d","og_description":"Ovdje mo\u017eete nau\u010diti sve tajne igre Aviator! Strategije i detalji igranja i pogre\u0161ke koje treba izbjegavati sakupljeni su u jednom pregledu.","og_url":"https:\/\/aviator-game.cafe\/hr\/how-to-play\/","og_site_name":"aviator-game hr","article_modified_time":"2025-04-30T09:00:41+00:00","twitter_card":"summary_large_image","schema":{"@context":"https:\/\/schema.org","@graph":[{"@type":"WebPage","@id":"https:\/\/aviator-game.cafe\/hr\/how-to-play\/","url":"https:\/\/aviator-game.cafe\/hr\/how-to-play\/","name":"Kako igrati pilotsku igru \u200b\u200b\u1433 potpuni vodi\u010d","isPartOf":{"@id":"https:\/\/aviator-game.cafe\/hr\/#website"},"datePublished":"2023-05-18T17:39:43+00:00","dateModified":"2025-04-30T09:00:41+00:00","description":"Ovdje mo\u017eete nau\u010diti sve tajne igre Aviator! Strategije i detalji igranja i pogre\u0161ke koje treba izbjegavati sakupljeni su u jednom pregledu.","breadcrumb":{"@id":"https:\/\/aviator-game.cafe\/hr\/how-to-play\/#breadcrumb"},"inLanguage":"hr","potentialAction":[{"@type":"ReadAction","target":["https:\/\/aviator-game.cafe\/hr\/how-to-play\/"]}]},{"@type":"BreadcrumbList","@id":"https:\/\/aviator-game.cafe\/hr\/how-to-play\/#breadcrumb","itemListElement":[{"@type":"ListItem","position":1,"name":"\u0413\u043b\u0430\u0432\u043d\u0430\u044f \u0441\u0442\u0440\u0430\u043d\u0438\u0446\u0430","item":"https:\/\/aviator-game.cafe\/hr\/"},{"@type":"ListItem","position":2,"name":"Kako igrati?"}]},{"@type":"WebSite","@id":"https:\/\/aviator-game.cafe\/hr\/#website","url":"https:\/\/aviator-game.cafe\/hr\/","name":"aviator-game hr","description":"My WordPress Blog","potentialAction":[{"@type":"SearchAction","target":{"@type":"EntryPoint","urlTemplate":"https:\/\/aviator-game.cafe\/hr\/?s={search_term_string}"},"query-input":{"@type":"PropertyValueSpecification","valueRequired":true,"valueName":"search_term_string"}}],"inLanguage":"hr"}]}},"_links":{"self":[{"href":"https:\/\/aviator-game.cafe\/hr\/wp-json\/wp\/v2\/pages\/152","targetHints":{"allow":["GET"]}}],"collection":[{"href":"https:\/\/aviator-game.cafe\/hr\/wp-json\/wp\/v2\/pages"}],"about":[{"href":"https:\/\/aviator-game.cafe\/hr\/wp-json\/wp\/v2\/types\/page"}],"author":[{"embeddable":true,"href":"https:\/\/aviator-game.cafe\/hr\/wp-json\/wp\/v2\/users\/1"}],"replies":[{"embeddable":true,"href":"https:\/\/aviator-game.cafe\/hr\/wp-json\/wp\/v2\/comments?post=152"}],"version-history":[{"count":14,"href":"https:\/\/aviator-game.cafe\/hr\/wp-json\/wp\/v2\/pages\/152\/revisions"}],"predecessor-version":[{"id":279,"href":"https:\/\/aviator-game.cafe\/hr\/wp-json\/wp\/v2\/pages\/152\/revisions\/279"}],"wp:attachment":[{"href":"https:\/\/aviator-game.cafe\/hr\/wp-json\/wp\/v2\/media?parent=152"}],"curies":[{"name":"wp","href":"https:\/\/api.w.org\/{rel}","templated":true}]}}