{"id":205,"date":"2025-02-05T15:49:28","date_gmt":"2025-02-05T15:49:28","guid":{"rendered":"https:\/\/aviator-game.cafe\/hr\/?page_id=205"},"modified":"2025-04-30T09:19:21","modified_gmt":"2025-04-30T09:19:21","slug":"demo","status":"publish","type":"page","link":"https:\/\/aviator-game.cafe\/hr\/demo\/","title":{"rendered":"Demo"},"content":{"rendered":"","protected":false},"excerpt":{"rendered":"","protected":false},"author":1,"featured_media":0,"parent":0,"menu_order":2,"comment_status":"closed","ping_status":"closed","template":"","meta":{"footnotes":""},"class_list":["post-205","page","type-page","status-publish","hentry"],"yoast_head":"<!-- This site is optimized with the Yoast SEO plugin v24.3 - https:\/\/yoast.com\/wordpress\/plugins\/seo\/ -->\n<title>Demo Aviatora \u2907 najbolji na\u010din za savladavanje igre<\/title>\n<meta name=\"description\" content=\"Demo verzija igre Aviator omogu\u0107it \u0107e vam da prou\u010dite mehaniku igre, strategiju i procijenite stupanj uzbu\u0111enja koji pru\u017ea ovaj slot aparat.\" \/>\n<meta name=\"robots\" content=\"index, follow, max-snippet:-1, max-image-preview:large, max-video-preview:-1\" \/>\n<meta property=\"og:locale\" content=\"hr_HR\" \/>\n<meta property=\"og:type\" content=\"article\" \/>\n<meta property=\"og:title\" content=\"Demo Aviatora \u2907 najbolji na\u010din za savladavanje igre\" \/>\n<meta property=\"og:description\" content=\"Demo verzija igre Aviator omogu\u0107it \u0107e vam da prou\u010dite mehaniku igre, strategiju i procijenite stupanj uzbu\u0111enja koji pru\u017ea ovaj slot aparat.\" \/>\n<meta property=\"og:url\" content=\"https:\/\/aviator-game.cafe\/hr\/demo\/\" \/>\n<meta property=\"og:site_name\" content=\"aviator-game hr\" \/>\n<meta property=\"article:modified_time\" content=\"2025-04-30T09:19:21+00:00\" \/>\n<meta name=\"twitter:card\" content=\"summary_large_image\" \/>\n<script type=\"application\/ld+json\" class=\"yoast-schema-graph\">{\"@context\":\"https:\/\/schema.org\",\"@graph\":[{\"@type\":\"WebPage\",\"@id\":\"https:\/\/aviator-game.cafe\/hr\/demo\/\",\"url\":\"https:\/\/aviator-game.cafe\/hr\/demo\/\",\"name\":\"Demo Aviatora \u2907 najbolji na\u010din za savladavanje igre\",\"isPartOf\":{\"@id\":\"https:\/\/aviator-game.cafe\/hr\/#website\"},\"datePublished\":\"2025-02-05T15:49:28+00:00\",\"dateModified\":\"2025-04-30T09:19:21+00:00\",\"description\":\"Demo verzija igre Aviator omogu\u0107it \u0107e vam da prou\u010dite mehaniku igre, strategiju i procijenite stupanj uzbu\u0111enja koji pru\u017ea ovaj slot aparat.\",\"breadcrumb\":{\"@id\":\"https:\/\/aviator-game.cafe\/hr\/demo\/#breadcrumb\"},\"inLanguage\":\"hr\",\"potentialAction\":[{\"@type\":\"ReadAction\",\"target\":[\"https:\/\/aviator-game.cafe\/hr\/demo\/\"]}]},{\"@type\":\"BreadcrumbList\",\"@id\":\"https:\/\/aviator-game.cafe\/hr\/demo\/#breadcrumb\",\"itemListElement\":[{\"@type\":\"ListItem\",\"position\":1,\"name\":\"\u0413\u043b\u0430\u0432\u043d\u0430\u044f \u0441\u0442\u0440\u0430\u043d\u0438\u0446\u0430\",\"item\":\"https:\/\/aviator-game.cafe\/hr\/\"},{\"@type\":\"ListItem\",\"position\":2,\"name\":\"Demo\"}]},{\"@type\":\"WebSite\",\"@id\":\"https:\/\/aviator-game.cafe\/hr\/#website\",\"url\":\"https:\/\/aviator-game.cafe\/hr\/\",\"name\":\"aviator-game hr\",\"description\":\"My WordPress Blog\",\"potentialAction\":[{\"@type\":\"SearchAction\",\"target\":{\"@type\":\"EntryPoint\",\"urlTemplate\":\"https:\/\/aviator-game.cafe\/hr\/?s={search_term_string}\"},\"query-input\":{\"@type\":\"PropertyValueSpecification\",\"valueRequired\":true,\"valueName\":\"search_term_string\"}}],\"inLanguage\":\"hr\"}]}<\/script>\n<!-- \/ Yoast SEO plugin. -->","yoast_head_json":{"title":"Demo Aviatora \u2907 najbolji na\u010din za savladavanje igre","description":"Demo verzija igre Aviator omogu\u0107it \u0107e vam da prou\u010dite mehaniku igre, strategiju i procijenite stupanj uzbu\u0111enja koji pru\u017ea ovaj slot aparat.","robots":{"index":"index","follow":"follow","max-snippet":"max-snippet:-1","max-image-preview":"max-image-preview:large","max-video-preview":"max-video-preview:-1"},"og_locale":"hr_HR","og_type":"article","og_title":"Demo Aviatora \u2907 najbolji na\u010din za savladavanje igre","og_description":"Demo verzija igre Aviator omogu\u0107it \u0107e vam da prou\u010dite mehaniku igre, strategiju i procijenite stupanj uzbu\u0111enja koji pru\u017ea ovaj slot aparat.","og_url":"https:\/\/aviator-game.cafe\/hr\/demo\/","og_site_name":"aviator-game hr","article_modified_time":"2025-04-30T09:19:21+00:00","twitter_card":"summary_large_image","schema":{"@context":"https:\/\/schema.org","@graph":[{"@type":"WebPage","@id":"https:\/\/aviator-game.cafe\/hr\/demo\/","url":"https:\/\/aviator-game.cafe\/hr\/demo\/","name":"Demo Aviatora \u2907 najbolji na\u010din za savladavanje igre","isPartOf":{"@id":"https:\/\/aviator-game.cafe\/hr\/#website"},"datePublished":"2025-02-05T15:49:28+00:00","dateModified":"2025-04-30T09:19:21+00:00","description":"Demo verzija igre Aviator omogu\u0107it \u0107e vam da prou\u010dite mehaniku igre, strategiju i procijenite stupanj uzbu\u0111enja koji pru\u017ea ovaj slot aparat.","breadcrumb":{"@id":"https:\/\/aviator-game.cafe\/hr\/demo\/#breadcrumb"},"inLanguage":"hr","potentialAction":[{"@type":"ReadAction","target":["https:\/\/aviator-game.cafe\/hr\/demo\/"]}]},{"@type":"BreadcrumbList","@id":"https:\/\/aviator-game.cafe\/hr\/demo\/#breadcrumb","itemListElement":[{"@type":"ListItem","position":1,"name":"\u0413\u043b\u0430\u0432\u043d\u0430\u044f \u0441\u0442\u0440\u0430\u043d\u0438\u0446\u0430","item":"https:\/\/aviator-game.cafe\/hr\/"},{"@type":"ListItem","position":2,"name":"Demo"}]},{"@type":"WebSite","@id":"https:\/\/aviator-game.cafe\/hr\/#website","url":"https:\/\/aviator-game.cafe\/hr\/","name":"aviator-game hr","description":"My WordPress Blog","potentialAction":[{"@type":"SearchAction","target":{"@type":"EntryPoint","urlTemplate":"https:\/\/aviator-game.cafe\/hr\/?s={search_term_string}"},"query-input":{"@type":"PropertyValueSpecification","valueRequired":true,"valueName":"search_term_string"}}],"inLanguage":"hr"}]}},"_links":{"self":[{"href":"https:\/\/aviator-game.cafe\/hr\/wp-json\/wp\/v2\/pages\/205","targetHints":{"allow":["GET"]}}],"collection":[{"href":"https:\/\/aviator-game.cafe\/hr\/wp-json\/wp\/v2\/pages"}],"about":[{"href":"https:\/\/aviator-game.cafe\/hr\/wp-json\/wp\/v2\/types\/page"}],"author":[{"embeddable":true,"href":"https:\/\/aviator-game.cafe\/hr\/wp-json\/wp\/v2\/users\/1"}],"replies":[{"embeddable":true,"href":"https:\/\/aviator-game.cafe\/hr\/wp-json\/wp\/v2\/comments?post=205"}],"version-history":[{"count":16,"href":"https:\/\/aviator-game.cafe\/hr\/wp-json\/wp\/v2\/pages\/205\/revisions"}],"predecessor-version":[{"id":280,"href":"https:\/\/aviator-game.cafe\/hr\/wp-json\/wp\/v2\/pages\/205\/revisions\/280"}],"wp:attachment":[{"href":"https:\/\/aviator-game.cafe\/hr\/wp-json\/wp\/v2\/media?parent=205"}],"curies":[{"name":"wp","href":"https:\/\/api.w.org\/{rel}","templated":true}]}}