{"id":218,"date":"2025-02-06T08:09:51","date_gmt":"2025-02-06T08:09:51","guid":{"rendered":"https:\/\/aviator-game.cafe\/hr\/?page_id=218"},"modified":"2025-04-30T11:44:18","modified_gmt":"2025-04-30T11:44:18","slug":"app","status":"publish","type":"page","link":"https:\/\/aviator-game.cafe\/hr\/app\/","title":{"rendered":"Aplikacija"},"content":{"rendered":"","protected":false},"excerpt":{"rendered":"","protected":false},"author":1,"featured_media":0,"parent":0,"menu_order":5,"comment_status":"closed","ping_status":"closed","template":"","meta":{"footnotes":""},"class_list":["post-218","page","type-page","status-publish","hentry"],"yoast_head":"<!-- This site is optimized with the Yoast SEO plugin v24.3 - https:\/\/yoast.com\/wordpress\/plugins\/seo\/ -->\n<title>Aviator aplikacija\u261b za one koji znaju igrati igrice.<\/title>\n<meta name=\"description\" content=\"Ljubitelji igre Aviator sigurno \u0107e cijeniti prakti\u010dnost aplikacije osmi\u0161ljene za zabavu i postizanje novih visina.\" \/>\n<meta name=\"robots\" content=\"index, follow, max-snippet:-1, max-image-preview:large, max-video-preview:-1\" \/>\n<meta property=\"og:locale\" content=\"hr_HR\" \/>\n<meta property=\"og:type\" content=\"article\" \/>\n<meta property=\"og:title\" content=\"Aviator aplikacija\u261b za one koji znaju igrati igrice.\" \/>\n<meta property=\"og:description\" content=\"Ljubitelji igre Aviator sigurno \u0107e cijeniti prakti\u010dnost aplikacije osmi\u0161ljene za zabavu i postizanje novih visina.\" \/>\n<meta property=\"og:url\" content=\"https:\/\/aviator-game.cafe\/hr\/app\/\" \/>\n<meta property=\"og:site_name\" content=\"aviator-game hr\" \/>\n<meta property=\"article:modified_time\" content=\"2025-04-30T11:44:18+00:00\" \/>\n<meta name=\"twitter:card\" content=\"summary_large_image\" \/>\n<script type=\"application\/ld+json\" class=\"yoast-schema-graph\">{\"@context\":\"https:\/\/schema.org\",\"@graph\":[{\"@type\":\"WebPage\",\"@id\":\"https:\/\/aviator-game.cafe\/hr\/app\/\",\"url\":\"https:\/\/aviator-game.cafe\/hr\/app\/\",\"name\":\"Aviator aplikacija\u261b za one koji znaju igrati igrice.\",\"isPartOf\":{\"@id\":\"https:\/\/aviator-game.cafe\/hr\/#website\"},\"datePublished\":\"2025-02-06T08:09:51+00:00\",\"dateModified\":\"2025-04-30T11:44:18+00:00\",\"description\":\"Ljubitelji igre Aviator sigurno \u0107e cijeniti prakti\u010dnost aplikacije osmi\u0161ljene za zabavu i postizanje novih visina.\",\"breadcrumb\":{\"@id\":\"https:\/\/aviator-game.cafe\/hr\/app\/#breadcrumb\"},\"inLanguage\":\"hr\",\"potentialAction\":[{\"@type\":\"ReadAction\",\"target\":[\"https:\/\/aviator-game.cafe\/hr\/app\/\"]}]},{\"@type\":\"BreadcrumbList\",\"@id\":\"https:\/\/aviator-game.cafe\/hr\/app\/#breadcrumb\",\"itemListElement\":[{\"@type\":\"ListItem\",\"position\":1,\"name\":\"\u0413\u043b\u0430\u0432\u043d\u0430\u044f \u0441\u0442\u0440\u0430\u043d\u0438\u0446\u0430\",\"item\":\"https:\/\/aviator-game.cafe\/hr\/\"},{\"@type\":\"ListItem\",\"position\":2,\"name\":\"Aplikacija\"}]},{\"@type\":\"WebSite\",\"@id\":\"https:\/\/aviator-game.cafe\/hr\/#website\",\"url\":\"https:\/\/aviator-game.cafe\/hr\/\",\"name\":\"aviator-game hr\",\"description\":\"My WordPress Blog\",\"potentialAction\":[{\"@type\":\"SearchAction\",\"target\":{\"@type\":\"EntryPoint\",\"urlTemplate\":\"https:\/\/aviator-game.cafe\/hr\/?s={search_term_string}\"},\"query-input\":{\"@type\":\"PropertyValueSpecification\",\"valueRequired\":true,\"valueName\":\"search_term_string\"}}],\"inLanguage\":\"hr\"}]}<\/script>\n<!-- \/ Yoast SEO plugin. -->","yoast_head_json":{"title":"Aviator aplikacija\u261b za one koji znaju igrati igrice.","description":"Ljubitelji igre Aviator sigurno \u0107e cijeniti prakti\u010dnost aplikacije osmi\u0161ljene za zabavu i postizanje novih visina.","robots":{"index":"index","follow":"follow","max-snippet":"max-snippet:-1","max-image-preview":"max-image-preview:large","max-video-preview":"max-video-preview:-1"},"og_locale":"hr_HR","og_type":"article","og_title":"Aviator aplikacija\u261b za one koji znaju igrati igrice.","og_description":"Ljubitelji igre Aviator sigurno \u0107e cijeniti prakti\u010dnost aplikacije osmi\u0161ljene za zabavu i postizanje novih visina.","og_url":"https:\/\/aviator-game.cafe\/hr\/app\/","og_site_name":"aviator-game hr","article_modified_time":"2025-04-30T11:44:18+00:00","twitter_card":"summary_large_image","schema":{"@context":"https:\/\/schema.org","@graph":[{"@type":"WebPage","@id":"https:\/\/aviator-game.cafe\/hr\/app\/","url":"https:\/\/aviator-game.cafe\/hr\/app\/","name":"Aviator aplikacija\u261b za one koji znaju igrati igrice.","isPartOf":{"@id":"https:\/\/aviator-game.cafe\/hr\/#website"},"datePublished":"2025-02-06T08:09:51+00:00","dateModified":"2025-04-30T11:44:18+00:00","description":"Ljubitelji igre Aviator sigurno \u0107e cijeniti prakti\u010dnost aplikacije osmi\u0161ljene za zabavu i postizanje novih visina.","breadcrumb":{"@id":"https:\/\/aviator-game.cafe\/hr\/app\/#breadcrumb"},"inLanguage":"hr","potentialAction":[{"@type":"ReadAction","target":["https:\/\/aviator-game.cafe\/hr\/app\/"]}]},{"@type":"BreadcrumbList","@id":"https:\/\/aviator-game.cafe\/hr\/app\/#breadcrumb","itemListElement":[{"@type":"ListItem","position":1,"name":"\u0413\u043b\u0430\u0432\u043d\u0430\u044f \u0441\u0442\u0440\u0430\u043d\u0438\u0446\u0430","item":"https:\/\/aviator-game.cafe\/hr\/"},{"@type":"ListItem","position":2,"name":"Aplikacija"}]},{"@type":"WebSite","@id":"https:\/\/aviator-game.cafe\/hr\/#website","url":"https:\/\/aviator-game.cafe\/hr\/","name":"aviator-game hr","description":"My WordPress Blog","potentialAction":[{"@type":"SearchAction","target":{"@type":"EntryPoint","urlTemplate":"https:\/\/aviator-game.cafe\/hr\/?s={search_term_string}"},"query-input":{"@type":"PropertyValueSpecification","valueRequired":true,"valueName":"search_term_string"}}],"inLanguage":"hr"}]}},"_links":{"self":[{"href":"https:\/\/aviator-game.cafe\/hr\/wp-json\/wp\/v2\/pages\/218","targetHints":{"allow":["GET"]}}],"collection":[{"href":"https:\/\/aviator-game.cafe\/hr\/wp-json\/wp\/v2\/pages"}],"about":[{"href":"https:\/\/aviator-game.cafe\/hr\/wp-json\/wp\/v2\/types\/page"}],"author":[{"embeddable":true,"href":"https:\/\/aviator-game.cafe\/hr\/wp-json\/wp\/v2\/users\/1"}],"replies":[{"embeddable":true,"href":"https:\/\/aviator-game.cafe\/hr\/wp-json\/wp\/v2\/comments?post=218"}],"version-history":[{"count":8,"href":"https:\/\/aviator-game.cafe\/hr\/wp-json\/wp\/v2\/pages\/218\/revisions"}],"predecessor-version":[{"id":286,"href":"https:\/\/aviator-game.cafe\/hr\/wp-json\/wp\/v2\/pages\/218\/revisions\/286"}],"wp:attachment":[{"href":"https:\/\/aviator-game.cafe\/hr\/wp-json\/wp\/v2\/media?parent=218"}],"curies":[{"name":"wp","href":"https:\/\/api.w.org\/{rel}","templated":true}]}}