{"id":152,"date":"2023-05-18T17:39:43","date_gmt":"2023-05-18T17:39:43","guid":{"rendered":"https:\/\/aviator-game.cafe\/hu\/?page_id=152"},"modified":"2025-04-25T06:59:08","modified_gmt":"2025-04-25T06:59:08","slug":"how-to-play","status":"publish","type":"page","link":"https:\/\/aviator-game.cafe\/hu\/how-to-play\/","title":{"rendered":"Hogyan kell j\u00e1tszani?"},"content":{"rendered":"","protected":false},"excerpt":{"rendered":"","protected":false},"author":1,"featured_media":0,"parent":0,"menu_order":1,"comment_status":"closed","ping_status":"closed","template":"","meta":{"footnotes":""},"class_list":["post-152","page","type-page","status-publish","hentry"],"yoast_head":"<!-- This site is optimized with the Yoast SEO plugin v24.3 - https:\/\/yoast.com\/wordpress\/plugins\/seo\/ -->\n<title>Hogyan kell pil\u00f3taj\u00e1t\u00e9kot j\u00e1tszani \u1433 teljes \u00fatmutat\u00f3<\/title>\n<meta name=\"description\" content=\"Itt megtanulhatod az Aviator j\u00e1t\u00e9k minden titk\u00e1t! A strat\u00e9gi\u00e1kat, a j\u00e1t\u00e9kmenet r\u00e9szleteit \u00e9s az elker\u00fclend\u0151 hib\u00e1kat egy \u00e1ttekint\u00e9sben gy\u0171jt\u00f6tt\u00fck \u00f6ssze.\" \/>\n<meta name=\"robots\" content=\"index, follow, max-snippet:-1, max-image-preview:large, max-video-preview:-1\" \/>\n<meta property=\"og:locale\" content=\"hu_HU\" \/>\n<meta property=\"og:type\" content=\"article\" \/>\n<meta property=\"og:title\" content=\"Hogyan kell pil\u00f3taj\u00e1t\u00e9kot j\u00e1tszani \u1433 teljes \u00fatmutat\u00f3\" \/>\n<meta property=\"og:description\" content=\"Itt megtanulhatod az Aviator j\u00e1t\u00e9k minden titk\u00e1t! A strat\u00e9gi\u00e1kat, a j\u00e1t\u00e9kmenet r\u00e9szleteit \u00e9s az elker\u00fclend\u0151 hib\u00e1kat egy \u00e1ttekint\u00e9sben gy\u0171jt\u00f6tt\u00fck \u00f6ssze.\" \/>\n<meta property=\"og:url\" content=\"https:\/\/aviator-game.cafe\/hu\/how-to-play\/\" \/>\n<meta property=\"og:site_name\" content=\"aviator-game hu\" \/>\n<meta property=\"article:modified_time\" content=\"2025-04-25T06:59:08+00:00\" \/>\n<meta name=\"twitter:card\" content=\"summary_large_image\" \/>\n<script type=\"application\/ld+json\" class=\"yoast-schema-graph\">{\"@context\":\"https:\/\/schema.org\",\"@graph\":[{\"@type\":\"WebPage\",\"@id\":\"https:\/\/aviator-game.cafe\/hu\/how-to-play\/\",\"url\":\"https:\/\/aviator-game.cafe\/hu\/how-to-play\/\",\"name\":\"Hogyan kell pil\u00f3taj\u00e1t\u00e9kot j\u00e1tszani \u1433 teljes \u00fatmutat\u00f3\",\"isPartOf\":{\"@id\":\"https:\/\/aviator-game.cafe\/hu\/#website\"},\"datePublished\":\"2023-05-18T17:39:43+00:00\",\"dateModified\":\"2025-04-25T06:59:08+00:00\",\"description\":\"Itt megtanulhatod az Aviator j\u00e1t\u00e9k minden titk\u00e1t! A strat\u00e9gi\u00e1kat, a j\u00e1t\u00e9kmenet r\u00e9szleteit \u00e9s az elker\u00fclend\u0151 hib\u00e1kat egy \u00e1ttekint\u00e9sben gy\u0171jt\u00f6tt\u00fck \u00f6ssze.\",\"breadcrumb\":{\"@id\":\"https:\/\/aviator-game.cafe\/hu\/how-to-play\/#breadcrumb\"},\"inLanguage\":\"hu\",\"potentialAction\":[{\"@type\":\"ReadAction\",\"target\":[\"https:\/\/aviator-game.cafe\/hu\/how-to-play\/\"]}]},{\"@type\":\"BreadcrumbList\",\"@id\":\"https:\/\/aviator-game.cafe\/hu\/how-to-play\/#breadcrumb\",\"itemListElement\":[{\"@type\":\"ListItem\",\"position\":1,\"name\":\"\u0413\u043b\u0430\u0432\u043d\u0430\u044f \u0441\u0442\u0440\u0430\u043d\u0438\u0446\u0430\",\"item\":\"https:\/\/aviator-game.cafe\/hu\/\"},{\"@type\":\"ListItem\",\"position\":2,\"name\":\"Hogyan kell j\u00e1tszani?\"}]},{\"@type\":\"WebSite\",\"@id\":\"https:\/\/aviator-game.cafe\/hu\/#website\",\"url\":\"https:\/\/aviator-game.cafe\/hu\/\",\"name\":\"aviator-game hu\",\"description\":\"My WordPress Blog\",\"potentialAction\":[{\"@type\":\"SearchAction\",\"target\":{\"@type\":\"EntryPoint\",\"urlTemplate\":\"https:\/\/aviator-game.cafe\/hu\/?s={search_term_string}\"},\"query-input\":{\"@type\":\"PropertyValueSpecification\",\"valueRequired\":true,\"valueName\":\"search_term_string\"}}],\"inLanguage\":\"hu\"}]}<\/script>\n<!-- \/ Yoast SEO plugin. -->","yoast_head_json":{"title":"Hogyan kell pil\u00f3taj\u00e1t\u00e9kot j\u00e1tszani \u1433 teljes \u00fatmutat\u00f3","description":"Itt megtanulhatod az Aviator j\u00e1t\u00e9k minden titk\u00e1t! A strat\u00e9gi\u00e1kat, a j\u00e1t\u00e9kmenet r\u00e9szleteit \u00e9s az elker\u00fclend\u0151 hib\u00e1kat egy \u00e1ttekint\u00e9sben gy\u0171jt\u00f6tt\u00fck \u00f6ssze.","robots":{"index":"index","follow":"follow","max-snippet":"max-snippet:-1","max-image-preview":"max-image-preview:large","max-video-preview":"max-video-preview:-1"},"og_locale":"hu_HU","og_type":"article","og_title":"Hogyan kell pil\u00f3taj\u00e1t\u00e9kot j\u00e1tszani \u1433 teljes \u00fatmutat\u00f3","og_description":"Itt megtanulhatod az Aviator j\u00e1t\u00e9k minden titk\u00e1t! A strat\u00e9gi\u00e1kat, a j\u00e1t\u00e9kmenet r\u00e9szleteit \u00e9s az elker\u00fclend\u0151 hib\u00e1kat egy \u00e1ttekint\u00e9sben gy\u0171jt\u00f6tt\u00fck \u00f6ssze.","og_url":"https:\/\/aviator-game.cafe\/hu\/how-to-play\/","og_site_name":"aviator-game hu","article_modified_time":"2025-04-25T06:59:08+00:00","twitter_card":"summary_large_image","schema":{"@context":"https:\/\/schema.org","@graph":[{"@type":"WebPage","@id":"https:\/\/aviator-game.cafe\/hu\/how-to-play\/","url":"https:\/\/aviator-game.cafe\/hu\/how-to-play\/","name":"Hogyan kell pil\u00f3taj\u00e1t\u00e9kot j\u00e1tszani \u1433 teljes \u00fatmutat\u00f3","isPartOf":{"@id":"https:\/\/aviator-game.cafe\/hu\/#website"},"datePublished":"2023-05-18T17:39:43+00:00","dateModified":"2025-04-25T06:59:08+00:00","description":"Itt megtanulhatod az Aviator j\u00e1t\u00e9k minden titk\u00e1t! A strat\u00e9gi\u00e1kat, a j\u00e1t\u00e9kmenet r\u00e9szleteit \u00e9s az elker\u00fclend\u0151 hib\u00e1kat egy \u00e1ttekint\u00e9sben gy\u0171jt\u00f6tt\u00fck \u00f6ssze.","breadcrumb":{"@id":"https:\/\/aviator-game.cafe\/hu\/how-to-play\/#breadcrumb"},"inLanguage":"hu","potentialAction":[{"@type":"ReadAction","target":["https:\/\/aviator-game.cafe\/hu\/how-to-play\/"]}]},{"@type":"BreadcrumbList","@id":"https:\/\/aviator-game.cafe\/hu\/how-to-play\/#breadcrumb","itemListElement":[{"@type":"ListItem","position":1,"name":"\u0413\u043b\u0430\u0432\u043d\u0430\u044f \u0441\u0442\u0440\u0430\u043d\u0438\u0446\u0430","item":"https:\/\/aviator-game.cafe\/hu\/"},{"@type":"ListItem","position":2,"name":"Hogyan kell j\u00e1tszani?"}]},{"@type":"WebSite","@id":"https:\/\/aviator-game.cafe\/hu\/#website","url":"https:\/\/aviator-game.cafe\/hu\/","name":"aviator-game hu","description":"My WordPress Blog","potentialAction":[{"@type":"SearchAction","target":{"@type":"EntryPoint","urlTemplate":"https:\/\/aviator-game.cafe\/hu\/?s={search_term_string}"},"query-input":{"@type":"PropertyValueSpecification","valueRequired":true,"valueName":"search_term_string"}}],"inLanguage":"hu"}]}},"_links":{"self":[{"href":"https:\/\/aviator-game.cafe\/hu\/wp-json\/wp\/v2\/pages\/152","targetHints":{"allow":["GET"]}}],"collection":[{"href":"https:\/\/aviator-game.cafe\/hu\/wp-json\/wp\/v2\/pages"}],"about":[{"href":"https:\/\/aviator-game.cafe\/hu\/wp-json\/wp\/v2\/types\/page"}],"author":[{"embeddable":true,"href":"https:\/\/aviator-game.cafe\/hu\/wp-json\/wp\/v2\/users\/1"}],"replies":[{"embeddable":true,"href":"https:\/\/aviator-game.cafe\/hu\/wp-json\/wp\/v2\/comments?post=152"}],"version-history":[{"count":12,"href":"https:\/\/aviator-game.cafe\/hu\/wp-json\/wp\/v2\/pages\/152\/revisions"}],"predecessor-version":[{"id":275,"href":"https:\/\/aviator-game.cafe\/hu\/wp-json\/wp\/v2\/pages\/152\/revisions\/275"}],"wp:attachment":[{"href":"https:\/\/aviator-game.cafe\/hu\/wp-json\/wp\/v2\/media?parent=152"}],"curies":[{"name":"wp","href":"https:\/\/api.w.org\/{rel}","templated":true}]}}