{"id":205,"date":"2025-02-05T15:49:28","date_gmt":"2025-02-05T15:49:28","guid":{"rendered":"https:\/\/aviator-game.cafe\/hu\/?page_id=205"},"modified":"2025-04-25T07:12:35","modified_gmt":"2025-04-25T07:12:35","slug":"demo","status":"publish","type":"page","link":"https:\/\/aviator-game.cafe\/hu\/demo\/","title":{"rendered":"Dem\u00f3"},"content":{"rendered":"","protected":false},"excerpt":{"rendered":"","protected":false},"author":1,"featured_media":0,"parent":0,"menu_order":2,"comment_status":"closed","ping_status":"closed","template":"","meta":{"footnotes":""},"class_list":["post-205","page","type-page","status-publish","hentry"],"yoast_head":"<!-- This site is optimized with the Yoast SEO plugin v24.3 - https:\/\/yoast.com\/wordpress\/plugins\/seo\/ -->\n<title>Aviator dem\u00f3 \u2907 a j\u00e1t\u00e9k elsaj\u00e1t\u00edt\u00e1s\u00e1nak legjobb m\u00f3dja<\/title>\n<meta name=\"description\" content=\"Az Aviator j\u00e1t\u00e9k dem\u00f3 verzi\u00f3j\u00e1ban megismerkedhetsz a j\u00e1t\u00e9k mechanik\u00e1j\u00e1val, a strat\u00e9gi\u00e1val \u00e9s felm\u00e9rheted a nyer\u0151g\u00e9p izgalm\u00e1nak m\u00e9rt\u00e9k\u00e9t.\" \/>\n<meta name=\"robots\" content=\"index, follow, max-snippet:-1, max-image-preview:large, max-video-preview:-1\" \/>\n<meta property=\"og:locale\" content=\"hu_HU\" \/>\n<meta property=\"og:type\" content=\"article\" \/>\n<meta property=\"og:title\" content=\"Aviator dem\u00f3 \u2907 a j\u00e1t\u00e9k elsaj\u00e1t\u00edt\u00e1s\u00e1nak legjobb m\u00f3dja\" \/>\n<meta property=\"og:description\" content=\"Az Aviator j\u00e1t\u00e9k dem\u00f3 verzi\u00f3j\u00e1ban megismerkedhetsz a j\u00e1t\u00e9k mechanik\u00e1j\u00e1val, a strat\u00e9gi\u00e1val \u00e9s felm\u00e9rheted a nyer\u0151g\u00e9p izgalm\u00e1nak m\u00e9rt\u00e9k\u00e9t.\" \/>\n<meta property=\"og:url\" content=\"https:\/\/aviator-game.cafe\/hu\/demo\/\" \/>\n<meta property=\"og:site_name\" content=\"aviator-game hu\" \/>\n<meta property=\"article:modified_time\" content=\"2025-04-25T07:12:35+00:00\" \/>\n<meta name=\"twitter:card\" content=\"summary_large_image\" \/>\n<script type=\"application\/ld+json\" class=\"yoast-schema-graph\">{\"@context\":\"https:\/\/schema.org\",\"@graph\":[{\"@type\":\"WebPage\",\"@id\":\"https:\/\/aviator-game.cafe\/hu\/demo\/\",\"url\":\"https:\/\/aviator-game.cafe\/hu\/demo\/\",\"name\":\"Aviator dem\u00f3 \u2907 a j\u00e1t\u00e9k elsaj\u00e1t\u00edt\u00e1s\u00e1nak legjobb m\u00f3dja\",\"isPartOf\":{\"@id\":\"https:\/\/aviator-game.cafe\/hu\/#website\"},\"datePublished\":\"2025-02-05T15:49:28+00:00\",\"dateModified\":\"2025-04-25T07:12:35+00:00\",\"description\":\"Az Aviator j\u00e1t\u00e9k dem\u00f3 verzi\u00f3j\u00e1ban megismerkedhetsz a j\u00e1t\u00e9k mechanik\u00e1j\u00e1val, a strat\u00e9gi\u00e1val \u00e9s felm\u00e9rheted a nyer\u0151g\u00e9p izgalm\u00e1nak m\u00e9rt\u00e9k\u00e9t.\",\"breadcrumb\":{\"@id\":\"https:\/\/aviator-game.cafe\/hu\/demo\/#breadcrumb\"},\"inLanguage\":\"hu\",\"potentialAction\":[{\"@type\":\"ReadAction\",\"target\":[\"https:\/\/aviator-game.cafe\/hu\/demo\/\"]}]},{\"@type\":\"BreadcrumbList\",\"@id\":\"https:\/\/aviator-game.cafe\/hu\/demo\/#breadcrumb\",\"itemListElement\":[{\"@type\":\"ListItem\",\"position\":1,\"name\":\"\u0413\u043b\u0430\u0432\u043d\u0430\u044f \u0441\u0442\u0440\u0430\u043d\u0438\u0446\u0430\",\"item\":\"https:\/\/aviator-game.cafe\/hu\/\"},{\"@type\":\"ListItem\",\"position\":2,\"name\":\"Dem\u00f3\"}]},{\"@type\":\"WebSite\",\"@id\":\"https:\/\/aviator-game.cafe\/hu\/#website\",\"url\":\"https:\/\/aviator-game.cafe\/hu\/\",\"name\":\"aviator-game hu\",\"description\":\"My WordPress Blog\",\"potentialAction\":[{\"@type\":\"SearchAction\",\"target\":{\"@type\":\"EntryPoint\",\"urlTemplate\":\"https:\/\/aviator-game.cafe\/hu\/?s={search_term_string}\"},\"query-input\":{\"@type\":\"PropertyValueSpecification\",\"valueRequired\":true,\"valueName\":\"search_term_string\"}}],\"inLanguage\":\"hu\"}]}<\/script>\n<!-- \/ Yoast SEO plugin. -->","yoast_head_json":{"title":"Aviator dem\u00f3 \u2907 a j\u00e1t\u00e9k elsaj\u00e1t\u00edt\u00e1s\u00e1nak legjobb m\u00f3dja","description":"Az Aviator j\u00e1t\u00e9k dem\u00f3 verzi\u00f3j\u00e1ban megismerkedhetsz a j\u00e1t\u00e9k mechanik\u00e1j\u00e1val, a strat\u00e9gi\u00e1val \u00e9s felm\u00e9rheted a nyer\u0151g\u00e9p izgalm\u00e1nak m\u00e9rt\u00e9k\u00e9t.","robots":{"index":"index","follow":"follow","max-snippet":"max-snippet:-1","max-image-preview":"max-image-preview:large","max-video-preview":"max-video-preview:-1"},"og_locale":"hu_HU","og_type":"article","og_title":"Aviator dem\u00f3 \u2907 a j\u00e1t\u00e9k elsaj\u00e1t\u00edt\u00e1s\u00e1nak legjobb m\u00f3dja","og_description":"Az Aviator j\u00e1t\u00e9k dem\u00f3 verzi\u00f3j\u00e1ban megismerkedhetsz a j\u00e1t\u00e9k mechanik\u00e1j\u00e1val, a strat\u00e9gi\u00e1val \u00e9s felm\u00e9rheted a nyer\u0151g\u00e9p izgalm\u00e1nak m\u00e9rt\u00e9k\u00e9t.","og_url":"https:\/\/aviator-game.cafe\/hu\/demo\/","og_site_name":"aviator-game hu","article_modified_time":"2025-04-25T07:12:35+00:00","twitter_card":"summary_large_image","schema":{"@context":"https:\/\/schema.org","@graph":[{"@type":"WebPage","@id":"https:\/\/aviator-game.cafe\/hu\/demo\/","url":"https:\/\/aviator-game.cafe\/hu\/demo\/","name":"Aviator dem\u00f3 \u2907 a j\u00e1t\u00e9k elsaj\u00e1t\u00edt\u00e1s\u00e1nak legjobb m\u00f3dja","isPartOf":{"@id":"https:\/\/aviator-game.cafe\/hu\/#website"},"datePublished":"2025-02-05T15:49:28+00:00","dateModified":"2025-04-25T07:12:35+00:00","description":"Az Aviator j\u00e1t\u00e9k dem\u00f3 verzi\u00f3j\u00e1ban megismerkedhetsz a j\u00e1t\u00e9k mechanik\u00e1j\u00e1val, a strat\u00e9gi\u00e1val \u00e9s felm\u00e9rheted a nyer\u0151g\u00e9p izgalm\u00e1nak m\u00e9rt\u00e9k\u00e9t.","breadcrumb":{"@id":"https:\/\/aviator-game.cafe\/hu\/demo\/#breadcrumb"},"inLanguage":"hu","potentialAction":[{"@type":"ReadAction","target":["https:\/\/aviator-game.cafe\/hu\/demo\/"]}]},{"@type":"BreadcrumbList","@id":"https:\/\/aviator-game.cafe\/hu\/demo\/#breadcrumb","itemListElement":[{"@type":"ListItem","position":1,"name":"\u0413\u043b\u0430\u0432\u043d\u0430\u044f \u0441\u0442\u0440\u0430\u043d\u0438\u0446\u0430","item":"https:\/\/aviator-game.cafe\/hu\/"},{"@type":"ListItem","position":2,"name":"Dem\u00f3"}]},{"@type":"WebSite","@id":"https:\/\/aviator-game.cafe\/hu\/#website","url":"https:\/\/aviator-game.cafe\/hu\/","name":"aviator-game hu","description":"My WordPress Blog","potentialAction":[{"@type":"SearchAction","target":{"@type":"EntryPoint","urlTemplate":"https:\/\/aviator-game.cafe\/hu\/?s={search_term_string}"},"query-input":{"@type":"PropertyValueSpecification","valueRequired":true,"valueName":"search_term_string"}}],"inLanguage":"hu"}]}},"_links":{"self":[{"href":"https:\/\/aviator-game.cafe\/hu\/wp-json\/wp\/v2\/pages\/205","targetHints":{"allow":["GET"]}}],"collection":[{"href":"https:\/\/aviator-game.cafe\/hu\/wp-json\/wp\/v2\/pages"}],"about":[{"href":"https:\/\/aviator-game.cafe\/hu\/wp-json\/wp\/v2\/types\/page"}],"author":[{"embeddable":true,"href":"https:\/\/aviator-game.cafe\/hu\/wp-json\/wp\/v2\/users\/1"}],"replies":[{"embeddable":true,"href":"https:\/\/aviator-game.cafe\/hu\/wp-json\/wp\/v2\/comments?post=205"}],"version-history":[{"count":16,"href":"https:\/\/aviator-game.cafe\/hu\/wp-json\/wp\/v2\/pages\/205\/revisions"}],"predecessor-version":[{"id":276,"href":"https:\/\/aviator-game.cafe\/hu\/wp-json\/wp\/v2\/pages\/205\/revisions\/276"}],"wp:attachment":[{"href":"https:\/\/aviator-game.cafe\/hu\/wp-json\/wp\/v2\/media?parent=205"}],"curies":[{"name":"wp","href":"https:\/\/api.w.org\/{rel}","templated":true}]}}