{"id":2,"date":"2023-05-18T17:18:34","date_gmt":"2023-05-18T17:18:34","guid":{"rendered":"https:\/\/aviator-game.cafe\/lt\/?page_id=2"},"modified":"2025-05-05T06:34:57","modified_gmt":"2025-05-05T06:34:57","slug":"sample-page","status":"publish","type":"page","link":"https:\/\/aviator-game.cafe\/lt\/","title":{"rendered":"Prad\u017eia"},"content":{"rendered":"","protected":false},"excerpt":{"rendered":"","protected":false},"author":1,"featured_media":0,"parent":0,"menu_order":0,"comment_status":"closed","ping_status":"closed","template":"","meta":{"footnotes":""},"class_list":["post-2","page","type-page","status-publish","hentry"],"yoast_head":"<!-- This site is optimized with the Yoast SEO plugin v24.3 - https:\/\/yoast.com\/wordpress\/plugins\/seo\/ -->\n<title>Aviator \u017eaidimas \u1433 kaip laim\u0117ti \u0161iame \u012fdomiame \u017eaidime<\/title>\n<meta name=\"description\" content=\"\u201eAviator\u201c \u2013 tai jaudinantis susid\u016brim\u0173 \u017eaidimas su didele laim\u0117jimo tikimybe, paprasta mechanika ir priklausomyb\u0119 sukelian\u010diu \u017eaidimu. I\u0161bandykite \u201eAviator\u201c!\" \/>\n<meta name=\"robots\" content=\"index, follow, max-snippet:-1, max-image-preview:large, max-video-preview:-1\" \/>\n<meta property=\"og:locale\" content=\"lt_LT\" \/>\n<meta property=\"og:type\" content=\"article\" \/>\n<meta property=\"og:title\" content=\"Aviator \u017eaidimas \u1433 kaip laim\u0117ti \u0161iame \u012fdomiame \u017eaidime\" \/>\n<meta property=\"og:description\" content=\"\u201eAviator\u201c \u2013 tai jaudinantis susid\u016brim\u0173 \u017eaidimas su didele laim\u0117jimo tikimybe, paprasta mechanika ir priklausomyb\u0119 sukelian\u010diu \u017eaidimu. I\u0161bandykite \u201eAviator\u201c!\" \/>\n<meta property=\"og:url\" content=\"https:\/\/aviator-game.cafe\/lt\/\" \/>\n<meta property=\"og:site_name\" content=\"aviator-game lt\" \/>\n<meta property=\"article:modified_time\" content=\"2025-05-05T06:34:57+00:00\" \/>\n<meta name=\"twitter:card\" content=\"summary_large_image\" \/>\n<script type=\"application\/ld+json\" class=\"yoast-schema-graph\">{\"@context\":\"https:\/\/schema.org\",\"@graph\":[{\"@type\":\"WebPage\",\"@id\":\"https:\/\/aviator-game.cafe\/lt\/\",\"url\":\"https:\/\/aviator-game.cafe\/lt\/\",\"name\":\"Aviator \u017eaidimas \u1433 kaip laim\u0117ti \u0161iame \u012fdomiame \u017eaidime\",\"isPartOf\":{\"@id\":\"https:\/\/aviator-game.cafe\/lt\/#website\"},\"datePublished\":\"2023-05-18T17:18:34+00:00\",\"dateModified\":\"2025-05-05T06:34:57+00:00\",\"description\":\"\u201eAviator\u201c \u2013 tai jaudinantis susid\u016brim\u0173 \u017eaidimas su didele laim\u0117jimo tikimybe, paprasta mechanika ir priklausomyb\u0119 sukelian\u010diu \u017eaidimu. I\u0161bandykite \u201eAviator\u201c!\",\"breadcrumb\":{\"@id\":\"https:\/\/aviator-game.cafe\/lt\/#breadcrumb\"},\"inLanguage\":\"lt-LT\",\"potentialAction\":[{\"@type\":\"ReadAction\",\"target\":[\"https:\/\/aviator-game.cafe\/lt\/\"]}]},{\"@type\":\"BreadcrumbList\",\"@id\":\"https:\/\/aviator-game.cafe\/lt\/#breadcrumb\",\"itemListElement\":[{\"@type\":\"ListItem\",\"position\":1,\"name\":\"\u0413\u043b\u0430\u0432\u043d\u0430\u044f \u0441\u0442\u0440\u0430\u043d\u0438\u0446\u0430\",\"item\":\"https:\/\/aviator-game.cafe\/lt\/\"},{\"@type\":\"ListItem\",\"position\":2,\"name\":\"Prad\u017eia\"}]},{\"@type\":\"WebSite\",\"@id\":\"https:\/\/aviator-game.cafe\/lt\/#website\",\"url\":\"https:\/\/aviator-game.cafe\/lt\/\",\"name\":\"aviator-game lt\",\"description\":\"My WordPress Blog\",\"potentialAction\":[{\"@type\":\"SearchAction\",\"target\":{\"@type\":\"EntryPoint\",\"urlTemplate\":\"https:\/\/aviator-game.cafe\/lt\/?s={search_term_string}\"},\"query-input\":{\"@type\":\"PropertyValueSpecification\",\"valueRequired\":true,\"valueName\":\"search_term_string\"}}],\"inLanguage\":\"lt-LT\"}]}<\/script>\n<!-- \/ Yoast SEO plugin. -->","yoast_head_json":{"title":"Aviator \u017eaidimas \u1433 kaip laim\u0117ti \u0161iame \u012fdomiame \u017eaidime","description":"\u201eAviator\u201c \u2013 tai jaudinantis susid\u016brim\u0173 \u017eaidimas su didele laim\u0117jimo tikimybe, paprasta mechanika ir priklausomyb\u0119 sukelian\u010diu \u017eaidimu. I\u0161bandykite \u201eAviator\u201c!","robots":{"index":"index","follow":"follow","max-snippet":"max-snippet:-1","max-image-preview":"max-image-preview:large","max-video-preview":"max-video-preview:-1"},"og_locale":"lt_LT","og_type":"article","og_title":"Aviator \u017eaidimas \u1433 kaip laim\u0117ti \u0161iame \u012fdomiame \u017eaidime","og_description":"\u201eAviator\u201c \u2013 tai jaudinantis susid\u016brim\u0173 \u017eaidimas su didele laim\u0117jimo tikimybe, paprasta mechanika ir priklausomyb\u0119 sukelian\u010diu \u017eaidimu. I\u0161bandykite \u201eAviator\u201c!","og_url":"https:\/\/aviator-game.cafe\/lt\/","og_site_name":"aviator-game lt","article_modified_time":"2025-05-05T06:34:57+00:00","twitter_card":"summary_large_image","schema":{"@context":"https:\/\/schema.org","@graph":[{"@type":"WebPage","@id":"https:\/\/aviator-game.cafe\/lt\/","url":"https:\/\/aviator-game.cafe\/lt\/","name":"Aviator \u017eaidimas \u1433 kaip laim\u0117ti \u0161iame \u012fdomiame \u017eaidime","isPartOf":{"@id":"https:\/\/aviator-game.cafe\/lt\/#website"},"datePublished":"2023-05-18T17:18:34+00:00","dateModified":"2025-05-05T06:34:57+00:00","description":"\u201eAviator\u201c \u2013 tai jaudinantis susid\u016brim\u0173 \u017eaidimas su didele laim\u0117jimo tikimybe, paprasta mechanika ir priklausomyb\u0119 sukelian\u010diu \u017eaidimu. I\u0161bandykite \u201eAviator\u201c!","breadcrumb":{"@id":"https:\/\/aviator-game.cafe\/lt\/#breadcrumb"},"inLanguage":"lt-LT","potentialAction":[{"@type":"ReadAction","target":["https:\/\/aviator-game.cafe\/lt\/"]}]},{"@type":"BreadcrumbList","@id":"https:\/\/aviator-game.cafe\/lt\/#breadcrumb","itemListElement":[{"@type":"ListItem","position":1,"name":"\u0413\u043b\u0430\u0432\u043d\u0430\u044f \u0441\u0442\u0440\u0430\u043d\u0438\u0446\u0430","item":"https:\/\/aviator-game.cafe\/lt\/"},{"@type":"ListItem","position":2,"name":"Prad\u017eia"}]},{"@type":"WebSite","@id":"https:\/\/aviator-game.cafe\/lt\/#website","url":"https:\/\/aviator-game.cafe\/lt\/","name":"aviator-game lt","description":"My WordPress Blog","potentialAction":[{"@type":"SearchAction","target":{"@type":"EntryPoint","urlTemplate":"https:\/\/aviator-game.cafe\/lt\/?s={search_term_string}"},"query-input":{"@type":"PropertyValueSpecification","valueRequired":true,"valueName":"search_term_string"}}],"inLanguage":"lt-LT"}]}},"_links":{"self":[{"href":"https:\/\/aviator-game.cafe\/lt\/wp-json\/wp\/v2\/pages\/2","targetHints":{"allow":["GET"]}}],"collection":[{"href":"https:\/\/aviator-game.cafe\/lt\/wp-json\/wp\/v2\/pages"}],"about":[{"href":"https:\/\/aviator-game.cafe\/lt\/wp-json\/wp\/v2\/types\/page"}],"author":[{"embeddable":true,"href":"https:\/\/aviator-game.cafe\/lt\/wp-json\/wp\/v2\/users\/1"}],"replies":[{"embeddable":true,"href":"https:\/\/aviator-game.cafe\/lt\/wp-json\/wp\/v2\/comments?post=2"}],"version-history":[{"count":17,"href":"https:\/\/aviator-game.cafe\/lt\/wp-json\/wp\/v2\/pages\/2\/revisions"}],"predecessor-version":[{"id":274,"href":"https:\/\/aviator-game.cafe\/lt\/wp-json\/wp\/v2\/pages\/2\/revisions\/274"}],"wp:attachment":[{"href":"https:\/\/aviator-game.cafe\/lt\/wp-json\/wp\/v2\/media?parent=2"}],"curies":[{"name":"wp","href":"https:\/\/api.w.org\/{rel}","templated":true}]}}