{"id":205,"date":"2025-02-05T15:49:28","date_gmt":"2025-02-05T15:49:28","guid":{"rendered":"https:\/\/aviator-game.cafe\/lt\/?page_id=205"},"modified":"2025-05-05T08:05:18","modified_gmt":"2025-05-05T08:05:18","slug":"demo","status":"publish","type":"page","link":"https:\/\/aviator-game.cafe\/lt\/demo\/","title":{"rendered":"Demo"},"content":{"rendered":"","protected":false},"excerpt":{"rendered":"","protected":false},"author":1,"featured_media":0,"parent":0,"menu_order":2,"comment_status":"closed","ping_status":"closed","template":"","meta":{"footnotes":""},"class_list":["post-205","page","type-page","status-publish","hentry"],"yoast_head":"<!-- This site is optimized with the Yoast SEO plugin v24.3 - https:\/\/yoast.com\/wordpress\/plugins\/seo\/ -->\n<title>Aviator demonstracin\u0117 versija \u2907 geriausias b\u016bdas \u012fvaldyti \u017eaidim\u0105<\/title>\n<meta name=\"description\" content=\"Demonstracin\u0117 \u017eaidimo \u201eAviator\u201c versija leis jums i\u0161studijuoti \u017eaidimo mechanik\u0105, strategij\u0105 ir \u012fvertinti \u0161io lo\u0161imo automato teikiam\u0105 jaudulio laipsn\u012f.\" \/>\n<meta name=\"robots\" content=\"index, follow, max-snippet:-1, max-image-preview:large, max-video-preview:-1\" \/>\n<meta property=\"og:locale\" content=\"lt_LT\" \/>\n<meta property=\"og:type\" content=\"article\" \/>\n<meta property=\"og:title\" content=\"Aviator demonstracin\u0117 versija \u2907 geriausias b\u016bdas \u012fvaldyti \u017eaidim\u0105\" \/>\n<meta property=\"og:description\" content=\"Demonstracin\u0117 \u017eaidimo \u201eAviator\u201c versija leis jums i\u0161studijuoti \u017eaidimo mechanik\u0105, strategij\u0105 ir \u012fvertinti \u0161io lo\u0161imo automato teikiam\u0105 jaudulio laipsn\u012f.\" \/>\n<meta property=\"og:url\" content=\"https:\/\/aviator-game.cafe\/lt\/demo\/\" \/>\n<meta property=\"og:site_name\" content=\"aviator-game lt\" \/>\n<meta property=\"article:modified_time\" content=\"2025-05-05T08:05:18+00:00\" \/>\n<meta name=\"twitter:card\" content=\"summary_large_image\" \/>\n<script type=\"application\/ld+json\" class=\"yoast-schema-graph\">{\"@context\":\"https:\/\/schema.org\",\"@graph\":[{\"@type\":\"WebPage\",\"@id\":\"https:\/\/aviator-game.cafe\/lt\/demo\/\",\"url\":\"https:\/\/aviator-game.cafe\/lt\/demo\/\",\"name\":\"Aviator demonstracin\u0117 versija \u2907 geriausias b\u016bdas \u012fvaldyti \u017eaidim\u0105\",\"isPartOf\":{\"@id\":\"https:\/\/aviator-game.cafe\/lt\/#website\"},\"datePublished\":\"2025-02-05T15:49:28+00:00\",\"dateModified\":\"2025-05-05T08:05:18+00:00\",\"description\":\"Demonstracin\u0117 \u017eaidimo \u201eAviator\u201c versija leis jums i\u0161studijuoti \u017eaidimo mechanik\u0105, strategij\u0105 ir \u012fvertinti \u0161io lo\u0161imo automato teikiam\u0105 jaudulio laipsn\u012f.\",\"breadcrumb\":{\"@id\":\"https:\/\/aviator-game.cafe\/lt\/demo\/#breadcrumb\"},\"inLanguage\":\"lt-LT\",\"potentialAction\":[{\"@type\":\"ReadAction\",\"target\":[\"https:\/\/aviator-game.cafe\/lt\/demo\/\"]}]},{\"@type\":\"BreadcrumbList\",\"@id\":\"https:\/\/aviator-game.cafe\/lt\/demo\/#breadcrumb\",\"itemListElement\":[{\"@type\":\"ListItem\",\"position\":1,\"name\":\"\u0413\u043b\u0430\u0432\u043d\u0430\u044f \u0441\u0442\u0440\u0430\u043d\u0438\u0446\u0430\",\"item\":\"https:\/\/aviator-game.cafe\/lt\/\"},{\"@type\":\"ListItem\",\"position\":2,\"name\":\"Demo\"}]},{\"@type\":\"WebSite\",\"@id\":\"https:\/\/aviator-game.cafe\/lt\/#website\",\"url\":\"https:\/\/aviator-game.cafe\/lt\/\",\"name\":\"aviator-game lt\",\"description\":\"My WordPress Blog\",\"potentialAction\":[{\"@type\":\"SearchAction\",\"target\":{\"@type\":\"EntryPoint\",\"urlTemplate\":\"https:\/\/aviator-game.cafe\/lt\/?s={search_term_string}\"},\"query-input\":{\"@type\":\"PropertyValueSpecification\",\"valueRequired\":true,\"valueName\":\"search_term_string\"}}],\"inLanguage\":\"lt-LT\"}]}<\/script>\n<!-- \/ Yoast SEO plugin. -->","yoast_head_json":{"title":"Aviator demonstracin\u0117 versija \u2907 geriausias b\u016bdas \u012fvaldyti \u017eaidim\u0105","description":"Demonstracin\u0117 \u017eaidimo \u201eAviator\u201c versija leis jums i\u0161studijuoti \u017eaidimo mechanik\u0105, strategij\u0105 ir \u012fvertinti \u0161io lo\u0161imo automato teikiam\u0105 jaudulio laipsn\u012f.","robots":{"index":"index","follow":"follow","max-snippet":"max-snippet:-1","max-image-preview":"max-image-preview:large","max-video-preview":"max-video-preview:-1"},"og_locale":"lt_LT","og_type":"article","og_title":"Aviator demonstracin\u0117 versija \u2907 geriausias b\u016bdas \u012fvaldyti \u017eaidim\u0105","og_description":"Demonstracin\u0117 \u017eaidimo \u201eAviator\u201c versija leis jums i\u0161studijuoti \u017eaidimo mechanik\u0105, strategij\u0105 ir \u012fvertinti \u0161io lo\u0161imo automato teikiam\u0105 jaudulio laipsn\u012f.","og_url":"https:\/\/aviator-game.cafe\/lt\/demo\/","og_site_name":"aviator-game lt","article_modified_time":"2025-05-05T08:05:18+00:00","twitter_card":"summary_large_image","schema":{"@context":"https:\/\/schema.org","@graph":[{"@type":"WebPage","@id":"https:\/\/aviator-game.cafe\/lt\/demo\/","url":"https:\/\/aviator-game.cafe\/lt\/demo\/","name":"Aviator demonstracin\u0117 versija \u2907 geriausias b\u016bdas \u012fvaldyti \u017eaidim\u0105","isPartOf":{"@id":"https:\/\/aviator-game.cafe\/lt\/#website"},"datePublished":"2025-02-05T15:49:28+00:00","dateModified":"2025-05-05T08:05:18+00:00","description":"Demonstracin\u0117 \u017eaidimo \u201eAviator\u201c versija leis jums i\u0161studijuoti \u017eaidimo mechanik\u0105, strategij\u0105 ir \u012fvertinti \u0161io lo\u0161imo automato teikiam\u0105 jaudulio laipsn\u012f.","breadcrumb":{"@id":"https:\/\/aviator-game.cafe\/lt\/demo\/#breadcrumb"},"inLanguage":"lt-LT","potentialAction":[{"@type":"ReadAction","target":["https:\/\/aviator-game.cafe\/lt\/demo\/"]}]},{"@type":"BreadcrumbList","@id":"https:\/\/aviator-game.cafe\/lt\/demo\/#breadcrumb","itemListElement":[{"@type":"ListItem","position":1,"name":"\u0413\u043b\u0430\u0432\u043d\u0430\u044f \u0441\u0442\u0440\u0430\u043d\u0438\u0446\u0430","item":"https:\/\/aviator-game.cafe\/lt\/"},{"@type":"ListItem","position":2,"name":"Demo"}]},{"@type":"WebSite","@id":"https:\/\/aviator-game.cafe\/lt\/#website","url":"https:\/\/aviator-game.cafe\/lt\/","name":"aviator-game lt","description":"My WordPress Blog","potentialAction":[{"@type":"SearchAction","target":{"@type":"EntryPoint","urlTemplate":"https:\/\/aviator-game.cafe\/lt\/?s={search_term_string}"},"query-input":{"@type":"PropertyValueSpecification","valueRequired":true,"valueName":"search_term_string"}}],"inLanguage":"lt-LT"}]}},"_links":{"self":[{"href":"https:\/\/aviator-game.cafe\/lt\/wp-json\/wp\/v2\/pages\/205","targetHints":{"allow":["GET"]}}],"collection":[{"href":"https:\/\/aviator-game.cafe\/lt\/wp-json\/wp\/v2\/pages"}],"about":[{"href":"https:\/\/aviator-game.cafe\/lt\/wp-json\/wp\/v2\/types\/page"}],"author":[{"embeddable":true,"href":"https:\/\/aviator-game.cafe\/lt\/wp-json\/wp\/v2\/users\/1"}],"replies":[{"embeddable":true,"href":"https:\/\/aviator-game.cafe\/lt\/wp-json\/wp\/v2\/comments?post=205"}],"version-history":[{"count":15,"href":"https:\/\/aviator-game.cafe\/lt\/wp-json\/wp\/v2\/pages\/205\/revisions"}],"predecessor-version":[{"id":254,"href":"https:\/\/aviator-game.cafe\/lt\/wp-json\/wp\/v2\/pages\/205\/revisions\/254"}],"wp:attachment":[{"href":"https:\/\/aviator-game.cafe\/lt\/wp-json\/wp\/v2\/media?parent=205"}],"curies":[{"name":"wp","href":"https:\/\/api.w.org\/{rel}","templated":true}]}}