{"id":208,"date":"2025-02-06T07:14:18","date_gmt":"2025-02-06T07:14:18","guid":{"rendered":"https:\/\/aviator-game.cafe\/lt\/?page_id=208"},"modified":"2025-05-05T08:15:24","modified_gmt":"2025-05-05T08:15:24","slug":"strategies","status":"publish","type":"page","link":"https:\/\/aviator-game.cafe\/lt\/strategies\/","title":{"rendered":"\u017daidimo strategijos"},"content":{"rendered":"","protected":false},"excerpt":{"rendered":"","protected":false},"author":1,"featured_media":0,"parent":0,"menu_order":3,"comment_status":"closed","ping_status":"closed","template":"","meta":{"footnotes":""},"class_list":["post-208","page","type-page","status-publish","hentry"],"yoast_head":"<!-- This site is optimized with the Yoast SEO plugin v24.3 - https:\/\/yoast.com\/wordpress\/plugins\/seo\/ -->\n<title>Aviator strategija \u2907 geriausi taktiniai judesiai<\/title>\n<meta name=\"description\" content=\"\u0160i geriausi\u0173 \u017eaidime \u201eAviator\u201c taikom\u0173 strategij\u0173 ap\u017evalga leis jums pasirinkti tinkamiausi\u0105 taktik\u0105 j\u016bs\u0173 \u017eaidimo stiliui ir laim\u0117ti!\" \/>\n<meta name=\"robots\" content=\"index, follow, max-snippet:-1, max-image-preview:large, max-video-preview:-1\" \/>\n<meta property=\"og:locale\" content=\"lt_LT\" \/>\n<meta property=\"og:type\" content=\"article\" \/>\n<meta property=\"og:title\" content=\"Aviator strategija \u2907 geriausi taktiniai judesiai\" \/>\n<meta property=\"og:description\" content=\"\u0160i geriausi\u0173 \u017eaidime \u201eAviator\u201c taikom\u0173 strategij\u0173 ap\u017evalga leis jums pasirinkti tinkamiausi\u0105 taktik\u0105 j\u016bs\u0173 \u017eaidimo stiliui ir laim\u0117ti!\" \/>\n<meta property=\"og:url\" content=\"https:\/\/aviator-game.cafe\/lt\/strategies\/\" \/>\n<meta property=\"og:site_name\" content=\"aviator-game lt\" \/>\n<meta property=\"article:modified_time\" content=\"2025-05-05T08:15:24+00:00\" \/>\n<meta name=\"twitter:card\" content=\"summary_large_image\" \/>\n<script type=\"application\/ld+json\" class=\"yoast-schema-graph\">{\"@context\":\"https:\/\/schema.org\",\"@graph\":[{\"@type\":\"WebPage\",\"@id\":\"https:\/\/aviator-game.cafe\/lt\/strategies\/\",\"url\":\"https:\/\/aviator-game.cafe\/lt\/strategies\/\",\"name\":\"Aviator strategija \u2907 geriausi taktiniai judesiai\",\"isPartOf\":{\"@id\":\"https:\/\/aviator-game.cafe\/lt\/#website\"},\"datePublished\":\"2025-02-06T07:14:18+00:00\",\"dateModified\":\"2025-05-05T08:15:24+00:00\",\"description\":\"\u0160i geriausi\u0173 \u017eaidime \u201eAviator\u201c taikom\u0173 strategij\u0173 ap\u017evalga leis jums pasirinkti tinkamiausi\u0105 taktik\u0105 j\u016bs\u0173 \u017eaidimo stiliui ir laim\u0117ti!\",\"breadcrumb\":{\"@id\":\"https:\/\/aviator-game.cafe\/lt\/strategies\/#breadcrumb\"},\"inLanguage\":\"lt-LT\",\"potentialAction\":[{\"@type\":\"ReadAction\",\"target\":[\"https:\/\/aviator-game.cafe\/lt\/strategies\/\"]}]},{\"@type\":\"BreadcrumbList\",\"@id\":\"https:\/\/aviator-game.cafe\/lt\/strategies\/#breadcrumb\",\"itemListElement\":[{\"@type\":\"ListItem\",\"position\":1,\"name\":\"\u0413\u043b\u0430\u0432\u043d\u0430\u044f \u0441\u0442\u0440\u0430\u043d\u0438\u0446\u0430\",\"item\":\"https:\/\/aviator-game.cafe\/lt\/\"},{\"@type\":\"ListItem\",\"position\":2,\"name\":\"\u017daidimo strategijos\"}]},{\"@type\":\"WebSite\",\"@id\":\"https:\/\/aviator-game.cafe\/lt\/#website\",\"url\":\"https:\/\/aviator-game.cafe\/lt\/\",\"name\":\"aviator-game lt\",\"description\":\"My WordPress Blog\",\"potentialAction\":[{\"@type\":\"SearchAction\",\"target\":{\"@type\":\"EntryPoint\",\"urlTemplate\":\"https:\/\/aviator-game.cafe\/lt\/?s={search_term_string}\"},\"query-input\":{\"@type\":\"PropertyValueSpecification\",\"valueRequired\":true,\"valueName\":\"search_term_string\"}}],\"inLanguage\":\"lt-LT\"}]}<\/script>\n<!-- \/ Yoast SEO plugin. -->","yoast_head_json":{"title":"Aviator strategija \u2907 geriausi taktiniai judesiai","description":"\u0160i geriausi\u0173 \u017eaidime \u201eAviator\u201c taikom\u0173 strategij\u0173 ap\u017evalga leis jums pasirinkti tinkamiausi\u0105 taktik\u0105 j\u016bs\u0173 \u017eaidimo stiliui ir laim\u0117ti!","robots":{"index":"index","follow":"follow","max-snippet":"max-snippet:-1","max-image-preview":"max-image-preview:large","max-video-preview":"max-video-preview:-1"},"og_locale":"lt_LT","og_type":"article","og_title":"Aviator strategija \u2907 geriausi taktiniai judesiai","og_description":"\u0160i geriausi\u0173 \u017eaidime \u201eAviator\u201c taikom\u0173 strategij\u0173 ap\u017evalga leis jums pasirinkti tinkamiausi\u0105 taktik\u0105 j\u016bs\u0173 \u017eaidimo stiliui ir laim\u0117ti!","og_url":"https:\/\/aviator-game.cafe\/lt\/strategies\/","og_site_name":"aviator-game lt","article_modified_time":"2025-05-05T08:15:24+00:00","twitter_card":"summary_large_image","schema":{"@context":"https:\/\/schema.org","@graph":[{"@type":"WebPage","@id":"https:\/\/aviator-game.cafe\/lt\/strategies\/","url":"https:\/\/aviator-game.cafe\/lt\/strategies\/","name":"Aviator strategija \u2907 geriausi taktiniai judesiai","isPartOf":{"@id":"https:\/\/aviator-game.cafe\/lt\/#website"},"datePublished":"2025-02-06T07:14:18+00:00","dateModified":"2025-05-05T08:15:24+00:00","description":"\u0160i geriausi\u0173 \u017eaidime \u201eAviator\u201c taikom\u0173 strategij\u0173 ap\u017evalga leis jums pasirinkti tinkamiausi\u0105 taktik\u0105 j\u016bs\u0173 \u017eaidimo stiliui ir laim\u0117ti!","breadcrumb":{"@id":"https:\/\/aviator-game.cafe\/lt\/strategies\/#breadcrumb"},"inLanguage":"lt-LT","potentialAction":[{"@type":"ReadAction","target":["https:\/\/aviator-game.cafe\/lt\/strategies\/"]}]},{"@type":"BreadcrumbList","@id":"https:\/\/aviator-game.cafe\/lt\/strategies\/#breadcrumb","itemListElement":[{"@type":"ListItem","position":1,"name":"\u0413\u043b\u0430\u0432\u043d\u0430\u044f \u0441\u0442\u0440\u0430\u043d\u0438\u0446\u0430","item":"https:\/\/aviator-game.cafe\/lt\/"},{"@type":"ListItem","position":2,"name":"\u017daidimo strategijos"}]},{"@type":"WebSite","@id":"https:\/\/aviator-game.cafe\/lt\/#website","url":"https:\/\/aviator-game.cafe\/lt\/","name":"aviator-game lt","description":"My WordPress Blog","potentialAction":[{"@type":"SearchAction","target":{"@type":"EntryPoint","urlTemplate":"https:\/\/aviator-game.cafe\/lt\/?s={search_term_string}"},"query-input":{"@type":"PropertyValueSpecification","valueRequired":true,"valueName":"search_term_string"}}],"inLanguage":"lt-LT"}]}},"_links":{"self":[{"href":"https:\/\/aviator-game.cafe\/lt\/wp-json\/wp\/v2\/pages\/208","targetHints":{"allow":["GET"]}}],"collection":[{"href":"https:\/\/aviator-game.cafe\/lt\/wp-json\/wp\/v2\/pages"}],"about":[{"href":"https:\/\/aviator-game.cafe\/lt\/wp-json\/wp\/v2\/types\/page"}],"author":[{"embeddable":true,"href":"https:\/\/aviator-game.cafe\/lt\/wp-json\/wp\/v2\/users\/1"}],"replies":[{"embeddable":true,"href":"https:\/\/aviator-game.cafe\/lt\/wp-json\/wp\/v2\/comments?post=208"}],"version-history":[{"count":9,"href":"https:\/\/aviator-game.cafe\/lt\/wp-json\/wp\/v2\/pages\/208\/revisions"}],"predecessor-version":[{"id":277,"href":"https:\/\/aviator-game.cafe\/lt\/wp-json\/wp\/v2\/pages\/208\/revisions\/277"}],"wp:attachment":[{"href":"https:\/\/aviator-game.cafe\/lt\/wp-json\/wp\/v2\/media?parent=208"}],"curies":[{"name":"wp","href":"https:\/\/api.w.org\/{rel}","templated":true}]}}