{"id":215,"date":"2025-02-06T07:31:41","date_gmt":"2025-02-06T07:31:41","guid":{"rendered":"https:\/\/aviator-game.cafe\/lt\/?page_id=215"},"modified":"2025-05-05T08:20:11","modified_gmt":"2025-05-05T08:20:11","slug":"predictor","status":"publish","type":"page","link":"https:\/\/aviator-game.cafe\/lt\/predictor\/","title":{"rendered":"Numatytojas"},"content":{"rendered":"","protected":false},"excerpt":{"rendered":"","protected":false},"author":1,"featured_media":0,"parent":0,"menu_order":4,"comment_status":"closed","ping_status":"closed","template":"","meta":{"footnotes":""},"class_list":["post-215","page","type-page","status-publish","hentry"],"yoast_head":"<!-- This site is optimized with the Yoast SEO plugin v24.3 - https:\/\/yoast.com\/wordpress\/plugins\/seo\/ -->\n<title>\u201eAviator Predictor\u201c \u27a3 \u017eaidimo analiz\u0117 ir prognoz\u0117s<\/title>\n<meta name=\"description\" content=\"Norite da\u017eniau laim\u0117ti \u201eAviator\u201c \u017eaidime? \u201eAviator Predictor\u201c \u2013 j\u016bs\u0173 s\u0117km\u0117s paslaptis! Nor\u0117dami gauti tikslias prognozes ir protingus statymus, naudokite m\u016bs\u0173 skai\u010diuotuv\u0105.\" \/>\n<meta name=\"robots\" content=\"index, follow, max-snippet:-1, max-image-preview:large, max-video-preview:-1\" \/>\n<meta property=\"og:locale\" content=\"lt_LT\" \/>\n<meta property=\"og:type\" content=\"article\" \/>\n<meta property=\"og:title\" content=\"\u201eAviator Predictor\u201c \u27a3 \u017eaidimo analiz\u0117 ir prognoz\u0117s\" \/>\n<meta property=\"og:description\" content=\"Norite da\u017eniau laim\u0117ti \u201eAviator\u201c \u017eaidime? \u201eAviator Predictor\u201c \u2013 j\u016bs\u0173 s\u0117km\u0117s paslaptis! Nor\u0117dami gauti tikslias prognozes ir protingus statymus, naudokite m\u016bs\u0173 skai\u010diuotuv\u0105.\" \/>\n<meta property=\"og:url\" content=\"https:\/\/aviator-game.cafe\/lt\/predictor\/\" \/>\n<meta property=\"og:site_name\" content=\"aviator-game lt\" \/>\n<meta property=\"article:modified_time\" content=\"2025-05-05T08:20:11+00:00\" \/>\n<meta name=\"twitter:card\" content=\"summary_large_image\" \/>\n<script type=\"application\/ld+json\" class=\"yoast-schema-graph\">{\"@context\":\"https:\/\/schema.org\",\"@graph\":[{\"@type\":\"WebPage\",\"@id\":\"https:\/\/aviator-game.cafe\/lt\/predictor\/\",\"url\":\"https:\/\/aviator-game.cafe\/lt\/predictor\/\",\"name\":\"\u201eAviator Predictor\u201c \u27a3 \u017eaidimo analiz\u0117 ir prognoz\u0117s\",\"isPartOf\":{\"@id\":\"https:\/\/aviator-game.cafe\/lt\/#website\"},\"datePublished\":\"2025-02-06T07:31:41+00:00\",\"dateModified\":\"2025-05-05T08:20:11+00:00\",\"description\":\"Norite da\u017eniau laim\u0117ti \u201eAviator\u201c \u017eaidime? \u201eAviator Predictor\u201c \u2013 j\u016bs\u0173 s\u0117km\u0117s paslaptis! Nor\u0117dami gauti tikslias prognozes ir protingus statymus, naudokite m\u016bs\u0173 skai\u010diuotuv\u0105.\",\"breadcrumb\":{\"@id\":\"https:\/\/aviator-game.cafe\/lt\/predictor\/#breadcrumb\"},\"inLanguage\":\"lt-LT\",\"potentialAction\":[{\"@type\":\"ReadAction\",\"target\":[\"https:\/\/aviator-game.cafe\/lt\/predictor\/\"]}]},{\"@type\":\"BreadcrumbList\",\"@id\":\"https:\/\/aviator-game.cafe\/lt\/predictor\/#breadcrumb\",\"itemListElement\":[{\"@type\":\"ListItem\",\"position\":1,\"name\":\"\u0413\u043b\u0430\u0432\u043d\u0430\u044f \u0441\u0442\u0440\u0430\u043d\u0438\u0446\u0430\",\"item\":\"https:\/\/aviator-game.cafe\/lt\/\"},{\"@type\":\"ListItem\",\"position\":2,\"name\":\"Numatytojas\"}]},{\"@type\":\"WebSite\",\"@id\":\"https:\/\/aviator-game.cafe\/lt\/#website\",\"url\":\"https:\/\/aviator-game.cafe\/lt\/\",\"name\":\"aviator-game lt\",\"description\":\"My WordPress Blog\",\"potentialAction\":[{\"@type\":\"SearchAction\",\"target\":{\"@type\":\"EntryPoint\",\"urlTemplate\":\"https:\/\/aviator-game.cafe\/lt\/?s={search_term_string}\"},\"query-input\":{\"@type\":\"PropertyValueSpecification\",\"valueRequired\":true,\"valueName\":\"search_term_string\"}}],\"inLanguage\":\"lt-LT\"}]}<\/script>\n<!-- \/ Yoast SEO plugin. -->","yoast_head_json":{"title":"\u201eAviator Predictor\u201c \u27a3 \u017eaidimo analiz\u0117 ir prognoz\u0117s","description":"Norite da\u017eniau laim\u0117ti \u201eAviator\u201c \u017eaidime? \u201eAviator Predictor\u201c \u2013 j\u016bs\u0173 s\u0117km\u0117s paslaptis! Nor\u0117dami gauti tikslias prognozes ir protingus statymus, naudokite m\u016bs\u0173 skai\u010diuotuv\u0105.","robots":{"index":"index","follow":"follow","max-snippet":"max-snippet:-1","max-image-preview":"max-image-preview:large","max-video-preview":"max-video-preview:-1"},"og_locale":"lt_LT","og_type":"article","og_title":"\u201eAviator Predictor\u201c \u27a3 \u017eaidimo analiz\u0117 ir prognoz\u0117s","og_description":"Norite da\u017eniau laim\u0117ti \u201eAviator\u201c \u017eaidime? \u201eAviator Predictor\u201c \u2013 j\u016bs\u0173 s\u0117km\u0117s paslaptis! Nor\u0117dami gauti tikslias prognozes ir protingus statymus, naudokite m\u016bs\u0173 skai\u010diuotuv\u0105.","og_url":"https:\/\/aviator-game.cafe\/lt\/predictor\/","og_site_name":"aviator-game lt","article_modified_time":"2025-05-05T08:20:11+00:00","twitter_card":"summary_large_image","schema":{"@context":"https:\/\/schema.org","@graph":[{"@type":"WebPage","@id":"https:\/\/aviator-game.cafe\/lt\/predictor\/","url":"https:\/\/aviator-game.cafe\/lt\/predictor\/","name":"\u201eAviator Predictor\u201c \u27a3 \u017eaidimo analiz\u0117 ir prognoz\u0117s","isPartOf":{"@id":"https:\/\/aviator-game.cafe\/lt\/#website"},"datePublished":"2025-02-06T07:31:41+00:00","dateModified":"2025-05-05T08:20:11+00:00","description":"Norite da\u017eniau laim\u0117ti \u201eAviator\u201c \u017eaidime? \u201eAviator Predictor\u201c \u2013 j\u016bs\u0173 s\u0117km\u0117s paslaptis! Nor\u0117dami gauti tikslias prognozes ir protingus statymus, naudokite m\u016bs\u0173 skai\u010diuotuv\u0105.","breadcrumb":{"@id":"https:\/\/aviator-game.cafe\/lt\/predictor\/#breadcrumb"},"inLanguage":"lt-LT","potentialAction":[{"@type":"ReadAction","target":["https:\/\/aviator-game.cafe\/lt\/predictor\/"]}]},{"@type":"BreadcrumbList","@id":"https:\/\/aviator-game.cafe\/lt\/predictor\/#breadcrumb","itemListElement":[{"@type":"ListItem","position":1,"name":"\u0413\u043b\u0430\u0432\u043d\u0430\u044f \u0441\u0442\u0440\u0430\u043d\u0438\u0446\u0430","item":"https:\/\/aviator-game.cafe\/lt\/"},{"@type":"ListItem","position":2,"name":"Numatytojas"}]},{"@type":"WebSite","@id":"https:\/\/aviator-game.cafe\/lt\/#website","url":"https:\/\/aviator-game.cafe\/lt\/","name":"aviator-game lt","description":"My WordPress Blog","potentialAction":[{"@type":"SearchAction","target":{"@type":"EntryPoint","urlTemplate":"https:\/\/aviator-game.cafe\/lt\/?s={search_term_string}"},"query-input":{"@type":"PropertyValueSpecification","valueRequired":true,"valueName":"search_term_string"}}],"inLanguage":"lt-LT"}]}},"_links":{"self":[{"href":"https:\/\/aviator-game.cafe\/lt\/wp-json\/wp\/v2\/pages\/215","targetHints":{"allow":["GET"]}}],"collection":[{"href":"https:\/\/aviator-game.cafe\/lt\/wp-json\/wp\/v2\/pages"}],"about":[{"href":"https:\/\/aviator-game.cafe\/lt\/wp-json\/wp\/v2\/types\/page"}],"author":[{"embeddable":true,"href":"https:\/\/aviator-game.cafe\/lt\/wp-json\/wp\/v2\/users\/1"}],"replies":[{"embeddable":true,"href":"https:\/\/aviator-game.cafe\/lt\/wp-json\/wp\/v2\/comments?post=215"}],"version-history":[{"count":6,"href":"https:\/\/aviator-game.cafe\/lt\/wp-json\/wp\/v2\/pages\/215\/revisions"}],"predecessor-version":[{"id":278,"href":"https:\/\/aviator-game.cafe\/lt\/wp-json\/wp\/v2\/pages\/215\/revisions\/278"}],"wp:attachment":[{"href":"https:\/\/aviator-game.cafe\/lt\/wp-json\/wp\/v2\/media?parent=215"}],"curies":[{"name":"wp","href":"https:\/\/api.w.org\/{rel}","templated":true}]}}