{"id":218,"date":"2025-02-06T08:09:51","date_gmt":"2025-02-06T08:09:51","guid":{"rendered":"https:\/\/aviator-game.cafe\/lt\/?page_id=218"},"modified":"2025-05-05T08:24:56","modified_gmt":"2025-05-05T08:24:56","slug":"app","status":"publish","type":"page","link":"https:\/\/aviator-game.cafe\/lt\/app\/","title":{"rendered":"Program\u0117l\u0117"},"content":{"rendered":"","protected":false},"excerpt":{"rendered":"","protected":false},"author":1,"featured_media":0,"parent":0,"menu_order":5,"comment_status":"closed","ping_status":"closed","template":"","meta":{"footnotes":""},"class_list":["post-218","page","type-page","status-publish","hentry"],"yoast_head":"<!-- This site is optimized with the Yoast SEO plugin v24.3 - https:\/\/yoast.com\/wordpress\/plugins\/seo\/ -->\n<title>\u201eAviator\u201c program\u0117l\u0117\u261b tiems, kurie moka \u017eaisti \u017eaidimus.<\/title>\n<meta name=\"description\" content=\"\u201eAviator\u201c \u017eaidimo gerb\u0117jai tikrai \u012fvertins program\u0117l\u0117s, sukurtos \u017eaisti su malonumu ir pasiekti nauj\u0173 auk\u0161tum\u0173, patogum\u0105.\" \/>\n<meta name=\"robots\" content=\"index, follow, max-snippet:-1, max-image-preview:large, max-video-preview:-1\" \/>\n<meta property=\"og:locale\" content=\"lt_LT\" \/>\n<meta property=\"og:type\" content=\"article\" \/>\n<meta property=\"og:title\" content=\"\u201eAviator\u201c program\u0117l\u0117\u261b tiems, kurie moka \u017eaisti \u017eaidimus.\" \/>\n<meta property=\"og:description\" content=\"\u201eAviator\u201c \u017eaidimo gerb\u0117jai tikrai \u012fvertins program\u0117l\u0117s, sukurtos \u017eaisti su malonumu ir pasiekti nauj\u0173 auk\u0161tum\u0173, patogum\u0105.\" \/>\n<meta property=\"og:url\" content=\"https:\/\/aviator-game.cafe\/lt\/app\/\" \/>\n<meta property=\"og:site_name\" content=\"aviator-game lt\" \/>\n<meta property=\"article:modified_time\" content=\"2025-05-05T08:24:56+00:00\" \/>\n<meta name=\"twitter:card\" content=\"summary_large_image\" \/>\n<script type=\"application\/ld+json\" class=\"yoast-schema-graph\">{\"@context\":\"https:\/\/schema.org\",\"@graph\":[{\"@type\":\"WebPage\",\"@id\":\"https:\/\/aviator-game.cafe\/lt\/app\/\",\"url\":\"https:\/\/aviator-game.cafe\/lt\/app\/\",\"name\":\"\u201eAviator\u201c program\u0117l\u0117\u261b tiems, kurie moka \u017eaisti \u017eaidimus.\",\"isPartOf\":{\"@id\":\"https:\/\/aviator-game.cafe\/lt\/#website\"},\"datePublished\":\"2025-02-06T08:09:51+00:00\",\"dateModified\":\"2025-05-05T08:24:56+00:00\",\"description\":\"\u201eAviator\u201c \u017eaidimo gerb\u0117jai tikrai \u012fvertins program\u0117l\u0117s, sukurtos \u017eaisti su malonumu ir pasiekti nauj\u0173 auk\u0161tum\u0173, patogum\u0105.\",\"breadcrumb\":{\"@id\":\"https:\/\/aviator-game.cafe\/lt\/app\/#breadcrumb\"},\"inLanguage\":\"lt-LT\",\"potentialAction\":[{\"@type\":\"ReadAction\",\"target\":[\"https:\/\/aviator-game.cafe\/lt\/app\/\"]}]},{\"@type\":\"BreadcrumbList\",\"@id\":\"https:\/\/aviator-game.cafe\/lt\/app\/#breadcrumb\",\"itemListElement\":[{\"@type\":\"ListItem\",\"position\":1,\"name\":\"\u0413\u043b\u0430\u0432\u043d\u0430\u044f \u0441\u0442\u0440\u0430\u043d\u0438\u0446\u0430\",\"item\":\"https:\/\/aviator-game.cafe\/lt\/\"},{\"@type\":\"ListItem\",\"position\":2,\"name\":\"Program\u0117l\u0117\"}]},{\"@type\":\"WebSite\",\"@id\":\"https:\/\/aviator-game.cafe\/lt\/#website\",\"url\":\"https:\/\/aviator-game.cafe\/lt\/\",\"name\":\"aviator-game lt\",\"description\":\"My WordPress Blog\",\"potentialAction\":[{\"@type\":\"SearchAction\",\"target\":{\"@type\":\"EntryPoint\",\"urlTemplate\":\"https:\/\/aviator-game.cafe\/lt\/?s={search_term_string}\"},\"query-input\":{\"@type\":\"PropertyValueSpecification\",\"valueRequired\":true,\"valueName\":\"search_term_string\"}}],\"inLanguage\":\"lt-LT\"}]}<\/script>\n<!-- \/ Yoast SEO plugin. -->","yoast_head_json":{"title":"\u201eAviator\u201c program\u0117l\u0117\u261b tiems, kurie moka \u017eaisti \u017eaidimus.","description":"\u201eAviator\u201c \u017eaidimo gerb\u0117jai tikrai \u012fvertins program\u0117l\u0117s, sukurtos \u017eaisti su malonumu ir pasiekti nauj\u0173 auk\u0161tum\u0173, patogum\u0105.","robots":{"index":"index","follow":"follow","max-snippet":"max-snippet:-1","max-image-preview":"max-image-preview:large","max-video-preview":"max-video-preview:-1"},"og_locale":"lt_LT","og_type":"article","og_title":"\u201eAviator\u201c program\u0117l\u0117\u261b tiems, kurie moka \u017eaisti \u017eaidimus.","og_description":"\u201eAviator\u201c \u017eaidimo gerb\u0117jai tikrai \u012fvertins program\u0117l\u0117s, sukurtos \u017eaisti su malonumu ir pasiekti nauj\u0173 auk\u0161tum\u0173, patogum\u0105.","og_url":"https:\/\/aviator-game.cafe\/lt\/app\/","og_site_name":"aviator-game lt","article_modified_time":"2025-05-05T08:24:56+00:00","twitter_card":"summary_large_image","schema":{"@context":"https:\/\/schema.org","@graph":[{"@type":"WebPage","@id":"https:\/\/aviator-game.cafe\/lt\/app\/","url":"https:\/\/aviator-game.cafe\/lt\/app\/","name":"\u201eAviator\u201c program\u0117l\u0117\u261b tiems, kurie moka \u017eaisti \u017eaidimus.","isPartOf":{"@id":"https:\/\/aviator-game.cafe\/lt\/#website"},"datePublished":"2025-02-06T08:09:51+00:00","dateModified":"2025-05-05T08:24:56+00:00","description":"\u201eAviator\u201c \u017eaidimo gerb\u0117jai tikrai \u012fvertins program\u0117l\u0117s, sukurtos \u017eaisti su malonumu ir pasiekti nauj\u0173 auk\u0161tum\u0173, patogum\u0105.","breadcrumb":{"@id":"https:\/\/aviator-game.cafe\/lt\/app\/#breadcrumb"},"inLanguage":"lt-LT","potentialAction":[{"@type":"ReadAction","target":["https:\/\/aviator-game.cafe\/lt\/app\/"]}]},{"@type":"BreadcrumbList","@id":"https:\/\/aviator-game.cafe\/lt\/app\/#breadcrumb","itemListElement":[{"@type":"ListItem","position":1,"name":"\u0413\u043b\u0430\u0432\u043d\u0430\u044f \u0441\u0442\u0440\u0430\u043d\u0438\u0446\u0430","item":"https:\/\/aviator-game.cafe\/lt\/"},{"@type":"ListItem","position":2,"name":"Program\u0117l\u0117"}]},{"@type":"WebSite","@id":"https:\/\/aviator-game.cafe\/lt\/#website","url":"https:\/\/aviator-game.cafe\/lt\/","name":"aviator-game lt","description":"My WordPress Blog","potentialAction":[{"@type":"SearchAction","target":{"@type":"EntryPoint","urlTemplate":"https:\/\/aviator-game.cafe\/lt\/?s={search_term_string}"},"query-input":{"@type":"PropertyValueSpecification","valueRequired":true,"valueName":"search_term_string"}}],"inLanguage":"lt-LT"}]}},"_links":{"self":[{"href":"https:\/\/aviator-game.cafe\/lt\/wp-json\/wp\/v2\/pages\/218","targetHints":{"allow":["GET"]}}],"collection":[{"href":"https:\/\/aviator-game.cafe\/lt\/wp-json\/wp\/v2\/pages"}],"about":[{"href":"https:\/\/aviator-game.cafe\/lt\/wp-json\/wp\/v2\/types\/page"}],"author":[{"embeddable":true,"href":"https:\/\/aviator-game.cafe\/lt\/wp-json\/wp\/v2\/users\/1"}],"replies":[{"embeddable":true,"href":"https:\/\/aviator-game.cafe\/lt\/wp-json\/wp\/v2\/comments?post=218"}],"version-history":[{"count":7,"href":"https:\/\/aviator-game.cafe\/lt\/wp-json\/wp\/v2\/pages\/218\/revisions"}],"predecessor-version":[{"id":279,"href":"https:\/\/aviator-game.cafe\/lt\/wp-json\/wp\/v2\/pages\/218\/revisions\/279"}],"wp:attachment":[{"href":"https:\/\/aviator-game.cafe\/lt\/wp-json\/wp\/v2\/media?parent=218"}],"curies":[{"name":"wp","href":"https:\/\/api.w.org\/{rel}","templated":true}]}}