{"id":215,"date":"2025-02-06T07:31:41","date_gmt":"2025-02-06T07:31:41","guid":{"rendered":"https:\/\/aviator-game.cafe\/nb\/?page_id=215"},"modified":"2025-04-11T14:38:32","modified_gmt":"2025-04-11T14:38:32","slug":"predictor","status":"publish","type":"page","link":"https:\/\/aviator-game.cafe\/nb\/predictor\/","title":{"rendered":"Prediktor"},"content":{"rendered":"","protected":false},"excerpt":{"rendered":"","protected":false},"author":1,"featured_media":0,"parent":0,"menu_order":4,"comment_status":"closed","ping_status":"closed","template":"","meta":{"footnotes":""},"class_list":["post-215","page","type-page","status-publish","hentry"],"yoast_head":"<!-- This site is optimized with the Yoast SEO plugin v24.3 - https:\/\/yoast.com\/wordpress\/plugins\/seo\/ -->\n<title>Aviator Predictor \u27a3 analyse og sp\u00e5dommer for spillet<\/title>\n<meta name=\"description\" content=\"Vil du vinne oftere p\u00e5 Aviator? Aviator Predictor er din hemmelighet til suksess! Bruk kalkulatoren v\u00e5r for n\u00f8yaktige sp\u00e5dommer og smarte spill.\" \/>\n<meta name=\"robots\" content=\"index, follow, max-snippet:-1, max-image-preview:large, max-video-preview:-1\" \/>\n<meta property=\"og:locale\" content=\"nb_NO\" \/>\n<meta property=\"og:type\" content=\"article\" \/>\n<meta property=\"og:title\" content=\"Aviator Predictor \u27a3 analyse og sp\u00e5dommer for spillet\" \/>\n<meta property=\"og:description\" content=\"Vil du vinne oftere p\u00e5 Aviator? Aviator Predictor er din hemmelighet til suksess! Bruk kalkulatoren v\u00e5r for n\u00f8yaktige sp\u00e5dommer og smarte spill.\" \/>\n<meta property=\"og:url\" content=\"https:\/\/aviator-game.cafe\/nb\/predictor\/\" \/>\n<meta property=\"og:site_name\" content=\"aviator-game nb\" \/>\n<meta property=\"article:modified_time\" content=\"2025-04-11T14:38:32+00:00\" \/>\n<meta name=\"twitter:card\" content=\"summary_large_image\" \/>\n<script type=\"application\/ld+json\" class=\"yoast-schema-graph\">{\"@context\":\"https:\/\/schema.org\",\"@graph\":[{\"@type\":\"WebPage\",\"@id\":\"https:\/\/aviator-game.cafe\/nb\/predictor\/\",\"url\":\"https:\/\/aviator-game.cafe\/nb\/predictor\/\",\"name\":\"Aviator Predictor \u27a3 analyse og sp\u00e5dommer for spillet\",\"isPartOf\":{\"@id\":\"https:\/\/aviator-game.cafe\/nb\/#website\"},\"datePublished\":\"2025-02-06T07:31:41+00:00\",\"dateModified\":\"2025-04-11T14:38:32+00:00\",\"description\":\"Vil du vinne oftere p\u00e5 Aviator? Aviator Predictor er din hemmelighet til suksess! Bruk kalkulatoren v\u00e5r for n\u00f8yaktige sp\u00e5dommer og smarte spill.\",\"breadcrumb\":{\"@id\":\"https:\/\/aviator-game.cafe\/nb\/predictor\/#breadcrumb\"},\"inLanguage\":\"nb-NO\",\"potentialAction\":[{\"@type\":\"ReadAction\",\"target\":[\"https:\/\/aviator-game.cafe\/nb\/predictor\/\"]}]},{\"@type\":\"BreadcrumbList\",\"@id\":\"https:\/\/aviator-game.cafe\/nb\/predictor\/#breadcrumb\",\"itemListElement\":[{\"@type\":\"ListItem\",\"position\":1,\"name\":\"\u0413\u043b\u0430\u0432\u043d\u0430\u044f \u0441\u0442\u0440\u0430\u043d\u0438\u0446\u0430\",\"item\":\"https:\/\/aviator-game.cafe\/nb\/\"},{\"@type\":\"ListItem\",\"position\":2,\"name\":\"Prediktor\"}]},{\"@type\":\"WebSite\",\"@id\":\"https:\/\/aviator-game.cafe\/nb\/#website\",\"url\":\"https:\/\/aviator-game.cafe\/nb\/\",\"name\":\"aviator-game nb\",\"description\":\"My WordPress Blog\",\"potentialAction\":[{\"@type\":\"SearchAction\",\"target\":{\"@type\":\"EntryPoint\",\"urlTemplate\":\"https:\/\/aviator-game.cafe\/nb\/?s={search_term_string}\"},\"query-input\":{\"@type\":\"PropertyValueSpecification\",\"valueRequired\":true,\"valueName\":\"search_term_string\"}}],\"inLanguage\":\"nb-NO\"}]}<\/script>\n<!-- \/ Yoast SEO plugin. -->","yoast_head_json":{"title":"Aviator Predictor \u27a3 analyse og sp\u00e5dommer for spillet","description":"Vil du vinne oftere p\u00e5 Aviator? Aviator Predictor er din hemmelighet til suksess! Bruk kalkulatoren v\u00e5r for n\u00f8yaktige sp\u00e5dommer og smarte spill.","robots":{"index":"index","follow":"follow","max-snippet":"max-snippet:-1","max-image-preview":"max-image-preview:large","max-video-preview":"max-video-preview:-1"},"og_locale":"nb_NO","og_type":"article","og_title":"Aviator Predictor \u27a3 analyse og sp\u00e5dommer for spillet","og_description":"Vil du vinne oftere p\u00e5 Aviator? Aviator Predictor er din hemmelighet til suksess! Bruk kalkulatoren v\u00e5r for n\u00f8yaktige sp\u00e5dommer og smarte spill.","og_url":"https:\/\/aviator-game.cafe\/nb\/predictor\/","og_site_name":"aviator-game nb","article_modified_time":"2025-04-11T14:38:32+00:00","twitter_card":"summary_large_image","schema":{"@context":"https:\/\/schema.org","@graph":[{"@type":"WebPage","@id":"https:\/\/aviator-game.cafe\/nb\/predictor\/","url":"https:\/\/aviator-game.cafe\/nb\/predictor\/","name":"Aviator Predictor \u27a3 analyse og sp\u00e5dommer for spillet","isPartOf":{"@id":"https:\/\/aviator-game.cafe\/nb\/#website"},"datePublished":"2025-02-06T07:31:41+00:00","dateModified":"2025-04-11T14:38:32+00:00","description":"Vil du vinne oftere p\u00e5 Aviator? Aviator Predictor er din hemmelighet til suksess! Bruk kalkulatoren v\u00e5r for n\u00f8yaktige sp\u00e5dommer og smarte spill.","breadcrumb":{"@id":"https:\/\/aviator-game.cafe\/nb\/predictor\/#breadcrumb"},"inLanguage":"nb-NO","potentialAction":[{"@type":"ReadAction","target":["https:\/\/aviator-game.cafe\/nb\/predictor\/"]}]},{"@type":"BreadcrumbList","@id":"https:\/\/aviator-game.cafe\/nb\/predictor\/#breadcrumb","itemListElement":[{"@type":"ListItem","position":1,"name":"\u0413\u043b\u0430\u0432\u043d\u0430\u044f \u0441\u0442\u0440\u0430\u043d\u0438\u0446\u0430","item":"https:\/\/aviator-game.cafe\/nb\/"},{"@type":"ListItem","position":2,"name":"Prediktor"}]},{"@type":"WebSite","@id":"https:\/\/aviator-game.cafe\/nb\/#website","url":"https:\/\/aviator-game.cafe\/nb\/","name":"aviator-game nb","description":"My WordPress Blog","potentialAction":[{"@type":"SearchAction","target":{"@type":"EntryPoint","urlTemplate":"https:\/\/aviator-game.cafe\/nb\/?s={search_term_string}"},"query-input":{"@type":"PropertyValueSpecification","valueRequired":true,"valueName":"search_term_string"}}],"inLanguage":"nb-NO"}]}},"_links":{"self":[{"href":"https:\/\/aviator-game.cafe\/nb\/wp-json\/wp\/v2\/pages\/215","targetHints":{"allow":["GET"]}}],"collection":[{"href":"https:\/\/aviator-game.cafe\/nb\/wp-json\/wp\/v2\/pages"}],"about":[{"href":"https:\/\/aviator-game.cafe\/nb\/wp-json\/wp\/v2\/types\/page"}],"author":[{"embeddable":true,"href":"https:\/\/aviator-game.cafe\/nb\/wp-json\/wp\/v2\/users\/1"}],"replies":[{"embeddable":true,"href":"https:\/\/aviator-game.cafe\/nb\/wp-json\/wp\/v2\/comments?post=215"}],"version-history":[{"count":6,"href":"https:\/\/aviator-game.cafe\/nb\/wp-json\/wp\/v2\/pages\/215\/revisions"}],"predecessor-version":[{"id":271,"href":"https:\/\/aviator-game.cafe\/nb\/wp-json\/wp\/v2\/pages\/215\/revisions\/271"}],"wp:attachment":[{"href":"https:\/\/aviator-game.cafe\/nb\/wp-json\/wp\/v2\/media?parent=215"}],"curies":[{"name":"wp","href":"https:\/\/api.w.org\/{rel}","templated":true}]}}