{"id":218,"date":"2025-02-06T08:09:51","date_gmt":"2025-02-06T08:09:51","guid":{"rendered":"https:\/\/aviator-game.cafe\/nb\/?page_id=218"},"modified":"2025-04-11T14:44:46","modified_gmt":"2025-04-11T14:44:46","slug":"app","status":"publish","type":"page","link":"https:\/\/aviator-game.cafe\/nb\/app\/","title":{"rendered":"Applikasjon"},"content":{"rendered":"","protected":false},"excerpt":{"rendered":"","protected":false},"author":1,"featured_media":0,"parent":0,"menu_order":5,"comment_status":"closed","ping_status":"closed","template":"","meta":{"footnotes":""},"class_list":["post-218","page","type-page","status-publish","hentry"],"yoast_head":"<!-- This site is optimized with the Yoast SEO plugin v24.3 - https:\/\/yoast.com\/wordpress\/plugins\/seo\/ -->\n<title>Aviator App\u261b for de som vet hvordan man spiller spill.<\/title>\n<meta name=\"description\" content=\"Fans av Aviator-spillet vil helt sikkert sette pris p\u00e5 bekvemmeligheten av en app som er designet for \u00e5 spille med moro og n\u00e5 nye h\u00f8yder.\" \/>\n<meta name=\"robots\" content=\"index, follow, max-snippet:-1, max-image-preview:large, max-video-preview:-1\" \/>\n<meta property=\"og:locale\" content=\"nb_NO\" \/>\n<meta property=\"og:type\" content=\"article\" \/>\n<meta property=\"og:title\" content=\"Aviator App\u261b for de som vet hvordan man spiller spill.\" \/>\n<meta property=\"og:description\" content=\"Fans av Aviator-spillet vil helt sikkert sette pris p\u00e5 bekvemmeligheten av en app som er designet for \u00e5 spille med moro og n\u00e5 nye h\u00f8yder.\" \/>\n<meta property=\"og:url\" content=\"https:\/\/aviator-game.cafe\/nb\/app\/\" \/>\n<meta property=\"og:site_name\" content=\"aviator-game nb\" \/>\n<meta property=\"article:modified_time\" content=\"2025-04-11T14:44:46+00:00\" \/>\n<meta name=\"twitter:card\" content=\"summary_large_image\" \/>\n<script type=\"application\/ld+json\" class=\"yoast-schema-graph\">{\"@context\":\"https:\/\/schema.org\",\"@graph\":[{\"@type\":\"WebPage\",\"@id\":\"https:\/\/aviator-game.cafe\/nb\/app\/\",\"url\":\"https:\/\/aviator-game.cafe\/nb\/app\/\",\"name\":\"Aviator App\u261b for de som vet hvordan man spiller spill.\",\"isPartOf\":{\"@id\":\"https:\/\/aviator-game.cafe\/nb\/#website\"},\"datePublished\":\"2025-02-06T08:09:51+00:00\",\"dateModified\":\"2025-04-11T14:44:46+00:00\",\"description\":\"Fans av Aviator-spillet vil helt sikkert sette pris p\u00e5 bekvemmeligheten av en app som er designet for \u00e5 spille med moro og n\u00e5 nye h\u00f8yder.\",\"breadcrumb\":{\"@id\":\"https:\/\/aviator-game.cafe\/nb\/app\/#breadcrumb\"},\"inLanguage\":\"nb-NO\",\"potentialAction\":[{\"@type\":\"ReadAction\",\"target\":[\"https:\/\/aviator-game.cafe\/nb\/app\/\"]}]},{\"@type\":\"BreadcrumbList\",\"@id\":\"https:\/\/aviator-game.cafe\/nb\/app\/#breadcrumb\",\"itemListElement\":[{\"@type\":\"ListItem\",\"position\":1,\"name\":\"\u0413\u043b\u0430\u0432\u043d\u0430\u044f \u0441\u0442\u0440\u0430\u043d\u0438\u0446\u0430\",\"item\":\"https:\/\/aviator-game.cafe\/nb\/\"},{\"@type\":\"ListItem\",\"position\":2,\"name\":\"Applikasjon\"}]},{\"@type\":\"WebSite\",\"@id\":\"https:\/\/aviator-game.cafe\/nb\/#website\",\"url\":\"https:\/\/aviator-game.cafe\/nb\/\",\"name\":\"aviator-game nb\",\"description\":\"My WordPress Blog\",\"potentialAction\":[{\"@type\":\"SearchAction\",\"target\":{\"@type\":\"EntryPoint\",\"urlTemplate\":\"https:\/\/aviator-game.cafe\/nb\/?s={search_term_string}\"},\"query-input\":{\"@type\":\"PropertyValueSpecification\",\"valueRequired\":true,\"valueName\":\"search_term_string\"}}],\"inLanguage\":\"nb-NO\"}]}<\/script>\n<!-- \/ Yoast SEO plugin. -->","yoast_head_json":{"title":"Aviator App\u261b for de som vet hvordan man spiller spill.","description":"Fans av Aviator-spillet vil helt sikkert sette pris p\u00e5 bekvemmeligheten av en app som er designet for \u00e5 spille med moro og n\u00e5 nye h\u00f8yder.","robots":{"index":"index","follow":"follow","max-snippet":"max-snippet:-1","max-image-preview":"max-image-preview:large","max-video-preview":"max-video-preview:-1"},"og_locale":"nb_NO","og_type":"article","og_title":"Aviator App\u261b for de som vet hvordan man spiller spill.","og_description":"Fans av Aviator-spillet vil helt sikkert sette pris p\u00e5 bekvemmeligheten av en app som er designet for \u00e5 spille med moro og n\u00e5 nye h\u00f8yder.","og_url":"https:\/\/aviator-game.cafe\/nb\/app\/","og_site_name":"aviator-game nb","article_modified_time":"2025-04-11T14:44:46+00:00","twitter_card":"summary_large_image","schema":{"@context":"https:\/\/schema.org","@graph":[{"@type":"WebPage","@id":"https:\/\/aviator-game.cafe\/nb\/app\/","url":"https:\/\/aviator-game.cafe\/nb\/app\/","name":"Aviator App\u261b for de som vet hvordan man spiller spill.","isPartOf":{"@id":"https:\/\/aviator-game.cafe\/nb\/#website"},"datePublished":"2025-02-06T08:09:51+00:00","dateModified":"2025-04-11T14:44:46+00:00","description":"Fans av Aviator-spillet vil helt sikkert sette pris p\u00e5 bekvemmeligheten av en app som er designet for \u00e5 spille med moro og n\u00e5 nye h\u00f8yder.","breadcrumb":{"@id":"https:\/\/aviator-game.cafe\/nb\/app\/#breadcrumb"},"inLanguage":"nb-NO","potentialAction":[{"@type":"ReadAction","target":["https:\/\/aviator-game.cafe\/nb\/app\/"]}]},{"@type":"BreadcrumbList","@id":"https:\/\/aviator-game.cafe\/nb\/app\/#breadcrumb","itemListElement":[{"@type":"ListItem","position":1,"name":"\u0413\u043b\u0430\u0432\u043d\u0430\u044f \u0441\u0442\u0440\u0430\u043d\u0438\u0446\u0430","item":"https:\/\/aviator-game.cafe\/nb\/"},{"@type":"ListItem","position":2,"name":"Applikasjon"}]},{"@type":"WebSite","@id":"https:\/\/aviator-game.cafe\/nb\/#website","url":"https:\/\/aviator-game.cafe\/nb\/","name":"aviator-game nb","description":"My WordPress Blog","potentialAction":[{"@type":"SearchAction","target":{"@type":"EntryPoint","urlTemplate":"https:\/\/aviator-game.cafe\/nb\/?s={search_term_string}"},"query-input":{"@type":"PropertyValueSpecification","valueRequired":true,"valueName":"search_term_string"}}],"inLanguage":"nb-NO"}]}},"_links":{"self":[{"href":"https:\/\/aviator-game.cafe\/nb\/wp-json\/wp\/v2\/pages\/218","targetHints":{"allow":["GET"]}}],"collection":[{"href":"https:\/\/aviator-game.cafe\/nb\/wp-json\/wp\/v2\/pages"}],"about":[{"href":"https:\/\/aviator-game.cafe\/nb\/wp-json\/wp\/v2\/types\/page"}],"author":[{"embeddable":true,"href":"https:\/\/aviator-game.cafe\/nb\/wp-json\/wp\/v2\/users\/1"}],"replies":[{"embeddable":true,"href":"https:\/\/aviator-game.cafe\/nb\/wp-json\/wp\/v2\/comments?post=218"}],"version-history":[{"count":7,"href":"https:\/\/aviator-game.cafe\/nb\/wp-json\/wp\/v2\/pages\/218\/revisions"}],"predecessor-version":[{"id":272,"href":"https:\/\/aviator-game.cafe\/nb\/wp-json\/wp\/v2\/pages\/218\/revisions\/272"}],"wp:attachment":[{"href":"https:\/\/aviator-game.cafe\/nb\/wp-json\/wp\/v2\/media?parent=218"}],"curies":[{"name":"wp","href":"https:\/\/api.w.org\/{rel}","templated":true}]}}