{"id":2,"date":"2023-05-18T17:18:34","date_gmt":"2023-05-18T17:18:34","guid":{"rendered":"https:\/\/aviator-game.cafe\/pl\/?page_id=2"},"modified":"2025-03-13T10:48:07","modified_gmt":"2025-03-13T10:48:07","slug":"sample-page","status":"publish","type":"page","link":"https:\/\/aviator-game.cafe\/pl\/","title":{"rendered":"G\u0142\u00f3wna"},"content":{"rendered":"","protected":false},"excerpt":{"rendered":"","protected":false},"author":1,"featured_media":0,"parent":0,"menu_order":0,"comment_status":"closed","ping_status":"closed","template":"","meta":{"footnotes":""},"class_list":["post-2","page","type-page","status-publish","hentry"],"yoast_head":"<!-- This site is optimized with the Yoast SEO plugin v24.3 - https:\/\/yoast.com\/wordpress\/plugins\/seo\/ -->\n<title>Aviator Game Polska \u1433 jak wygra\u0107 w tej ekscytuj\u0105cej grze?<\/title>\n<meta name=\"description\" content=\"Aviator to ekscytuj\u0105ca gra zderzeniowa z wysokim prawdopodobie\u0144stwem wygranej, prost\u0105 mechanik\u0105 i wci\u0105gaj\u0105c\u0105 rozgrywk\u0105. Wypr\u00f3buj Aviator!\" \/>\n<meta name=\"robots\" content=\"index, follow, max-snippet:-1, max-image-preview:large, max-video-preview:-1\" \/>\n<meta property=\"og:locale\" content=\"pl_PL\" \/>\n<meta property=\"og:type\" content=\"article\" \/>\n<meta property=\"og:title\" content=\"Aviator Game Polska \u1433 jak wygra\u0107 w tej ekscytuj\u0105cej grze?\" \/>\n<meta property=\"og:description\" content=\"Aviator to ekscytuj\u0105ca gra zderzeniowa z wysokim prawdopodobie\u0144stwem wygranej, prost\u0105 mechanik\u0105 i wci\u0105gaj\u0105c\u0105 rozgrywk\u0105. Wypr\u00f3buj Aviator!\" \/>\n<meta property=\"og:url\" content=\"https:\/\/aviator-game.cafe\/pl\/\" \/>\n<meta property=\"og:site_name\" content=\"aviator-game pl\" \/>\n<meta property=\"article:modified_time\" content=\"2025-03-13T10:48:07+00:00\" \/>\n<meta name=\"twitter:card\" content=\"summary_large_image\" \/>\n<script type=\"application\/ld+json\" class=\"yoast-schema-graph\">{\"@context\":\"https:\/\/schema.org\",\"@graph\":[{\"@type\":\"WebPage\",\"@id\":\"https:\/\/aviator-game.cafe\/pl\/\",\"url\":\"https:\/\/aviator-game.cafe\/pl\/\",\"name\":\"Aviator Game Polska \u1433 jak wygra\u0107 w tej ekscytuj\u0105cej grze?\",\"isPartOf\":{\"@id\":\"https:\/\/aviator-game.cafe\/pl\/#website\"},\"datePublished\":\"2023-05-18T17:18:34+00:00\",\"dateModified\":\"2025-03-13T10:48:07+00:00\",\"description\":\"Aviator to ekscytuj\u0105ca gra zderzeniowa z wysokim prawdopodobie\u0144stwem wygranej, prost\u0105 mechanik\u0105 i wci\u0105gaj\u0105c\u0105 rozgrywk\u0105. Wypr\u00f3buj Aviator!\",\"breadcrumb\":{\"@id\":\"https:\/\/aviator-game.cafe\/pl\/#breadcrumb\"},\"inLanguage\":\"pl-PL\",\"potentialAction\":[{\"@type\":\"ReadAction\",\"target\":[\"https:\/\/aviator-game.cafe\/pl\/\"]}]},{\"@type\":\"BreadcrumbList\",\"@id\":\"https:\/\/aviator-game.cafe\/pl\/#breadcrumb\",\"itemListElement\":[{\"@type\":\"ListItem\",\"position\":1,\"name\":\"\u0413\u043b\u0430\u0432\u043d\u0430\u044f \u0441\u0442\u0440\u0430\u043d\u0438\u0446\u0430\",\"item\":\"https:\/\/aviator-game.cafe\/pl\/\"},{\"@type\":\"ListItem\",\"position\":2,\"name\":\"G\u0142\u00f3wna\"}]},{\"@type\":\"WebSite\",\"@id\":\"https:\/\/aviator-game.cafe\/pl\/#website\",\"url\":\"https:\/\/aviator-game.cafe\/pl\/\",\"name\":\"aviator-game pl\",\"description\":\"My WordPress Blog\",\"potentialAction\":[{\"@type\":\"SearchAction\",\"target\":{\"@type\":\"EntryPoint\",\"urlTemplate\":\"https:\/\/aviator-game.cafe\/pl\/?s={search_term_string}\"},\"query-input\":{\"@type\":\"PropertyValueSpecification\",\"valueRequired\":true,\"valueName\":\"search_term_string\"}}],\"inLanguage\":\"pl-PL\"}]}<\/script>\n<!-- \/ Yoast SEO plugin. -->","yoast_head_json":{"title":"Aviator Game Polska \u1433 jak wygra\u0107 w tej ekscytuj\u0105cej grze?","description":"Aviator to ekscytuj\u0105ca gra zderzeniowa z wysokim prawdopodobie\u0144stwem wygranej, prost\u0105 mechanik\u0105 i wci\u0105gaj\u0105c\u0105 rozgrywk\u0105. Wypr\u00f3buj Aviator!","robots":{"index":"index","follow":"follow","max-snippet":"max-snippet:-1","max-image-preview":"max-image-preview:large","max-video-preview":"max-video-preview:-1"},"og_locale":"pl_PL","og_type":"article","og_title":"Aviator Game Polska \u1433 jak wygra\u0107 w tej ekscytuj\u0105cej grze?","og_description":"Aviator to ekscytuj\u0105ca gra zderzeniowa z wysokim prawdopodobie\u0144stwem wygranej, prost\u0105 mechanik\u0105 i wci\u0105gaj\u0105c\u0105 rozgrywk\u0105. Wypr\u00f3buj Aviator!","og_url":"https:\/\/aviator-game.cafe\/pl\/","og_site_name":"aviator-game pl","article_modified_time":"2025-03-13T10:48:07+00:00","twitter_card":"summary_large_image","schema":{"@context":"https:\/\/schema.org","@graph":[{"@type":"WebPage","@id":"https:\/\/aviator-game.cafe\/pl\/","url":"https:\/\/aviator-game.cafe\/pl\/","name":"Aviator Game Polska \u1433 jak wygra\u0107 w tej ekscytuj\u0105cej grze?","isPartOf":{"@id":"https:\/\/aviator-game.cafe\/pl\/#website"},"datePublished":"2023-05-18T17:18:34+00:00","dateModified":"2025-03-13T10:48:07+00:00","description":"Aviator to ekscytuj\u0105ca gra zderzeniowa z wysokim prawdopodobie\u0144stwem wygranej, prost\u0105 mechanik\u0105 i wci\u0105gaj\u0105c\u0105 rozgrywk\u0105. Wypr\u00f3buj Aviator!","breadcrumb":{"@id":"https:\/\/aviator-game.cafe\/pl\/#breadcrumb"},"inLanguage":"pl-PL","potentialAction":[{"@type":"ReadAction","target":["https:\/\/aviator-game.cafe\/pl\/"]}]},{"@type":"BreadcrumbList","@id":"https:\/\/aviator-game.cafe\/pl\/#breadcrumb","itemListElement":[{"@type":"ListItem","position":1,"name":"\u0413\u043b\u0430\u0432\u043d\u0430\u044f \u0441\u0442\u0440\u0430\u043d\u0438\u0446\u0430","item":"https:\/\/aviator-game.cafe\/pl\/"},{"@type":"ListItem","position":2,"name":"G\u0142\u00f3wna"}]},{"@type":"WebSite","@id":"https:\/\/aviator-game.cafe\/pl\/#website","url":"https:\/\/aviator-game.cafe\/pl\/","name":"aviator-game pl","description":"My WordPress Blog","potentialAction":[{"@type":"SearchAction","target":{"@type":"EntryPoint","urlTemplate":"https:\/\/aviator-game.cafe\/pl\/?s={search_term_string}"},"query-input":{"@type":"PropertyValueSpecification","valueRequired":true,"valueName":"search_term_string"}}],"inLanguage":"pl-PL"}]}},"_links":{"self":[{"href":"https:\/\/aviator-game.cafe\/pl\/wp-json\/wp\/v2\/pages\/2","targetHints":{"allow":["GET"]}}],"collection":[{"href":"https:\/\/aviator-game.cafe\/pl\/wp-json\/wp\/v2\/pages"}],"about":[{"href":"https:\/\/aviator-game.cafe\/pl\/wp-json\/wp\/v2\/types\/page"}],"author":[{"embeddable":true,"href":"https:\/\/aviator-game.cafe\/pl\/wp-json\/wp\/v2\/users\/1"}],"replies":[{"embeddable":true,"href":"https:\/\/aviator-game.cafe\/pl\/wp-json\/wp\/v2\/comments?post=2"}],"version-history":[{"count":15,"href":"https:\/\/aviator-game.cafe\/pl\/wp-json\/wp\/v2\/pages\/2\/revisions"}],"predecessor-version":[{"id":267,"href":"https:\/\/aviator-game.cafe\/pl\/wp-json\/wp\/v2\/pages\/2\/revisions\/267"}],"wp:attachment":[{"href":"https:\/\/aviator-game.cafe\/pl\/wp-json\/wp\/v2\/media?parent=2"}],"curies":[{"name":"wp","href":"https:\/\/api.w.org\/{rel}","templated":true}]}}