{"id":205,"date":"2025-02-05T15:49:28","date_gmt":"2025-02-05T15:49:28","guid":{"rendered":"https:\/\/aviator-game.cafe\/pl\/?page_id=205"},"modified":"2025-03-13T12:05:29","modified_gmt":"2025-03-13T12:05:29","slug":"demo","status":"publish","type":"page","link":"https:\/\/aviator-game.cafe\/pl\/demo\/","title":{"rendered":"Demo"},"content":{"rendered":"","protected":false},"excerpt":{"rendered":"","protected":false},"author":1,"featured_media":0,"parent":0,"menu_order":2,"comment_status":"closed","ping_status":"closed","template":"","meta":{"footnotes":""},"class_list":["post-205","page","type-page","status-publish","hentry"],"yoast_head":"<!-- This site is optimized with the Yoast SEO plugin v24.3 - https:\/\/yoast.com\/wordpress\/plugins\/seo\/ -->\n<title>Aviator demo Polska \u2907 najlepszy spos\u00f3b na opanowanie gry<\/title>\n<meta name=\"description\" content=\"Wersja demo gry Aviator pozwoli ci zapozna\u0107 si\u0119 z mechanik\u0105 gry, strategi\u0105 i oceni\u0107 stopie\u0144 ekscytacji, jaki daje ten automat.\" \/>\n<meta name=\"robots\" content=\"index, follow, max-snippet:-1, max-image-preview:large, max-video-preview:-1\" \/>\n<meta property=\"og:locale\" content=\"pl_PL\" \/>\n<meta property=\"og:type\" content=\"article\" \/>\n<meta property=\"og:title\" content=\"Aviator demo Polska \u2907 najlepszy spos\u00f3b na opanowanie gry\" \/>\n<meta property=\"og:description\" content=\"Wersja demo gry Aviator pozwoli ci zapozna\u0107 si\u0119 z mechanik\u0105 gry, strategi\u0105 i oceni\u0107 stopie\u0144 ekscytacji, jaki daje ten automat.\" \/>\n<meta property=\"og:url\" content=\"https:\/\/aviator-game.cafe\/pl\/demo\/\" \/>\n<meta property=\"og:site_name\" content=\"aviator-game pl\" \/>\n<meta property=\"article:modified_time\" content=\"2025-03-13T12:05:29+00:00\" \/>\n<meta name=\"twitter:card\" content=\"summary_large_image\" \/>\n<script type=\"application\/ld+json\" class=\"yoast-schema-graph\">{\"@context\":\"https:\/\/schema.org\",\"@graph\":[{\"@type\":\"WebPage\",\"@id\":\"https:\/\/aviator-game.cafe\/pl\/demo\/\",\"url\":\"https:\/\/aviator-game.cafe\/pl\/demo\/\",\"name\":\"Aviator demo Polska \u2907 najlepszy spos\u00f3b na opanowanie gry\",\"isPartOf\":{\"@id\":\"https:\/\/aviator-game.cafe\/pl\/#website\"},\"datePublished\":\"2025-02-05T15:49:28+00:00\",\"dateModified\":\"2025-03-13T12:05:29+00:00\",\"description\":\"Wersja demo gry Aviator pozwoli ci zapozna\u0107 si\u0119 z mechanik\u0105 gry, strategi\u0105 i oceni\u0107 stopie\u0144 ekscytacji, jaki daje ten automat.\",\"breadcrumb\":{\"@id\":\"https:\/\/aviator-game.cafe\/pl\/demo\/#breadcrumb\"},\"inLanguage\":\"pl-PL\",\"potentialAction\":[{\"@type\":\"ReadAction\",\"target\":[\"https:\/\/aviator-game.cafe\/pl\/demo\/\"]}]},{\"@type\":\"BreadcrumbList\",\"@id\":\"https:\/\/aviator-game.cafe\/pl\/demo\/#breadcrumb\",\"itemListElement\":[{\"@type\":\"ListItem\",\"position\":1,\"name\":\"\u0413\u043b\u0430\u0432\u043d\u0430\u044f \u0441\u0442\u0440\u0430\u043d\u0438\u0446\u0430\",\"item\":\"https:\/\/aviator-game.cafe\/pl\/\"},{\"@type\":\"ListItem\",\"position\":2,\"name\":\"Demo\"}]},{\"@type\":\"WebSite\",\"@id\":\"https:\/\/aviator-game.cafe\/pl\/#website\",\"url\":\"https:\/\/aviator-game.cafe\/pl\/\",\"name\":\"aviator-game pl\",\"description\":\"My WordPress Blog\",\"potentialAction\":[{\"@type\":\"SearchAction\",\"target\":{\"@type\":\"EntryPoint\",\"urlTemplate\":\"https:\/\/aviator-game.cafe\/pl\/?s={search_term_string}\"},\"query-input\":{\"@type\":\"PropertyValueSpecification\",\"valueRequired\":true,\"valueName\":\"search_term_string\"}}],\"inLanguage\":\"pl-PL\"}]}<\/script>\n<!-- \/ Yoast SEO plugin. -->","yoast_head_json":{"title":"Aviator demo Polska \u2907 najlepszy spos\u00f3b na opanowanie gry","description":"Wersja demo gry Aviator pozwoli ci zapozna\u0107 si\u0119 z mechanik\u0105 gry, strategi\u0105 i oceni\u0107 stopie\u0144 ekscytacji, jaki daje ten automat.","robots":{"index":"index","follow":"follow","max-snippet":"max-snippet:-1","max-image-preview":"max-image-preview:large","max-video-preview":"max-video-preview:-1"},"og_locale":"pl_PL","og_type":"article","og_title":"Aviator demo Polska \u2907 najlepszy spos\u00f3b na opanowanie gry","og_description":"Wersja demo gry Aviator pozwoli ci zapozna\u0107 si\u0119 z mechanik\u0105 gry, strategi\u0105 i oceni\u0107 stopie\u0144 ekscytacji, jaki daje ten automat.","og_url":"https:\/\/aviator-game.cafe\/pl\/demo\/","og_site_name":"aviator-game pl","article_modified_time":"2025-03-13T12:05:29+00:00","twitter_card":"summary_large_image","schema":{"@context":"https:\/\/schema.org","@graph":[{"@type":"WebPage","@id":"https:\/\/aviator-game.cafe\/pl\/demo\/","url":"https:\/\/aviator-game.cafe\/pl\/demo\/","name":"Aviator demo Polska \u2907 najlepszy spos\u00f3b na opanowanie gry","isPartOf":{"@id":"https:\/\/aviator-game.cafe\/pl\/#website"},"datePublished":"2025-02-05T15:49:28+00:00","dateModified":"2025-03-13T12:05:29+00:00","description":"Wersja demo gry Aviator pozwoli ci zapozna\u0107 si\u0119 z mechanik\u0105 gry, strategi\u0105 i oceni\u0107 stopie\u0144 ekscytacji, jaki daje ten automat.","breadcrumb":{"@id":"https:\/\/aviator-game.cafe\/pl\/demo\/#breadcrumb"},"inLanguage":"pl-PL","potentialAction":[{"@type":"ReadAction","target":["https:\/\/aviator-game.cafe\/pl\/demo\/"]}]},{"@type":"BreadcrumbList","@id":"https:\/\/aviator-game.cafe\/pl\/demo\/#breadcrumb","itemListElement":[{"@type":"ListItem","position":1,"name":"\u0413\u043b\u0430\u0432\u043d\u0430\u044f \u0441\u0442\u0440\u0430\u043d\u0438\u0446\u0430","item":"https:\/\/aviator-game.cafe\/pl\/"},{"@type":"ListItem","position":2,"name":"Demo"}]},{"@type":"WebSite","@id":"https:\/\/aviator-game.cafe\/pl\/#website","url":"https:\/\/aviator-game.cafe\/pl\/","name":"aviator-game pl","description":"My WordPress Blog","potentialAction":[{"@type":"SearchAction","target":{"@type":"EntryPoint","urlTemplate":"https:\/\/aviator-game.cafe\/pl\/?s={search_term_string}"},"query-input":{"@type":"PropertyValueSpecification","valueRequired":true,"valueName":"search_term_string"}}],"inLanguage":"pl-PL"}]}},"_links":{"self":[{"href":"https:\/\/aviator-game.cafe\/pl\/wp-json\/wp\/v2\/pages\/205","targetHints":{"allow":["GET"]}}],"collection":[{"href":"https:\/\/aviator-game.cafe\/pl\/wp-json\/wp\/v2\/pages"}],"about":[{"href":"https:\/\/aviator-game.cafe\/pl\/wp-json\/wp\/v2\/types\/page"}],"author":[{"embeddable":true,"href":"https:\/\/aviator-game.cafe\/pl\/wp-json\/wp\/v2\/users\/1"}],"replies":[{"embeddable":true,"href":"https:\/\/aviator-game.cafe\/pl\/wp-json\/wp\/v2\/comments?post=205"}],"version-history":[{"count":17,"href":"https:\/\/aviator-game.cafe\/pl\/wp-json\/wp\/v2\/pages\/205\/revisions"}],"predecessor-version":[{"id":271,"href":"https:\/\/aviator-game.cafe\/pl\/wp-json\/wp\/v2\/pages\/205\/revisions\/271"}],"wp:attachment":[{"href":"https:\/\/aviator-game.cafe\/pl\/wp-json\/wp\/v2\/media?parent=205"}],"curies":[{"name":"wp","href":"https:\/\/api.w.org\/{rel}","templated":true}]}}