{"id":215,"date":"2025-02-06T07:31:41","date_gmt":"2025-02-06T07:31:41","guid":{"rendered":"https:\/\/aviator-game.cafe\/pl\/?page_id=215"},"modified":"2025-03-13T12:40:12","modified_gmt":"2025-03-13T12:40:12","slug":"predictor","status":"publish","type":"page","link":"https:\/\/aviator-game.cafe\/pl\/predictor\/","title":{"rendered":"Predyktor"},"content":{"rendered":"","protected":false},"excerpt":{"rendered":"","protected":false},"author":1,"featured_media":0,"parent":0,"menu_order":4,"comment_status":"closed","ping_status":"closed","template":"","meta":{"footnotes":""},"class_list":["post-215","page","type-page","status-publish","hentry"],"yoast_head":"<!-- This site is optimized with the Yoast SEO plugin v24.3 - https:\/\/yoast.com\/wordpress\/plugins\/seo\/ -->\n<title>Aviator Predictor Polska \u27a3 analiza i przewidywania dotycz\u0105ce meczu<\/title>\n<meta name=\"description\" content=\"Chcesz cz\u0119\u015bciej wygrywa\u0107 w Aviator? Aviator Predictor to Tw\u00f3j sekret sukcesu! Skorzystaj z naszego kalkulatora, aby trafnie przewidywa\u0107 i m\u0105drze obstawia\u0107.\" \/>\n<meta name=\"robots\" content=\"index, follow, max-snippet:-1, max-image-preview:large, max-video-preview:-1\" \/>\n<meta property=\"og:locale\" content=\"pl_PL\" \/>\n<meta property=\"og:type\" content=\"article\" \/>\n<meta property=\"og:title\" content=\"Aviator Predictor Polska \u27a3 analiza i przewidywania dotycz\u0105ce meczu\" \/>\n<meta property=\"og:description\" content=\"Chcesz cz\u0119\u015bciej wygrywa\u0107 w Aviator? Aviator Predictor to Tw\u00f3j sekret sukcesu! Skorzystaj z naszego kalkulatora, aby trafnie przewidywa\u0107 i m\u0105drze obstawia\u0107.\" \/>\n<meta property=\"og:url\" content=\"https:\/\/aviator-game.cafe\/pl\/predictor\/\" \/>\n<meta property=\"og:site_name\" content=\"aviator-game pl\" \/>\n<meta property=\"article:modified_time\" content=\"2025-03-13T12:40:12+00:00\" \/>\n<meta name=\"twitter:card\" content=\"summary_large_image\" \/>\n<script type=\"application\/ld+json\" class=\"yoast-schema-graph\">{\"@context\":\"https:\/\/schema.org\",\"@graph\":[{\"@type\":\"WebPage\",\"@id\":\"https:\/\/aviator-game.cafe\/pl\/predictor\/\",\"url\":\"https:\/\/aviator-game.cafe\/pl\/predictor\/\",\"name\":\"Aviator Predictor Polska \u27a3 analiza i przewidywania dotycz\u0105ce meczu\",\"isPartOf\":{\"@id\":\"https:\/\/aviator-game.cafe\/pl\/#website\"},\"datePublished\":\"2025-02-06T07:31:41+00:00\",\"dateModified\":\"2025-03-13T12:40:12+00:00\",\"description\":\"Chcesz cz\u0119\u015bciej wygrywa\u0107 w Aviator? Aviator Predictor to Tw\u00f3j sekret sukcesu! Skorzystaj z naszego kalkulatora, aby trafnie przewidywa\u0107 i m\u0105drze obstawia\u0107.\",\"breadcrumb\":{\"@id\":\"https:\/\/aviator-game.cafe\/pl\/predictor\/#breadcrumb\"},\"inLanguage\":\"pl-PL\",\"potentialAction\":[{\"@type\":\"ReadAction\",\"target\":[\"https:\/\/aviator-game.cafe\/pl\/predictor\/\"]}]},{\"@type\":\"BreadcrumbList\",\"@id\":\"https:\/\/aviator-game.cafe\/pl\/predictor\/#breadcrumb\",\"itemListElement\":[{\"@type\":\"ListItem\",\"position\":1,\"name\":\"\u0413\u043b\u0430\u0432\u043d\u0430\u044f \u0441\u0442\u0440\u0430\u043d\u0438\u0446\u0430\",\"item\":\"https:\/\/aviator-game.cafe\/pl\/\"},{\"@type\":\"ListItem\",\"position\":2,\"name\":\"Predyktor\"}]},{\"@type\":\"WebSite\",\"@id\":\"https:\/\/aviator-game.cafe\/pl\/#website\",\"url\":\"https:\/\/aviator-game.cafe\/pl\/\",\"name\":\"aviator-game pl\",\"description\":\"My WordPress Blog\",\"potentialAction\":[{\"@type\":\"SearchAction\",\"target\":{\"@type\":\"EntryPoint\",\"urlTemplate\":\"https:\/\/aviator-game.cafe\/pl\/?s={search_term_string}\"},\"query-input\":{\"@type\":\"PropertyValueSpecification\",\"valueRequired\":true,\"valueName\":\"search_term_string\"}}],\"inLanguage\":\"pl-PL\"}]}<\/script>\n<!-- \/ Yoast SEO plugin. -->","yoast_head_json":{"title":"Aviator Predictor Polska \u27a3 analiza i przewidywania dotycz\u0105ce meczu","description":"Chcesz cz\u0119\u015bciej wygrywa\u0107 w Aviator? Aviator Predictor to Tw\u00f3j sekret sukcesu! Skorzystaj z naszego kalkulatora, aby trafnie przewidywa\u0107 i m\u0105drze obstawia\u0107.","robots":{"index":"index","follow":"follow","max-snippet":"max-snippet:-1","max-image-preview":"max-image-preview:large","max-video-preview":"max-video-preview:-1"},"og_locale":"pl_PL","og_type":"article","og_title":"Aviator Predictor Polska \u27a3 analiza i przewidywania dotycz\u0105ce meczu","og_description":"Chcesz cz\u0119\u015bciej wygrywa\u0107 w Aviator? Aviator Predictor to Tw\u00f3j sekret sukcesu! Skorzystaj z naszego kalkulatora, aby trafnie przewidywa\u0107 i m\u0105drze obstawia\u0107.","og_url":"https:\/\/aviator-game.cafe\/pl\/predictor\/","og_site_name":"aviator-game pl","article_modified_time":"2025-03-13T12:40:12+00:00","twitter_card":"summary_large_image","schema":{"@context":"https:\/\/schema.org","@graph":[{"@type":"WebPage","@id":"https:\/\/aviator-game.cafe\/pl\/predictor\/","url":"https:\/\/aviator-game.cafe\/pl\/predictor\/","name":"Aviator Predictor Polska \u27a3 analiza i przewidywania dotycz\u0105ce meczu","isPartOf":{"@id":"https:\/\/aviator-game.cafe\/pl\/#website"},"datePublished":"2025-02-06T07:31:41+00:00","dateModified":"2025-03-13T12:40:12+00:00","description":"Chcesz cz\u0119\u015bciej wygrywa\u0107 w Aviator? Aviator Predictor to Tw\u00f3j sekret sukcesu! Skorzystaj z naszego kalkulatora, aby trafnie przewidywa\u0107 i m\u0105drze obstawia\u0107.","breadcrumb":{"@id":"https:\/\/aviator-game.cafe\/pl\/predictor\/#breadcrumb"},"inLanguage":"pl-PL","potentialAction":[{"@type":"ReadAction","target":["https:\/\/aviator-game.cafe\/pl\/predictor\/"]}]},{"@type":"BreadcrumbList","@id":"https:\/\/aviator-game.cafe\/pl\/predictor\/#breadcrumb","itemListElement":[{"@type":"ListItem","position":1,"name":"\u0413\u043b\u0430\u0432\u043d\u0430\u044f \u0441\u0442\u0440\u0430\u043d\u0438\u0446\u0430","item":"https:\/\/aviator-game.cafe\/pl\/"},{"@type":"ListItem","position":2,"name":"Predyktor"}]},{"@type":"WebSite","@id":"https:\/\/aviator-game.cafe\/pl\/#website","url":"https:\/\/aviator-game.cafe\/pl\/","name":"aviator-game pl","description":"My WordPress Blog","potentialAction":[{"@type":"SearchAction","target":{"@type":"EntryPoint","urlTemplate":"https:\/\/aviator-game.cafe\/pl\/?s={search_term_string}"},"query-input":{"@type":"PropertyValueSpecification","valueRequired":true,"valueName":"search_term_string"}}],"inLanguage":"pl-PL"}]}},"_links":{"self":[{"href":"https:\/\/aviator-game.cafe\/pl\/wp-json\/wp\/v2\/pages\/215","targetHints":{"allow":["GET"]}}],"collection":[{"href":"https:\/\/aviator-game.cafe\/pl\/wp-json\/wp\/v2\/pages"}],"about":[{"href":"https:\/\/aviator-game.cafe\/pl\/wp-json\/wp\/v2\/types\/page"}],"author":[{"embeddable":true,"href":"https:\/\/aviator-game.cafe\/pl\/wp-json\/wp\/v2\/users\/1"}],"replies":[{"embeddable":true,"href":"https:\/\/aviator-game.cafe\/pl\/wp-json\/wp\/v2\/comments?post=215"}],"version-history":[{"count":7,"href":"https:\/\/aviator-game.cafe\/pl\/wp-json\/wp\/v2\/pages\/215\/revisions"}],"predecessor-version":[{"id":275,"href":"https:\/\/aviator-game.cafe\/pl\/wp-json\/wp\/v2\/pages\/215\/revisions\/275"}],"wp:attachment":[{"href":"https:\/\/aviator-game.cafe\/pl\/wp-json\/wp\/v2\/media?parent=215"}],"curies":[{"name":"wp","href":"https:\/\/api.w.org\/{rel}","templated":true}]}}