{"id":218,"date":"2025-02-06T08:09:51","date_gmt":"2025-02-06T08:09:51","guid":{"rendered":"https:\/\/aviator-game.cafe\/pl\/?page_id=218"},"modified":"2025-03-13T12:59:07","modified_gmt":"2025-03-13T12:59:07","slug":"app","status":"publish","type":"page","link":"https:\/\/aviator-game.cafe\/pl\/app\/","title":{"rendered":"Aplikacja"},"content":{"rendered":"","protected":false},"excerpt":{"rendered":"","protected":false},"author":1,"featured_media":0,"parent":0,"menu_order":5,"comment_status":"closed","ping_status":"closed","template":"","meta":{"footnotes":""},"class_list":["post-218","page","type-page","status-publish","hentry"],"yoast_head":"<!-- This site is optimized with the Yoast SEO plugin v24.3 - https:\/\/yoast.com\/wordpress\/plugins\/seo\/ -->\n<title>Aplikacja Aviator \u261b dla tych, kt\u00f3rzy wiedz\u0105, jak gra\u0107 w gry.<\/title>\n<meta name=\"description\" content=\"Fani gry Aviator z pewno\u015bci\u0105 doceni\u0105 wygod\u0119 aplikacji zaprojektowanej z my\u015bl\u0105 o zabawie i zdobywaniu nowych szczyt\u00f3w.\" \/>\n<meta name=\"robots\" content=\"index, follow, max-snippet:-1, max-image-preview:large, max-video-preview:-1\" \/>\n<meta property=\"og:locale\" content=\"pl_PL\" \/>\n<meta property=\"og:type\" content=\"article\" \/>\n<meta property=\"og:title\" content=\"Aplikacja Aviator \u261b dla tych, kt\u00f3rzy wiedz\u0105, jak gra\u0107 w gry.\" \/>\n<meta property=\"og:description\" content=\"Fani gry Aviator z pewno\u015bci\u0105 doceni\u0105 wygod\u0119 aplikacji zaprojektowanej z my\u015bl\u0105 o zabawie i zdobywaniu nowych szczyt\u00f3w.\" \/>\n<meta property=\"og:url\" content=\"https:\/\/aviator-game.cafe\/pl\/app\/\" \/>\n<meta property=\"og:site_name\" content=\"aviator-game pl\" \/>\n<meta property=\"article:modified_time\" content=\"2025-03-13T12:59:07+00:00\" \/>\n<meta name=\"twitter:card\" content=\"summary_large_image\" \/>\n<script type=\"application\/ld+json\" class=\"yoast-schema-graph\">{\"@context\":\"https:\/\/schema.org\",\"@graph\":[{\"@type\":\"WebPage\",\"@id\":\"https:\/\/aviator-game.cafe\/pl\/app\/\",\"url\":\"https:\/\/aviator-game.cafe\/pl\/app\/\",\"name\":\"Aplikacja Aviator \u261b dla tych, kt\u00f3rzy wiedz\u0105, jak gra\u0107 w gry.\",\"isPartOf\":{\"@id\":\"https:\/\/aviator-game.cafe\/pl\/#website\"},\"datePublished\":\"2025-02-06T08:09:51+00:00\",\"dateModified\":\"2025-03-13T12:59:07+00:00\",\"description\":\"Fani gry Aviator z pewno\u015bci\u0105 doceni\u0105 wygod\u0119 aplikacji zaprojektowanej z my\u015bl\u0105 o zabawie i zdobywaniu nowych szczyt\u00f3w.\",\"breadcrumb\":{\"@id\":\"https:\/\/aviator-game.cafe\/pl\/app\/#breadcrumb\"},\"inLanguage\":\"pl-PL\",\"potentialAction\":[{\"@type\":\"ReadAction\",\"target\":[\"https:\/\/aviator-game.cafe\/pl\/app\/\"]}]},{\"@type\":\"BreadcrumbList\",\"@id\":\"https:\/\/aviator-game.cafe\/pl\/app\/#breadcrumb\",\"itemListElement\":[{\"@type\":\"ListItem\",\"position\":1,\"name\":\"\u0413\u043b\u0430\u0432\u043d\u0430\u044f \u0441\u0442\u0440\u0430\u043d\u0438\u0446\u0430\",\"item\":\"https:\/\/aviator-game.cafe\/pl\/\"},{\"@type\":\"ListItem\",\"position\":2,\"name\":\"Aplikacja\"}]},{\"@type\":\"WebSite\",\"@id\":\"https:\/\/aviator-game.cafe\/pl\/#website\",\"url\":\"https:\/\/aviator-game.cafe\/pl\/\",\"name\":\"aviator-game pl\",\"description\":\"My WordPress Blog\",\"potentialAction\":[{\"@type\":\"SearchAction\",\"target\":{\"@type\":\"EntryPoint\",\"urlTemplate\":\"https:\/\/aviator-game.cafe\/pl\/?s={search_term_string}\"},\"query-input\":{\"@type\":\"PropertyValueSpecification\",\"valueRequired\":true,\"valueName\":\"search_term_string\"}}],\"inLanguage\":\"pl-PL\"}]}<\/script>\n<!-- \/ Yoast SEO plugin. -->","yoast_head_json":{"title":"Aplikacja Aviator \u261b dla tych, kt\u00f3rzy wiedz\u0105, jak gra\u0107 w gry.","description":"Fani gry Aviator z pewno\u015bci\u0105 doceni\u0105 wygod\u0119 aplikacji zaprojektowanej z my\u015bl\u0105 o zabawie i zdobywaniu nowych szczyt\u00f3w.","robots":{"index":"index","follow":"follow","max-snippet":"max-snippet:-1","max-image-preview":"max-image-preview:large","max-video-preview":"max-video-preview:-1"},"og_locale":"pl_PL","og_type":"article","og_title":"Aplikacja Aviator \u261b dla tych, kt\u00f3rzy wiedz\u0105, jak gra\u0107 w gry.","og_description":"Fani gry Aviator z pewno\u015bci\u0105 doceni\u0105 wygod\u0119 aplikacji zaprojektowanej z my\u015bl\u0105 o zabawie i zdobywaniu nowych szczyt\u00f3w.","og_url":"https:\/\/aviator-game.cafe\/pl\/app\/","og_site_name":"aviator-game pl","article_modified_time":"2025-03-13T12:59:07+00:00","twitter_card":"summary_large_image","schema":{"@context":"https:\/\/schema.org","@graph":[{"@type":"WebPage","@id":"https:\/\/aviator-game.cafe\/pl\/app\/","url":"https:\/\/aviator-game.cafe\/pl\/app\/","name":"Aplikacja Aviator \u261b dla tych, kt\u00f3rzy wiedz\u0105, jak gra\u0107 w gry.","isPartOf":{"@id":"https:\/\/aviator-game.cafe\/pl\/#website"},"datePublished":"2025-02-06T08:09:51+00:00","dateModified":"2025-03-13T12:59:07+00:00","description":"Fani gry Aviator z pewno\u015bci\u0105 doceni\u0105 wygod\u0119 aplikacji zaprojektowanej z my\u015bl\u0105 o zabawie i zdobywaniu nowych szczyt\u00f3w.","breadcrumb":{"@id":"https:\/\/aviator-game.cafe\/pl\/app\/#breadcrumb"},"inLanguage":"pl-PL","potentialAction":[{"@type":"ReadAction","target":["https:\/\/aviator-game.cafe\/pl\/app\/"]}]},{"@type":"BreadcrumbList","@id":"https:\/\/aviator-game.cafe\/pl\/app\/#breadcrumb","itemListElement":[{"@type":"ListItem","position":1,"name":"\u0413\u043b\u0430\u0432\u043d\u0430\u044f \u0441\u0442\u0440\u0430\u043d\u0438\u0446\u0430","item":"https:\/\/aviator-game.cafe\/pl\/"},{"@type":"ListItem","position":2,"name":"Aplikacja"}]},{"@type":"WebSite","@id":"https:\/\/aviator-game.cafe\/pl\/#website","url":"https:\/\/aviator-game.cafe\/pl\/","name":"aviator-game pl","description":"My WordPress Blog","potentialAction":[{"@type":"SearchAction","target":{"@type":"EntryPoint","urlTemplate":"https:\/\/aviator-game.cafe\/pl\/?s={search_term_string}"},"query-input":{"@type":"PropertyValueSpecification","valueRequired":true,"valueName":"search_term_string"}}],"inLanguage":"pl-PL"}]}},"_links":{"self":[{"href":"https:\/\/aviator-game.cafe\/pl\/wp-json\/wp\/v2\/pages\/218","targetHints":{"allow":["GET"]}}],"collection":[{"href":"https:\/\/aviator-game.cafe\/pl\/wp-json\/wp\/v2\/pages"}],"about":[{"href":"https:\/\/aviator-game.cafe\/pl\/wp-json\/wp\/v2\/types\/page"}],"author":[{"embeddable":true,"href":"https:\/\/aviator-game.cafe\/pl\/wp-json\/wp\/v2\/users\/1"}],"replies":[{"embeddable":true,"href":"https:\/\/aviator-game.cafe\/pl\/wp-json\/wp\/v2\/comments?post=218"}],"version-history":[{"count":8,"href":"https:\/\/aviator-game.cafe\/pl\/wp-json\/wp\/v2\/pages\/218\/revisions"}],"predecessor-version":[{"id":277,"href":"https:\/\/aviator-game.cafe\/pl\/wp-json\/wp\/v2\/pages\/218\/revisions\/277"}],"wp:attachment":[{"href":"https:\/\/aviator-game.cafe\/pl\/wp-json\/wp\/v2\/media?parent=218"}],"curies":[{"name":"wp","href":"https:\/\/api.w.org\/{rel}","templated":true}]}}