{"id":152,"date":"2023-05-18T17:39:43","date_gmt":"2023-05-18T17:39:43","guid":{"rendered":"https:\/\/aviator-game.cafe\/ro\/?page_id=152"},"modified":"2025-04-04T07:02:41","modified_gmt":"2025-04-04T07:02:41","slug":"how-to-play","status":"publish","type":"page","link":"https:\/\/aviator-game.cafe\/ro\/how-to-play\/","title":{"rendered":"Cum se joac\u0103?"},"content":{"rendered":"","protected":false},"excerpt":{"rendered":"","protected":false},"author":1,"featured_media":0,"parent":0,"menu_order":1,"comment_status":"closed","ping_status":"closed","template":"","meta":{"footnotes":""},"class_list":["post-152","page","type-page","status-publish","hentry"],"yoast_head":"<!-- This site is optimized with the Yoast SEO plugin v24.3 - https:\/\/yoast.com\/wordpress\/plugins\/seo\/ -->\n<title>Cum s\u0103 joci jocul aviator \u1433 ghid complet<\/title>\n<meta name=\"description\" content=\"Pute\u021bi afla toate secretele jocului Aviator aici! Strategiile \u0219i detaliile de joc \u0219i gre\u0219elile de evitat sunt adunate \u00eentr-o singur\u0103 prezentare general\u0103.\" \/>\n<meta name=\"robots\" content=\"index, follow, max-snippet:-1, max-image-preview:large, max-video-preview:-1\" \/>\n<meta property=\"og:locale\" content=\"ro_RO\" \/>\n<meta property=\"og:type\" content=\"article\" \/>\n<meta property=\"og:title\" content=\"Cum s\u0103 joci jocul aviator \u1433 ghid complet\" \/>\n<meta property=\"og:description\" content=\"Pute\u021bi afla toate secretele jocului Aviator aici! Strategiile \u0219i detaliile de joc \u0219i gre\u0219elile de evitat sunt adunate \u00eentr-o singur\u0103 prezentare general\u0103.\" \/>\n<meta property=\"og:url\" content=\"https:\/\/aviator-game.cafe\/ro\/how-to-play\/\" \/>\n<meta property=\"og:site_name\" content=\"aviator-game ro\" \/>\n<meta property=\"article:modified_time\" content=\"2025-04-04T07:02:41+00:00\" \/>\n<meta name=\"twitter:card\" content=\"summary_large_image\" \/>\n<script type=\"application\/ld+json\" class=\"yoast-schema-graph\">{\"@context\":\"https:\/\/schema.org\",\"@graph\":[{\"@type\":\"WebPage\",\"@id\":\"https:\/\/aviator-game.cafe\/ro\/how-to-play\/\",\"url\":\"https:\/\/aviator-game.cafe\/ro\/how-to-play\/\",\"name\":\"Cum s\u0103 joci jocul aviator \u1433 ghid complet\",\"isPartOf\":{\"@id\":\"https:\/\/aviator-game.cafe\/ro\/#website\"},\"datePublished\":\"2023-05-18T17:39:43+00:00\",\"dateModified\":\"2025-04-04T07:02:41+00:00\",\"description\":\"Pute\u021bi afla toate secretele jocului Aviator aici! Strategiile \u0219i detaliile de joc \u0219i gre\u0219elile de evitat sunt adunate \u00eentr-o singur\u0103 prezentare general\u0103.\",\"breadcrumb\":{\"@id\":\"https:\/\/aviator-game.cafe\/ro\/how-to-play\/#breadcrumb\"},\"inLanguage\":\"ro-RO\",\"potentialAction\":[{\"@type\":\"ReadAction\",\"target\":[\"https:\/\/aviator-game.cafe\/ro\/how-to-play\/\"]}]},{\"@type\":\"BreadcrumbList\",\"@id\":\"https:\/\/aviator-game.cafe\/ro\/how-to-play\/#breadcrumb\",\"itemListElement\":[{\"@type\":\"ListItem\",\"position\":1,\"name\":\"\u0413\u043b\u0430\u0432\u043d\u0430\u044f \u0441\u0442\u0440\u0430\u043d\u0438\u0446\u0430\",\"item\":\"https:\/\/aviator-game.cafe\/ro\/\"},{\"@type\":\"ListItem\",\"position\":2,\"name\":\"Cum se joac\u0103?\"}]},{\"@type\":\"WebSite\",\"@id\":\"https:\/\/aviator-game.cafe\/ro\/#website\",\"url\":\"https:\/\/aviator-game.cafe\/ro\/\",\"name\":\"aviator-game ro\",\"description\":\"My WordPress Blog\",\"potentialAction\":[{\"@type\":\"SearchAction\",\"target\":{\"@type\":\"EntryPoint\",\"urlTemplate\":\"https:\/\/aviator-game.cafe\/ro\/?s={search_term_string}\"},\"query-input\":{\"@type\":\"PropertyValueSpecification\",\"valueRequired\":true,\"valueName\":\"search_term_string\"}}],\"inLanguage\":\"ro-RO\"}]}<\/script>\n<!-- \/ Yoast SEO plugin. -->","yoast_head_json":{"title":"Cum s\u0103 joci jocul aviator \u1433 ghid complet","description":"Pute\u021bi afla toate secretele jocului Aviator aici! Strategiile \u0219i detaliile de joc \u0219i gre\u0219elile de evitat sunt adunate \u00eentr-o singur\u0103 prezentare general\u0103.","robots":{"index":"index","follow":"follow","max-snippet":"max-snippet:-1","max-image-preview":"max-image-preview:large","max-video-preview":"max-video-preview:-1"},"og_locale":"ro_RO","og_type":"article","og_title":"Cum s\u0103 joci jocul aviator \u1433 ghid complet","og_description":"Pute\u021bi afla toate secretele jocului Aviator aici! Strategiile \u0219i detaliile de joc \u0219i gre\u0219elile de evitat sunt adunate \u00eentr-o singur\u0103 prezentare general\u0103.","og_url":"https:\/\/aviator-game.cafe\/ro\/how-to-play\/","og_site_name":"aviator-game ro","article_modified_time":"2025-04-04T07:02:41+00:00","twitter_card":"summary_large_image","schema":{"@context":"https:\/\/schema.org","@graph":[{"@type":"WebPage","@id":"https:\/\/aviator-game.cafe\/ro\/how-to-play\/","url":"https:\/\/aviator-game.cafe\/ro\/how-to-play\/","name":"Cum s\u0103 joci jocul aviator \u1433 ghid complet","isPartOf":{"@id":"https:\/\/aviator-game.cafe\/ro\/#website"},"datePublished":"2023-05-18T17:39:43+00:00","dateModified":"2025-04-04T07:02:41+00:00","description":"Pute\u021bi afla toate secretele jocului Aviator aici! Strategiile \u0219i detaliile de joc \u0219i gre\u0219elile de evitat sunt adunate \u00eentr-o singur\u0103 prezentare general\u0103.","breadcrumb":{"@id":"https:\/\/aviator-game.cafe\/ro\/how-to-play\/#breadcrumb"},"inLanguage":"ro-RO","potentialAction":[{"@type":"ReadAction","target":["https:\/\/aviator-game.cafe\/ro\/how-to-play\/"]}]},{"@type":"BreadcrumbList","@id":"https:\/\/aviator-game.cafe\/ro\/how-to-play\/#breadcrumb","itemListElement":[{"@type":"ListItem","position":1,"name":"\u0413\u043b\u0430\u0432\u043d\u0430\u044f \u0441\u0442\u0440\u0430\u043d\u0438\u0446\u0430","item":"https:\/\/aviator-game.cafe\/ro\/"},{"@type":"ListItem","position":2,"name":"Cum se joac\u0103?"}]},{"@type":"WebSite","@id":"https:\/\/aviator-game.cafe\/ro\/#website","url":"https:\/\/aviator-game.cafe\/ro\/","name":"aviator-game ro","description":"My WordPress Blog","potentialAction":[{"@type":"SearchAction","target":{"@type":"EntryPoint","urlTemplate":"https:\/\/aviator-game.cafe\/ro\/?s={search_term_string}"},"query-input":{"@type":"PropertyValueSpecification","valueRequired":true,"valueName":"search_term_string"}}],"inLanguage":"ro-RO"}]}},"_links":{"self":[{"href":"https:\/\/aviator-game.cafe\/ro\/wp-json\/wp\/v2\/pages\/152","targetHints":{"allow":["GET"]}}],"collection":[{"href":"https:\/\/aviator-game.cafe\/ro\/wp-json\/wp\/v2\/pages"}],"about":[{"href":"https:\/\/aviator-game.cafe\/ro\/wp-json\/wp\/v2\/types\/page"}],"author":[{"embeddable":true,"href":"https:\/\/aviator-game.cafe\/ro\/wp-json\/wp\/v2\/users\/1"}],"replies":[{"embeddable":true,"href":"https:\/\/aviator-game.cafe\/ro\/wp-json\/wp\/v2\/comments?post=152"}],"version-history":[{"count":12,"href":"https:\/\/aviator-game.cafe\/ro\/wp-json\/wp\/v2\/pages\/152\/revisions"}],"predecessor-version":[{"id":268,"href":"https:\/\/aviator-game.cafe\/ro\/wp-json\/wp\/v2\/pages\/152\/revisions\/268"}],"wp:attachment":[{"href":"https:\/\/aviator-game.cafe\/ro\/wp-json\/wp\/v2\/media?parent=152"}],"curies":[{"name":"wp","href":"https:\/\/api.w.org\/{rel}","templated":true}]}}