{"id":205,"date":"2025-02-05T15:49:28","date_gmt":"2025-02-05T15:49:28","guid":{"rendered":"https:\/\/aviator-game.cafe\/ro\/?page_id=205"},"modified":"2025-04-04T07:15:45","modified_gmt":"2025-04-04T07:15:45","slug":"demo","status":"publish","type":"page","link":"https:\/\/aviator-game.cafe\/ro\/demo\/","title":{"rendered":"Demonstra\u021bie"},"content":{"rendered":"","protected":false},"excerpt":{"rendered":"","protected":false},"author":1,"featured_media":0,"parent":0,"menu_order":2,"comment_status":"closed","ping_status":"closed","template":"","meta":{"footnotes":""},"class_list":["post-205","page","type-page","status-publish","hentry"],"yoast_head":"<!-- This site is optimized with the Yoast SEO plugin v24.3 - https:\/\/yoast.com\/wordpress\/plugins\/seo\/ -->\n<title>Aviator demo \u2907 cel mai bun mod de a st\u0103p\u00e2ni jocul<\/title>\n<meta name=\"description\" content=\"Versiunea demo a jocului Aviator \u00ee\u021bi va permite s\u0103 studiezi mecanica de joc, strategia \u0219i s\u0103 evaluezi gradul de entuziasm pe care \u00eel ofer\u0103 acest joc ca la aparate.\" \/>\n<meta name=\"robots\" content=\"index, follow, max-snippet:-1, max-image-preview:large, max-video-preview:-1\" \/>\n<meta property=\"og:locale\" content=\"ro_RO\" \/>\n<meta property=\"og:type\" content=\"article\" \/>\n<meta property=\"og:title\" content=\"Aviator demo \u2907 cel mai bun mod de a st\u0103p\u00e2ni jocul\" \/>\n<meta property=\"og:description\" content=\"Versiunea demo a jocului Aviator \u00ee\u021bi va permite s\u0103 studiezi mecanica de joc, strategia \u0219i s\u0103 evaluezi gradul de entuziasm pe care \u00eel ofer\u0103 acest joc ca la aparate.\" \/>\n<meta property=\"og:url\" content=\"https:\/\/aviator-game.cafe\/ro\/demo\/\" \/>\n<meta property=\"og:site_name\" content=\"aviator-game ro\" \/>\n<meta property=\"article:modified_time\" content=\"2025-04-04T07:15:45+00:00\" \/>\n<meta name=\"twitter:card\" content=\"summary_large_image\" \/>\n<script type=\"application\/ld+json\" class=\"yoast-schema-graph\">{\"@context\":\"https:\/\/schema.org\",\"@graph\":[{\"@type\":\"WebPage\",\"@id\":\"https:\/\/aviator-game.cafe\/ro\/demo\/\",\"url\":\"https:\/\/aviator-game.cafe\/ro\/demo\/\",\"name\":\"Aviator demo \u2907 cel mai bun mod de a st\u0103p\u00e2ni jocul\",\"isPartOf\":{\"@id\":\"https:\/\/aviator-game.cafe\/ro\/#website\"},\"datePublished\":\"2025-02-05T15:49:28+00:00\",\"dateModified\":\"2025-04-04T07:15:45+00:00\",\"description\":\"Versiunea demo a jocului Aviator \u00ee\u021bi va permite s\u0103 studiezi mecanica de joc, strategia \u0219i s\u0103 evaluezi gradul de entuziasm pe care \u00eel ofer\u0103 acest joc ca la aparate.\",\"breadcrumb\":{\"@id\":\"https:\/\/aviator-game.cafe\/ro\/demo\/#breadcrumb\"},\"inLanguage\":\"ro-RO\",\"potentialAction\":[{\"@type\":\"ReadAction\",\"target\":[\"https:\/\/aviator-game.cafe\/ro\/demo\/\"]}]},{\"@type\":\"BreadcrumbList\",\"@id\":\"https:\/\/aviator-game.cafe\/ro\/demo\/#breadcrumb\",\"itemListElement\":[{\"@type\":\"ListItem\",\"position\":1,\"name\":\"\u0413\u043b\u0430\u0432\u043d\u0430\u044f \u0441\u0442\u0440\u0430\u043d\u0438\u0446\u0430\",\"item\":\"https:\/\/aviator-game.cafe\/ro\/\"},{\"@type\":\"ListItem\",\"position\":2,\"name\":\"Demonstra\u021bie\"}]},{\"@type\":\"WebSite\",\"@id\":\"https:\/\/aviator-game.cafe\/ro\/#website\",\"url\":\"https:\/\/aviator-game.cafe\/ro\/\",\"name\":\"aviator-game ro\",\"description\":\"My WordPress Blog\",\"potentialAction\":[{\"@type\":\"SearchAction\",\"target\":{\"@type\":\"EntryPoint\",\"urlTemplate\":\"https:\/\/aviator-game.cafe\/ro\/?s={search_term_string}\"},\"query-input\":{\"@type\":\"PropertyValueSpecification\",\"valueRequired\":true,\"valueName\":\"search_term_string\"}}],\"inLanguage\":\"ro-RO\"}]}<\/script>\n<!-- \/ Yoast SEO plugin. -->","yoast_head_json":{"title":"Aviator demo \u2907 cel mai bun mod de a st\u0103p\u00e2ni jocul","description":"Versiunea demo a jocului Aviator \u00ee\u021bi va permite s\u0103 studiezi mecanica de joc, strategia \u0219i s\u0103 evaluezi gradul de entuziasm pe care \u00eel ofer\u0103 acest joc ca la aparate.","robots":{"index":"index","follow":"follow","max-snippet":"max-snippet:-1","max-image-preview":"max-image-preview:large","max-video-preview":"max-video-preview:-1"},"og_locale":"ro_RO","og_type":"article","og_title":"Aviator demo \u2907 cel mai bun mod de a st\u0103p\u00e2ni jocul","og_description":"Versiunea demo a jocului Aviator \u00ee\u021bi va permite s\u0103 studiezi mecanica de joc, strategia \u0219i s\u0103 evaluezi gradul de entuziasm pe care \u00eel ofer\u0103 acest joc ca la aparate.","og_url":"https:\/\/aviator-game.cafe\/ro\/demo\/","og_site_name":"aviator-game ro","article_modified_time":"2025-04-04T07:15:45+00:00","twitter_card":"summary_large_image","schema":{"@context":"https:\/\/schema.org","@graph":[{"@type":"WebPage","@id":"https:\/\/aviator-game.cafe\/ro\/demo\/","url":"https:\/\/aviator-game.cafe\/ro\/demo\/","name":"Aviator demo \u2907 cel mai bun mod de a st\u0103p\u00e2ni jocul","isPartOf":{"@id":"https:\/\/aviator-game.cafe\/ro\/#website"},"datePublished":"2025-02-05T15:49:28+00:00","dateModified":"2025-04-04T07:15:45+00:00","description":"Versiunea demo a jocului Aviator \u00ee\u021bi va permite s\u0103 studiezi mecanica de joc, strategia \u0219i s\u0103 evaluezi gradul de entuziasm pe care \u00eel ofer\u0103 acest joc ca la aparate.","breadcrumb":{"@id":"https:\/\/aviator-game.cafe\/ro\/demo\/#breadcrumb"},"inLanguage":"ro-RO","potentialAction":[{"@type":"ReadAction","target":["https:\/\/aviator-game.cafe\/ro\/demo\/"]}]},{"@type":"BreadcrumbList","@id":"https:\/\/aviator-game.cafe\/ro\/demo\/#breadcrumb","itemListElement":[{"@type":"ListItem","position":1,"name":"\u0413\u043b\u0430\u0432\u043d\u0430\u044f \u0441\u0442\u0440\u0430\u043d\u0438\u0446\u0430","item":"https:\/\/aviator-game.cafe\/ro\/"},{"@type":"ListItem","position":2,"name":"Demonstra\u021bie"}]},{"@type":"WebSite","@id":"https:\/\/aviator-game.cafe\/ro\/#website","url":"https:\/\/aviator-game.cafe\/ro\/","name":"aviator-game ro","description":"My WordPress Blog","potentialAction":[{"@type":"SearchAction","target":{"@type":"EntryPoint","urlTemplate":"https:\/\/aviator-game.cafe\/ro\/?s={search_term_string}"},"query-input":{"@type":"PropertyValueSpecification","valueRequired":true,"valueName":"search_term_string"}}],"inLanguage":"ro-RO"}]}},"_links":{"self":[{"href":"https:\/\/aviator-game.cafe\/ro\/wp-json\/wp\/v2\/pages\/205","targetHints":{"allow":["GET"]}}],"collection":[{"href":"https:\/\/aviator-game.cafe\/ro\/wp-json\/wp\/v2\/pages"}],"about":[{"href":"https:\/\/aviator-game.cafe\/ro\/wp-json\/wp\/v2\/types\/page"}],"author":[{"embeddable":true,"href":"https:\/\/aviator-game.cafe\/ro\/wp-json\/wp\/v2\/users\/1"}],"replies":[{"embeddable":true,"href":"https:\/\/aviator-game.cafe\/ro\/wp-json\/wp\/v2\/comments?post=205"}],"version-history":[{"count":16,"href":"https:\/\/aviator-game.cafe\/ro\/wp-json\/wp\/v2\/pages\/205\/revisions"}],"predecessor-version":[{"id":269,"href":"https:\/\/aviator-game.cafe\/ro\/wp-json\/wp\/v2\/pages\/205\/revisions\/269"}],"wp:attachment":[{"href":"https:\/\/aviator-game.cafe\/ro\/wp-json\/wp\/v2\/media?parent=205"}],"curies":[{"name":"wp","href":"https:\/\/api.w.org\/{rel}","templated":true}]}}