{"id":208,"date":"2025-02-06T07:14:18","date_gmt":"2025-02-06T07:14:18","guid":{"rendered":"https:\/\/aviator-game.cafe\/ro\/?page_id=208"},"modified":"2025-04-04T07:39:55","modified_gmt":"2025-04-04T07:39:55","slug":"strategies","status":"publish","type":"page","link":"https:\/\/aviator-game.cafe\/ro\/strategies\/","title":{"rendered":"Strategii de joc"},"content":{"rendered":"","protected":false},"excerpt":{"rendered":"","protected":false},"author":1,"featured_media":0,"parent":0,"menu_order":3,"comment_status":"closed","ping_status":"closed","template":"","meta":{"footnotes":""},"class_list":["post-208","page","type-page","status-publish","hentry"],"yoast_head":"<!-- This site is optimized with the Yoast SEO plugin v24.3 - https:\/\/yoast.com\/wordpress\/plugins\/seo\/ -->\n<title>Strategia Aviator \u2907 cele mai bune mi\u0219c\u0103ri tactice<\/title>\n<meta name=\"description\" content=\"Aceast\u0103 prezentare general\u0103 a celor mai bune strategii aplicabile \u00een jocul Aviator v\u0103 va permite s\u0103 alege\u021bi cele mai potrivite tactici pentru stilul dvs. de joc \u0219i s\u0103 c\u00e2\u0219tiga\u021bi!\" \/>\n<meta name=\"robots\" content=\"index, follow, max-snippet:-1, max-image-preview:large, max-video-preview:-1\" \/>\n<meta property=\"og:locale\" content=\"ro_RO\" \/>\n<meta property=\"og:type\" content=\"article\" \/>\n<meta property=\"og:title\" content=\"Strategia Aviator \u2907 cele mai bune mi\u0219c\u0103ri tactice\" \/>\n<meta property=\"og:description\" content=\"Aceast\u0103 prezentare general\u0103 a celor mai bune strategii aplicabile \u00een jocul Aviator v\u0103 va permite s\u0103 alege\u021bi cele mai potrivite tactici pentru stilul dvs. de joc \u0219i s\u0103 c\u00e2\u0219tiga\u021bi!\" \/>\n<meta property=\"og:url\" content=\"https:\/\/aviator-game.cafe\/ro\/strategies\/\" \/>\n<meta property=\"og:site_name\" content=\"aviator-game ro\" \/>\n<meta property=\"article:modified_time\" content=\"2025-04-04T07:39:55+00:00\" \/>\n<meta name=\"twitter:card\" content=\"summary_large_image\" \/>\n<script type=\"application\/ld+json\" class=\"yoast-schema-graph\">{\"@context\":\"https:\/\/schema.org\",\"@graph\":[{\"@type\":\"WebPage\",\"@id\":\"https:\/\/aviator-game.cafe\/ro\/strategies\/\",\"url\":\"https:\/\/aviator-game.cafe\/ro\/strategies\/\",\"name\":\"Strategia Aviator \u2907 cele mai bune mi\u0219c\u0103ri tactice\",\"isPartOf\":{\"@id\":\"https:\/\/aviator-game.cafe\/ro\/#website\"},\"datePublished\":\"2025-02-06T07:14:18+00:00\",\"dateModified\":\"2025-04-04T07:39:55+00:00\",\"description\":\"Aceast\u0103 prezentare general\u0103 a celor mai bune strategii aplicabile \u00een jocul Aviator v\u0103 va permite s\u0103 alege\u021bi cele mai potrivite tactici pentru stilul dvs. de joc \u0219i s\u0103 c\u00e2\u0219tiga\u021bi!\",\"breadcrumb\":{\"@id\":\"https:\/\/aviator-game.cafe\/ro\/strategies\/#breadcrumb\"},\"inLanguage\":\"ro-RO\",\"potentialAction\":[{\"@type\":\"ReadAction\",\"target\":[\"https:\/\/aviator-game.cafe\/ro\/strategies\/\"]}]},{\"@type\":\"BreadcrumbList\",\"@id\":\"https:\/\/aviator-game.cafe\/ro\/strategies\/#breadcrumb\",\"itemListElement\":[{\"@type\":\"ListItem\",\"position\":1,\"name\":\"\u0413\u043b\u0430\u0432\u043d\u0430\u044f \u0441\u0442\u0440\u0430\u043d\u0438\u0446\u0430\",\"item\":\"https:\/\/aviator-game.cafe\/ro\/\"},{\"@type\":\"ListItem\",\"position\":2,\"name\":\"Strategii de joc\"}]},{\"@type\":\"WebSite\",\"@id\":\"https:\/\/aviator-game.cafe\/ro\/#website\",\"url\":\"https:\/\/aviator-game.cafe\/ro\/\",\"name\":\"aviator-game ro\",\"description\":\"My WordPress Blog\",\"potentialAction\":[{\"@type\":\"SearchAction\",\"target\":{\"@type\":\"EntryPoint\",\"urlTemplate\":\"https:\/\/aviator-game.cafe\/ro\/?s={search_term_string}\"},\"query-input\":{\"@type\":\"PropertyValueSpecification\",\"valueRequired\":true,\"valueName\":\"search_term_string\"}}],\"inLanguage\":\"ro-RO\"}]}<\/script>\n<!-- \/ Yoast SEO plugin. -->","yoast_head_json":{"title":"Strategia Aviator \u2907 cele mai bune mi\u0219c\u0103ri tactice","description":"Aceast\u0103 prezentare general\u0103 a celor mai bune strategii aplicabile \u00een jocul Aviator v\u0103 va permite s\u0103 alege\u021bi cele mai potrivite tactici pentru stilul dvs. de joc \u0219i s\u0103 c\u00e2\u0219tiga\u021bi!","robots":{"index":"index","follow":"follow","max-snippet":"max-snippet:-1","max-image-preview":"max-image-preview:large","max-video-preview":"max-video-preview:-1"},"og_locale":"ro_RO","og_type":"article","og_title":"Strategia Aviator \u2907 cele mai bune mi\u0219c\u0103ri tactice","og_description":"Aceast\u0103 prezentare general\u0103 a celor mai bune strategii aplicabile \u00een jocul Aviator v\u0103 va permite s\u0103 alege\u021bi cele mai potrivite tactici pentru stilul dvs. de joc \u0219i s\u0103 c\u00e2\u0219tiga\u021bi!","og_url":"https:\/\/aviator-game.cafe\/ro\/strategies\/","og_site_name":"aviator-game ro","article_modified_time":"2025-04-04T07:39:55+00:00","twitter_card":"summary_large_image","schema":{"@context":"https:\/\/schema.org","@graph":[{"@type":"WebPage","@id":"https:\/\/aviator-game.cafe\/ro\/strategies\/","url":"https:\/\/aviator-game.cafe\/ro\/strategies\/","name":"Strategia Aviator \u2907 cele mai bune mi\u0219c\u0103ri tactice","isPartOf":{"@id":"https:\/\/aviator-game.cafe\/ro\/#website"},"datePublished":"2025-02-06T07:14:18+00:00","dateModified":"2025-04-04T07:39:55+00:00","description":"Aceast\u0103 prezentare general\u0103 a celor mai bune strategii aplicabile \u00een jocul Aviator v\u0103 va permite s\u0103 alege\u021bi cele mai potrivite tactici pentru stilul dvs. de joc \u0219i s\u0103 c\u00e2\u0219tiga\u021bi!","breadcrumb":{"@id":"https:\/\/aviator-game.cafe\/ro\/strategies\/#breadcrumb"},"inLanguage":"ro-RO","potentialAction":[{"@type":"ReadAction","target":["https:\/\/aviator-game.cafe\/ro\/strategies\/"]}]},{"@type":"BreadcrumbList","@id":"https:\/\/aviator-game.cafe\/ro\/strategies\/#breadcrumb","itemListElement":[{"@type":"ListItem","position":1,"name":"\u0413\u043b\u0430\u0432\u043d\u0430\u044f \u0441\u0442\u0440\u0430\u043d\u0438\u0446\u0430","item":"https:\/\/aviator-game.cafe\/ro\/"},{"@type":"ListItem","position":2,"name":"Strategii de joc"}]},{"@type":"WebSite","@id":"https:\/\/aviator-game.cafe\/ro\/#website","url":"https:\/\/aviator-game.cafe\/ro\/","name":"aviator-game ro","description":"My WordPress Blog","potentialAction":[{"@type":"SearchAction","target":{"@type":"EntryPoint","urlTemplate":"https:\/\/aviator-game.cafe\/ro\/?s={search_term_string}"},"query-input":{"@type":"PropertyValueSpecification","valueRequired":true,"valueName":"search_term_string"}}],"inLanguage":"ro-RO"}]}},"_links":{"self":[{"href":"https:\/\/aviator-game.cafe\/ro\/wp-json\/wp\/v2\/pages\/208","targetHints":{"allow":["GET"]}}],"collection":[{"href":"https:\/\/aviator-game.cafe\/ro\/wp-json\/wp\/v2\/pages"}],"about":[{"href":"https:\/\/aviator-game.cafe\/ro\/wp-json\/wp\/v2\/types\/page"}],"author":[{"embeddable":true,"href":"https:\/\/aviator-game.cafe\/ro\/wp-json\/wp\/v2\/users\/1"}],"replies":[{"embeddable":true,"href":"https:\/\/aviator-game.cafe\/ro\/wp-json\/wp\/v2\/comments?post=208"}],"version-history":[{"count":9,"href":"https:\/\/aviator-game.cafe\/ro\/wp-json\/wp\/v2\/pages\/208\/revisions"}],"predecessor-version":[{"id":270,"href":"https:\/\/aviator-game.cafe\/ro\/wp-json\/wp\/v2\/pages\/208\/revisions\/270"}],"wp:attachment":[{"href":"https:\/\/aviator-game.cafe\/ro\/wp-json\/wp\/v2\/media?parent=208"}],"curies":[{"name":"wp","href":"https:\/\/api.w.org\/{rel}","templated":true}]}}