{"id":152,"date":"2023-05-18T17:39:43","date_gmt":"2023-05-18T17:39:43","guid":{"rendered":"https:\/\/aviator-game.cafe\/sk\/?page_id=152"},"modified":"2025-05-19T12:33:22","modified_gmt":"2025-05-19T12:33:22","slug":"how-to-play","status":"publish","type":"page","link":"https:\/\/aviator-game.cafe\/sk\/how-to-play\/","title":{"rendered":"Ako hra\u0165?"},"content":{"rendered":"","protected":false},"excerpt":{"rendered":"","protected":false},"author":1,"featured_media":0,"parent":0,"menu_order":1,"comment_status":"closed","ping_status":"closed","template":"","meta":{"footnotes":""},"class_list":["post-152","page","type-page","status-publish","hentry"],"yoast_head":"<!-- This site is optimized with the Yoast SEO plugin v24.3 - https:\/\/yoast.com\/wordpress\/plugins\/seo\/ -->\n<title>Ako hra\u0165 hru Aviator \u1433 kompletn\u00fd sprievodca<\/title>\n<meta name=\"description\" content=\"V\u0161etky tajomstv\u00e1 hry Aviator sa dozviete tu! Strat\u00e9gie a detaily hry a chyby, ktor\u00fdm sa treba vyhn\u00fa\u0165, s\u00fa zhroma\u017eden\u00e9 v jednom preh\u013eade.\" \/>\n<meta name=\"robots\" content=\"index, follow, max-snippet:-1, max-image-preview:large, max-video-preview:-1\" \/>\n<meta property=\"og:locale\" content=\"sk_SK\" \/>\n<meta property=\"og:type\" content=\"article\" \/>\n<meta property=\"og:title\" content=\"Ako hra\u0165 hru Aviator \u1433 kompletn\u00fd sprievodca\" \/>\n<meta property=\"og:description\" content=\"V\u0161etky tajomstv\u00e1 hry Aviator sa dozviete tu! Strat\u00e9gie a detaily hry a chyby, ktor\u00fdm sa treba vyhn\u00fa\u0165, s\u00fa zhroma\u017eden\u00e9 v jednom preh\u013eade.\" \/>\n<meta property=\"og:url\" content=\"https:\/\/aviator-game.cafe\/sk\/how-to-play\/\" \/>\n<meta property=\"og:site_name\" content=\"aviator-game sk\" \/>\n<meta property=\"article:modified_time\" content=\"2025-05-19T12:33:22+00:00\" \/>\n<meta name=\"twitter:card\" content=\"summary_large_image\" \/>\n<script type=\"application\/ld+json\" class=\"yoast-schema-graph\">{\"@context\":\"https:\/\/schema.org\",\"@graph\":[{\"@type\":\"WebPage\",\"@id\":\"https:\/\/aviator-game.cafe\/sk\/how-to-play\/\",\"url\":\"https:\/\/aviator-game.cafe\/sk\/how-to-play\/\",\"name\":\"Ako hra\u0165 hru Aviator \u1433 kompletn\u00fd sprievodca\",\"isPartOf\":{\"@id\":\"https:\/\/aviator-game.cafe\/sk\/#website\"},\"datePublished\":\"2023-05-18T17:39:43+00:00\",\"dateModified\":\"2025-05-19T12:33:22+00:00\",\"description\":\"V\u0161etky tajomstv\u00e1 hry Aviator sa dozviete tu! Strat\u00e9gie a detaily hry a chyby, ktor\u00fdm sa treba vyhn\u00fa\u0165, s\u00fa zhroma\u017eden\u00e9 v jednom preh\u013eade.\",\"breadcrumb\":{\"@id\":\"https:\/\/aviator-game.cafe\/sk\/how-to-play\/#breadcrumb\"},\"inLanguage\":\"sk-SK\",\"potentialAction\":[{\"@type\":\"ReadAction\",\"target\":[\"https:\/\/aviator-game.cafe\/sk\/how-to-play\/\"]}]},{\"@type\":\"BreadcrumbList\",\"@id\":\"https:\/\/aviator-game.cafe\/sk\/how-to-play\/#breadcrumb\",\"itemListElement\":[{\"@type\":\"ListItem\",\"position\":1,\"name\":\"\u0413\u043b\u0430\u0432\u043d\u0430\u044f \u0441\u0442\u0440\u0430\u043d\u0438\u0446\u0430\",\"item\":\"https:\/\/aviator-game.cafe\/sk\/\"},{\"@type\":\"ListItem\",\"position\":2,\"name\":\"Ako hra\u0165?\"}]},{\"@type\":\"WebSite\",\"@id\":\"https:\/\/aviator-game.cafe\/sk\/#website\",\"url\":\"https:\/\/aviator-game.cafe\/sk\/\",\"name\":\"aviator-game sk\",\"description\":\"My WordPress Blog\",\"potentialAction\":[{\"@type\":\"SearchAction\",\"target\":{\"@type\":\"EntryPoint\",\"urlTemplate\":\"https:\/\/aviator-game.cafe\/sk\/?s={search_term_string}\"},\"query-input\":{\"@type\":\"PropertyValueSpecification\",\"valueRequired\":true,\"valueName\":\"search_term_string\"}}],\"inLanguage\":\"sk-SK\"}]}<\/script>\n<!-- \/ Yoast SEO plugin. -->","yoast_head_json":{"title":"Ako hra\u0165 hru Aviator \u1433 kompletn\u00fd sprievodca","description":"V\u0161etky tajomstv\u00e1 hry Aviator sa dozviete tu! Strat\u00e9gie a detaily hry a chyby, ktor\u00fdm sa treba vyhn\u00fa\u0165, s\u00fa zhroma\u017eden\u00e9 v jednom preh\u013eade.","robots":{"index":"index","follow":"follow","max-snippet":"max-snippet:-1","max-image-preview":"max-image-preview:large","max-video-preview":"max-video-preview:-1"},"og_locale":"sk_SK","og_type":"article","og_title":"Ako hra\u0165 hru Aviator \u1433 kompletn\u00fd sprievodca","og_description":"V\u0161etky tajomstv\u00e1 hry Aviator sa dozviete tu! Strat\u00e9gie a detaily hry a chyby, ktor\u00fdm sa treba vyhn\u00fa\u0165, s\u00fa zhroma\u017eden\u00e9 v jednom preh\u013eade.","og_url":"https:\/\/aviator-game.cafe\/sk\/how-to-play\/","og_site_name":"aviator-game sk","article_modified_time":"2025-05-19T12:33:22+00:00","twitter_card":"summary_large_image","schema":{"@context":"https:\/\/schema.org","@graph":[{"@type":"WebPage","@id":"https:\/\/aviator-game.cafe\/sk\/how-to-play\/","url":"https:\/\/aviator-game.cafe\/sk\/how-to-play\/","name":"Ako hra\u0165 hru Aviator \u1433 kompletn\u00fd sprievodca","isPartOf":{"@id":"https:\/\/aviator-game.cafe\/sk\/#website"},"datePublished":"2023-05-18T17:39:43+00:00","dateModified":"2025-05-19T12:33:22+00:00","description":"V\u0161etky tajomstv\u00e1 hry Aviator sa dozviete tu! Strat\u00e9gie a detaily hry a chyby, ktor\u00fdm sa treba vyhn\u00fa\u0165, s\u00fa zhroma\u017eden\u00e9 v jednom preh\u013eade.","breadcrumb":{"@id":"https:\/\/aviator-game.cafe\/sk\/how-to-play\/#breadcrumb"},"inLanguage":"sk-SK","potentialAction":[{"@type":"ReadAction","target":["https:\/\/aviator-game.cafe\/sk\/how-to-play\/"]}]},{"@type":"BreadcrumbList","@id":"https:\/\/aviator-game.cafe\/sk\/how-to-play\/#breadcrumb","itemListElement":[{"@type":"ListItem","position":1,"name":"\u0413\u043b\u0430\u0432\u043d\u0430\u044f \u0441\u0442\u0440\u0430\u043d\u0438\u0446\u0430","item":"https:\/\/aviator-game.cafe\/sk\/"},{"@type":"ListItem","position":2,"name":"Ako hra\u0165?"}]},{"@type":"WebSite","@id":"https:\/\/aviator-game.cafe\/sk\/#website","url":"https:\/\/aviator-game.cafe\/sk\/","name":"aviator-game sk","description":"My WordPress Blog","potentialAction":[{"@type":"SearchAction","target":{"@type":"EntryPoint","urlTemplate":"https:\/\/aviator-game.cafe\/sk\/?s={search_term_string}"},"query-input":{"@type":"PropertyValueSpecification","valueRequired":true,"valueName":"search_term_string"}}],"inLanguage":"sk-SK"}]}},"_links":{"self":[{"href":"https:\/\/aviator-game.cafe\/sk\/wp-json\/wp\/v2\/pages\/152","targetHints":{"allow":["GET"]}}],"collection":[{"href":"https:\/\/aviator-game.cafe\/sk\/wp-json\/wp\/v2\/pages"}],"about":[{"href":"https:\/\/aviator-game.cafe\/sk\/wp-json\/wp\/v2\/types\/page"}],"author":[{"embeddable":true,"href":"https:\/\/aviator-game.cafe\/sk\/wp-json\/wp\/v2\/users\/1"}],"replies":[{"embeddable":true,"href":"https:\/\/aviator-game.cafe\/sk\/wp-json\/wp\/v2\/comments?post=152"}],"version-history":[{"count":12,"href":"https:\/\/aviator-game.cafe\/sk\/wp-json\/wp\/v2\/pages\/152\/revisions"}],"predecessor-version":[{"id":276,"href":"https:\/\/aviator-game.cafe\/sk\/wp-json\/wp\/v2\/pages\/152\/revisions\/276"}],"wp:attachment":[{"href":"https:\/\/aviator-game.cafe\/sk\/wp-json\/wp\/v2\/media?parent=152"}],"curies":[{"name":"wp","href":"https:\/\/api.w.org\/{rel}","templated":true}]}}