{"id":205,"date":"2025-02-05T15:49:28","date_gmt":"2025-02-05T15:49:28","guid":{"rendered":"https:\/\/aviator-game.cafe\/sk\/?page_id=205"},"modified":"2025-05-19T12:43:30","modified_gmt":"2025-05-19T12:43:30","slug":"demo","status":"publish","type":"page","link":"https:\/\/aviator-game.cafe\/sk\/demo\/","title":{"rendered":"Demo"},"content":{"rendered":"","protected":false},"excerpt":{"rendered":"","protected":false},"author":1,"featured_media":0,"parent":0,"menu_order":2,"comment_status":"closed","ping_status":"closed","template":"","meta":{"footnotes":""},"class_list":["post-205","page","type-page","status-publish","hentry"],"yoast_head":"<!-- This site is optimized with the Yoast SEO plugin v24.3 - https:\/\/yoast.com\/wordpress\/plugins\/seo\/ -->\n<title>Aviator demo \u2907 najlep\u0161\u00ed sp\u00f4sob, ako zvl\u00e1dnu\u0165 hru<\/title>\n<meta name=\"description\" content=\"Demoverzia hry Aviator v\u00e1m umo\u017en\u00ed pre\u0161tudova\u0165 mechaniku hry, strat\u00e9giu a pos\u00fadi\u0165 mieru vzru\u0161enia, ktor\u00fa tento automat poskytuje.\" \/>\n<meta name=\"robots\" content=\"index, follow, max-snippet:-1, max-image-preview:large, max-video-preview:-1\" \/>\n<meta property=\"og:locale\" content=\"sk_SK\" \/>\n<meta property=\"og:type\" content=\"article\" \/>\n<meta property=\"og:title\" content=\"Aviator demo \u2907 najlep\u0161\u00ed sp\u00f4sob, ako zvl\u00e1dnu\u0165 hru\" \/>\n<meta property=\"og:description\" content=\"Demoverzia hry Aviator v\u00e1m umo\u017en\u00ed pre\u0161tudova\u0165 mechaniku hry, strat\u00e9giu a pos\u00fadi\u0165 mieru vzru\u0161enia, ktor\u00fa tento automat poskytuje.\" \/>\n<meta property=\"og:url\" content=\"https:\/\/aviator-game.cafe\/sk\/demo\/\" \/>\n<meta property=\"og:site_name\" content=\"aviator-game sk\" \/>\n<meta property=\"article:modified_time\" content=\"2025-05-19T12:43:30+00:00\" \/>\n<meta name=\"twitter:card\" content=\"summary_large_image\" \/>\n<script type=\"application\/ld+json\" class=\"yoast-schema-graph\">{\"@context\":\"https:\/\/schema.org\",\"@graph\":[{\"@type\":\"WebPage\",\"@id\":\"https:\/\/aviator-game.cafe\/sk\/demo\/\",\"url\":\"https:\/\/aviator-game.cafe\/sk\/demo\/\",\"name\":\"Aviator demo \u2907 najlep\u0161\u00ed sp\u00f4sob, ako zvl\u00e1dnu\u0165 hru\",\"isPartOf\":{\"@id\":\"https:\/\/aviator-game.cafe\/sk\/#website\"},\"datePublished\":\"2025-02-05T15:49:28+00:00\",\"dateModified\":\"2025-05-19T12:43:30+00:00\",\"description\":\"Demoverzia hry Aviator v\u00e1m umo\u017en\u00ed pre\u0161tudova\u0165 mechaniku hry, strat\u00e9giu a pos\u00fadi\u0165 mieru vzru\u0161enia, ktor\u00fa tento automat poskytuje.\",\"breadcrumb\":{\"@id\":\"https:\/\/aviator-game.cafe\/sk\/demo\/#breadcrumb\"},\"inLanguage\":\"sk-SK\",\"potentialAction\":[{\"@type\":\"ReadAction\",\"target\":[\"https:\/\/aviator-game.cafe\/sk\/demo\/\"]}]},{\"@type\":\"BreadcrumbList\",\"@id\":\"https:\/\/aviator-game.cafe\/sk\/demo\/#breadcrumb\",\"itemListElement\":[{\"@type\":\"ListItem\",\"position\":1,\"name\":\"\u0413\u043b\u0430\u0432\u043d\u0430\u044f \u0441\u0442\u0440\u0430\u043d\u0438\u0446\u0430\",\"item\":\"https:\/\/aviator-game.cafe\/sk\/\"},{\"@type\":\"ListItem\",\"position\":2,\"name\":\"Demo\"}]},{\"@type\":\"WebSite\",\"@id\":\"https:\/\/aviator-game.cafe\/sk\/#website\",\"url\":\"https:\/\/aviator-game.cafe\/sk\/\",\"name\":\"aviator-game sk\",\"description\":\"My WordPress Blog\",\"potentialAction\":[{\"@type\":\"SearchAction\",\"target\":{\"@type\":\"EntryPoint\",\"urlTemplate\":\"https:\/\/aviator-game.cafe\/sk\/?s={search_term_string}\"},\"query-input\":{\"@type\":\"PropertyValueSpecification\",\"valueRequired\":true,\"valueName\":\"search_term_string\"}}],\"inLanguage\":\"sk-SK\"}]}<\/script>\n<!-- \/ Yoast SEO plugin. -->","yoast_head_json":{"title":"Aviator demo \u2907 najlep\u0161\u00ed sp\u00f4sob, ako zvl\u00e1dnu\u0165 hru","description":"Demoverzia hry Aviator v\u00e1m umo\u017en\u00ed pre\u0161tudova\u0165 mechaniku hry, strat\u00e9giu a pos\u00fadi\u0165 mieru vzru\u0161enia, ktor\u00fa tento automat poskytuje.","robots":{"index":"index","follow":"follow","max-snippet":"max-snippet:-1","max-image-preview":"max-image-preview:large","max-video-preview":"max-video-preview:-1"},"og_locale":"sk_SK","og_type":"article","og_title":"Aviator demo \u2907 najlep\u0161\u00ed sp\u00f4sob, ako zvl\u00e1dnu\u0165 hru","og_description":"Demoverzia hry Aviator v\u00e1m umo\u017en\u00ed pre\u0161tudova\u0165 mechaniku hry, strat\u00e9giu a pos\u00fadi\u0165 mieru vzru\u0161enia, ktor\u00fa tento automat poskytuje.","og_url":"https:\/\/aviator-game.cafe\/sk\/demo\/","og_site_name":"aviator-game sk","article_modified_time":"2025-05-19T12:43:30+00:00","twitter_card":"summary_large_image","schema":{"@context":"https:\/\/schema.org","@graph":[{"@type":"WebPage","@id":"https:\/\/aviator-game.cafe\/sk\/demo\/","url":"https:\/\/aviator-game.cafe\/sk\/demo\/","name":"Aviator demo \u2907 najlep\u0161\u00ed sp\u00f4sob, ako zvl\u00e1dnu\u0165 hru","isPartOf":{"@id":"https:\/\/aviator-game.cafe\/sk\/#website"},"datePublished":"2025-02-05T15:49:28+00:00","dateModified":"2025-05-19T12:43:30+00:00","description":"Demoverzia hry Aviator v\u00e1m umo\u017en\u00ed pre\u0161tudova\u0165 mechaniku hry, strat\u00e9giu a pos\u00fadi\u0165 mieru vzru\u0161enia, ktor\u00fa tento automat poskytuje.","breadcrumb":{"@id":"https:\/\/aviator-game.cafe\/sk\/demo\/#breadcrumb"},"inLanguage":"sk-SK","potentialAction":[{"@type":"ReadAction","target":["https:\/\/aviator-game.cafe\/sk\/demo\/"]}]},{"@type":"BreadcrumbList","@id":"https:\/\/aviator-game.cafe\/sk\/demo\/#breadcrumb","itemListElement":[{"@type":"ListItem","position":1,"name":"\u0413\u043b\u0430\u0432\u043d\u0430\u044f \u0441\u0442\u0440\u0430\u043d\u0438\u0446\u0430","item":"https:\/\/aviator-game.cafe\/sk\/"},{"@type":"ListItem","position":2,"name":"Demo"}]},{"@type":"WebSite","@id":"https:\/\/aviator-game.cafe\/sk\/#website","url":"https:\/\/aviator-game.cafe\/sk\/","name":"aviator-game sk","description":"My WordPress Blog","potentialAction":[{"@type":"SearchAction","target":{"@type":"EntryPoint","urlTemplate":"https:\/\/aviator-game.cafe\/sk\/?s={search_term_string}"},"query-input":{"@type":"PropertyValueSpecification","valueRequired":true,"valueName":"search_term_string"}}],"inLanguage":"sk-SK"}]}},"_links":{"self":[{"href":"https:\/\/aviator-game.cafe\/sk\/wp-json\/wp\/v2\/pages\/205","targetHints":{"allow":["GET"]}}],"collection":[{"href":"https:\/\/aviator-game.cafe\/sk\/wp-json\/wp\/v2\/pages"}],"about":[{"href":"https:\/\/aviator-game.cafe\/sk\/wp-json\/wp\/v2\/types\/page"}],"author":[{"embeddable":true,"href":"https:\/\/aviator-game.cafe\/sk\/wp-json\/wp\/v2\/users\/1"}],"replies":[{"embeddable":true,"href":"https:\/\/aviator-game.cafe\/sk\/wp-json\/wp\/v2\/comments?post=205"}],"version-history":[{"count":15,"href":"https:\/\/aviator-game.cafe\/sk\/wp-json\/wp\/v2\/pages\/205\/revisions"}],"predecessor-version":[{"id":254,"href":"https:\/\/aviator-game.cafe\/sk\/wp-json\/wp\/v2\/pages\/205\/revisions\/254"}],"wp:attachment":[{"href":"https:\/\/aviator-game.cafe\/sk\/wp-json\/wp\/v2\/media?parent=205"}],"curies":[{"name":"wp","href":"https:\/\/api.w.org\/{rel}","templated":true}]}}