{"id":208,"date":"2025-02-06T07:14:18","date_gmt":"2025-02-06T07:14:18","guid":{"rendered":"https:\/\/aviator-game.cafe\/sl\/?page_id=208"},"modified":"2025-06-25T09:38:00","modified_gmt":"2025-06-25T09:38:00","slug":"strategies","status":"publish","type":"page","link":"https:\/\/aviator-game.cafe\/sl\/strategies\/","title":{"rendered":"Strategije igre"},"content":{"rendered":"","protected":false},"excerpt":{"rendered":"","protected":false},"author":1,"featured_media":0,"parent":0,"menu_order":3,"comment_status":"closed","ping_status":"closed","template":"","meta":{"footnotes":""},"class_list":["post-208","page","type-page","status-publish","hentry"],"yoast_head":"<!-- This site is optimized with the Yoast SEO plugin v24.3 - https:\/\/yoast.com\/wordpress\/plugins\/seo\/ -->\n<title>Strategija letalca \u2907 najbolj\u0161e takti\u010dne poteze<\/title>\n<meta name=\"description\" content=\"Ta pregled najbolj\u0161ih strategij, ki se uporabljajo v igri Aviator, vam bo omogo\u010dil, da izberete najprimernej\u0161o taktiko za svoj slog igre in zmagate!\" \/>\n<meta name=\"robots\" content=\"index, follow, max-snippet:-1, max-image-preview:large, max-video-preview:-1\" \/>\n<meta property=\"og:locale\" content=\"sl_SI\" \/>\n<meta property=\"og:type\" content=\"article\" \/>\n<meta property=\"og:title\" content=\"Strategija letalca \u2907 najbolj\u0161e takti\u010dne poteze\" \/>\n<meta property=\"og:description\" content=\"Ta pregled najbolj\u0161ih strategij, ki se uporabljajo v igri Aviator, vam bo omogo\u010dil, da izberete najprimernej\u0161o taktiko za svoj slog igre in zmagate!\" \/>\n<meta property=\"og:url\" content=\"https:\/\/aviator-game.cafe\/sl\/strategies\/\" \/>\n<meta property=\"og:site_name\" content=\"aviator-game sl\" \/>\n<meta property=\"article:modified_time\" content=\"2025-06-25T09:38:00+00:00\" \/>\n<meta name=\"twitter:card\" content=\"summary_large_image\" \/>\n<script type=\"application\/ld+json\" class=\"yoast-schema-graph\">{\"@context\":\"https:\/\/schema.org\",\"@graph\":[{\"@type\":\"WebPage\",\"@id\":\"https:\/\/aviator-game.cafe\/sl\/strategies\/\",\"url\":\"https:\/\/aviator-game.cafe\/sl\/strategies\/\",\"name\":\"Strategija letalca \u2907 najbolj\u0161e takti\u010dne poteze\",\"isPartOf\":{\"@id\":\"https:\/\/aviator-game.cafe\/sl\/#website\"},\"datePublished\":\"2025-02-06T07:14:18+00:00\",\"dateModified\":\"2025-06-25T09:38:00+00:00\",\"description\":\"Ta pregled najbolj\u0161ih strategij, ki se uporabljajo v igri Aviator, vam bo omogo\u010dil, da izberete najprimernej\u0161o taktiko za svoj slog igre in zmagate!\",\"breadcrumb\":{\"@id\":\"https:\/\/aviator-game.cafe\/sl\/strategies\/#breadcrumb\"},\"inLanguage\":\"sl-SI\",\"potentialAction\":[{\"@type\":\"ReadAction\",\"target\":[\"https:\/\/aviator-game.cafe\/sl\/strategies\/\"]}]},{\"@type\":\"BreadcrumbList\",\"@id\":\"https:\/\/aviator-game.cafe\/sl\/strategies\/#breadcrumb\",\"itemListElement\":[{\"@type\":\"ListItem\",\"position\":1,\"name\":\"\u0413\u043b\u0430\u0432\u043d\u0430\u044f \u0441\u0442\u0440\u0430\u043d\u0438\u0446\u0430\",\"item\":\"https:\/\/aviator-game.cafe\/sl\/\"},{\"@type\":\"ListItem\",\"position\":2,\"name\":\"Strategije igre\"}]},{\"@type\":\"WebSite\",\"@id\":\"https:\/\/aviator-game.cafe\/sl\/#website\",\"url\":\"https:\/\/aviator-game.cafe\/sl\/\",\"name\":\"aviator-game sl\",\"description\":\"My WordPress Blog\",\"potentialAction\":[{\"@type\":\"SearchAction\",\"target\":{\"@type\":\"EntryPoint\",\"urlTemplate\":\"https:\/\/aviator-game.cafe\/sl\/?s={search_term_string}\"},\"query-input\":{\"@type\":\"PropertyValueSpecification\",\"valueRequired\":true,\"valueName\":\"search_term_string\"}}],\"inLanguage\":\"sl-SI\"}]}<\/script>\n<!-- \/ Yoast SEO plugin. -->","yoast_head_json":{"title":"Strategija letalca \u2907 najbolj\u0161e takti\u010dne poteze","description":"Ta pregled najbolj\u0161ih strategij, ki se uporabljajo v igri Aviator, vam bo omogo\u010dil, da izberete najprimernej\u0161o taktiko za svoj slog igre in zmagate!","robots":{"index":"index","follow":"follow","max-snippet":"max-snippet:-1","max-image-preview":"max-image-preview:large","max-video-preview":"max-video-preview:-1"},"og_locale":"sl_SI","og_type":"article","og_title":"Strategija letalca \u2907 najbolj\u0161e takti\u010dne poteze","og_description":"Ta pregled najbolj\u0161ih strategij, ki se uporabljajo v igri Aviator, vam bo omogo\u010dil, da izberete najprimernej\u0161o taktiko za svoj slog igre in zmagate!","og_url":"https:\/\/aviator-game.cafe\/sl\/strategies\/","og_site_name":"aviator-game sl","article_modified_time":"2025-06-25T09:38:00+00:00","twitter_card":"summary_large_image","schema":{"@context":"https:\/\/schema.org","@graph":[{"@type":"WebPage","@id":"https:\/\/aviator-game.cafe\/sl\/strategies\/","url":"https:\/\/aviator-game.cafe\/sl\/strategies\/","name":"Strategija letalca \u2907 najbolj\u0161e takti\u010dne poteze","isPartOf":{"@id":"https:\/\/aviator-game.cafe\/sl\/#website"},"datePublished":"2025-02-06T07:14:18+00:00","dateModified":"2025-06-25T09:38:00+00:00","description":"Ta pregled najbolj\u0161ih strategij, ki se uporabljajo v igri Aviator, vam bo omogo\u010dil, da izberete najprimernej\u0161o taktiko za svoj slog igre in zmagate!","breadcrumb":{"@id":"https:\/\/aviator-game.cafe\/sl\/strategies\/#breadcrumb"},"inLanguage":"sl-SI","potentialAction":[{"@type":"ReadAction","target":["https:\/\/aviator-game.cafe\/sl\/strategies\/"]}]},{"@type":"BreadcrumbList","@id":"https:\/\/aviator-game.cafe\/sl\/strategies\/#breadcrumb","itemListElement":[{"@type":"ListItem","position":1,"name":"\u0413\u043b\u0430\u0432\u043d\u0430\u044f \u0441\u0442\u0440\u0430\u043d\u0438\u0446\u0430","item":"https:\/\/aviator-game.cafe\/sl\/"},{"@type":"ListItem","position":2,"name":"Strategije igre"}]},{"@type":"WebSite","@id":"https:\/\/aviator-game.cafe\/sl\/#website","url":"https:\/\/aviator-game.cafe\/sl\/","name":"aviator-game sl","description":"My WordPress Blog","potentialAction":[{"@type":"SearchAction","target":{"@type":"EntryPoint","urlTemplate":"https:\/\/aviator-game.cafe\/sl\/?s={search_term_string}"},"query-input":{"@type":"PropertyValueSpecification","valueRequired":true,"valueName":"search_term_string"}}],"inLanguage":"sl-SI"}]}},"_links":{"self":[{"href":"https:\/\/aviator-game.cafe\/sl\/wp-json\/wp\/v2\/pages\/208","targetHints":{"allow":["GET"]}}],"collection":[{"href":"https:\/\/aviator-game.cafe\/sl\/wp-json\/wp\/v2\/pages"}],"about":[{"href":"https:\/\/aviator-game.cafe\/sl\/wp-json\/wp\/v2\/types\/page"}],"author":[{"embeddable":true,"href":"https:\/\/aviator-game.cafe\/sl\/wp-json\/wp\/v2\/users\/1"}],"replies":[{"embeddable":true,"href":"https:\/\/aviator-game.cafe\/sl\/wp-json\/wp\/v2\/comments?post=208"}],"version-history":[{"count":10,"href":"https:\/\/aviator-game.cafe\/sl\/wp-json\/wp\/v2\/pages\/208\/revisions"}],"predecessor-version":[{"id":283,"href":"https:\/\/aviator-game.cafe\/sl\/wp-json\/wp\/v2\/pages\/208\/revisions\/283"}],"wp:attachment":[{"href":"https:\/\/aviator-game.cafe\/sl\/wp-json\/wp\/v2\/media?parent=208"}],"curies":[{"name":"wp","href":"https:\/\/api.w.org\/{rel}","templated":true}]}}