{"id":215,"date":"2025-02-06T07:31:41","date_gmt":"2025-02-06T07:31:41","guid":{"rendered":"https:\/\/aviator-game.cafe\/sl\/?page_id=215"},"modified":"2025-06-25T09:45:34","modified_gmt":"2025-06-25T09:45:34","slug":"predictor","status":"publish","type":"page","link":"https:\/\/aviator-game.cafe\/sl\/predictor\/","title":{"rendered":"Prediktor"},"content":{"rendered":"","protected":false},"excerpt":{"rendered":"","protected":false},"author":1,"featured_media":0,"parent":0,"menu_order":4,"comment_status":"closed","ping_status":"closed","template":"","meta":{"footnotes":""},"class_list":["post-215","page","type-page","status-publish","hentry"],"yoast_head":"<!-- This site is optimized with the Yoast SEO plugin v24.3 - https:\/\/yoast.com\/wordpress\/plugins\/seo\/ -->\n<title>Aviator Predictor \u27a3 analiza in napovedi za igro<\/title>\n<meta name=\"description\" content=\"\u017delite pogosteje zmagovati pri Aviatorju? Aviator Predictor je va\u0161a skrivnost uspeha! Uporabite na\u0161 kalkulator za napovedi stav.\" \/>\n<meta name=\"robots\" content=\"index, follow, max-snippet:-1, max-image-preview:large, max-video-preview:-1\" \/>\n<meta property=\"og:locale\" content=\"sl_SI\" \/>\n<meta property=\"og:type\" content=\"article\" \/>\n<meta property=\"og:title\" content=\"Aviator Predictor \u27a3 analiza in napovedi za igro\" \/>\n<meta property=\"og:description\" content=\"\u017delite pogosteje zmagovati pri Aviatorju? Aviator Predictor je va\u0161a skrivnost uspeha! Uporabite na\u0161 kalkulator za napovedi stav.\" \/>\n<meta property=\"og:url\" content=\"https:\/\/aviator-game.cafe\/sl\/predictor\/\" \/>\n<meta property=\"og:site_name\" content=\"aviator-game sl\" \/>\n<meta property=\"article:modified_time\" content=\"2025-06-25T09:45:34+00:00\" \/>\n<meta name=\"twitter:card\" content=\"summary_large_image\" \/>\n<script type=\"application\/ld+json\" class=\"yoast-schema-graph\">{\"@context\":\"https:\/\/schema.org\",\"@graph\":[{\"@type\":\"WebPage\",\"@id\":\"https:\/\/aviator-game.cafe\/sl\/predictor\/\",\"url\":\"https:\/\/aviator-game.cafe\/sl\/predictor\/\",\"name\":\"Aviator Predictor \u27a3 analiza in napovedi za igro\",\"isPartOf\":{\"@id\":\"https:\/\/aviator-game.cafe\/sl\/#website\"},\"datePublished\":\"2025-02-06T07:31:41+00:00\",\"dateModified\":\"2025-06-25T09:45:34+00:00\",\"description\":\"\u017delite pogosteje zmagovati pri Aviatorju? Aviator Predictor je va\u0161a skrivnost uspeha! Uporabite na\u0161 kalkulator za napovedi stav.\",\"breadcrumb\":{\"@id\":\"https:\/\/aviator-game.cafe\/sl\/predictor\/#breadcrumb\"},\"inLanguage\":\"sl-SI\",\"potentialAction\":[{\"@type\":\"ReadAction\",\"target\":[\"https:\/\/aviator-game.cafe\/sl\/predictor\/\"]}]},{\"@type\":\"BreadcrumbList\",\"@id\":\"https:\/\/aviator-game.cafe\/sl\/predictor\/#breadcrumb\",\"itemListElement\":[{\"@type\":\"ListItem\",\"position\":1,\"name\":\"\u0413\u043b\u0430\u0432\u043d\u0430\u044f \u0441\u0442\u0440\u0430\u043d\u0438\u0446\u0430\",\"item\":\"https:\/\/aviator-game.cafe\/sl\/\"},{\"@type\":\"ListItem\",\"position\":2,\"name\":\"Prediktor\"}]},{\"@type\":\"WebSite\",\"@id\":\"https:\/\/aviator-game.cafe\/sl\/#website\",\"url\":\"https:\/\/aviator-game.cafe\/sl\/\",\"name\":\"aviator-game sl\",\"description\":\"My WordPress Blog\",\"potentialAction\":[{\"@type\":\"SearchAction\",\"target\":{\"@type\":\"EntryPoint\",\"urlTemplate\":\"https:\/\/aviator-game.cafe\/sl\/?s={search_term_string}\"},\"query-input\":{\"@type\":\"PropertyValueSpecification\",\"valueRequired\":true,\"valueName\":\"search_term_string\"}}],\"inLanguage\":\"sl-SI\"}]}<\/script>\n<!-- \/ Yoast SEO plugin. -->","yoast_head_json":{"title":"Aviator Predictor \u27a3 analiza in napovedi za igro","description":"\u017delite pogosteje zmagovati pri Aviatorju? Aviator Predictor je va\u0161a skrivnost uspeha! Uporabite na\u0161 kalkulator za napovedi stav.","robots":{"index":"index","follow":"follow","max-snippet":"max-snippet:-1","max-image-preview":"max-image-preview:large","max-video-preview":"max-video-preview:-1"},"og_locale":"sl_SI","og_type":"article","og_title":"Aviator Predictor \u27a3 analiza in napovedi za igro","og_description":"\u017delite pogosteje zmagovati pri Aviatorju? Aviator Predictor je va\u0161a skrivnost uspeha! Uporabite na\u0161 kalkulator za napovedi stav.","og_url":"https:\/\/aviator-game.cafe\/sl\/predictor\/","og_site_name":"aviator-game sl","article_modified_time":"2025-06-25T09:45:34+00:00","twitter_card":"summary_large_image","schema":{"@context":"https:\/\/schema.org","@graph":[{"@type":"WebPage","@id":"https:\/\/aviator-game.cafe\/sl\/predictor\/","url":"https:\/\/aviator-game.cafe\/sl\/predictor\/","name":"Aviator Predictor \u27a3 analiza in napovedi za igro","isPartOf":{"@id":"https:\/\/aviator-game.cafe\/sl\/#website"},"datePublished":"2025-02-06T07:31:41+00:00","dateModified":"2025-06-25T09:45:34+00:00","description":"\u017delite pogosteje zmagovati pri Aviatorju? Aviator Predictor je va\u0161a skrivnost uspeha! Uporabite na\u0161 kalkulator za napovedi stav.","breadcrumb":{"@id":"https:\/\/aviator-game.cafe\/sl\/predictor\/#breadcrumb"},"inLanguage":"sl-SI","potentialAction":[{"@type":"ReadAction","target":["https:\/\/aviator-game.cafe\/sl\/predictor\/"]}]},{"@type":"BreadcrumbList","@id":"https:\/\/aviator-game.cafe\/sl\/predictor\/#breadcrumb","itemListElement":[{"@type":"ListItem","position":1,"name":"\u0413\u043b\u0430\u0432\u043d\u0430\u044f \u0441\u0442\u0440\u0430\u043d\u0438\u0446\u0430","item":"https:\/\/aviator-game.cafe\/sl\/"},{"@type":"ListItem","position":2,"name":"Prediktor"}]},{"@type":"WebSite","@id":"https:\/\/aviator-game.cafe\/sl\/#website","url":"https:\/\/aviator-game.cafe\/sl\/","name":"aviator-game sl","description":"My WordPress Blog","potentialAction":[{"@type":"SearchAction","target":{"@type":"EntryPoint","urlTemplate":"https:\/\/aviator-game.cafe\/sl\/?s={search_term_string}"},"query-input":{"@type":"PropertyValueSpecification","valueRequired":true,"valueName":"search_term_string"}}],"inLanguage":"sl-SI"}]}},"_links":{"self":[{"href":"https:\/\/aviator-game.cafe\/sl\/wp-json\/wp\/v2\/pages\/215","targetHints":{"allow":["GET"]}}],"collection":[{"href":"https:\/\/aviator-game.cafe\/sl\/wp-json\/wp\/v2\/pages"}],"about":[{"href":"https:\/\/aviator-game.cafe\/sl\/wp-json\/wp\/v2\/types\/page"}],"author":[{"embeddable":true,"href":"https:\/\/aviator-game.cafe\/sl\/wp-json\/wp\/v2\/users\/1"}],"replies":[{"embeddable":true,"href":"https:\/\/aviator-game.cafe\/sl\/wp-json\/wp\/v2\/comments?post=215"}],"version-history":[{"count":7,"href":"https:\/\/aviator-game.cafe\/sl\/wp-json\/wp\/v2\/pages\/215\/revisions"}],"predecessor-version":[{"id":285,"href":"https:\/\/aviator-game.cafe\/sl\/wp-json\/wp\/v2\/pages\/215\/revisions\/285"}],"wp:attachment":[{"href":"https:\/\/aviator-game.cafe\/sl\/wp-json\/wp\/v2\/media?parent=215"}],"curies":[{"name":"wp","href":"https:\/\/api.w.org\/{rel}","templated":true}]}}