{"id":205,"date":"2025-02-05T15:49:28","date_gmt":"2025-02-05T15:49:28","guid":{"rendered":"https:\/\/aviator-game.cafe\/sq\/?page_id=205"},"modified":"2025-05-07T12:17:51","modified_gmt":"2025-05-07T12:17:51","slug":"demo","status":"publish","type":"page","link":"https:\/\/aviator-game.cafe\/sq\/demo\/","title":{"rendered":"Demo"},"content":{"rendered":"","protected":false},"excerpt":{"rendered":"","protected":false},"author":1,"featured_media":0,"parent":0,"menu_order":2,"comment_status":"closed","ping_status":"closed","template":"","meta":{"footnotes":""},"class_list":["post-205","page","type-page","status-publish","hentry"],"yoast_head":"<!-- This site is optimized with the Yoast SEO plugin v24.3 - https:\/\/yoast.com\/wordpress\/plugins\/seo\/ -->\n<title>Demo e Aviator \u2907 m\u00ebnyra m\u00eb e mir\u00eb p\u00ebr t\u00eb zot\u00ebruar loj\u00ebn<\/title>\n<meta name=\"description\" content=\"Versioni demo i loj\u00ebs Aviator do t&#039;ju lejoj\u00eb t\u00eb studioni mekanik\u00ebn e loj\u00ebs, strategjin\u00eb dhe t\u00eb vler\u00ebsoni shkall\u00ebn e eksitimit q\u00eb i jep kjo makin\u00eb loj\u00ebrash elektronike.\" \/>\n<meta name=\"robots\" content=\"index, follow, max-snippet:-1, max-image-preview:large, max-video-preview:-1\" \/>\n<meta property=\"og:locale\" content=\"sq_AL\" \/>\n<meta property=\"og:type\" content=\"article\" \/>\n<meta property=\"og:title\" content=\"Demo e Aviator \u2907 m\u00ebnyra m\u00eb e mir\u00eb p\u00ebr t\u00eb zot\u00ebruar loj\u00ebn\" \/>\n<meta property=\"og:description\" content=\"Versioni demo i loj\u00ebs Aviator do t&#039;ju lejoj\u00eb t\u00eb studioni mekanik\u00ebn e loj\u00ebs, strategjin\u00eb dhe t\u00eb vler\u00ebsoni shkall\u00ebn e eksitimit q\u00eb i jep kjo makin\u00eb loj\u00ebrash elektronike.\" \/>\n<meta property=\"og:url\" content=\"https:\/\/aviator-game.cafe\/sq\/demo\/\" \/>\n<meta property=\"og:site_name\" content=\"aviator-game sq\" \/>\n<meta property=\"article:modified_time\" content=\"2025-05-07T12:17:51+00:00\" \/>\n<meta name=\"twitter:card\" content=\"summary_large_image\" \/>\n<script type=\"application\/ld+json\" class=\"yoast-schema-graph\">{\"@context\":\"https:\/\/schema.org\",\"@graph\":[{\"@type\":\"WebPage\",\"@id\":\"https:\/\/aviator-game.cafe\/sq\/demo\/\",\"url\":\"https:\/\/aviator-game.cafe\/sq\/demo\/\",\"name\":\"Demo e Aviator \u2907 m\u00ebnyra m\u00eb e mir\u00eb p\u00ebr t\u00eb zot\u00ebruar loj\u00ebn\",\"isPartOf\":{\"@id\":\"https:\/\/aviator-game.cafe\/sq\/#website\"},\"datePublished\":\"2025-02-05T15:49:28+00:00\",\"dateModified\":\"2025-05-07T12:17:51+00:00\",\"description\":\"Versioni demo i loj\u00ebs Aviator do t'ju lejoj\u00eb t\u00eb studioni mekanik\u00ebn e loj\u00ebs, strategjin\u00eb dhe t\u00eb vler\u00ebsoni shkall\u00ebn e eksitimit q\u00eb i jep kjo makin\u00eb loj\u00ebrash elektronike.\",\"breadcrumb\":{\"@id\":\"https:\/\/aviator-game.cafe\/sq\/demo\/#breadcrumb\"},\"inLanguage\":\"sq\",\"potentialAction\":[{\"@type\":\"ReadAction\",\"target\":[\"https:\/\/aviator-game.cafe\/sq\/demo\/\"]}]},{\"@type\":\"BreadcrumbList\",\"@id\":\"https:\/\/aviator-game.cafe\/sq\/demo\/#breadcrumb\",\"itemListElement\":[{\"@type\":\"ListItem\",\"position\":1,\"name\":\"\u0413\u043b\u0430\u0432\u043d\u0430\u044f \u0441\u0442\u0440\u0430\u043d\u0438\u0446\u0430\",\"item\":\"https:\/\/aviator-game.cafe\/sq\/\"},{\"@type\":\"ListItem\",\"position\":2,\"name\":\"Demo\"}]},{\"@type\":\"WebSite\",\"@id\":\"https:\/\/aviator-game.cafe\/sq\/#website\",\"url\":\"https:\/\/aviator-game.cafe\/sq\/\",\"name\":\"aviator-game sq\",\"description\":\"My WordPress Blog\",\"potentialAction\":[{\"@type\":\"SearchAction\",\"target\":{\"@type\":\"EntryPoint\",\"urlTemplate\":\"https:\/\/aviator-game.cafe\/sq\/?s={search_term_string}\"},\"query-input\":{\"@type\":\"PropertyValueSpecification\",\"valueRequired\":true,\"valueName\":\"search_term_string\"}}],\"inLanguage\":\"sq\"}]}<\/script>\n<!-- \/ Yoast SEO plugin. -->","yoast_head_json":{"title":"Demo e Aviator \u2907 m\u00ebnyra m\u00eb e mir\u00eb p\u00ebr t\u00eb zot\u00ebruar loj\u00ebn","description":"Versioni demo i loj\u00ebs Aviator do t'ju lejoj\u00eb t\u00eb studioni mekanik\u00ebn e loj\u00ebs, strategjin\u00eb dhe t\u00eb vler\u00ebsoni shkall\u00ebn e eksitimit q\u00eb i jep kjo makin\u00eb loj\u00ebrash elektronike.","robots":{"index":"index","follow":"follow","max-snippet":"max-snippet:-1","max-image-preview":"max-image-preview:large","max-video-preview":"max-video-preview:-1"},"og_locale":"sq_AL","og_type":"article","og_title":"Demo e Aviator \u2907 m\u00ebnyra m\u00eb e mir\u00eb p\u00ebr t\u00eb zot\u00ebruar loj\u00ebn","og_description":"Versioni demo i loj\u00ebs Aviator do t'ju lejoj\u00eb t\u00eb studioni mekanik\u00ebn e loj\u00ebs, strategjin\u00eb dhe t\u00eb vler\u00ebsoni shkall\u00ebn e eksitimit q\u00eb i jep kjo makin\u00eb loj\u00ebrash elektronike.","og_url":"https:\/\/aviator-game.cafe\/sq\/demo\/","og_site_name":"aviator-game sq","article_modified_time":"2025-05-07T12:17:51+00:00","twitter_card":"summary_large_image","schema":{"@context":"https:\/\/schema.org","@graph":[{"@type":"WebPage","@id":"https:\/\/aviator-game.cafe\/sq\/demo\/","url":"https:\/\/aviator-game.cafe\/sq\/demo\/","name":"Demo e Aviator \u2907 m\u00ebnyra m\u00eb e mir\u00eb p\u00ebr t\u00eb zot\u00ebruar loj\u00ebn","isPartOf":{"@id":"https:\/\/aviator-game.cafe\/sq\/#website"},"datePublished":"2025-02-05T15:49:28+00:00","dateModified":"2025-05-07T12:17:51+00:00","description":"Versioni demo i loj\u00ebs Aviator do t'ju lejoj\u00eb t\u00eb studioni mekanik\u00ebn e loj\u00ebs, strategjin\u00eb dhe t\u00eb vler\u00ebsoni shkall\u00ebn e eksitimit q\u00eb i jep kjo makin\u00eb loj\u00ebrash elektronike.","breadcrumb":{"@id":"https:\/\/aviator-game.cafe\/sq\/demo\/#breadcrumb"},"inLanguage":"sq","potentialAction":[{"@type":"ReadAction","target":["https:\/\/aviator-game.cafe\/sq\/demo\/"]}]},{"@type":"BreadcrumbList","@id":"https:\/\/aviator-game.cafe\/sq\/demo\/#breadcrumb","itemListElement":[{"@type":"ListItem","position":1,"name":"\u0413\u043b\u0430\u0432\u043d\u0430\u044f \u0441\u0442\u0440\u0430\u043d\u0438\u0446\u0430","item":"https:\/\/aviator-game.cafe\/sq\/"},{"@type":"ListItem","position":2,"name":"Demo"}]},{"@type":"WebSite","@id":"https:\/\/aviator-game.cafe\/sq\/#website","url":"https:\/\/aviator-game.cafe\/sq\/","name":"aviator-game sq","description":"My WordPress Blog","potentialAction":[{"@type":"SearchAction","target":{"@type":"EntryPoint","urlTemplate":"https:\/\/aviator-game.cafe\/sq\/?s={search_term_string}"},"query-input":{"@type":"PropertyValueSpecification","valueRequired":true,"valueName":"search_term_string"}}],"inLanguage":"sq"}]}},"_links":{"self":[{"href":"https:\/\/aviator-game.cafe\/sq\/wp-json\/wp\/v2\/pages\/205","targetHints":{"allow":["GET"]}}],"collection":[{"href":"https:\/\/aviator-game.cafe\/sq\/wp-json\/wp\/v2\/pages"}],"about":[{"href":"https:\/\/aviator-game.cafe\/sq\/wp-json\/wp\/v2\/types\/page"}],"author":[{"embeddable":true,"href":"https:\/\/aviator-game.cafe\/sq\/wp-json\/wp\/v2\/users\/1"}],"replies":[{"embeddable":true,"href":"https:\/\/aviator-game.cafe\/sq\/wp-json\/wp\/v2\/comments?post=205"}],"version-history":[{"count":16,"href":"https:\/\/aviator-game.cafe\/sq\/wp-json\/wp\/v2\/pages\/205\/revisions"}],"predecessor-version":[{"id":278,"href":"https:\/\/aviator-game.cafe\/sq\/wp-json\/wp\/v2\/pages\/205\/revisions\/278"}],"wp:attachment":[{"href":"https:\/\/aviator-game.cafe\/sq\/wp-json\/wp\/v2\/media?parent=205"}],"curies":[{"name":"wp","href":"https:\/\/api.w.org\/{rel}","templated":true}]}}