{"id":208,"date":"2025-02-06T07:14:18","date_gmt":"2025-02-06T07:14:18","guid":{"rendered":"https:\/\/aviator-game.cafe\/sq\/?page_id=208"},"modified":"2025-05-07T13:06:01","modified_gmt":"2025-05-07T13:06:01","slug":"strategies","status":"publish","type":"page","link":"https:\/\/aviator-game.cafe\/sq\/strategies\/","title":{"rendered":"Strategjit\u00eb e loj\u00ebs"},"content":{"rendered":"","protected":false},"excerpt":{"rendered":"","protected":false},"author":1,"featured_media":0,"parent":0,"menu_order":3,"comment_status":"closed","ping_status":"closed","template":"","meta":{"footnotes":""},"class_list":["post-208","page","type-page","status-publish","hentry"],"yoast_head":"<!-- This site is optimized with the Yoast SEO plugin v24.3 - https:\/\/yoast.com\/wordpress\/plugins\/seo\/ -->\n<title>Strategjia e Aviatorit \u2907 l\u00ebvizjet m\u00eb t\u00eb mira taktike<\/title>\n<meta name=\"description\" content=\"Ky p\u00ebrmbledhje e strategjive m\u00eb t\u00eb mira t\u00eb zbatueshme n\u00eb loj\u00ebn Aviator do t&#039;ju lejoj\u00eb t\u00eb zgjidhni taktikat m\u00eb t\u00eb p\u00ebrshtatshme p\u00ebr stilin tuaj t\u00eb loj\u00ebs dhe t\u00eb fitoni!\" \/>\n<meta name=\"robots\" content=\"index, follow, max-snippet:-1, max-image-preview:large, max-video-preview:-1\" \/>\n<meta property=\"og:locale\" content=\"sq_AL\" \/>\n<meta property=\"og:type\" content=\"article\" \/>\n<meta property=\"og:title\" content=\"Strategjia e Aviatorit \u2907 l\u00ebvizjet m\u00eb t\u00eb mira taktike\" \/>\n<meta property=\"og:description\" content=\"Ky p\u00ebrmbledhje e strategjive m\u00eb t\u00eb mira t\u00eb zbatueshme n\u00eb loj\u00ebn Aviator do t&#039;ju lejoj\u00eb t\u00eb zgjidhni taktikat m\u00eb t\u00eb p\u00ebrshtatshme p\u00ebr stilin tuaj t\u00eb loj\u00ebs dhe t\u00eb fitoni!\" \/>\n<meta property=\"og:url\" content=\"https:\/\/aviator-game.cafe\/sq\/strategies\/\" \/>\n<meta property=\"og:site_name\" content=\"aviator-game sq\" \/>\n<meta property=\"article:modified_time\" content=\"2025-05-07T13:06:01+00:00\" \/>\n<meta name=\"twitter:card\" content=\"summary_large_image\" \/>\n<script type=\"application\/ld+json\" class=\"yoast-schema-graph\">{\"@context\":\"https:\/\/schema.org\",\"@graph\":[{\"@type\":\"WebPage\",\"@id\":\"https:\/\/aviator-game.cafe\/sq\/strategies\/\",\"url\":\"https:\/\/aviator-game.cafe\/sq\/strategies\/\",\"name\":\"Strategjia e Aviatorit \u2907 l\u00ebvizjet m\u00eb t\u00eb mira taktike\",\"isPartOf\":{\"@id\":\"https:\/\/aviator-game.cafe\/sq\/#website\"},\"datePublished\":\"2025-02-06T07:14:18+00:00\",\"dateModified\":\"2025-05-07T13:06:01+00:00\",\"description\":\"Ky p\u00ebrmbledhje e strategjive m\u00eb t\u00eb mira t\u00eb zbatueshme n\u00eb loj\u00ebn Aviator do t'ju lejoj\u00eb t\u00eb zgjidhni taktikat m\u00eb t\u00eb p\u00ebrshtatshme p\u00ebr stilin tuaj t\u00eb loj\u00ebs dhe t\u00eb fitoni!\",\"breadcrumb\":{\"@id\":\"https:\/\/aviator-game.cafe\/sq\/strategies\/#breadcrumb\"},\"inLanguage\":\"sq\",\"potentialAction\":[{\"@type\":\"ReadAction\",\"target\":[\"https:\/\/aviator-game.cafe\/sq\/strategies\/\"]}]},{\"@type\":\"BreadcrumbList\",\"@id\":\"https:\/\/aviator-game.cafe\/sq\/strategies\/#breadcrumb\",\"itemListElement\":[{\"@type\":\"ListItem\",\"position\":1,\"name\":\"\u0413\u043b\u0430\u0432\u043d\u0430\u044f \u0441\u0442\u0440\u0430\u043d\u0438\u0446\u0430\",\"item\":\"https:\/\/aviator-game.cafe\/sq\/\"},{\"@type\":\"ListItem\",\"position\":2,\"name\":\"Strategjit\u00eb e loj\u00ebs\"}]},{\"@type\":\"WebSite\",\"@id\":\"https:\/\/aviator-game.cafe\/sq\/#website\",\"url\":\"https:\/\/aviator-game.cafe\/sq\/\",\"name\":\"aviator-game sq\",\"description\":\"My WordPress Blog\",\"potentialAction\":[{\"@type\":\"SearchAction\",\"target\":{\"@type\":\"EntryPoint\",\"urlTemplate\":\"https:\/\/aviator-game.cafe\/sq\/?s={search_term_string}\"},\"query-input\":{\"@type\":\"PropertyValueSpecification\",\"valueRequired\":true,\"valueName\":\"search_term_string\"}}],\"inLanguage\":\"sq\"}]}<\/script>\n<!-- \/ Yoast SEO plugin. -->","yoast_head_json":{"title":"Strategjia e Aviatorit \u2907 l\u00ebvizjet m\u00eb t\u00eb mira taktike","description":"Ky p\u00ebrmbledhje e strategjive m\u00eb t\u00eb mira t\u00eb zbatueshme n\u00eb loj\u00ebn Aviator do t'ju lejoj\u00eb t\u00eb zgjidhni taktikat m\u00eb t\u00eb p\u00ebrshtatshme p\u00ebr stilin tuaj t\u00eb loj\u00ebs dhe t\u00eb fitoni!","robots":{"index":"index","follow":"follow","max-snippet":"max-snippet:-1","max-image-preview":"max-image-preview:large","max-video-preview":"max-video-preview:-1"},"og_locale":"sq_AL","og_type":"article","og_title":"Strategjia e Aviatorit \u2907 l\u00ebvizjet m\u00eb t\u00eb mira taktike","og_description":"Ky p\u00ebrmbledhje e strategjive m\u00eb t\u00eb mira t\u00eb zbatueshme n\u00eb loj\u00ebn Aviator do t'ju lejoj\u00eb t\u00eb zgjidhni taktikat m\u00eb t\u00eb p\u00ebrshtatshme p\u00ebr stilin tuaj t\u00eb loj\u00ebs dhe t\u00eb fitoni!","og_url":"https:\/\/aviator-game.cafe\/sq\/strategies\/","og_site_name":"aviator-game sq","article_modified_time":"2025-05-07T13:06:01+00:00","twitter_card":"summary_large_image","schema":{"@context":"https:\/\/schema.org","@graph":[{"@type":"WebPage","@id":"https:\/\/aviator-game.cafe\/sq\/strategies\/","url":"https:\/\/aviator-game.cafe\/sq\/strategies\/","name":"Strategjia e Aviatorit \u2907 l\u00ebvizjet m\u00eb t\u00eb mira taktike","isPartOf":{"@id":"https:\/\/aviator-game.cafe\/sq\/#website"},"datePublished":"2025-02-06T07:14:18+00:00","dateModified":"2025-05-07T13:06:01+00:00","description":"Ky p\u00ebrmbledhje e strategjive m\u00eb t\u00eb mira t\u00eb zbatueshme n\u00eb loj\u00ebn Aviator do t'ju lejoj\u00eb t\u00eb zgjidhni taktikat m\u00eb t\u00eb p\u00ebrshtatshme p\u00ebr stilin tuaj t\u00eb loj\u00ebs dhe t\u00eb fitoni!","breadcrumb":{"@id":"https:\/\/aviator-game.cafe\/sq\/strategies\/#breadcrumb"},"inLanguage":"sq","potentialAction":[{"@type":"ReadAction","target":["https:\/\/aviator-game.cafe\/sq\/strategies\/"]}]},{"@type":"BreadcrumbList","@id":"https:\/\/aviator-game.cafe\/sq\/strategies\/#breadcrumb","itemListElement":[{"@type":"ListItem","position":1,"name":"\u0413\u043b\u0430\u0432\u043d\u0430\u044f \u0441\u0442\u0440\u0430\u043d\u0438\u0446\u0430","item":"https:\/\/aviator-game.cafe\/sq\/"},{"@type":"ListItem","position":2,"name":"Strategjit\u00eb e loj\u00ebs"}]},{"@type":"WebSite","@id":"https:\/\/aviator-game.cafe\/sq\/#website","url":"https:\/\/aviator-game.cafe\/sq\/","name":"aviator-game sq","description":"My WordPress Blog","potentialAction":[{"@type":"SearchAction","target":{"@type":"EntryPoint","urlTemplate":"https:\/\/aviator-game.cafe\/sq\/?s={search_term_string}"},"query-input":{"@type":"PropertyValueSpecification","valueRequired":true,"valueName":"search_term_string"}}],"inLanguage":"sq"}]}},"_links":{"self":[{"href":"https:\/\/aviator-game.cafe\/sq\/wp-json\/wp\/v2\/pages\/208","targetHints":{"allow":["GET"]}}],"collection":[{"href":"https:\/\/aviator-game.cafe\/sq\/wp-json\/wp\/v2\/pages"}],"about":[{"href":"https:\/\/aviator-game.cafe\/sq\/wp-json\/wp\/v2\/types\/page"}],"author":[{"embeddable":true,"href":"https:\/\/aviator-game.cafe\/sq\/wp-json\/wp\/v2\/users\/1"}],"replies":[{"embeddable":true,"href":"https:\/\/aviator-game.cafe\/sq\/wp-json\/wp\/v2\/comments?post=208"}],"version-history":[{"count":10,"href":"https:\/\/aviator-game.cafe\/sq\/wp-json\/wp\/v2\/pages\/208\/revisions"}],"predecessor-version":[{"id":280,"href":"https:\/\/aviator-game.cafe\/sq\/wp-json\/wp\/v2\/pages\/208\/revisions\/280"}],"wp:attachment":[{"href":"https:\/\/aviator-game.cafe\/sq\/wp-json\/wp\/v2\/media?parent=208"}],"curies":[{"name":"wp","href":"https:\/\/api.w.org\/{rel}","templated":true}]}}