{"id":218,"date":"2025-02-06T08:09:51","date_gmt":"2025-02-06T08:09:51","guid":{"rendered":"https:\/\/aviator-game.cafe\/sq\/?page_id=218"},"modified":"2025-05-07T13:13:44","modified_gmt":"2025-05-07T13:13:44","slug":"app","status":"publish","type":"page","link":"https:\/\/aviator-game.cafe\/sq\/app\/","title":{"rendered":"Aplikacion"},"content":{"rendered":"","protected":false},"excerpt":{"rendered":"","protected":false},"author":1,"featured_media":0,"parent":0,"menu_order":5,"comment_status":"closed","ping_status":"closed","template":"","meta":{"footnotes":""},"class_list":["post-218","page","type-page","status-publish","hentry"],"yoast_head":"<!-- This site is optimized with the Yoast SEO plugin v24.3 - https:\/\/yoast.com\/wordpress\/plugins\/seo\/ -->\n<title>Aplikacioni Aviator\u261b p\u00ebr ata q\u00eb din\u00eb t\u00eb luajn\u00eb loj\u00ebra.<\/title>\n<meta name=\"description\" content=\"Tifoz\u00ebt e loj\u00ebs Aviator me siguri do ta vler\u00ebsojn\u00eb komoditetin e nj\u00eb aplikacioni t\u00eb krijuar p\u00ebr t\u00eb luajtur me arg\u00ebtim dhe p\u00ebr t\u00eb arritur lart\u00ebsi t\u00eb reja.\" \/>\n<meta name=\"robots\" content=\"index, follow, max-snippet:-1, max-image-preview:large, max-video-preview:-1\" \/>\n<meta property=\"og:locale\" content=\"sq_AL\" \/>\n<meta property=\"og:type\" content=\"article\" \/>\n<meta property=\"og:title\" content=\"Aplikacioni Aviator\u261b p\u00ebr ata q\u00eb din\u00eb t\u00eb luajn\u00eb loj\u00ebra.\" \/>\n<meta property=\"og:description\" content=\"Tifoz\u00ebt e loj\u00ebs Aviator me siguri do ta vler\u00ebsojn\u00eb komoditetin e nj\u00eb aplikacioni t\u00eb krijuar p\u00ebr t\u00eb luajtur me arg\u00ebtim dhe p\u00ebr t\u00eb arritur lart\u00ebsi t\u00eb reja.\" \/>\n<meta property=\"og:url\" content=\"https:\/\/aviator-game.cafe\/sq\/app\/\" \/>\n<meta property=\"og:site_name\" content=\"aviator-game sq\" \/>\n<meta property=\"article:modified_time\" content=\"2025-05-07T13:13:44+00:00\" \/>\n<meta name=\"twitter:card\" content=\"summary_large_image\" \/>\n<script type=\"application\/ld+json\" class=\"yoast-schema-graph\">{\"@context\":\"https:\/\/schema.org\",\"@graph\":[{\"@type\":\"WebPage\",\"@id\":\"https:\/\/aviator-game.cafe\/sq\/app\/\",\"url\":\"https:\/\/aviator-game.cafe\/sq\/app\/\",\"name\":\"Aplikacioni Aviator\u261b p\u00ebr ata q\u00eb din\u00eb t\u00eb luajn\u00eb loj\u00ebra.\",\"isPartOf\":{\"@id\":\"https:\/\/aviator-game.cafe\/sq\/#website\"},\"datePublished\":\"2025-02-06T08:09:51+00:00\",\"dateModified\":\"2025-05-07T13:13:44+00:00\",\"description\":\"Tifoz\u00ebt e loj\u00ebs Aviator me siguri do ta vler\u00ebsojn\u00eb komoditetin e nj\u00eb aplikacioni t\u00eb krijuar p\u00ebr t\u00eb luajtur me arg\u00ebtim dhe p\u00ebr t\u00eb arritur lart\u00ebsi t\u00eb reja.\",\"breadcrumb\":{\"@id\":\"https:\/\/aviator-game.cafe\/sq\/app\/#breadcrumb\"},\"inLanguage\":\"sq\",\"potentialAction\":[{\"@type\":\"ReadAction\",\"target\":[\"https:\/\/aviator-game.cafe\/sq\/app\/\"]}]},{\"@type\":\"BreadcrumbList\",\"@id\":\"https:\/\/aviator-game.cafe\/sq\/app\/#breadcrumb\",\"itemListElement\":[{\"@type\":\"ListItem\",\"position\":1,\"name\":\"\u0413\u043b\u0430\u0432\u043d\u0430\u044f \u0441\u0442\u0440\u0430\u043d\u0438\u0446\u0430\",\"item\":\"https:\/\/aviator-game.cafe\/sq\/\"},{\"@type\":\"ListItem\",\"position\":2,\"name\":\"Aplikacion\"}]},{\"@type\":\"WebSite\",\"@id\":\"https:\/\/aviator-game.cafe\/sq\/#website\",\"url\":\"https:\/\/aviator-game.cafe\/sq\/\",\"name\":\"aviator-game sq\",\"description\":\"My WordPress Blog\",\"potentialAction\":[{\"@type\":\"SearchAction\",\"target\":{\"@type\":\"EntryPoint\",\"urlTemplate\":\"https:\/\/aviator-game.cafe\/sq\/?s={search_term_string}\"},\"query-input\":{\"@type\":\"PropertyValueSpecification\",\"valueRequired\":true,\"valueName\":\"search_term_string\"}}],\"inLanguage\":\"sq\"}]}<\/script>\n<!-- \/ Yoast SEO plugin. -->","yoast_head_json":{"title":"Aplikacioni Aviator\u261b p\u00ebr ata q\u00eb din\u00eb t\u00eb luajn\u00eb loj\u00ebra.","description":"Tifoz\u00ebt e loj\u00ebs Aviator me siguri do ta vler\u00ebsojn\u00eb komoditetin e nj\u00eb aplikacioni t\u00eb krijuar p\u00ebr t\u00eb luajtur me arg\u00ebtim dhe p\u00ebr t\u00eb arritur lart\u00ebsi t\u00eb reja.","robots":{"index":"index","follow":"follow","max-snippet":"max-snippet:-1","max-image-preview":"max-image-preview:large","max-video-preview":"max-video-preview:-1"},"og_locale":"sq_AL","og_type":"article","og_title":"Aplikacioni Aviator\u261b p\u00ebr ata q\u00eb din\u00eb t\u00eb luajn\u00eb loj\u00ebra.","og_description":"Tifoz\u00ebt e loj\u00ebs Aviator me siguri do ta vler\u00ebsojn\u00eb komoditetin e nj\u00eb aplikacioni t\u00eb krijuar p\u00ebr t\u00eb luajtur me arg\u00ebtim dhe p\u00ebr t\u00eb arritur lart\u00ebsi t\u00eb reja.","og_url":"https:\/\/aviator-game.cafe\/sq\/app\/","og_site_name":"aviator-game sq","article_modified_time":"2025-05-07T13:13:44+00:00","twitter_card":"summary_large_image","schema":{"@context":"https:\/\/schema.org","@graph":[{"@type":"WebPage","@id":"https:\/\/aviator-game.cafe\/sq\/app\/","url":"https:\/\/aviator-game.cafe\/sq\/app\/","name":"Aplikacioni Aviator\u261b p\u00ebr ata q\u00eb din\u00eb t\u00eb luajn\u00eb loj\u00ebra.","isPartOf":{"@id":"https:\/\/aviator-game.cafe\/sq\/#website"},"datePublished":"2025-02-06T08:09:51+00:00","dateModified":"2025-05-07T13:13:44+00:00","description":"Tifoz\u00ebt e loj\u00ebs Aviator me siguri do ta vler\u00ebsojn\u00eb komoditetin e nj\u00eb aplikacioni t\u00eb krijuar p\u00ebr t\u00eb luajtur me arg\u00ebtim dhe p\u00ebr t\u00eb arritur lart\u00ebsi t\u00eb reja.","breadcrumb":{"@id":"https:\/\/aviator-game.cafe\/sq\/app\/#breadcrumb"},"inLanguage":"sq","potentialAction":[{"@type":"ReadAction","target":["https:\/\/aviator-game.cafe\/sq\/app\/"]}]},{"@type":"BreadcrumbList","@id":"https:\/\/aviator-game.cafe\/sq\/app\/#breadcrumb","itemListElement":[{"@type":"ListItem","position":1,"name":"\u0413\u043b\u0430\u0432\u043d\u0430\u044f \u0441\u0442\u0440\u0430\u043d\u0438\u0446\u0430","item":"https:\/\/aviator-game.cafe\/sq\/"},{"@type":"ListItem","position":2,"name":"Aplikacion"}]},{"@type":"WebSite","@id":"https:\/\/aviator-game.cafe\/sq\/#website","url":"https:\/\/aviator-game.cafe\/sq\/","name":"aviator-game sq","description":"My WordPress Blog","potentialAction":[{"@type":"SearchAction","target":{"@type":"EntryPoint","urlTemplate":"https:\/\/aviator-game.cafe\/sq\/?s={search_term_string}"},"query-input":{"@type":"PropertyValueSpecification","valueRequired":true,"valueName":"search_term_string"}}],"inLanguage":"sq"}]}},"_links":{"self":[{"href":"https:\/\/aviator-game.cafe\/sq\/wp-json\/wp\/v2\/pages\/218","targetHints":{"allow":["GET"]}}],"collection":[{"href":"https:\/\/aviator-game.cafe\/sq\/wp-json\/wp\/v2\/pages"}],"about":[{"href":"https:\/\/aviator-game.cafe\/sq\/wp-json\/wp\/v2\/types\/page"}],"author":[{"embeddable":true,"href":"https:\/\/aviator-game.cafe\/sq\/wp-json\/wp\/v2\/users\/1"}],"replies":[{"embeddable":true,"href":"https:\/\/aviator-game.cafe\/sq\/wp-json\/wp\/v2\/comments?post=218"}],"version-history":[{"count":8,"href":"https:\/\/aviator-game.cafe\/sq\/wp-json\/wp\/v2\/pages\/218\/revisions"}],"predecessor-version":[{"id":284,"href":"https:\/\/aviator-game.cafe\/sq\/wp-json\/wp\/v2\/pages\/218\/revisions\/284"}],"wp:attachment":[{"href":"https:\/\/aviator-game.cafe\/sq\/wp-json\/wp\/v2\/media?parent=218"}],"curies":[{"name":"wp","href":"https:\/\/api.w.org\/{rel}","templated":true}]}}