{"id":208,"date":"2025-02-06T07:14:18","date_gmt":"2025-02-06T07:14:18","guid":{"rendered":"https:\/\/aviator-game.cafe\/sv\/?page_id=208"},"modified":"2025-03-31T09:17:02","modified_gmt":"2025-03-31T09:17:02","slug":"strategies","status":"publish","type":"page","link":"https:\/\/aviator-game.cafe\/sv\/strategies\/","title":{"rendered":"Spelstrategier"},"content":{"rendered":"","protected":false},"excerpt":{"rendered":"","protected":false},"author":1,"featured_media":0,"parent":0,"menu_order":3,"comment_status":"closed","ping_status":"closed","template":"","meta":{"footnotes":""},"class_list":["post-208","page","type-page","status-publish","hentry"],"yoast_head":"<!-- This site is optimized with the Yoast SEO plugin v24.3 - https:\/\/yoast.com\/wordpress\/plugins\/seo\/ -->\n<title>Aviator Strategy \u2907 b\u00e4sta taktiska drag<\/title>\n<meta name=\"description\" content=\"Denna \u00f6versikt \u00f6ver de b\u00e4sta strategierna som \u00e4r till\u00e4mpliga i spelet Aviator g\u00f6r att du kan v\u00e4lja den l\u00e4mpligaste taktiken f\u00f6r din spelstil och vinna!\" \/>\n<meta name=\"robots\" content=\"index, follow, max-snippet:-1, max-image-preview:large, max-video-preview:-1\" \/>\n<meta property=\"og:locale\" content=\"sv_SE\" \/>\n<meta property=\"og:type\" content=\"article\" \/>\n<meta property=\"og:title\" content=\"Aviator Strategy \u2907 b\u00e4sta taktiska drag\" \/>\n<meta property=\"og:description\" content=\"Denna \u00f6versikt \u00f6ver de b\u00e4sta strategierna som \u00e4r till\u00e4mpliga i spelet Aviator g\u00f6r att du kan v\u00e4lja den l\u00e4mpligaste taktiken f\u00f6r din spelstil och vinna!\" \/>\n<meta property=\"og:url\" content=\"https:\/\/aviator-game.cafe\/sv\/strategies\/\" \/>\n<meta property=\"og:site_name\" content=\"aviator-game sv\" \/>\n<meta property=\"article:modified_time\" content=\"2025-03-31T09:17:02+00:00\" \/>\n<meta name=\"twitter:card\" content=\"summary_large_image\" \/>\n<script type=\"application\/ld+json\" class=\"yoast-schema-graph\">{\"@context\":\"https:\/\/schema.org\",\"@graph\":[{\"@type\":\"WebPage\",\"@id\":\"https:\/\/aviator-game.cafe\/sv\/strategies\/\",\"url\":\"https:\/\/aviator-game.cafe\/sv\/strategies\/\",\"name\":\"Aviator Strategy \u2907 b\u00e4sta taktiska drag\",\"isPartOf\":{\"@id\":\"https:\/\/aviator-game.cafe\/sv\/#website\"},\"datePublished\":\"2025-02-06T07:14:18+00:00\",\"dateModified\":\"2025-03-31T09:17:02+00:00\",\"description\":\"Denna \u00f6versikt \u00f6ver de b\u00e4sta strategierna som \u00e4r till\u00e4mpliga i spelet Aviator g\u00f6r att du kan v\u00e4lja den l\u00e4mpligaste taktiken f\u00f6r din spelstil och vinna!\",\"breadcrumb\":{\"@id\":\"https:\/\/aviator-game.cafe\/sv\/strategies\/#breadcrumb\"},\"inLanguage\":\"sv-SE\",\"potentialAction\":[{\"@type\":\"ReadAction\",\"target\":[\"https:\/\/aviator-game.cafe\/sv\/strategies\/\"]}]},{\"@type\":\"BreadcrumbList\",\"@id\":\"https:\/\/aviator-game.cafe\/sv\/strategies\/#breadcrumb\",\"itemListElement\":[{\"@type\":\"ListItem\",\"position\":1,\"name\":\"\u0413\u043b\u0430\u0432\u043d\u0430\u044f \u0441\u0442\u0440\u0430\u043d\u0438\u0446\u0430\",\"item\":\"https:\/\/aviator-game.cafe\/sv\/\"},{\"@type\":\"ListItem\",\"position\":2,\"name\":\"Spelstrategier\"}]},{\"@type\":\"WebSite\",\"@id\":\"https:\/\/aviator-game.cafe\/sv\/#website\",\"url\":\"https:\/\/aviator-game.cafe\/sv\/\",\"name\":\"aviator-game sv\",\"description\":\"My WordPress Blog\",\"potentialAction\":[{\"@type\":\"SearchAction\",\"target\":{\"@type\":\"EntryPoint\",\"urlTemplate\":\"https:\/\/aviator-game.cafe\/sv\/?s={search_term_string}\"},\"query-input\":{\"@type\":\"PropertyValueSpecification\",\"valueRequired\":true,\"valueName\":\"search_term_string\"}}],\"inLanguage\":\"sv-SE\"}]}<\/script>\n<!-- \/ Yoast SEO plugin. -->","yoast_head_json":{"title":"Aviator Strategy \u2907 b\u00e4sta taktiska drag","description":"Denna \u00f6versikt \u00f6ver de b\u00e4sta strategierna som \u00e4r till\u00e4mpliga i spelet Aviator g\u00f6r att du kan v\u00e4lja den l\u00e4mpligaste taktiken f\u00f6r din spelstil och vinna!","robots":{"index":"index","follow":"follow","max-snippet":"max-snippet:-1","max-image-preview":"max-image-preview:large","max-video-preview":"max-video-preview:-1"},"og_locale":"sv_SE","og_type":"article","og_title":"Aviator Strategy \u2907 b\u00e4sta taktiska drag","og_description":"Denna \u00f6versikt \u00f6ver de b\u00e4sta strategierna som \u00e4r till\u00e4mpliga i spelet Aviator g\u00f6r att du kan v\u00e4lja den l\u00e4mpligaste taktiken f\u00f6r din spelstil och vinna!","og_url":"https:\/\/aviator-game.cafe\/sv\/strategies\/","og_site_name":"aviator-game sv","article_modified_time":"2025-03-31T09:17:02+00:00","twitter_card":"summary_large_image","schema":{"@context":"https:\/\/schema.org","@graph":[{"@type":"WebPage","@id":"https:\/\/aviator-game.cafe\/sv\/strategies\/","url":"https:\/\/aviator-game.cafe\/sv\/strategies\/","name":"Aviator Strategy \u2907 b\u00e4sta taktiska drag","isPartOf":{"@id":"https:\/\/aviator-game.cafe\/sv\/#website"},"datePublished":"2025-02-06T07:14:18+00:00","dateModified":"2025-03-31T09:17:02+00:00","description":"Denna \u00f6versikt \u00f6ver de b\u00e4sta strategierna som \u00e4r till\u00e4mpliga i spelet Aviator g\u00f6r att du kan v\u00e4lja den l\u00e4mpligaste taktiken f\u00f6r din spelstil och vinna!","breadcrumb":{"@id":"https:\/\/aviator-game.cafe\/sv\/strategies\/#breadcrumb"},"inLanguage":"sv-SE","potentialAction":[{"@type":"ReadAction","target":["https:\/\/aviator-game.cafe\/sv\/strategies\/"]}]},{"@type":"BreadcrumbList","@id":"https:\/\/aviator-game.cafe\/sv\/strategies\/#breadcrumb","itemListElement":[{"@type":"ListItem","position":1,"name":"\u0413\u043b\u0430\u0432\u043d\u0430\u044f \u0441\u0442\u0440\u0430\u043d\u0438\u0446\u0430","item":"https:\/\/aviator-game.cafe\/sv\/"},{"@type":"ListItem","position":2,"name":"Spelstrategier"}]},{"@type":"WebSite","@id":"https:\/\/aviator-game.cafe\/sv\/#website","url":"https:\/\/aviator-game.cafe\/sv\/","name":"aviator-game sv","description":"My WordPress Blog","potentialAction":[{"@type":"SearchAction","target":{"@type":"EntryPoint","urlTemplate":"https:\/\/aviator-game.cafe\/sv\/?s={search_term_string}"},"query-input":{"@type":"PropertyValueSpecification","valueRequired":true,"valueName":"search_term_string"}}],"inLanguage":"sv-SE"}]}},"_links":{"self":[{"href":"https:\/\/aviator-game.cafe\/sv\/wp-json\/wp\/v2\/pages\/208","targetHints":{"allow":["GET"]}}],"collection":[{"href":"https:\/\/aviator-game.cafe\/sv\/wp-json\/wp\/v2\/pages"}],"about":[{"href":"https:\/\/aviator-game.cafe\/sv\/wp-json\/wp\/v2\/types\/page"}],"author":[{"embeddable":true,"href":"https:\/\/aviator-game.cafe\/sv\/wp-json\/wp\/v2\/users\/1"}],"replies":[{"embeddable":true,"href":"https:\/\/aviator-game.cafe\/sv\/wp-json\/wp\/v2\/comments?post=208"}],"version-history":[{"count":9,"href":"https:\/\/aviator-game.cafe\/sv\/wp-json\/wp\/v2\/pages\/208\/revisions"}],"predecessor-version":[{"id":269,"href":"https:\/\/aviator-game.cafe\/sv\/wp-json\/wp\/v2\/pages\/208\/revisions\/269"}],"wp:attachment":[{"href":"https:\/\/aviator-game.cafe\/sv\/wp-json\/wp\/v2\/media?parent=208"}],"curies":[{"name":"wp","href":"https:\/\/api.w.org\/{rel}","templated":true}]}}