{"id":218,"date":"2025-02-06T08:09:51","date_gmt":"2025-02-06T08:09:51","guid":{"rendered":"https:\/\/aviator-game.cafe\/sv\/?page_id=218"},"modified":"2025-03-31T09:30:24","modified_gmt":"2025-03-31T09:30:24","slug":"app","status":"publish","type":"page","link":"https:\/\/aviator-game.cafe\/sv\/app\/","title":{"rendered":"App"},"content":{"rendered":"","protected":false},"excerpt":{"rendered":"","protected":false},"author":1,"featured_media":0,"parent":0,"menu_order":5,"comment_status":"closed","ping_status":"closed","template":"","meta":{"footnotes":""},"class_list":["post-218","page","type-page","status-publish","hentry"],"yoast_head":"<!-- This site is optimized with the Yoast SEO plugin v24.3 - https:\/\/yoast.com\/wordpress\/plugins\/seo\/ -->\n<title>Aviator App\u261b f\u00f6r dig som vet hur man spelar spel.<\/title>\n<meta name=\"description\" content=\"Fans av Aviator-spelet kommer s\u00e4kert att uppskatta bekv\u00e4mligheten med en app som \u00e4r utformad f\u00f6r att spela med kul och n\u00e5 nya h\u00f6jder.\" \/>\n<meta name=\"robots\" content=\"index, follow, max-snippet:-1, max-image-preview:large, max-video-preview:-1\" \/>\n<meta property=\"og:locale\" content=\"sv_SE\" \/>\n<meta property=\"og:type\" content=\"article\" \/>\n<meta property=\"og:title\" content=\"Aviator App\u261b f\u00f6r dig som vet hur man spelar spel.\" \/>\n<meta property=\"og:description\" content=\"Fans av Aviator-spelet kommer s\u00e4kert att uppskatta bekv\u00e4mligheten med en app som \u00e4r utformad f\u00f6r att spela med kul och n\u00e5 nya h\u00f6jder.\" \/>\n<meta property=\"og:url\" content=\"https:\/\/aviator-game.cafe\/sv\/app\/\" \/>\n<meta property=\"og:site_name\" content=\"aviator-game sv\" \/>\n<meta property=\"article:modified_time\" content=\"2025-03-31T09:30:24+00:00\" \/>\n<meta name=\"twitter:card\" content=\"summary_large_image\" \/>\n<script type=\"application\/ld+json\" class=\"yoast-schema-graph\">{\"@context\":\"https:\/\/schema.org\",\"@graph\":[{\"@type\":\"WebPage\",\"@id\":\"https:\/\/aviator-game.cafe\/sv\/app\/\",\"url\":\"https:\/\/aviator-game.cafe\/sv\/app\/\",\"name\":\"Aviator App\u261b f\u00f6r dig som vet hur man spelar spel.\",\"isPartOf\":{\"@id\":\"https:\/\/aviator-game.cafe\/sv\/#website\"},\"datePublished\":\"2025-02-06T08:09:51+00:00\",\"dateModified\":\"2025-03-31T09:30:24+00:00\",\"description\":\"Fans av Aviator-spelet kommer s\u00e4kert att uppskatta bekv\u00e4mligheten med en app som \u00e4r utformad f\u00f6r att spela med kul och n\u00e5 nya h\u00f6jder.\",\"breadcrumb\":{\"@id\":\"https:\/\/aviator-game.cafe\/sv\/app\/#breadcrumb\"},\"inLanguage\":\"sv-SE\",\"potentialAction\":[{\"@type\":\"ReadAction\",\"target\":[\"https:\/\/aviator-game.cafe\/sv\/app\/\"]}]},{\"@type\":\"BreadcrumbList\",\"@id\":\"https:\/\/aviator-game.cafe\/sv\/app\/#breadcrumb\",\"itemListElement\":[{\"@type\":\"ListItem\",\"position\":1,\"name\":\"\u0413\u043b\u0430\u0432\u043d\u0430\u044f \u0441\u0442\u0440\u0430\u043d\u0438\u0446\u0430\",\"item\":\"https:\/\/aviator-game.cafe\/sv\/\"},{\"@type\":\"ListItem\",\"position\":2,\"name\":\"App\"}]},{\"@type\":\"WebSite\",\"@id\":\"https:\/\/aviator-game.cafe\/sv\/#website\",\"url\":\"https:\/\/aviator-game.cafe\/sv\/\",\"name\":\"aviator-game sv\",\"description\":\"My WordPress Blog\",\"potentialAction\":[{\"@type\":\"SearchAction\",\"target\":{\"@type\":\"EntryPoint\",\"urlTemplate\":\"https:\/\/aviator-game.cafe\/sv\/?s={search_term_string}\"},\"query-input\":{\"@type\":\"PropertyValueSpecification\",\"valueRequired\":true,\"valueName\":\"search_term_string\"}}],\"inLanguage\":\"sv-SE\"}]}<\/script>\n<!-- \/ Yoast SEO plugin. -->","yoast_head_json":{"title":"Aviator App\u261b f\u00f6r dig som vet hur man spelar spel.","description":"Fans av Aviator-spelet kommer s\u00e4kert att uppskatta bekv\u00e4mligheten med en app som \u00e4r utformad f\u00f6r att spela med kul och n\u00e5 nya h\u00f6jder.","robots":{"index":"index","follow":"follow","max-snippet":"max-snippet:-1","max-image-preview":"max-image-preview:large","max-video-preview":"max-video-preview:-1"},"og_locale":"sv_SE","og_type":"article","og_title":"Aviator App\u261b f\u00f6r dig som vet hur man spelar spel.","og_description":"Fans av Aviator-spelet kommer s\u00e4kert att uppskatta bekv\u00e4mligheten med en app som \u00e4r utformad f\u00f6r att spela med kul och n\u00e5 nya h\u00f6jder.","og_url":"https:\/\/aviator-game.cafe\/sv\/app\/","og_site_name":"aviator-game sv","article_modified_time":"2025-03-31T09:30:24+00:00","twitter_card":"summary_large_image","schema":{"@context":"https:\/\/schema.org","@graph":[{"@type":"WebPage","@id":"https:\/\/aviator-game.cafe\/sv\/app\/","url":"https:\/\/aviator-game.cafe\/sv\/app\/","name":"Aviator App\u261b f\u00f6r dig som vet hur man spelar spel.","isPartOf":{"@id":"https:\/\/aviator-game.cafe\/sv\/#website"},"datePublished":"2025-02-06T08:09:51+00:00","dateModified":"2025-03-31T09:30:24+00:00","description":"Fans av Aviator-spelet kommer s\u00e4kert att uppskatta bekv\u00e4mligheten med en app som \u00e4r utformad f\u00f6r att spela med kul och n\u00e5 nya h\u00f6jder.","breadcrumb":{"@id":"https:\/\/aviator-game.cafe\/sv\/app\/#breadcrumb"},"inLanguage":"sv-SE","potentialAction":[{"@type":"ReadAction","target":["https:\/\/aviator-game.cafe\/sv\/app\/"]}]},{"@type":"BreadcrumbList","@id":"https:\/\/aviator-game.cafe\/sv\/app\/#breadcrumb","itemListElement":[{"@type":"ListItem","position":1,"name":"\u0413\u043b\u0430\u0432\u043d\u0430\u044f \u0441\u0442\u0440\u0430\u043d\u0438\u0446\u0430","item":"https:\/\/aviator-game.cafe\/sv\/"},{"@type":"ListItem","position":2,"name":"App"}]},{"@type":"WebSite","@id":"https:\/\/aviator-game.cafe\/sv\/#website","url":"https:\/\/aviator-game.cafe\/sv\/","name":"aviator-game sv","description":"My WordPress Blog","potentialAction":[{"@type":"SearchAction","target":{"@type":"EntryPoint","urlTemplate":"https:\/\/aviator-game.cafe\/sv\/?s={search_term_string}"},"query-input":{"@type":"PropertyValueSpecification","valueRequired":true,"valueName":"search_term_string"}}],"inLanguage":"sv-SE"}]}},"_links":{"self":[{"href":"https:\/\/aviator-game.cafe\/sv\/wp-json\/wp\/v2\/pages\/218","targetHints":{"allow":["GET"]}}],"collection":[{"href":"https:\/\/aviator-game.cafe\/sv\/wp-json\/wp\/v2\/pages"}],"about":[{"href":"https:\/\/aviator-game.cafe\/sv\/wp-json\/wp\/v2\/types\/page"}],"author":[{"embeddable":true,"href":"https:\/\/aviator-game.cafe\/sv\/wp-json\/wp\/v2\/users\/1"}],"replies":[{"embeddable":true,"href":"https:\/\/aviator-game.cafe\/sv\/wp-json\/wp\/v2\/comments?post=218"}],"version-history":[{"count":6,"href":"https:\/\/aviator-game.cafe\/sv\/wp-json\/wp\/v2\/pages\/218\/revisions"}],"predecessor-version":[{"id":257,"href":"https:\/\/aviator-game.cafe\/sv\/wp-json\/wp\/v2\/pages\/218\/revisions\/257"}],"wp:attachment":[{"href":"https:\/\/aviator-game.cafe\/sv\/wp-json\/wp\/v2\/media?parent=218"}],"curies":[{"name":"wp","href":"https:\/\/api.w.org\/{rel}","templated":true}]}}