{"id":152,"date":"2023-05-18T17:39:43","date_gmt":"2023-05-18T17:39:43","guid":{"rendered":"https:\/\/aviator-game.cafe\/tr\/?page_id=152"},"modified":"2025-02-17T15:09:11","modified_gmt":"2025-02-17T15:09:11","slug":"how-to-play","status":"publish","type":"page","link":"https:\/\/aviator-game.cafe\/tr\/how-to-play\/","title":{"rendered":"Nas\u0131l oynan\u0131r?"},"content":{"rendered":"","protected":false},"excerpt":{"rendered":"","protected":false},"author":1,"featured_media":0,"parent":0,"menu_order":1,"comment_status":"closed","ping_status":"closed","template":"","meta":{"footnotes":""},"class_list":["post-152","page","type-page","status-publish","hentry"],"yoast_head":"<!-- This site is optimized with the Yoast SEO plugin v24.3 - https:\/\/yoast.com\/wordpress\/plugins\/seo\/ -->\n<title>Aviator oyunu nas\u0131l oynan\u0131r \u1433 tam k\u0131lavuz<\/title>\n<meta name=\"description\" content=\"Aviator oyununun t\u00fcm s\u0131rlar\u0131n\u0131 burada \u00f6\u011frenebilirsiniz! Stratejiler, oynan\u0131\u015f detaylar\u0131 ve ka\u00e7\u0131n\u0131lmas\u0131 gereken hatalar tek bir genel bak\u0131\u015fta toplanm\u0131\u015ft\u0131r.\" \/>\n<meta name=\"robots\" content=\"index, follow, max-snippet:-1, max-image-preview:large, max-video-preview:-1\" \/>\n<meta property=\"og:locale\" content=\"tr_TR\" \/>\n<meta property=\"og:type\" content=\"article\" \/>\n<meta property=\"og:title\" content=\"Aviator oyunu nas\u0131l oynan\u0131r \u1433 tam k\u0131lavuz\" \/>\n<meta property=\"og:description\" content=\"Aviator oyununun t\u00fcm s\u0131rlar\u0131n\u0131 burada \u00f6\u011frenebilirsiniz! Stratejiler, oynan\u0131\u015f detaylar\u0131 ve ka\u00e7\u0131n\u0131lmas\u0131 gereken hatalar tek bir genel bak\u0131\u015fta toplanm\u0131\u015ft\u0131r.\" \/>\n<meta property=\"og:url\" content=\"https:\/\/aviator-game.cafe\/tr\/how-to-play\/\" \/>\n<meta property=\"og:site_name\" content=\"aviator-game tr\" \/>\n<meta property=\"article:modified_time\" content=\"2025-02-17T15:09:11+00:00\" \/>\n<meta name=\"twitter:card\" content=\"summary_large_image\" \/>\n<script type=\"application\/ld+json\" class=\"yoast-schema-graph\">{\"@context\":\"https:\/\/schema.org\",\"@graph\":[{\"@type\":\"WebPage\",\"@id\":\"https:\/\/aviator-game.cafe\/tr\/how-to-play\/\",\"url\":\"https:\/\/aviator-game.cafe\/tr\/how-to-play\/\",\"name\":\"Aviator oyunu nas\u0131l oynan\u0131r \u1433 tam k\u0131lavuz\",\"isPartOf\":{\"@id\":\"https:\/\/aviator-game.cafe\/tr\/#website\"},\"datePublished\":\"2023-05-18T17:39:43+00:00\",\"dateModified\":\"2025-02-17T15:09:11+00:00\",\"description\":\"Aviator oyununun t\u00fcm s\u0131rlar\u0131n\u0131 burada \u00f6\u011frenebilirsiniz! Stratejiler, oynan\u0131\u015f detaylar\u0131 ve ka\u00e7\u0131n\u0131lmas\u0131 gereken hatalar tek bir genel bak\u0131\u015fta toplanm\u0131\u015ft\u0131r.\",\"breadcrumb\":{\"@id\":\"https:\/\/aviator-game.cafe\/tr\/how-to-play\/#breadcrumb\"},\"inLanguage\":\"tr\",\"potentialAction\":[{\"@type\":\"ReadAction\",\"target\":[\"https:\/\/aviator-game.cafe\/tr\/how-to-play\/\"]}]},{\"@type\":\"BreadcrumbList\",\"@id\":\"https:\/\/aviator-game.cafe\/tr\/how-to-play\/#breadcrumb\",\"itemListElement\":[{\"@type\":\"ListItem\",\"position\":1,\"name\":\"\u0413\u043b\u0430\u0432\u043d\u0430\u044f \u0441\u0442\u0440\u0430\u043d\u0438\u0446\u0430\",\"item\":\"https:\/\/aviator-game.cafe\/tr\/\"},{\"@type\":\"ListItem\",\"position\":2,\"name\":\"Nas\u0131l oynan\u0131r?\"}]},{\"@type\":\"WebSite\",\"@id\":\"https:\/\/aviator-game.cafe\/tr\/#website\",\"url\":\"https:\/\/aviator-game.cafe\/tr\/\",\"name\":\"aviator-game tr\",\"description\":\"My WordPress Blog\",\"potentialAction\":[{\"@type\":\"SearchAction\",\"target\":{\"@type\":\"EntryPoint\",\"urlTemplate\":\"https:\/\/aviator-game.cafe\/tr\/?s={search_term_string}\"},\"query-input\":{\"@type\":\"PropertyValueSpecification\",\"valueRequired\":true,\"valueName\":\"search_term_string\"}}],\"inLanguage\":\"tr\"}]}<\/script>\n<!-- \/ Yoast SEO plugin. -->","yoast_head_json":{"title":"Aviator oyunu nas\u0131l oynan\u0131r \u1433 tam k\u0131lavuz","description":"Aviator oyununun t\u00fcm s\u0131rlar\u0131n\u0131 burada \u00f6\u011frenebilirsiniz! Stratejiler, oynan\u0131\u015f detaylar\u0131 ve ka\u00e7\u0131n\u0131lmas\u0131 gereken hatalar tek bir genel bak\u0131\u015fta toplanm\u0131\u015ft\u0131r.","robots":{"index":"index","follow":"follow","max-snippet":"max-snippet:-1","max-image-preview":"max-image-preview:large","max-video-preview":"max-video-preview:-1"},"og_locale":"tr_TR","og_type":"article","og_title":"Aviator oyunu nas\u0131l oynan\u0131r \u1433 tam k\u0131lavuz","og_description":"Aviator oyununun t\u00fcm s\u0131rlar\u0131n\u0131 burada \u00f6\u011frenebilirsiniz! Stratejiler, oynan\u0131\u015f detaylar\u0131 ve ka\u00e7\u0131n\u0131lmas\u0131 gereken hatalar tek bir genel bak\u0131\u015fta toplanm\u0131\u015ft\u0131r.","og_url":"https:\/\/aviator-game.cafe\/tr\/how-to-play\/","og_site_name":"aviator-game tr","article_modified_time":"2025-02-17T15:09:11+00:00","twitter_card":"summary_large_image","schema":{"@context":"https:\/\/schema.org","@graph":[{"@type":"WebPage","@id":"https:\/\/aviator-game.cafe\/tr\/how-to-play\/","url":"https:\/\/aviator-game.cafe\/tr\/how-to-play\/","name":"Aviator oyunu nas\u0131l oynan\u0131r \u1433 tam k\u0131lavuz","isPartOf":{"@id":"https:\/\/aviator-game.cafe\/tr\/#website"},"datePublished":"2023-05-18T17:39:43+00:00","dateModified":"2025-02-17T15:09:11+00:00","description":"Aviator oyununun t\u00fcm s\u0131rlar\u0131n\u0131 burada \u00f6\u011frenebilirsiniz! Stratejiler, oynan\u0131\u015f detaylar\u0131 ve ka\u00e7\u0131n\u0131lmas\u0131 gereken hatalar tek bir genel bak\u0131\u015fta toplanm\u0131\u015ft\u0131r.","breadcrumb":{"@id":"https:\/\/aviator-game.cafe\/tr\/how-to-play\/#breadcrumb"},"inLanguage":"tr","potentialAction":[{"@type":"ReadAction","target":["https:\/\/aviator-game.cafe\/tr\/how-to-play\/"]}]},{"@type":"BreadcrumbList","@id":"https:\/\/aviator-game.cafe\/tr\/how-to-play\/#breadcrumb","itemListElement":[{"@type":"ListItem","position":1,"name":"\u0413\u043b\u0430\u0432\u043d\u0430\u044f \u0441\u0442\u0440\u0430\u043d\u0438\u0446\u0430","item":"https:\/\/aviator-game.cafe\/tr\/"},{"@type":"ListItem","position":2,"name":"Nas\u0131l oynan\u0131r?"}]},{"@type":"WebSite","@id":"https:\/\/aviator-game.cafe\/tr\/#website","url":"https:\/\/aviator-game.cafe\/tr\/","name":"aviator-game tr","description":"My WordPress Blog","potentialAction":[{"@type":"SearchAction","target":{"@type":"EntryPoint","urlTemplate":"https:\/\/aviator-game.cafe\/tr\/?s={search_term_string}"},"query-input":{"@type":"PropertyValueSpecification","valueRequired":true,"valueName":"search_term_string"}}],"inLanguage":"tr"}]}},"_links":{"self":[{"href":"https:\/\/aviator-game.cafe\/tr\/wp-json\/wp\/v2\/pages\/152","targetHints":{"allow":["GET"]}}],"collection":[{"href":"https:\/\/aviator-game.cafe\/tr\/wp-json\/wp\/v2\/pages"}],"about":[{"href":"https:\/\/aviator-game.cafe\/tr\/wp-json\/wp\/v2\/types\/page"}],"author":[{"embeddable":true,"href":"https:\/\/aviator-game.cafe\/tr\/wp-json\/wp\/v2\/users\/1"}],"replies":[{"embeddable":true,"href":"https:\/\/aviator-game.cafe\/tr\/wp-json\/wp\/v2\/comments?post=152"}],"version-history":[{"count":15,"href":"https:\/\/aviator-game.cafe\/tr\/wp-json\/wp\/v2\/pages\/152\/revisions"}],"predecessor-version":[{"id":267,"href":"https:\/\/aviator-game.cafe\/tr\/wp-json\/wp\/v2\/pages\/152\/revisions\/267"}],"wp:attachment":[{"href":"https:\/\/aviator-game.cafe\/tr\/wp-json\/wp\/v2\/media?parent=152"}],"curies":[{"name":"wp","href":"https:\/\/api.w.org\/{rel}","templated":true}]}}