{"id":2,"date":"2023-05-18T17:18:34","date_gmt":"2023-05-18T17:18:34","guid":{"rendered":"https:\/\/aviator-game.cafe\/tr\/?page_id=2"},"modified":"2025-02-17T13:48:46","modified_gmt":"2025-02-17T13:48:46","slug":"sample-page","status":"publish","type":"page","link":"https:\/\/aviator-game.cafe\/tr\/","title":{"rendered":"Ev"},"content":{"rendered":"","protected":false},"excerpt":{"rendered":"","protected":false},"author":1,"featured_media":0,"parent":0,"menu_order":0,"comment_status":"closed","ping_status":"closed","template":"","meta":{"footnotes":""},"class_list":["post-2","page","type-page","status-publish","hentry"],"yoast_head":"<!-- This site is optimized with the Yoast SEO plugin v24.3 - https:\/\/yoast.com\/wordpress\/plugins\/seo\/ -->\n<title>Aviator Game \u1433 bu heyecan verici oyunda nas\u0131l kazan\u0131l\u0131r<\/title>\n<meta name=\"description\" content=\"Aviator, y\u00fcksek kazanma olas\u0131l\u0131\u011f\u0131, basit mekani\u011fi ve ba\u011f\u0131ml\u0131l\u0131k yaratan oynan\u0131\u015f\u0131 ile heyecan verici bir \u00e7arp\u0131\u015fma oyunudur. Aviator&#039;\u0131 deneyin!\" \/>\n<meta name=\"robots\" content=\"index, follow, max-snippet:-1, max-image-preview:large, max-video-preview:-1\" \/>\n<meta property=\"og:locale\" content=\"tr_TR\" \/>\n<meta property=\"og:type\" content=\"article\" \/>\n<meta property=\"og:title\" content=\"Aviator Game \u1433 bu heyecan verici oyunda nas\u0131l kazan\u0131l\u0131r\" \/>\n<meta property=\"og:description\" content=\"Aviator, y\u00fcksek kazanma olas\u0131l\u0131\u011f\u0131, basit mekani\u011fi ve ba\u011f\u0131ml\u0131l\u0131k yaratan oynan\u0131\u015f\u0131 ile heyecan verici bir \u00e7arp\u0131\u015fma oyunudur. Aviator&#039;\u0131 deneyin!\" \/>\n<meta property=\"og:url\" content=\"https:\/\/aviator-game.cafe\/tr\/\" \/>\n<meta property=\"og:site_name\" content=\"aviator-game tr\" \/>\n<meta property=\"article:modified_time\" content=\"2025-02-17T13:48:46+00:00\" \/>\n<meta name=\"twitter:card\" content=\"summary_large_image\" \/>\n<script type=\"application\/ld+json\" class=\"yoast-schema-graph\">{\"@context\":\"https:\/\/schema.org\",\"@graph\":[{\"@type\":\"WebPage\",\"@id\":\"https:\/\/aviator-game.cafe\/tr\/\",\"url\":\"https:\/\/aviator-game.cafe\/tr\/\",\"name\":\"Aviator Game \u1433 bu heyecan verici oyunda nas\u0131l kazan\u0131l\u0131r\",\"isPartOf\":{\"@id\":\"https:\/\/aviator-game.cafe\/tr\/#website\"},\"datePublished\":\"2023-05-18T17:18:34+00:00\",\"dateModified\":\"2025-02-17T13:48:46+00:00\",\"description\":\"Aviator, y\u00fcksek kazanma olas\u0131l\u0131\u011f\u0131, basit mekani\u011fi ve ba\u011f\u0131ml\u0131l\u0131k yaratan oynan\u0131\u015f\u0131 ile heyecan verici bir \u00e7arp\u0131\u015fma oyunudur. Aviator'\u0131 deneyin!\",\"breadcrumb\":{\"@id\":\"https:\/\/aviator-game.cafe\/tr\/#breadcrumb\"},\"inLanguage\":\"tr\",\"potentialAction\":[{\"@type\":\"ReadAction\",\"target\":[\"https:\/\/aviator-game.cafe\/tr\/\"]}]},{\"@type\":\"BreadcrumbList\",\"@id\":\"https:\/\/aviator-game.cafe\/tr\/#breadcrumb\",\"itemListElement\":[{\"@type\":\"ListItem\",\"position\":1,\"name\":\"\u0413\u043b\u0430\u0432\u043d\u0430\u044f \u0441\u0442\u0440\u0430\u043d\u0438\u0446\u0430\",\"item\":\"https:\/\/aviator-game.cafe\/tr\/\"},{\"@type\":\"ListItem\",\"position\":2,\"name\":\"Ev\"}]},{\"@type\":\"WebSite\",\"@id\":\"https:\/\/aviator-game.cafe\/tr\/#website\",\"url\":\"https:\/\/aviator-game.cafe\/tr\/\",\"name\":\"aviator-game tr\",\"description\":\"My WordPress Blog\",\"potentialAction\":[{\"@type\":\"SearchAction\",\"target\":{\"@type\":\"EntryPoint\",\"urlTemplate\":\"https:\/\/aviator-game.cafe\/tr\/?s={search_term_string}\"},\"query-input\":{\"@type\":\"PropertyValueSpecification\",\"valueRequired\":true,\"valueName\":\"search_term_string\"}}],\"inLanguage\":\"tr\"}]}<\/script>\n<!-- \/ Yoast SEO plugin. -->","yoast_head_json":{"title":"Aviator Game \u1433 bu heyecan verici oyunda nas\u0131l kazan\u0131l\u0131r","description":"Aviator, y\u00fcksek kazanma olas\u0131l\u0131\u011f\u0131, basit mekani\u011fi ve ba\u011f\u0131ml\u0131l\u0131k yaratan oynan\u0131\u015f\u0131 ile heyecan verici bir \u00e7arp\u0131\u015fma oyunudur. Aviator'\u0131 deneyin!","robots":{"index":"index","follow":"follow","max-snippet":"max-snippet:-1","max-image-preview":"max-image-preview:large","max-video-preview":"max-video-preview:-1"},"og_locale":"tr_TR","og_type":"article","og_title":"Aviator Game \u1433 bu heyecan verici oyunda nas\u0131l kazan\u0131l\u0131r","og_description":"Aviator, y\u00fcksek kazanma olas\u0131l\u0131\u011f\u0131, basit mekani\u011fi ve ba\u011f\u0131ml\u0131l\u0131k yaratan oynan\u0131\u015f\u0131 ile heyecan verici bir \u00e7arp\u0131\u015fma oyunudur. Aviator'\u0131 deneyin!","og_url":"https:\/\/aviator-game.cafe\/tr\/","og_site_name":"aviator-game tr","article_modified_time":"2025-02-17T13:48:46+00:00","twitter_card":"summary_large_image","schema":{"@context":"https:\/\/schema.org","@graph":[{"@type":"WebPage","@id":"https:\/\/aviator-game.cafe\/tr\/","url":"https:\/\/aviator-game.cafe\/tr\/","name":"Aviator Game \u1433 bu heyecan verici oyunda nas\u0131l kazan\u0131l\u0131r","isPartOf":{"@id":"https:\/\/aviator-game.cafe\/tr\/#website"},"datePublished":"2023-05-18T17:18:34+00:00","dateModified":"2025-02-17T13:48:46+00:00","description":"Aviator, y\u00fcksek kazanma olas\u0131l\u0131\u011f\u0131, basit mekani\u011fi ve ba\u011f\u0131ml\u0131l\u0131k yaratan oynan\u0131\u015f\u0131 ile heyecan verici bir \u00e7arp\u0131\u015fma oyunudur. Aviator'\u0131 deneyin!","breadcrumb":{"@id":"https:\/\/aviator-game.cafe\/tr\/#breadcrumb"},"inLanguage":"tr","potentialAction":[{"@type":"ReadAction","target":["https:\/\/aviator-game.cafe\/tr\/"]}]},{"@type":"BreadcrumbList","@id":"https:\/\/aviator-game.cafe\/tr\/#breadcrumb","itemListElement":[{"@type":"ListItem","position":1,"name":"\u0413\u043b\u0430\u0432\u043d\u0430\u044f \u0441\u0442\u0440\u0430\u043d\u0438\u0446\u0430","item":"https:\/\/aviator-game.cafe\/tr\/"},{"@type":"ListItem","position":2,"name":"Ev"}]},{"@type":"WebSite","@id":"https:\/\/aviator-game.cafe\/tr\/#website","url":"https:\/\/aviator-game.cafe\/tr\/","name":"aviator-game tr","description":"My WordPress Blog","potentialAction":[{"@type":"SearchAction","target":{"@type":"EntryPoint","urlTemplate":"https:\/\/aviator-game.cafe\/tr\/?s={search_term_string}"},"query-input":{"@type":"PropertyValueSpecification","valueRequired":true,"valueName":"search_term_string"}}],"inLanguage":"tr"}]}},"_links":{"self":[{"href":"https:\/\/aviator-game.cafe\/tr\/wp-json\/wp\/v2\/pages\/2","targetHints":{"allow":["GET"]}}],"collection":[{"href":"https:\/\/aviator-game.cafe\/tr\/wp-json\/wp\/v2\/pages"}],"about":[{"href":"https:\/\/aviator-game.cafe\/tr\/wp-json\/wp\/v2\/types\/page"}],"author":[{"embeddable":true,"href":"https:\/\/aviator-game.cafe\/tr\/wp-json\/wp\/v2\/users\/1"}],"replies":[{"embeddable":true,"href":"https:\/\/aviator-game.cafe\/tr\/wp-json\/wp\/v2\/comments?post=2"}],"version-history":[{"count":16,"href":"https:\/\/aviator-game.cafe\/tr\/wp-json\/wp\/v2\/pages\/2\/revisions"}],"predecessor-version":[{"id":262,"href":"https:\/\/aviator-game.cafe\/tr\/wp-json\/wp\/v2\/pages\/2\/revisions\/262"}],"wp:attachment":[{"href":"https:\/\/aviator-game.cafe\/tr\/wp-json\/wp\/v2\/media?parent=2"}],"curies":[{"name":"wp","href":"https:\/\/api.w.org\/{rel}","templated":true}]}}