{"id":208,"date":"2025-02-06T07:14:18","date_gmt":"2025-02-06T07:14:18","guid":{"rendered":"https:\/\/aviator-game.cafe\/tr\/?page_id=208"},"modified":"2025-02-17T15:52:00","modified_gmt":"2025-02-17T15:52:00","slug":"strategies","status":"publish","type":"page","link":"https:\/\/aviator-game.cafe\/tr\/strategies\/","title":{"rendered":"Oyun stratejileri"},"content":{"rendered":"","protected":false},"excerpt":{"rendered":"","protected":false},"author":1,"featured_media":0,"parent":0,"menu_order":3,"comment_status":"closed","ping_status":"closed","template":"","meta":{"footnotes":""},"class_list":["post-208","page","type-page","status-publish","hentry"],"yoast_head":"<!-- This site is optimized with the Yoast SEO plugin v24.3 - https:\/\/yoast.com\/wordpress\/plugins\/seo\/ -->\n<title>Havac\u0131 Stratejisi \u2907 en iyi taktiksel hamleler<\/title>\n<meta name=\"description\" content=\"Aviator oyununda uygulanabilecek en iyi stratejilere ili\u015fkin bu genel bak\u0131\u015f, oyun tarz\u0131n\u0131za en uygun taktikleri se\u00e7menize ve kazanman\u0131za olanak tan\u0131yacak!\" \/>\n<meta name=\"robots\" content=\"index, follow, max-snippet:-1, max-image-preview:large, max-video-preview:-1\" \/>\n<meta property=\"og:locale\" content=\"tr_TR\" \/>\n<meta property=\"og:type\" content=\"article\" \/>\n<meta property=\"og:title\" content=\"Havac\u0131 Stratejisi \u2907 en iyi taktiksel hamleler\" \/>\n<meta property=\"og:description\" content=\"Aviator oyununda uygulanabilecek en iyi stratejilere ili\u015fkin bu genel bak\u0131\u015f, oyun tarz\u0131n\u0131za en uygun taktikleri se\u00e7menize ve kazanman\u0131za olanak tan\u0131yacak!\" \/>\n<meta property=\"og:url\" content=\"https:\/\/aviator-game.cafe\/tr\/strategies\/\" \/>\n<meta property=\"og:site_name\" content=\"aviator-game tr\" \/>\n<meta property=\"article:modified_time\" content=\"2025-02-17T15:52:00+00:00\" \/>\n<meta name=\"twitter:card\" content=\"summary_large_image\" \/>\n<script type=\"application\/ld+json\" class=\"yoast-schema-graph\">{\"@context\":\"https:\/\/schema.org\",\"@graph\":[{\"@type\":\"WebPage\",\"@id\":\"https:\/\/aviator-game.cafe\/tr\/strategies\/\",\"url\":\"https:\/\/aviator-game.cafe\/tr\/strategies\/\",\"name\":\"Havac\u0131 Stratejisi \u2907 en iyi taktiksel hamleler\",\"isPartOf\":{\"@id\":\"https:\/\/aviator-game.cafe\/tr\/#website\"},\"datePublished\":\"2025-02-06T07:14:18+00:00\",\"dateModified\":\"2025-02-17T15:52:00+00:00\",\"description\":\"Aviator oyununda uygulanabilecek en iyi stratejilere ili\u015fkin bu genel bak\u0131\u015f, oyun tarz\u0131n\u0131za en uygun taktikleri se\u00e7menize ve kazanman\u0131za olanak tan\u0131yacak!\",\"breadcrumb\":{\"@id\":\"https:\/\/aviator-game.cafe\/tr\/strategies\/#breadcrumb\"},\"inLanguage\":\"tr\",\"potentialAction\":[{\"@type\":\"ReadAction\",\"target\":[\"https:\/\/aviator-game.cafe\/tr\/strategies\/\"]}]},{\"@type\":\"BreadcrumbList\",\"@id\":\"https:\/\/aviator-game.cafe\/tr\/strategies\/#breadcrumb\",\"itemListElement\":[{\"@type\":\"ListItem\",\"position\":1,\"name\":\"\u0413\u043b\u0430\u0432\u043d\u0430\u044f \u0441\u0442\u0440\u0430\u043d\u0438\u0446\u0430\",\"item\":\"https:\/\/aviator-game.cafe\/tr\/\"},{\"@type\":\"ListItem\",\"position\":2,\"name\":\"Oyun stratejileri\"}]},{\"@type\":\"WebSite\",\"@id\":\"https:\/\/aviator-game.cafe\/tr\/#website\",\"url\":\"https:\/\/aviator-game.cafe\/tr\/\",\"name\":\"aviator-game tr\",\"description\":\"My WordPress Blog\",\"potentialAction\":[{\"@type\":\"SearchAction\",\"target\":{\"@type\":\"EntryPoint\",\"urlTemplate\":\"https:\/\/aviator-game.cafe\/tr\/?s={search_term_string}\"},\"query-input\":{\"@type\":\"PropertyValueSpecification\",\"valueRequired\":true,\"valueName\":\"search_term_string\"}}],\"inLanguage\":\"tr\"}]}<\/script>\n<!-- \/ Yoast SEO plugin. -->","yoast_head_json":{"title":"Havac\u0131 Stratejisi \u2907 en iyi taktiksel hamleler","description":"Aviator oyununda uygulanabilecek en iyi stratejilere ili\u015fkin bu genel bak\u0131\u015f, oyun tarz\u0131n\u0131za en uygun taktikleri se\u00e7menize ve kazanman\u0131za olanak tan\u0131yacak!","robots":{"index":"index","follow":"follow","max-snippet":"max-snippet:-1","max-image-preview":"max-image-preview:large","max-video-preview":"max-video-preview:-1"},"og_locale":"tr_TR","og_type":"article","og_title":"Havac\u0131 Stratejisi \u2907 en iyi taktiksel hamleler","og_description":"Aviator oyununda uygulanabilecek en iyi stratejilere ili\u015fkin bu genel bak\u0131\u015f, oyun tarz\u0131n\u0131za en uygun taktikleri se\u00e7menize ve kazanman\u0131za olanak tan\u0131yacak!","og_url":"https:\/\/aviator-game.cafe\/tr\/strategies\/","og_site_name":"aviator-game tr","article_modified_time":"2025-02-17T15:52:00+00:00","twitter_card":"summary_large_image","schema":{"@context":"https:\/\/schema.org","@graph":[{"@type":"WebPage","@id":"https:\/\/aviator-game.cafe\/tr\/strategies\/","url":"https:\/\/aviator-game.cafe\/tr\/strategies\/","name":"Havac\u0131 Stratejisi \u2907 en iyi taktiksel hamleler","isPartOf":{"@id":"https:\/\/aviator-game.cafe\/tr\/#website"},"datePublished":"2025-02-06T07:14:18+00:00","dateModified":"2025-02-17T15:52:00+00:00","description":"Aviator oyununda uygulanabilecek en iyi stratejilere ili\u015fkin bu genel bak\u0131\u015f, oyun tarz\u0131n\u0131za en uygun taktikleri se\u00e7menize ve kazanman\u0131za olanak tan\u0131yacak!","breadcrumb":{"@id":"https:\/\/aviator-game.cafe\/tr\/strategies\/#breadcrumb"},"inLanguage":"tr","potentialAction":[{"@type":"ReadAction","target":["https:\/\/aviator-game.cafe\/tr\/strategies\/"]}]},{"@type":"BreadcrumbList","@id":"https:\/\/aviator-game.cafe\/tr\/strategies\/#breadcrumb","itemListElement":[{"@type":"ListItem","position":1,"name":"\u0413\u043b\u0430\u0432\u043d\u0430\u044f \u0441\u0442\u0440\u0430\u043d\u0438\u0446\u0430","item":"https:\/\/aviator-game.cafe\/tr\/"},{"@type":"ListItem","position":2,"name":"Oyun stratejileri"}]},{"@type":"WebSite","@id":"https:\/\/aviator-game.cafe\/tr\/#website","url":"https:\/\/aviator-game.cafe\/tr\/","name":"aviator-game tr","description":"My WordPress Blog","potentialAction":[{"@type":"SearchAction","target":{"@type":"EntryPoint","urlTemplate":"https:\/\/aviator-game.cafe\/tr\/?s={search_term_string}"},"query-input":{"@type":"PropertyValueSpecification","valueRequired":true,"valueName":"search_term_string"}}],"inLanguage":"tr"}]}},"_links":{"self":[{"href":"https:\/\/aviator-game.cafe\/tr\/wp-json\/wp\/v2\/pages\/208","targetHints":{"allow":["GET"]}}],"collection":[{"href":"https:\/\/aviator-game.cafe\/tr\/wp-json\/wp\/v2\/pages"}],"about":[{"href":"https:\/\/aviator-game.cafe\/tr\/wp-json\/wp\/v2\/types\/page"}],"author":[{"embeddable":true,"href":"https:\/\/aviator-game.cafe\/tr\/wp-json\/wp\/v2\/users\/1"}],"replies":[{"embeddable":true,"href":"https:\/\/aviator-game.cafe\/tr\/wp-json\/wp\/v2\/comments?post=208"}],"version-history":[{"count":10,"href":"https:\/\/aviator-game.cafe\/tr\/wp-json\/wp\/v2\/pages\/208\/revisions"}],"predecessor-version":[{"id":273,"href":"https:\/\/aviator-game.cafe\/tr\/wp-json\/wp\/v2\/pages\/208\/revisions\/273"}],"wp:attachment":[{"href":"https:\/\/aviator-game.cafe\/tr\/wp-json\/wp\/v2\/media?parent=208"}],"curies":[{"name":"wp","href":"https:\/\/api.w.org\/{rel}","templated":true}]}}