{"id":215,"date":"2025-02-06T07:31:41","date_gmt":"2025-02-06T07:31:41","guid":{"rendered":"https:\/\/aviator-game.cafe\/tr\/?page_id=215"},"modified":"2025-02-18T08:19:09","modified_gmt":"2025-02-18T08:19:09","slug":"predictor","status":"publish","type":"page","link":"https:\/\/aviator-game.cafe\/tr\/predictor\/","title":{"rendered":"Tahmin Edici"},"content":{"rendered":"","protected":false},"excerpt":{"rendered":"","protected":false},"author":1,"featured_media":0,"parent":0,"menu_order":4,"comment_status":"closed","ping_status":"closed","template":"","meta":{"footnotes":""},"class_list":["post-215","page","type-page","status-publish","hentry"],"yoast_head":"<!-- This site is optimized with the Yoast SEO plugin v24.3 - https:\/\/yoast.com\/wordpress\/plugins\/seo\/ -->\n<title>Aviator Predictor \u27a3 ma\u00e7 i\u00e7in analiz ve tahminler<\/title>\n<meta name=\"description\" content=\"Aviator&#039;da daha s\u0131k kazanmak ister misiniz? Aviator Predictor sizin ba\u015far\u0131 s\u0131rr\u0131n\u0131z! Do\u011fru tahminler ve ak\u0131ll\u0131 bahisler i\u00e7in hesap makinemizi kullan\u0131n.\" \/>\n<meta name=\"robots\" content=\"index, follow, max-snippet:-1, max-image-preview:large, max-video-preview:-1\" \/>\n<meta property=\"og:locale\" content=\"tr_TR\" \/>\n<meta property=\"og:type\" content=\"article\" \/>\n<meta property=\"og:title\" content=\"Aviator Predictor \u27a3 ma\u00e7 i\u00e7in analiz ve tahminler\" \/>\n<meta property=\"og:description\" content=\"Aviator&#039;da daha s\u0131k kazanmak ister misiniz? Aviator Predictor sizin ba\u015far\u0131 s\u0131rr\u0131n\u0131z! Do\u011fru tahminler ve ak\u0131ll\u0131 bahisler i\u00e7in hesap makinemizi kullan\u0131n.\" \/>\n<meta property=\"og:url\" content=\"https:\/\/aviator-game.cafe\/tr\/predictor\/\" \/>\n<meta property=\"og:site_name\" content=\"aviator-game tr\" \/>\n<meta property=\"article:modified_time\" content=\"2025-02-18T08:19:09+00:00\" \/>\n<meta name=\"twitter:card\" content=\"summary_large_image\" \/>\n<script type=\"application\/ld+json\" class=\"yoast-schema-graph\">{\"@context\":\"https:\/\/schema.org\",\"@graph\":[{\"@type\":\"WebPage\",\"@id\":\"https:\/\/aviator-game.cafe\/tr\/predictor\/\",\"url\":\"https:\/\/aviator-game.cafe\/tr\/predictor\/\",\"name\":\"Aviator Predictor \u27a3 ma\u00e7 i\u00e7in analiz ve tahminler\",\"isPartOf\":{\"@id\":\"https:\/\/aviator-game.cafe\/tr\/#website\"},\"datePublished\":\"2025-02-06T07:31:41+00:00\",\"dateModified\":\"2025-02-18T08:19:09+00:00\",\"description\":\"Aviator'da daha s\u0131k kazanmak ister misiniz? Aviator Predictor sizin ba\u015far\u0131 s\u0131rr\u0131n\u0131z! Do\u011fru tahminler ve ak\u0131ll\u0131 bahisler i\u00e7in hesap makinemizi kullan\u0131n.\",\"breadcrumb\":{\"@id\":\"https:\/\/aviator-game.cafe\/tr\/predictor\/#breadcrumb\"},\"inLanguage\":\"tr\",\"potentialAction\":[{\"@type\":\"ReadAction\",\"target\":[\"https:\/\/aviator-game.cafe\/tr\/predictor\/\"]}]},{\"@type\":\"BreadcrumbList\",\"@id\":\"https:\/\/aviator-game.cafe\/tr\/predictor\/#breadcrumb\",\"itemListElement\":[{\"@type\":\"ListItem\",\"position\":1,\"name\":\"\u0413\u043b\u0430\u0432\u043d\u0430\u044f \u0441\u0442\u0440\u0430\u043d\u0438\u0446\u0430\",\"item\":\"https:\/\/aviator-game.cafe\/tr\/\"},{\"@type\":\"ListItem\",\"position\":2,\"name\":\"Tahmin Edici\"}]},{\"@type\":\"WebSite\",\"@id\":\"https:\/\/aviator-game.cafe\/tr\/#website\",\"url\":\"https:\/\/aviator-game.cafe\/tr\/\",\"name\":\"aviator-game tr\",\"description\":\"My WordPress Blog\",\"potentialAction\":[{\"@type\":\"SearchAction\",\"target\":{\"@type\":\"EntryPoint\",\"urlTemplate\":\"https:\/\/aviator-game.cafe\/tr\/?s={search_term_string}\"},\"query-input\":{\"@type\":\"PropertyValueSpecification\",\"valueRequired\":true,\"valueName\":\"search_term_string\"}}],\"inLanguage\":\"tr\"}]}<\/script>\n<!-- \/ Yoast SEO plugin. -->","yoast_head_json":{"title":"Aviator Predictor \u27a3 ma\u00e7 i\u00e7in analiz ve tahminler","description":"Aviator'da daha s\u0131k kazanmak ister misiniz? Aviator Predictor sizin ba\u015far\u0131 s\u0131rr\u0131n\u0131z! Do\u011fru tahminler ve ak\u0131ll\u0131 bahisler i\u00e7in hesap makinemizi kullan\u0131n.","robots":{"index":"index","follow":"follow","max-snippet":"max-snippet:-1","max-image-preview":"max-image-preview:large","max-video-preview":"max-video-preview:-1"},"og_locale":"tr_TR","og_type":"article","og_title":"Aviator Predictor \u27a3 ma\u00e7 i\u00e7in analiz ve tahminler","og_description":"Aviator'da daha s\u0131k kazanmak ister misiniz? Aviator Predictor sizin ba\u015far\u0131 s\u0131rr\u0131n\u0131z! Do\u011fru tahminler ve ak\u0131ll\u0131 bahisler i\u00e7in hesap makinemizi kullan\u0131n.","og_url":"https:\/\/aviator-game.cafe\/tr\/predictor\/","og_site_name":"aviator-game tr","article_modified_time":"2025-02-18T08:19:09+00:00","twitter_card":"summary_large_image","schema":{"@context":"https:\/\/schema.org","@graph":[{"@type":"WebPage","@id":"https:\/\/aviator-game.cafe\/tr\/predictor\/","url":"https:\/\/aviator-game.cafe\/tr\/predictor\/","name":"Aviator Predictor \u27a3 ma\u00e7 i\u00e7in analiz ve tahminler","isPartOf":{"@id":"https:\/\/aviator-game.cafe\/tr\/#website"},"datePublished":"2025-02-06T07:31:41+00:00","dateModified":"2025-02-18T08:19:09+00:00","description":"Aviator'da daha s\u0131k kazanmak ister misiniz? Aviator Predictor sizin ba\u015far\u0131 s\u0131rr\u0131n\u0131z! Do\u011fru tahminler ve ak\u0131ll\u0131 bahisler i\u00e7in hesap makinemizi kullan\u0131n.","breadcrumb":{"@id":"https:\/\/aviator-game.cafe\/tr\/predictor\/#breadcrumb"},"inLanguage":"tr","potentialAction":[{"@type":"ReadAction","target":["https:\/\/aviator-game.cafe\/tr\/predictor\/"]}]},{"@type":"BreadcrumbList","@id":"https:\/\/aviator-game.cafe\/tr\/predictor\/#breadcrumb","itemListElement":[{"@type":"ListItem","position":1,"name":"\u0413\u043b\u0430\u0432\u043d\u0430\u044f \u0441\u0442\u0440\u0430\u043d\u0438\u0446\u0430","item":"https:\/\/aviator-game.cafe\/tr\/"},{"@type":"ListItem","position":2,"name":"Tahmin Edici"}]},{"@type":"WebSite","@id":"https:\/\/aviator-game.cafe\/tr\/#website","url":"https:\/\/aviator-game.cafe\/tr\/","name":"aviator-game tr","description":"My WordPress Blog","potentialAction":[{"@type":"SearchAction","target":{"@type":"EntryPoint","urlTemplate":"https:\/\/aviator-game.cafe\/tr\/?s={search_term_string}"},"query-input":{"@type":"PropertyValueSpecification","valueRequired":true,"valueName":"search_term_string"}}],"inLanguage":"tr"}]}},"_links":{"self":[{"href":"https:\/\/aviator-game.cafe\/tr\/wp-json\/wp\/v2\/pages\/215","targetHints":{"allow":["GET"]}}],"collection":[{"href":"https:\/\/aviator-game.cafe\/tr\/wp-json\/wp\/v2\/pages"}],"about":[{"href":"https:\/\/aviator-game.cafe\/tr\/wp-json\/wp\/v2\/types\/page"}],"author":[{"embeddable":true,"href":"https:\/\/aviator-game.cafe\/tr\/wp-json\/wp\/v2\/users\/1"}],"replies":[{"embeddable":true,"href":"https:\/\/aviator-game.cafe\/tr\/wp-json\/wp\/v2\/comments?post=215"}],"version-history":[{"count":8,"href":"https:\/\/aviator-game.cafe\/tr\/wp-json\/wp\/v2\/pages\/215\/revisions"}],"predecessor-version":[{"id":276,"href":"https:\/\/aviator-game.cafe\/tr\/wp-json\/wp\/v2\/pages\/215\/revisions\/276"}],"wp:attachment":[{"href":"https:\/\/aviator-game.cafe\/tr\/wp-json\/wp\/v2\/media?parent=215"}],"curies":[{"name":"wp","href":"https:\/\/api.w.org\/{rel}","templated":true}]}}