{"id":218,"date":"2025-02-06T08:09:51","date_gmt":"2025-02-06T08:09:51","guid":{"rendered":"https:\/\/aviator-game.cafe\/tr\/?page_id=218"},"modified":"2025-02-18T08:30:47","modified_gmt":"2025-02-18T08:30:47","slug":"app","status":"publish","type":"page","link":"https:\/\/aviator-game.cafe\/tr\/app\/","title":{"rendered":"Uygulama"},"content":{"rendered":"","protected":false},"excerpt":{"rendered":"","protected":false},"author":1,"featured_media":0,"parent":0,"menu_order":5,"comment_status":"closed","ping_status":"closed","template":"","meta":{"footnotes":""},"class_list":["post-218","page","type-page","status-publish","hentry"],"yoast_head":"<!-- This site is optimized with the Yoast SEO plugin v24.3 - https:\/\/yoast.com\/wordpress\/plugins\/seo\/ -->\n<title>Oyun oynamay\u0131 bilenler i\u00e7in Aviator App.<\/title>\n<meta name=\"description\" content=\"Aviator oyununun hayranlar\u0131, e\u011flenerek oynamak ve yeni zirvelere ula\u015fmak i\u00e7in tasarlanm\u0131\u015f bir uygulaman\u0131n rahatl\u0131\u011f\u0131n\u0131 kesinlikle takdir edeceklerdir.\" \/>\n<meta name=\"robots\" content=\"index, follow, max-snippet:-1, max-image-preview:large, max-video-preview:-1\" \/>\n<meta property=\"og:locale\" content=\"tr_TR\" \/>\n<meta property=\"og:type\" content=\"article\" \/>\n<meta property=\"og:title\" content=\"Oyun oynamay\u0131 bilenler i\u00e7in Aviator App.\" \/>\n<meta property=\"og:description\" content=\"Aviator oyununun hayranlar\u0131, e\u011flenerek oynamak ve yeni zirvelere ula\u015fmak i\u00e7in tasarlanm\u0131\u015f bir uygulaman\u0131n rahatl\u0131\u011f\u0131n\u0131 kesinlikle takdir edeceklerdir.\" \/>\n<meta property=\"og:url\" content=\"https:\/\/aviator-game.cafe\/tr\/app\/\" \/>\n<meta property=\"og:site_name\" content=\"aviator-game tr\" \/>\n<meta property=\"article:modified_time\" content=\"2025-02-18T08:30:47+00:00\" \/>\n<meta name=\"twitter:card\" content=\"summary_large_image\" \/>\n<script type=\"application\/ld+json\" class=\"yoast-schema-graph\">{\"@context\":\"https:\/\/schema.org\",\"@graph\":[{\"@type\":\"WebPage\",\"@id\":\"https:\/\/aviator-game.cafe\/tr\/app\/\",\"url\":\"https:\/\/aviator-game.cafe\/tr\/app\/\",\"name\":\"Oyun oynamay\u0131 bilenler i\u00e7in Aviator App.\",\"isPartOf\":{\"@id\":\"https:\/\/aviator-game.cafe\/tr\/#website\"},\"datePublished\":\"2025-02-06T08:09:51+00:00\",\"dateModified\":\"2025-02-18T08:30:47+00:00\",\"description\":\"Aviator oyununun hayranlar\u0131, e\u011flenerek oynamak ve yeni zirvelere ula\u015fmak i\u00e7in tasarlanm\u0131\u015f bir uygulaman\u0131n rahatl\u0131\u011f\u0131n\u0131 kesinlikle takdir edeceklerdir.\",\"breadcrumb\":{\"@id\":\"https:\/\/aviator-game.cafe\/tr\/app\/#breadcrumb\"},\"inLanguage\":\"tr\",\"potentialAction\":[{\"@type\":\"ReadAction\",\"target\":[\"https:\/\/aviator-game.cafe\/tr\/app\/\"]}]},{\"@type\":\"BreadcrumbList\",\"@id\":\"https:\/\/aviator-game.cafe\/tr\/app\/#breadcrumb\",\"itemListElement\":[{\"@type\":\"ListItem\",\"position\":1,\"name\":\"\u0413\u043b\u0430\u0432\u043d\u0430\u044f \u0441\u0442\u0440\u0430\u043d\u0438\u0446\u0430\",\"item\":\"https:\/\/aviator-game.cafe\/tr\/\"},{\"@type\":\"ListItem\",\"position\":2,\"name\":\"Uygulama\"}]},{\"@type\":\"WebSite\",\"@id\":\"https:\/\/aviator-game.cafe\/tr\/#website\",\"url\":\"https:\/\/aviator-game.cafe\/tr\/\",\"name\":\"aviator-game tr\",\"description\":\"My WordPress Blog\",\"potentialAction\":[{\"@type\":\"SearchAction\",\"target\":{\"@type\":\"EntryPoint\",\"urlTemplate\":\"https:\/\/aviator-game.cafe\/tr\/?s={search_term_string}\"},\"query-input\":{\"@type\":\"PropertyValueSpecification\",\"valueRequired\":true,\"valueName\":\"search_term_string\"}}],\"inLanguage\":\"tr\"}]}<\/script>\n<!-- \/ Yoast SEO plugin. -->","yoast_head_json":{"title":"Oyun oynamay\u0131 bilenler i\u00e7in Aviator App.","description":"Aviator oyununun hayranlar\u0131, e\u011flenerek oynamak ve yeni zirvelere ula\u015fmak i\u00e7in tasarlanm\u0131\u015f bir uygulaman\u0131n rahatl\u0131\u011f\u0131n\u0131 kesinlikle takdir edeceklerdir.","robots":{"index":"index","follow":"follow","max-snippet":"max-snippet:-1","max-image-preview":"max-image-preview:large","max-video-preview":"max-video-preview:-1"},"og_locale":"tr_TR","og_type":"article","og_title":"Oyun oynamay\u0131 bilenler i\u00e7in Aviator App.","og_description":"Aviator oyununun hayranlar\u0131, e\u011flenerek oynamak ve yeni zirvelere ula\u015fmak i\u00e7in tasarlanm\u0131\u015f bir uygulaman\u0131n rahatl\u0131\u011f\u0131n\u0131 kesinlikle takdir edeceklerdir.","og_url":"https:\/\/aviator-game.cafe\/tr\/app\/","og_site_name":"aviator-game tr","article_modified_time":"2025-02-18T08:30:47+00:00","twitter_card":"summary_large_image","schema":{"@context":"https:\/\/schema.org","@graph":[{"@type":"WebPage","@id":"https:\/\/aviator-game.cafe\/tr\/app\/","url":"https:\/\/aviator-game.cafe\/tr\/app\/","name":"Oyun oynamay\u0131 bilenler i\u00e7in Aviator App.","isPartOf":{"@id":"https:\/\/aviator-game.cafe\/tr\/#website"},"datePublished":"2025-02-06T08:09:51+00:00","dateModified":"2025-02-18T08:30:47+00:00","description":"Aviator oyununun hayranlar\u0131, e\u011flenerek oynamak ve yeni zirvelere ula\u015fmak i\u00e7in tasarlanm\u0131\u015f bir uygulaman\u0131n rahatl\u0131\u011f\u0131n\u0131 kesinlikle takdir edeceklerdir.","breadcrumb":{"@id":"https:\/\/aviator-game.cafe\/tr\/app\/#breadcrumb"},"inLanguage":"tr","potentialAction":[{"@type":"ReadAction","target":["https:\/\/aviator-game.cafe\/tr\/app\/"]}]},{"@type":"BreadcrumbList","@id":"https:\/\/aviator-game.cafe\/tr\/app\/#breadcrumb","itemListElement":[{"@type":"ListItem","position":1,"name":"\u0413\u043b\u0430\u0432\u043d\u0430\u044f \u0441\u0442\u0440\u0430\u043d\u0438\u0446\u0430","item":"https:\/\/aviator-game.cafe\/tr\/"},{"@type":"ListItem","position":2,"name":"Uygulama"}]},{"@type":"WebSite","@id":"https:\/\/aviator-game.cafe\/tr\/#website","url":"https:\/\/aviator-game.cafe\/tr\/","name":"aviator-game tr","description":"My WordPress Blog","potentialAction":[{"@type":"SearchAction","target":{"@type":"EntryPoint","urlTemplate":"https:\/\/aviator-game.cafe\/tr\/?s={search_term_string}"},"query-input":{"@type":"PropertyValueSpecification","valueRequired":true,"valueName":"search_term_string"}}],"inLanguage":"tr"}]}},"_links":{"self":[{"href":"https:\/\/aviator-game.cafe\/tr\/wp-json\/wp\/v2\/pages\/218","targetHints":{"allow":["GET"]}}],"collection":[{"href":"https:\/\/aviator-game.cafe\/tr\/wp-json\/wp\/v2\/pages"}],"about":[{"href":"https:\/\/aviator-game.cafe\/tr\/wp-json\/wp\/v2\/types\/page"}],"author":[{"embeddable":true,"href":"https:\/\/aviator-game.cafe\/tr\/wp-json\/wp\/v2\/users\/1"}],"replies":[{"embeddable":true,"href":"https:\/\/aviator-game.cafe\/tr\/wp-json\/wp\/v2\/comments?post=218"}],"version-history":[{"count":9,"href":"https:\/\/aviator-game.cafe\/tr\/wp-json\/wp\/v2\/pages\/218\/revisions"}],"predecessor-version":[{"id":279,"href":"https:\/\/aviator-game.cafe\/tr\/wp-json\/wp\/v2\/pages\/218\/revisions\/279"}],"wp:attachment":[{"href":"https:\/\/aviator-game.cafe\/tr\/wp-json\/wp\/v2\/media?parent=218"}],"curies":[{"name":"wp","href":"https:\/\/api.w.org\/{rel}","templated":true}]}}