{"id":152,"date":"2023-05-18T17:39:43","date_gmt":"2023-05-18T17:39:43","guid":{"rendered":"https:\/\/aviator-game.cafe\/vi\/?page_id=152"},"modified":"2025-03-28T12:40:34","modified_gmt":"2025-03-28T12:40:34","slug":"how-to-play","status":"publish","type":"page","link":"https:\/\/aviator-game.cafe\/vi\/how-to-play\/","title":{"rendered":"C\u00e1ch ch\u01a1i nh\u01b0 th\u1ebf n\u00e0o?"},"content":{"rendered":"","protected":false},"excerpt":{"rendered":"","protected":false},"author":1,"featured_media":0,"parent":0,"menu_order":1,"comment_status":"closed","ping_status":"closed","template":"","meta":{"footnotes":""},"class_list":["post-152","page","type-page","status-publish","hentry"],"yoast_head":"<!-- This site is optimized with the Yoast SEO plugin v24.3 - https:\/\/yoast.com\/wordpress\/plugins\/seo\/ -->\n<title>C\u00e1ch ch\u01a1i tr\u00f2 ch\u01a1i phi c\u00f4ng \u1433 h\u01b0\u1edbng d\u1eabn \u0111\u1ea7y \u0111\u1ee7<\/title>\n<meta name=\"description\" content=\"B\u1ea1n c\u00f3 th\u1ec3 t\u00ecm hi\u1ec3u t\u1ea5t c\u1ea3 c\u00e1c b\u00ed m\u1eadt c\u1ee7a tr\u00f2 ch\u01a1i Aviator t\u1ea1i \u0111\u00e2y! C\u00e1c chi\u1ebfn l\u01b0\u1ee3c v\u00e0 chi ti\u1ebft v\u1ec1 l\u1ed1i ch\u01a1i c\u0169ng nh\u01b0 nh\u1eefng l\u1ed7i c\u1ea7n tr\u00e1nh \u0111\u01b0\u1ee3c t\u1ed5ng h\u1ee3p trong m\u1ed9t b\u1ea3n t\u1ed5ng quan.\" \/>\n<meta name=\"robots\" content=\"index, follow, max-snippet:-1, max-image-preview:large, max-video-preview:-1\" \/>\n<meta property=\"og:locale\" content=\"vi_VN\" \/>\n<meta property=\"og:type\" content=\"article\" \/>\n<meta property=\"og:title\" content=\"C\u00e1ch ch\u01a1i tr\u00f2 ch\u01a1i phi c\u00f4ng \u1433 h\u01b0\u1edbng d\u1eabn \u0111\u1ea7y \u0111\u1ee7\" \/>\n<meta property=\"og:description\" content=\"B\u1ea1n c\u00f3 th\u1ec3 t\u00ecm hi\u1ec3u t\u1ea5t c\u1ea3 c\u00e1c b\u00ed m\u1eadt c\u1ee7a tr\u00f2 ch\u01a1i Aviator t\u1ea1i \u0111\u00e2y! C\u00e1c chi\u1ebfn l\u01b0\u1ee3c v\u00e0 chi ti\u1ebft v\u1ec1 l\u1ed1i ch\u01a1i c\u0169ng nh\u01b0 nh\u1eefng l\u1ed7i c\u1ea7n tr\u00e1nh \u0111\u01b0\u1ee3c t\u1ed5ng h\u1ee3p trong m\u1ed9t b\u1ea3n t\u1ed5ng quan.\" \/>\n<meta property=\"og:url\" content=\"https:\/\/aviator-game.cafe\/vi\/how-to-play\/\" \/>\n<meta property=\"og:site_name\" content=\"aviator-game vi\" \/>\n<meta property=\"article:modified_time\" content=\"2025-03-28T12:40:34+00:00\" \/>\n<meta name=\"twitter:card\" content=\"summary_large_image\" \/>\n<script type=\"application\/ld+json\" class=\"yoast-schema-graph\">{\"@context\":\"https:\/\/schema.org\",\"@graph\":[{\"@type\":\"WebPage\",\"@id\":\"https:\/\/aviator-game.cafe\/vi\/how-to-play\/\",\"url\":\"https:\/\/aviator-game.cafe\/vi\/how-to-play\/\",\"name\":\"C\u00e1ch ch\u01a1i tr\u00f2 ch\u01a1i phi c\u00f4ng \u1433 h\u01b0\u1edbng d\u1eabn \u0111\u1ea7y \u0111\u1ee7\",\"isPartOf\":{\"@id\":\"https:\/\/aviator-game.cafe\/vi\/#website\"},\"datePublished\":\"2023-05-18T17:39:43+00:00\",\"dateModified\":\"2025-03-28T12:40:34+00:00\",\"description\":\"B\u1ea1n c\u00f3 th\u1ec3 t\u00ecm hi\u1ec3u t\u1ea5t c\u1ea3 c\u00e1c b\u00ed m\u1eadt c\u1ee7a tr\u00f2 ch\u01a1i Aviator t\u1ea1i \u0111\u00e2y! C\u00e1c chi\u1ebfn l\u01b0\u1ee3c v\u00e0 chi ti\u1ebft v\u1ec1 l\u1ed1i ch\u01a1i c\u0169ng nh\u01b0 nh\u1eefng l\u1ed7i c\u1ea7n tr\u00e1nh \u0111\u01b0\u1ee3c t\u1ed5ng h\u1ee3p trong m\u1ed9t b\u1ea3n t\u1ed5ng quan.\",\"breadcrumb\":{\"@id\":\"https:\/\/aviator-game.cafe\/vi\/how-to-play\/#breadcrumb\"},\"inLanguage\":\"vi\",\"potentialAction\":[{\"@type\":\"ReadAction\",\"target\":[\"https:\/\/aviator-game.cafe\/vi\/how-to-play\/\"]}]},{\"@type\":\"BreadcrumbList\",\"@id\":\"https:\/\/aviator-game.cafe\/vi\/how-to-play\/#breadcrumb\",\"itemListElement\":[{\"@type\":\"ListItem\",\"position\":1,\"name\":\"\u0413\u043b\u0430\u0432\u043d\u0430\u044f \u0441\u0442\u0440\u0430\u043d\u0438\u0446\u0430\",\"item\":\"https:\/\/aviator-game.cafe\/vi\/\"},{\"@type\":\"ListItem\",\"position\":2,\"name\":\"C\u00e1ch ch\u01a1i nh\u01b0 th\u1ebf n\u00e0o?\"}]},{\"@type\":\"WebSite\",\"@id\":\"https:\/\/aviator-game.cafe\/vi\/#website\",\"url\":\"https:\/\/aviator-game.cafe\/vi\/\",\"name\":\"aviator-game vi\",\"description\":\"My WordPress Blog\",\"potentialAction\":[{\"@type\":\"SearchAction\",\"target\":{\"@type\":\"EntryPoint\",\"urlTemplate\":\"https:\/\/aviator-game.cafe\/vi\/?s={search_term_string}\"},\"query-input\":{\"@type\":\"PropertyValueSpecification\",\"valueRequired\":true,\"valueName\":\"search_term_string\"}}],\"inLanguage\":\"vi\"}]}<\/script>\n<!-- \/ Yoast SEO plugin. -->","yoast_head_json":{"title":"C\u00e1ch ch\u01a1i tr\u00f2 ch\u01a1i phi c\u00f4ng \u1433 h\u01b0\u1edbng d\u1eabn \u0111\u1ea7y \u0111\u1ee7","description":"B\u1ea1n c\u00f3 th\u1ec3 t\u00ecm hi\u1ec3u t\u1ea5t c\u1ea3 c\u00e1c b\u00ed m\u1eadt c\u1ee7a tr\u00f2 ch\u01a1i Aviator t\u1ea1i \u0111\u00e2y! C\u00e1c chi\u1ebfn l\u01b0\u1ee3c v\u00e0 chi ti\u1ebft v\u1ec1 l\u1ed1i ch\u01a1i c\u0169ng nh\u01b0 nh\u1eefng l\u1ed7i c\u1ea7n tr\u00e1nh \u0111\u01b0\u1ee3c t\u1ed5ng h\u1ee3p trong m\u1ed9t b\u1ea3n t\u1ed5ng quan.","robots":{"index":"index","follow":"follow","max-snippet":"max-snippet:-1","max-image-preview":"max-image-preview:large","max-video-preview":"max-video-preview:-1"},"og_locale":"vi_VN","og_type":"article","og_title":"C\u00e1ch ch\u01a1i tr\u00f2 ch\u01a1i phi c\u00f4ng \u1433 h\u01b0\u1edbng d\u1eabn \u0111\u1ea7y \u0111\u1ee7","og_description":"B\u1ea1n c\u00f3 th\u1ec3 t\u00ecm hi\u1ec3u t\u1ea5t c\u1ea3 c\u00e1c b\u00ed m\u1eadt c\u1ee7a tr\u00f2 ch\u01a1i Aviator t\u1ea1i \u0111\u00e2y! C\u00e1c chi\u1ebfn l\u01b0\u1ee3c v\u00e0 chi ti\u1ebft v\u1ec1 l\u1ed1i ch\u01a1i c\u0169ng nh\u01b0 nh\u1eefng l\u1ed7i c\u1ea7n tr\u00e1nh \u0111\u01b0\u1ee3c t\u1ed5ng h\u1ee3p trong m\u1ed9t b\u1ea3n t\u1ed5ng quan.","og_url":"https:\/\/aviator-game.cafe\/vi\/how-to-play\/","og_site_name":"aviator-game vi","article_modified_time":"2025-03-28T12:40:34+00:00","twitter_card":"summary_large_image","schema":{"@context":"https:\/\/schema.org","@graph":[{"@type":"WebPage","@id":"https:\/\/aviator-game.cafe\/vi\/how-to-play\/","url":"https:\/\/aviator-game.cafe\/vi\/how-to-play\/","name":"C\u00e1ch ch\u01a1i tr\u00f2 ch\u01a1i phi c\u00f4ng \u1433 h\u01b0\u1edbng d\u1eabn \u0111\u1ea7y \u0111\u1ee7","isPartOf":{"@id":"https:\/\/aviator-game.cafe\/vi\/#website"},"datePublished":"2023-05-18T17:39:43+00:00","dateModified":"2025-03-28T12:40:34+00:00","description":"B\u1ea1n c\u00f3 th\u1ec3 t\u00ecm hi\u1ec3u t\u1ea5t c\u1ea3 c\u00e1c b\u00ed m\u1eadt c\u1ee7a tr\u00f2 ch\u01a1i Aviator t\u1ea1i \u0111\u00e2y! C\u00e1c chi\u1ebfn l\u01b0\u1ee3c v\u00e0 chi ti\u1ebft v\u1ec1 l\u1ed1i ch\u01a1i c\u0169ng nh\u01b0 nh\u1eefng l\u1ed7i c\u1ea7n tr\u00e1nh \u0111\u01b0\u1ee3c t\u1ed5ng h\u1ee3p trong m\u1ed9t b\u1ea3n t\u1ed5ng quan.","breadcrumb":{"@id":"https:\/\/aviator-game.cafe\/vi\/how-to-play\/#breadcrumb"},"inLanguage":"vi","potentialAction":[{"@type":"ReadAction","target":["https:\/\/aviator-game.cafe\/vi\/how-to-play\/"]}]},{"@type":"BreadcrumbList","@id":"https:\/\/aviator-game.cafe\/vi\/how-to-play\/#breadcrumb","itemListElement":[{"@type":"ListItem","position":1,"name":"\u0413\u043b\u0430\u0432\u043d\u0430\u044f \u0441\u0442\u0440\u0430\u043d\u0438\u0446\u0430","item":"https:\/\/aviator-game.cafe\/vi\/"},{"@type":"ListItem","position":2,"name":"C\u00e1ch ch\u01a1i nh\u01b0 th\u1ebf n\u00e0o?"}]},{"@type":"WebSite","@id":"https:\/\/aviator-game.cafe\/vi\/#website","url":"https:\/\/aviator-game.cafe\/vi\/","name":"aviator-game vi","description":"My WordPress Blog","potentialAction":[{"@type":"SearchAction","target":{"@type":"EntryPoint","urlTemplate":"https:\/\/aviator-game.cafe\/vi\/?s={search_term_string}"},"query-input":{"@type":"PropertyValueSpecification","valueRequired":true,"valueName":"search_term_string"}}],"inLanguage":"vi"}]}},"_links":{"self":[{"href":"https:\/\/aviator-game.cafe\/vi\/wp-json\/wp\/v2\/pages\/152","targetHints":{"allow":["GET"]}}],"collection":[{"href":"https:\/\/aviator-game.cafe\/vi\/wp-json\/wp\/v2\/pages"}],"about":[{"href":"https:\/\/aviator-game.cafe\/vi\/wp-json\/wp\/v2\/types\/page"}],"author":[{"embeddable":true,"href":"https:\/\/aviator-game.cafe\/vi\/wp-json\/wp\/v2\/users\/1"}],"replies":[{"embeddable":true,"href":"https:\/\/aviator-game.cafe\/vi\/wp-json\/wp\/v2\/comments?post=152"}],"version-history":[{"count":14,"href":"https:\/\/aviator-game.cafe\/vi\/wp-json\/wp\/v2\/pages\/152\/revisions"}],"predecessor-version":[{"id":271,"href":"https:\/\/aviator-game.cafe\/vi\/wp-json\/wp\/v2\/pages\/152\/revisions\/271"}],"wp:attachment":[{"href":"https:\/\/aviator-game.cafe\/vi\/wp-json\/wp\/v2\/media?parent=152"}],"curies":[{"name":"wp","href":"https:\/\/api.w.org\/{rel}","templated":true}]}}