{"id":205,"date":"2025-02-05T15:49:28","date_gmt":"2025-02-05T15:49:28","guid":{"rendered":"https:\/\/aviator-game.cafe\/vi\/?page_id=205"},"modified":"2025-03-28T12:57:18","modified_gmt":"2025-03-28T12:57:18","slug":"demo","status":"publish","type":"page","link":"https:\/\/aviator-game.cafe\/vi\/demo\/","title":{"rendered":"Th\u1eed nghi\u1ec7m"},"content":{"rendered":"","protected":false},"excerpt":{"rendered":"","protected":false},"author":1,"featured_media":0,"parent":0,"menu_order":2,"comment_status":"closed","ping_status":"closed","template":"","meta":{"footnotes":""},"class_list":["post-205","page","type-page","status-publish","hentry"],"yoast_head":"<!-- This site is optimized with the Yoast SEO plugin v24.3 - https:\/\/yoast.com\/wordpress\/plugins\/seo\/ -->\n<title>B\u1ea3n demo Aviator \u2907 c\u00e1ch t\u1ed1t nh\u1ea5t \u0111\u1ec3 l\u00e0m ch\u1ee7 tr\u00f2 ch\u01a1i<\/title>\n<meta name=\"description\" content=\"Phi\u00ean b\u1ea3n demo c\u1ee7a tr\u00f2 ch\u01a1i Aviator s\u1ebd cho ph\u00e9p b\u1ea1n nghi\u00ean c\u1ee9u c\u01a1 ch\u1ebf, chi\u1ebfn l\u01b0\u1ee3c c\u1ee7a tr\u00f2 ch\u01a1i v\u00e0 \u0111\u00e1nh gi\u00e1 m\u1ee9c \u0111\u1ed9 th\u00fa v\u1ecb m\u00e0 m\u00e1y \u0111\u00e1nh b\u1ea1c n\u00e0y mang l\u1ea1i.\" \/>\n<meta name=\"robots\" content=\"index, follow, max-snippet:-1, max-image-preview:large, max-video-preview:-1\" \/>\n<meta property=\"og:locale\" content=\"vi_VN\" \/>\n<meta property=\"og:type\" content=\"article\" \/>\n<meta property=\"og:title\" content=\"B\u1ea3n demo Aviator \u2907 c\u00e1ch t\u1ed1t nh\u1ea5t \u0111\u1ec3 l\u00e0m ch\u1ee7 tr\u00f2 ch\u01a1i\" \/>\n<meta property=\"og:description\" content=\"Phi\u00ean b\u1ea3n demo c\u1ee7a tr\u00f2 ch\u01a1i Aviator s\u1ebd cho ph\u00e9p b\u1ea1n nghi\u00ean c\u1ee9u c\u01a1 ch\u1ebf, chi\u1ebfn l\u01b0\u1ee3c c\u1ee7a tr\u00f2 ch\u01a1i v\u00e0 \u0111\u00e1nh gi\u00e1 m\u1ee9c \u0111\u1ed9 th\u00fa v\u1ecb m\u00e0 m\u00e1y \u0111\u00e1nh b\u1ea1c n\u00e0y mang l\u1ea1i.\" \/>\n<meta property=\"og:url\" content=\"https:\/\/aviator-game.cafe\/vi\/demo\/\" \/>\n<meta property=\"og:site_name\" content=\"aviator-game vi\" \/>\n<meta property=\"article:modified_time\" content=\"2025-03-28T12:57:18+00:00\" \/>\n<meta name=\"twitter:card\" content=\"summary_large_image\" \/>\n<script type=\"application\/ld+json\" class=\"yoast-schema-graph\">{\"@context\":\"https:\/\/schema.org\",\"@graph\":[{\"@type\":\"WebPage\",\"@id\":\"https:\/\/aviator-game.cafe\/vi\/demo\/\",\"url\":\"https:\/\/aviator-game.cafe\/vi\/demo\/\",\"name\":\"B\u1ea3n demo Aviator \u2907 c\u00e1ch t\u1ed1t nh\u1ea5t \u0111\u1ec3 l\u00e0m ch\u1ee7 tr\u00f2 ch\u01a1i\",\"isPartOf\":{\"@id\":\"https:\/\/aviator-game.cafe\/vi\/#website\"},\"datePublished\":\"2025-02-05T15:49:28+00:00\",\"dateModified\":\"2025-03-28T12:57:18+00:00\",\"description\":\"Phi\u00ean b\u1ea3n demo c\u1ee7a tr\u00f2 ch\u01a1i Aviator s\u1ebd cho ph\u00e9p b\u1ea1n nghi\u00ean c\u1ee9u c\u01a1 ch\u1ebf, chi\u1ebfn l\u01b0\u1ee3c c\u1ee7a tr\u00f2 ch\u01a1i v\u00e0 \u0111\u00e1nh gi\u00e1 m\u1ee9c \u0111\u1ed9 th\u00fa v\u1ecb m\u00e0 m\u00e1y \u0111\u00e1nh b\u1ea1c n\u00e0y mang l\u1ea1i.\",\"breadcrumb\":{\"@id\":\"https:\/\/aviator-game.cafe\/vi\/demo\/#breadcrumb\"},\"inLanguage\":\"vi\",\"potentialAction\":[{\"@type\":\"ReadAction\",\"target\":[\"https:\/\/aviator-game.cafe\/vi\/demo\/\"]}]},{\"@type\":\"BreadcrumbList\",\"@id\":\"https:\/\/aviator-game.cafe\/vi\/demo\/#breadcrumb\",\"itemListElement\":[{\"@type\":\"ListItem\",\"position\":1,\"name\":\"\u0413\u043b\u0430\u0432\u043d\u0430\u044f \u0441\u0442\u0440\u0430\u043d\u0438\u0446\u0430\",\"item\":\"https:\/\/aviator-game.cafe\/vi\/\"},{\"@type\":\"ListItem\",\"position\":2,\"name\":\"Th\u1eed nghi\u1ec7m\"}]},{\"@type\":\"WebSite\",\"@id\":\"https:\/\/aviator-game.cafe\/vi\/#website\",\"url\":\"https:\/\/aviator-game.cafe\/vi\/\",\"name\":\"aviator-game vi\",\"description\":\"My WordPress Blog\",\"potentialAction\":[{\"@type\":\"SearchAction\",\"target\":{\"@type\":\"EntryPoint\",\"urlTemplate\":\"https:\/\/aviator-game.cafe\/vi\/?s={search_term_string}\"},\"query-input\":{\"@type\":\"PropertyValueSpecification\",\"valueRequired\":true,\"valueName\":\"search_term_string\"}}],\"inLanguage\":\"vi\"}]}<\/script>\n<!-- \/ Yoast SEO plugin. -->","yoast_head_json":{"title":"B\u1ea3n demo Aviator \u2907 c\u00e1ch t\u1ed1t nh\u1ea5t \u0111\u1ec3 l\u00e0m ch\u1ee7 tr\u00f2 ch\u01a1i","description":"Phi\u00ean b\u1ea3n demo c\u1ee7a tr\u00f2 ch\u01a1i Aviator s\u1ebd cho ph\u00e9p b\u1ea1n nghi\u00ean c\u1ee9u c\u01a1 ch\u1ebf, chi\u1ebfn l\u01b0\u1ee3c c\u1ee7a tr\u00f2 ch\u01a1i v\u00e0 \u0111\u00e1nh gi\u00e1 m\u1ee9c \u0111\u1ed9 th\u00fa v\u1ecb m\u00e0 m\u00e1y \u0111\u00e1nh b\u1ea1c n\u00e0y mang l\u1ea1i.","robots":{"index":"index","follow":"follow","max-snippet":"max-snippet:-1","max-image-preview":"max-image-preview:large","max-video-preview":"max-video-preview:-1"},"og_locale":"vi_VN","og_type":"article","og_title":"B\u1ea3n demo Aviator \u2907 c\u00e1ch t\u1ed1t nh\u1ea5t \u0111\u1ec3 l\u00e0m ch\u1ee7 tr\u00f2 ch\u01a1i","og_description":"Phi\u00ean b\u1ea3n demo c\u1ee7a tr\u00f2 ch\u01a1i Aviator s\u1ebd cho ph\u00e9p b\u1ea1n nghi\u00ean c\u1ee9u c\u01a1 ch\u1ebf, chi\u1ebfn l\u01b0\u1ee3c c\u1ee7a tr\u00f2 ch\u01a1i v\u00e0 \u0111\u00e1nh gi\u00e1 m\u1ee9c \u0111\u1ed9 th\u00fa v\u1ecb m\u00e0 m\u00e1y \u0111\u00e1nh b\u1ea1c n\u00e0y mang l\u1ea1i.","og_url":"https:\/\/aviator-game.cafe\/vi\/demo\/","og_site_name":"aviator-game vi","article_modified_time":"2025-03-28T12:57:18+00:00","twitter_card":"summary_large_image","schema":{"@context":"https:\/\/schema.org","@graph":[{"@type":"WebPage","@id":"https:\/\/aviator-game.cafe\/vi\/demo\/","url":"https:\/\/aviator-game.cafe\/vi\/demo\/","name":"B\u1ea3n demo Aviator \u2907 c\u00e1ch t\u1ed1t nh\u1ea5t \u0111\u1ec3 l\u00e0m ch\u1ee7 tr\u00f2 ch\u01a1i","isPartOf":{"@id":"https:\/\/aviator-game.cafe\/vi\/#website"},"datePublished":"2025-02-05T15:49:28+00:00","dateModified":"2025-03-28T12:57:18+00:00","description":"Phi\u00ean b\u1ea3n demo c\u1ee7a tr\u00f2 ch\u01a1i Aviator s\u1ebd cho ph\u00e9p b\u1ea1n nghi\u00ean c\u1ee9u c\u01a1 ch\u1ebf, chi\u1ebfn l\u01b0\u1ee3c c\u1ee7a tr\u00f2 ch\u01a1i v\u00e0 \u0111\u00e1nh gi\u00e1 m\u1ee9c \u0111\u1ed9 th\u00fa v\u1ecb m\u00e0 m\u00e1y \u0111\u00e1nh b\u1ea1c n\u00e0y mang l\u1ea1i.","breadcrumb":{"@id":"https:\/\/aviator-game.cafe\/vi\/demo\/#breadcrumb"},"inLanguage":"vi","potentialAction":[{"@type":"ReadAction","target":["https:\/\/aviator-game.cafe\/vi\/demo\/"]}]},{"@type":"BreadcrumbList","@id":"https:\/\/aviator-game.cafe\/vi\/demo\/#breadcrumb","itemListElement":[{"@type":"ListItem","position":1,"name":"\u0413\u043b\u0430\u0432\u043d\u0430\u044f \u0441\u0442\u0440\u0430\u043d\u0438\u0446\u0430","item":"https:\/\/aviator-game.cafe\/vi\/"},{"@type":"ListItem","position":2,"name":"Th\u1eed nghi\u1ec7m"}]},{"@type":"WebSite","@id":"https:\/\/aviator-game.cafe\/vi\/#website","url":"https:\/\/aviator-game.cafe\/vi\/","name":"aviator-game vi","description":"My WordPress Blog","potentialAction":[{"@type":"SearchAction","target":{"@type":"EntryPoint","urlTemplate":"https:\/\/aviator-game.cafe\/vi\/?s={search_term_string}"},"query-input":{"@type":"PropertyValueSpecification","valueRequired":true,"valueName":"search_term_string"}}],"inLanguage":"vi"}]}},"_links":{"self":[{"href":"https:\/\/aviator-game.cafe\/vi\/wp-json\/wp\/v2\/pages\/205","targetHints":{"allow":["GET"]}}],"collection":[{"href":"https:\/\/aviator-game.cafe\/vi\/wp-json\/wp\/v2\/pages"}],"about":[{"href":"https:\/\/aviator-game.cafe\/vi\/wp-json\/wp\/v2\/types\/page"}],"author":[{"embeddable":true,"href":"https:\/\/aviator-game.cafe\/vi\/wp-json\/wp\/v2\/users\/1"}],"replies":[{"embeddable":true,"href":"https:\/\/aviator-game.cafe\/vi\/wp-json\/wp\/v2\/comments?post=205"}],"version-history":[{"count":18,"href":"https:\/\/aviator-game.cafe\/vi\/wp-json\/wp\/v2\/pages\/205\/revisions"}],"predecessor-version":[{"id":274,"href":"https:\/\/aviator-game.cafe\/vi\/wp-json\/wp\/v2\/pages\/205\/revisions\/274"}],"wp:attachment":[{"href":"https:\/\/aviator-game.cafe\/vi\/wp-json\/wp\/v2\/media?parent=205"}],"curies":[{"name":"wp","href":"https:\/\/api.w.org\/{rel}","templated":true}]}}