{"id":208,"date":"2025-02-06T07:14:18","date_gmt":"2025-02-06T07:14:18","guid":{"rendered":"https:\/\/aviator-game.cafe\/vi\/?page_id=208"},"modified":"2025-03-28T13:02:58","modified_gmt":"2025-03-28T13:02:58","slug":"strategies","status":"publish","type":"page","link":"https:\/\/aviator-game.cafe\/vi\/strategies\/","title":{"rendered":"Chi\u1ebfn l\u01b0\u1ee3c tr\u00f2 ch\u01a1i"},"content":{"rendered":"","protected":false},"excerpt":{"rendered":"","protected":false},"author":1,"featured_media":0,"parent":0,"menu_order":3,"comment_status":"closed","ping_status":"closed","template":"","meta":{"footnotes":""},"class_list":["post-208","page","type-page","status-publish","hentry"],"yoast_head":"<!-- This site is optimized with the Yoast SEO plugin v24.3 - https:\/\/yoast.com\/wordpress\/plugins\/seo\/ -->\n<title>Chi\u1ebfn l\u01b0\u1ee3c phi c\u00f4ng \u2907 nh\u1eefng n\u01b0\u1edbc \u0111i chi\u1ebfn thu\u1eadt t\u1ed1t nh\u1ea5t<\/title>\n<meta name=\"description\" content=\"T\u1ed5ng quan v\u1ec1 c\u00e1c chi\u1ebfn l\u01b0\u1ee3c t\u1ed1t nh\u1ea5t c\u00f3 th\u1ec3 \u00e1p d\u1ee5ng trong tr\u00f2 ch\u01a1i Aviator s\u1ebd gi\u00fap b\u1ea1n ch\u1ecdn \u0111\u01b0\u1ee3c chi\u1ebfn thu\u1eadt ph\u00f9 h\u1ee3p nh\u1ea5t v\u1edbi phong c\u00e1ch ch\u01a1i c\u1ee7a m\u00ecnh v\u00e0 gi\u00e0nh chi\u1ebfn th\u1eafng!\" \/>\n<meta name=\"robots\" content=\"index, follow, max-snippet:-1, max-image-preview:large, max-video-preview:-1\" \/>\n<meta property=\"og:locale\" content=\"vi_VN\" \/>\n<meta property=\"og:type\" content=\"article\" \/>\n<meta property=\"og:title\" content=\"Chi\u1ebfn l\u01b0\u1ee3c phi c\u00f4ng \u2907 nh\u1eefng n\u01b0\u1edbc \u0111i chi\u1ebfn thu\u1eadt t\u1ed1t nh\u1ea5t\" \/>\n<meta property=\"og:description\" content=\"T\u1ed5ng quan v\u1ec1 c\u00e1c chi\u1ebfn l\u01b0\u1ee3c t\u1ed1t nh\u1ea5t c\u00f3 th\u1ec3 \u00e1p d\u1ee5ng trong tr\u00f2 ch\u01a1i Aviator s\u1ebd gi\u00fap b\u1ea1n ch\u1ecdn \u0111\u01b0\u1ee3c chi\u1ebfn thu\u1eadt ph\u00f9 h\u1ee3p nh\u1ea5t v\u1edbi phong c\u00e1ch ch\u01a1i c\u1ee7a m\u00ecnh v\u00e0 gi\u00e0nh chi\u1ebfn th\u1eafng!\" \/>\n<meta property=\"og:url\" content=\"https:\/\/aviator-game.cafe\/vi\/strategies\/\" \/>\n<meta property=\"og:site_name\" content=\"aviator-game vi\" \/>\n<meta property=\"article:modified_time\" content=\"2025-03-28T13:02:58+00:00\" \/>\n<meta name=\"twitter:card\" content=\"summary_large_image\" \/>\n<script type=\"application\/ld+json\" class=\"yoast-schema-graph\">{\"@context\":\"https:\/\/schema.org\",\"@graph\":[{\"@type\":\"WebPage\",\"@id\":\"https:\/\/aviator-game.cafe\/vi\/strategies\/\",\"url\":\"https:\/\/aviator-game.cafe\/vi\/strategies\/\",\"name\":\"Chi\u1ebfn l\u01b0\u1ee3c phi c\u00f4ng \u2907 nh\u1eefng n\u01b0\u1edbc \u0111i chi\u1ebfn thu\u1eadt t\u1ed1t nh\u1ea5t\",\"isPartOf\":{\"@id\":\"https:\/\/aviator-game.cafe\/vi\/#website\"},\"datePublished\":\"2025-02-06T07:14:18+00:00\",\"dateModified\":\"2025-03-28T13:02:58+00:00\",\"description\":\"T\u1ed5ng quan v\u1ec1 c\u00e1c chi\u1ebfn l\u01b0\u1ee3c t\u1ed1t nh\u1ea5t c\u00f3 th\u1ec3 \u00e1p d\u1ee5ng trong tr\u00f2 ch\u01a1i Aviator s\u1ebd gi\u00fap b\u1ea1n ch\u1ecdn \u0111\u01b0\u1ee3c chi\u1ebfn thu\u1eadt ph\u00f9 h\u1ee3p nh\u1ea5t v\u1edbi phong c\u00e1ch ch\u01a1i c\u1ee7a m\u00ecnh v\u00e0 gi\u00e0nh chi\u1ebfn th\u1eafng!\",\"breadcrumb\":{\"@id\":\"https:\/\/aviator-game.cafe\/vi\/strategies\/#breadcrumb\"},\"inLanguage\":\"vi\",\"potentialAction\":[{\"@type\":\"ReadAction\",\"target\":[\"https:\/\/aviator-game.cafe\/vi\/strategies\/\"]}]},{\"@type\":\"BreadcrumbList\",\"@id\":\"https:\/\/aviator-game.cafe\/vi\/strategies\/#breadcrumb\",\"itemListElement\":[{\"@type\":\"ListItem\",\"position\":1,\"name\":\"\u0413\u043b\u0430\u0432\u043d\u0430\u044f \u0441\u0442\u0440\u0430\u043d\u0438\u0446\u0430\",\"item\":\"https:\/\/aviator-game.cafe\/vi\/\"},{\"@type\":\"ListItem\",\"position\":2,\"name\":\"Chi\u1ebfn l\u01b0\u1ee3c tr\u00f2 ch\u01a1i\"}]},{\"@type\":\"WebSite\",\"@id\":\"https:\/\/aviator-game.cafe\/vi\/#website\",\"url\":\"https:\/\/aviator-game.cafe\/vi\/\",\"name\":\"aviator-game vi\",\"description\":\"My WordPress Blog\",\"potentialAction\":[{\"@type\":\"SearchAction\",\"target\":{\"@type\":\"EntryPoint\",\"urlTemplate\":\"https:\/\/aviator-game.cafe\/vi\/?s={search_term_string}\"},\"query-input\":{\"@type\":\"PropertyValueSpecification\",\"valueRequired\":true,\"valueName\":\"search_term_string\"}}],\"inLanguage\":\"vi\"}]}<\/script>\n<!-- \/ Yoast SEO plugin. -->","yoast_head_json":{"title":"Chi\u1ebfn l\u01b0\u1ee3c phi c\u00f4ng \u2907 nh\u1eefng n\u01b0\u1edbc \u0111i chi\u1ebfn thu\u1eadt t\u1ed1t nh\u1ea5t","description":"T\u1ed5ng quan v\u1ec1 c\u00e1c chi\u1ebfn l\u01b0\u1ee3c t\u1ed1t nh\u1ea5t c\u00f3 th\u1ec3 \u00e1p d\u1ee5ng trong tr\u00f2 ch\u01a1i Aviator s\u1ebd gi\u00fap b\u1ea1n ch\u1ecdn \u0111\u01b0\u1ee3c chi\u1ebfn thu\u1eadt ph\u00f9 h\u1ee3p nh\u1ea5t v\u1edbi phong c\u00e1ch ch\u01a1i c\u1ee7a m\u00ecnh v\u00e0 gi\u00e0nh chi\u1ebfn th\u1eafng!","robots":{"index":"index","follow":"follow","max-snippet":"max-snippet:-1","max-image-preview":"max-image-preview:large","max-video-preview":"max-video-preview:-1"},"og_locale":"vi_VN","og_type":"article","og_title":"Chi\u1ebfn l\u01b0\u1ee3c phi c\u00f4ng \u2907 nh\u1eefng n\u01b0\u1edbc \u0111i chi\u1ebfn thu\u1eadt t\u1ed1t nh\u1ea5t","og_description":"T\u1ed5ng quan v\u1ec1 c\u00e1c chi\u1ebfn l\u01b0\u1ee3c t\u1ed1t nh\u1ea5t c\u00f3 th\u1ec3 \u00e1p d\u1ee5ng trong tr\u00f2 ch\u01a1i Aviator s\u1ebd gi\u00fap b\u1ea1n ch\u1ecdn \u0111\u01b0\u1ee3c chi\u1ebfn thu\u1eadt ph\u00f9 h\u1ee3p nh\u1ea5t v\u1edbi phong c\u00e1ch ch\u01a1i c\u1ee7a m\u00ecnh v\u00e0 gi\u00e0nh chi\u1ebfn th\u1eafng!","og_url":"https:\/\/aviator-game.cafe\/vi\/strategies\/","og_site_name":"aviator-game vi","article_modified_time":"2025-03-28T13:02:58+00:00","twitter_card":"summary_large_image","schema":{"@context":"https:\/\/schema.org","@graph":[{"@type":"WebPage","@id":"https:\/\/aviator-game.cafe\/vi\/strategies\/","url":"https:\/\/aviator-game.cafe\/vi\/strategies\/","name":"Chi\u1ebfn l\u01b0\u1ee3c phi c\u00f4ng \u2907 nh\u1eefng n\u01b0\u1edbc \u0111i chi\u1ebfn thu\u1eadt t\u1ed1t nh\u1ea5t","isPartOf":{"@id":"https:\/\/aviator-game.cafe\/vi\/#website"},"datePublished":"2025-02-06T07:14:18+00:00","dateModified":"2025-03-28T13:02:58+00:00","description":"T\u1ed5ng quan v\u1ec1 c\u00e1c chi\u1ebfn l\u01b0\u1ee3c t\u1ed1t nh\u1ea5t c\u00f3 th\u1ec3 \u00e1p d\u1ee5ng trong tr\u00f2 ch\u01a1i Aviator s\u1ebd gi\u00fap b\u1ea1n ch\u1ecdn \u0111\u01b0\u1ee3c chi\u1ebfn thu\u1eadt ph\u00f9 h\u1ee3p nh\u1ea5t v\u1edbi phong c\u00e1ch ch\u01a1i c\u1ee7a m\u00ecnh v\u00e0 gi\u00e0nh chi\u1ebfn th\u1eafng!","breadcrumb":{"@id":"https:\/\/aviator-game.cafe\/vi\/strategies\/#breadcrumb"},"inLanguage":"vi","potentialAction":[{"@type":"ReadAction","target":["https:\/\/aviator-game.cafe\/vi\/strategies\/"]}]},{"@type":"BreadcrumbList","@id":"https:\/\/aviator-game.cafe\/vi\/strategies\/#breadcrumb","itemListElement":[{"@type":"ListItem","position":1,"name":"\u0413\u043b\u0430\u0432\u043d\u0430\u044f \u0441\u0442\u0440\u0430\u043d\u0438\u0446\u0430","item":"https:\/\/aviator-game.cafe\/vi\/"},{"@type":"ListItem","position":2,"name":"Chi\u1ebfn l\u01b0\u1ee3c tr\u00f2 ch\u01a1i"}]},{"@type":"WebSite","@id":"https:\/\/aviator-game.cafe\/vi\/#website","url":"https:\/\/aviator-game.cafe\/vi\/","name":"aviator-game vi","description":"My WordPress Blog","potentialAction":[{"@type":"SearchAction","target":{"@type":"EntryPoint","urlTemplate":"https:\/\/aviator-game.cafe\/vi\/?s={search_term_string}"},"query-input":{"@type":"PropertyValueSpecification","valueRequired":true,"valueName":"search_term_string"}}],"inLanguage":"vi"}]}},"_links":{"self":[{"href":"https:\/\/aviator-game.cafe\/vi\/wp-json\/wp\/v2\/pages\/208","targetHints":{"allow":["GET"]}}],"collection":[{"href":"https:\/\/aviator-game.cafe\/vi\/wp-json\/wp\/v2\/pages"}],"about":[{"href":"https:\/\/aviator-game.cafe\/vi\/wp-json\/wp\/v2\/types\/page"}],"author":[{"embeddable":true,"href":"https:\/\/aviator-game.cafe\/vi\/wp-json\/wp\/v2\/users\/1"}],"replies":[{"embeddable":true,"href":"https:\/\/aviator-game.cafe\/vi\/wp-json\/wp\/v2\/comments?post=208"}],"version-history":[{"count":11,"href":"https:\/\/aviator-game.cafe\/vi\/wp-json\/wp\/v2\/pages\/208\/revisions"}],"predecessor-version":[{"id":277,"href":"https:\/\/aviator-game.cafe\/vi\/wp-json\/wp\/v2\/pages\/208\/revisions\/277"}],"wp:attachment":[{"href":"https:\/\/aviator-game.cafe\/vi\/wp-json\/wp\/v2\/media?parent=208"}],"curies":[{"name":"wp","href":"https:\/\/api.w.org\/{rel}","templated":true}]}}